{"id":8969,"date":"2023-05-29T15:13:01","date_gmt":"2023-05-29T15:13:01","guid":{"rendered":"https:\/\/www.cuberyfragrance.com\/?post_type=product&#038;p=8969"},"modified":"2024-04-28T05:14:49","modified_gmt":"2024-04-28T05:14:49","slug":"savon-a-base-de-sel-de-lhimalaya","status":"publish","type":"product","link":"https:\/\/www.cuberyfragrance.com\/fr\/shop\/savons-vegan\/savon-a-base-de-sel-de-lhimalaya\/","title":{"rendered":"SAVON \u00c0 BASE DE SEL DE L&rsquo;HIMALAYA"},"content":{"rendered":"<p>D\u00e9couvrez notre savon \u00e0 base de sel de l&rsquo;Himalaya, sp\u00e9cialement con\u00e7u pour apporter un soin nourrissant \u00e0 votre peau. Formul\u00e9 avec soin, notre savon contient de l&rsquo;eau, de l&rsquo;huile d&rsquo;olive extra vierge, de l&rsquo;huile de noix de coco, du beurre de karit\u00e9 ainsi que de l&rsquo;huile de ricin en tant qu&rsquo;huiles porteuses. Ces ingr\u00e9dients riches et hydratants aident \u00e0 maintenir l&rsquo;\u00e9quilibre naturel de votre peau.<\/p>\n<p>Nous avons s\u00e9lectionn\u00e9 les huiles essentielles de citronnelle et de lavande pour leurs propri\u00e9t\u00e9s apaisantes et relaxantes. Leur parfum d\u00e9licat ajoute une touche d&rsquo;aromath\u00e9rapie \u00e0 votre routine de soin quotidienne.<\/p>\n<p>Notre savon contient de l&rsquo;argile rose, qui aide \u00e0 purifier la peau tout en la laissant douce et lisse. Le sel de l&rsquo;Himalaya, riche en min\u00e9raux essentiels, offre une exfoliation douce pour \u00e9liminer les impuret\u00e9s et raviver l&rsquo;\u00e9clat naturel de votre peau.<\/p>\n<p>La vitamine E, un antioxydant naturel, est ajout\u00e9e pour nourrir et prot\u00e9ger votre peau, la laissant douce, souple et radieuse.<\/p>\n<p>Poids : 4 OZ (environ 113 grammes)<\/p>\n<p>Offrez \u00e0 votre peau le luxe d&rsquo;un soin naturel avec notre savon \u00e0 base de sel de l&rsquo;Himalaya. Profitez d&rsquo;une peau propre, hydrat\u00e9e et \u00e9clatante de sant\u00e9, gr\u00e2ce aux bienfaits du sel et des huiles nourrissantes.<\/p>\n","protected":false},"excerpt":{"rendered":"<p>Ingr\u00e9dients Actifs : Aqua, Huile d&rsquo;Olive Extra Vierge, Huile de Noix de Coco, Beurre de Karit\u00e9, ainsi que l&rsquo;Huile de Ricin en tant qu&rsquo;huiles porteuses. Huiles Essentielles de Citronnelle et de Lavande. Argile Rose, Sel de l&rsquo;Himalaya et Vitamine E comme additifs. Poids : 4 OZ.<\/p>\n","protected":false},"featured_media":8970,"comment_status":"open","ping_status":"closed","template":"","meta":[],"product_brand":[],"product_cat":[105],"product_tag":[],"class_list":{"0":"post-8969","1":"product","2":"type-product","3":"status-publish","4":"has-post-thumbnail","6":"product_cat-savons-vegan","8":"first","9":"instock","10":"shipping-taxable","11":"purchasable","12":"product-type-simple"},"yoast_head":"<!-- This site is optimized with the Yoast SEO plugin v25.6 - https:\/\/yoast.com\/wordpress\/plugins\/seo\/ -->\n<title>SAVON \u00c0 BASE DE SEL DE L&#039;HIMALAYA - CUBERY FRAGRANCE<\/title>\n<meta name=\"robots\" content=\"index, follow, max-snippet:-1, max-image-preview:large, max-video-preview:-1\" \/>\n<link rel=\"canonical\" href=\"https:\/\/www.cuberyfragrance.com\/fr\/shop\/savons-vegan\/savon-a-base-de-sel-de-lhimalaya\/\" \/>\n<meta property=\"og:locale\" content=\"fr_FR\" \/>\n<meta property=\"og:type\" content=\"article\" \/>\n<meta property=\"og:title\" content=\"SAVON \u00c0 BASE DE SEL DE L&#039;HIMALAYA - CUBERY FRAGRANCE\" \/>\n<meta property=\"og:description\" content=\"Ingr\u00e9dients Actifs : Aqua, Huile d&#039;Olive Extra Vierge, Huile de Noix de Coco, Beurre de Karit\u00e9, ainsi que l&#039;Huile de Ricin en tant qu&#039;huiles porteuses. Huiles Essentielles de Citronnelle et de Lavande. Argile Rose, Sel de l&#039;Himalaya et Vitamine E comme additifs. Poids : 4 OZ.\" \/>\n<meta property=\"og:url\" content=\"https:\/\/www.cuberyfragrance.com\/fr\/shop\/savons-vegan\/savon-a-base-de-sel-de-lhimalaya\/\" \/>\n<meta property=\"og:site_name\" content=\"CUBERY FRAGRANCE\" \/>\n<meta property=\"article:modified_time\" content=\"2024-04-28T05:14:49+00:00\" \/>\n<meta property=\"og:image\" content=\"https:\/\/www.cuberyfragrance.com\/wp-content\/uploads\/2023\/05\/IMG_4157-HIMALAYAN-SALT-SOAP-4.jpg\" \/>\n\t<meta property=\"og:image:width\" content=\"900\" \/>\n\t<meta property=\"og:image:height\" content=\"600\" \/>\n\t<meta property=\"og:image:type\" content=\"image\/jpeg\" \/>\n<meta name=\"twitter:card\" content=\"summary_large_image\" \/>\n<meta name=\"twitter:label1\" content=\"Dur\u00e9e de lecture estim\u00e9e\" \/>\n\t<meta name=\"twitter:data1\" content=\"1 minute\" \/>\n<script type=\"application\/ld+json\" class=\"yoast-schema-graph\">{\"@context\":\"https:\/\/schema.org\",\"@graph\":[{\"@type\":\"WebPage\",\"@id\":\"https:\/\/www.cuberyfragrance.com\/fr\/shop\/savons-vegan\/savon-a-base-de-sel-de-lhimalaya\/\",\"url\":\"https:\/\/www.cuberyfragrance.com\/fr\/shop\/savons-vegan\/savon-a-base-de-sel-de-lhimalaya\/\",\"name\":\"SAVON \u00c0 BASE DE SEL DE L'HIMALAYA - CUBERY FRAGRANCE\",\"isPartOf\":{\"@id\":\"https:\/\/www.cuberyfragrance.com\/fr\/#website\"},\"primaryImageOfPage\":{\"@id\":\"https:\/\/www.cuberyfragrance.com\/fr\/shop\/savons-vegan\/savon-a-base-de-sel-de-lhimalaya\/#primaryimage\"},\"image\":{\"@id\":\"https:\/\/www.cuberyfragrance.com\/fr\/shop\/savons-vegan\/savon-a-base-de-sel-de-lhimalaya\/#primaryimage\"},\"thumbnailUrl\":\"https:\/\/www.cuberyfragrance.com\/wp-content\/uploads\/2023\/05\/IMG_4157-HIMALAYAN-SALT-SOAP-4.jpg\",\"datePublished\":\"2023-05-29T15:13:01+00:00\",\"dateModified\":\"2024-04-28T05:14:49+00:00\",\"breadcrumb\":{\"@id\":\"https:\/\/www.cuberyfragrance.com\/fr\/shop\/savons-vegan\/savon-a-base-de-sel-de-lhimalaya\/#breadcrumb\"},\"inLanguage\":\"fr-FR\",\"potentialAction\":[{\"@type\":\"ReadAction\",\"target\":[\"https:\/\/www.cuberyfragrance.com\/fr\/shop\/savons-vegan\/savon-a-base-de-sel-de-lhimalaya\/\"]}]},{\"@type\":\"ImageObject\",\"inLanguage\":\"fr-FR\",\"@id\":\"https:\/\/www.cuberyfragrance.com\/fr\/shop\/savons-vegan\/savon-a-base-de-sel-de-lhimalaya\/#primaryimage\",\"url\":\"https:\/\/www.cuberyfragrance.com\/wp-content\/uploads\/2023\/05\/IMG_4157-HIMALAYAN-SALT-SOAP-4.jpg\",\"contentUrl\":\"https:\/\/www.cuberyfragrance.com\/wp-content\/uploads\/2023\/05\/IMG_4157-HIMALAYAN-SALT-SOAP-4.jpg\",\"width\":900,\"height\":600},{\"@type\":\"BreadcrumbList\",\"@id\":\"https:\/\/www.cuberyfragrance.com\/fr\/shop\/savons-vegan\/savon-a-base-de-sel-de-lhimalaya\/#breadcrumb\",\"itemListElement\":[{\"@type\":\"ListItem\",\"position\":1,\"name\":\"Home\",\"item\":\"https:\/\/www.cuberyfragrance.com\/fr\/\"},{\"@type\":\"ListItem\",\"position\":2,\"name\":\"SHOP\",\"item\":\"https:\/\/www.cuberyfragrance.com\/shop\/\"},{\"@type\":\"ListItem\",\"position\":3,\"name\":\"SAVON \u00c0 BASE DE SEL DE L&#8217;HIMALAYA\"}]},{\"@type\":\"WebSite\",\"@id\":\"https:\/\/www.cuberyfragrance.com\/fr\/#website\",\"url\":\"https:\/\/www.cuberyfragrance.com\/fr\/\",\"name\":\"CUBERY FRAGRANCE\",\"description\":\"The Address of Naturalness and Health...\",\"potentialAction\":[{\"@type\":\"SearchAction\",\"target\":{\"@type\":\"EntryPoint\",\"urlTemplate\":\"https:\/\/www.cuberyfragrance.com\/fr\/?s={search_term_string}\"},\"query-input\":{\"@type\":\"PropertyValueSpecification\",\"valueRequired\":true,\"valueName\":\"search_term_string\"}}],\"inLanguage\":\"fr-FR\"}]}<\/script>\n<!-- \/ Yoast SEO plugin. -->","yoast_head_json":{"title":"SAVON \u00c0 BASE DE SEL DE L'HIMALAYA - CUBERY FRAGRANCE","robots":{"index":"index","follow":"follow","max-snippet":"max-snippet:-1","max-image-preview":"max-image-preview:large","max-video-preview":"max-video-preview:-1"},"canonical":"https:\/\/www.cuberyfragrance.com\/fr\/shop\/savons-vegan\/savon-a-base-de-sel-de-lhimalaya\/","og_locale":"fr_FR","og_type":"article","og_title":"SAVON \u00c0 BASE DE SEL DE L'HIMALAYA - CUBERY FRAGRANCE","og_description":"Ingr\u00e9dients Actifs : Aqua, Huile d'Olive Extra Vierge, Huile de Noix de Coco, Beurre de Karit\u00e9, ainsi que l'Huile de Ricin en tant qu'huiles porteuses. Huiles Essentielles de Citronnelle et de Lavande. Argile Rose, Sel de l'Himalaya et Vitamine E comme additifs. Poids : 4 OZ.","og_url":"https:\/\/www.cuberyfragrance.com\/fr\/shop\/savons-vegan\/savon-a-base-de-sel-de-lhimalaya\/","og_site_name":"CUBERY FRAGRANCE","article_modified_time":"2024-04-28T05:14:49+00:00","og_image":[{"width":900,"height":600,"url":"https:\/\/www.cuberyfragrance.com\/wp-content\/uploads\/2023\/05\/IMG_4157-HIMALAYAN-SALT-SOAP-4.jpg","type":"image\/jpeg"}],"twitter_card":"summary_large_image","twitter_misc":{"Dur\u00e9e de lecture estim\u00e9e":"1 minute"},"schema":{"@context":"https:\/\/schema.org","@graph":[{"@type":"WebPage","@id":"https:\/\/www.cuberyfragrance.com\/fr\/shop\/savons-vegan\/savon-a-base-de-sel-de-lhimalaya\/","url":"https:\/\/www.cuberyfragrance.com\/fr\/shop\/savons-vegan\/savon-a-base-de-sel-de-lhimalaya\/","name":"SAVON \u00c0 BASE DE SEL DE L'HIMALAYA - CUBERY FRAGRANCE","isPartOf":{"@id":"https:\/\/www.cuberyfragrance.com\/fr\/#website"},"primaryImageOfPage":{"@id":"https:\/\/www.cuberyfragrance.com\/fr\/shop\/savons-vegan\/savon-a-base-de-sel-de-lhimalaya\/#primaryimage"},"image":{"@id":"https:\/\/www.cuberyfragrance.com\/fr\/shop\/savons-vegan\/savon-a-base-de-sel-de-lhimalaya\/#primaryimage"},"thumbnailUrl":"https:\/\/www.cuberyfragrance.com\/wp-content\/uploads\/2023\/05\/IMG_4157-HIMALAYAN-SALT-SOAP-4.jpg","datePublished":"2023-05-29T15:13:01+00:00","dateModified":"2024-04-28T05:14:49+00:00","breadcrumb":{"@id":"https:\/\/www.cuberyfragrance.com\/fr\/shop\/savons-vegan\/savon-a-base-de-sel-de-lhimalaya\/#breadcrumb"},"inLanguage":"fr-FR","potentialAction":[{"@type":"ReadAction","target":["https:\/\/www.cuberyfragrance.com\/fr\/shop\/savons-vegan\/savon-a-base-de-sel-de-lhimalaya\/"]}]},{"@type":"ImageObject","inLanguage":"fr-FR","@id":"https:\/\/www.cuberyfragrance.com\/fr\/shop\/savons-vegan\/savon-a-base-de-sel-de-lhimalaya\/#primaryimage","url":"https:\/\/www.cuberyfragrance.com\/wp-content\/uploads\/2023\/05\/IMG_4157-HIMALAYAN-SALT-SOAP-4.jpg","contentUrl":"https:\/\/www.cuberyfragrance.com\/wp-content\/uploads\/2023\/05\/IMG_4157-HIMALAYAN-SALT-SOAP-4.jpg","width":900,"height":600},{"@type":"BreadcrumbList","@id":"https:\/\/www.cuberyfragrance.com\/fr\/shop\/savons-vegan\/savon-a-base-de-sel-de-lhimalaya\/#breadcrumb","itemListElement":[{"@type":"ListItem","position":1,"name":"Home","item":"https:\/\/www.cuberyfragrance.com\/fr\/"},{"@type":"ListItem","position":2,"name":"SHOP","item":"https:\/\/www.cuberyfragrance.com\/shop\/"},{"@type":"ListItem","position":3,"name":"SAVON \u00c0 BASE DE SEL DE L&#8217;HIMALAYA"}]},{"@type":"WebSite","@id":"https:\/\/www.cuberyfragrance.com\/fr\/#website","url":"https:\/\/www.cuberyfragrance.com\/fr\/","name":"CUBERY FRAGRANCE","description":"The Address of Naturalness and Health...","potentialAction":[{"@type":"SearchAction","target":{"@type":"EntryPoint","urlTemplate":"https:\/\/www.cuberyfragrance.com\/fr\/?s={search_term_string}"},"query-input":{"@type":"PropertyValueSpecification","valueRequired":true,"valueName":"search_term_string"}}],"inLanguage":"fr-FR"}]}},"jetpack_sharing_enabled":true,"_links":{"self":[{"href":"https:\/\/www.cuberyfragrance.com\/fr\/wp-json\/wp\/v2\/product\/8969"}],"collection":[{"href":"https:\/\/www.cuberyfragrance.com\/fr\/wp-json\/wp\/v2\/product"}],"about":[{"href":"https:\/\/www.cuberyfragrance.com\/fr\/wp-json\/wp\/v2\/types\/product"}],"replies":[{"embeddable":true,"href":"https:\/\/www.cuberyfragrance.com\/fr\/wp-json\/wp\/v2\/comments?post=8969"}],"wp:featuredmedia":[{"embeddable":true,"href":"https:\/\/www.cuberyfragrance.com\/fr\/wp-json\/wp\/v2\/media\/8970"}],"wp:attachment":[{"href":"https:\/\/www.cuberyfragrance.com\/fr\/wp-json\/wp\/v2\/media?parent=8969"}],"wp:term":[{"taxonomy":"product_brand","embeddable":true,"href":"https:\/\/www.cuberyfragrance.com\/fr\/wp-json\/wp\/v2\/product_brand?post=8969"},{"taxonomy":"product_cat","embeddable":true,"href":"https:\/\/www.cuberyfragrance.com\/fr\/wp-json\/wp\/v2\/product_cat?post=8969"},{"taxonomy":"product_tag","embeddable":true,"href":"https:\/\/www.cuberyfragrance.com\/fr\/wp-json\/wp\/v2\/product_tag?post=8969"}],"curies":[{"name":"wp","href":"https:\/\/api.w.org\/{rel}","templated":true}]}}