{"id":8854,"date":"2023-05-29T15:06:03","date_gmt":"2023-05-29T15:06:03","guid":{"rendered":"https:\/\/www.cuberyfragrance.com\/?post_type=product&#038;p=8854"},"modified":"2024-04-28T05:14:18","modified_gmt":"2024-04-28T05:14:18","slug":"8854","status":"publish","type":"product","link":"https:\/\/www.cuberyfragrance.com\/fr\/shop\/savons-vegan\/8854\/","title":{"rendered":"SAVON \u00c0 L&rsquo;ENCENS"},"content":{"rendered":"<p>D\u00e9couvrez notre savon \u00e0 l&rsquo;encens, sp\u00e9cialement con\u00e7u pour apporter \u00e9quilibre et harmonie \u00e0 votre peau. Enrichi en ingr\u00e9dients actifs s\u00e9lectionn\u00e9s avec soin, notre savon contient de l&rsquo;eau, de l&rsquo;huile d&rsquo;olive extra vierge, de l&rsquo;huile de noix de coco, du beurre de karit\u00e9, de l&rsquo;huile de palme durable, de l&rsquo;huile de ricin, ainsi que de l&rsquo;huile de jojoba, de l&rsquo;huile d&rsquo;avocat, de l&rsquo;huile de tamanu, de l&rsquo;huile de p\u00e9pins de raisin, de l&rsquo;huile de grenade et de l&rsquo;huile d&rsquo;amande douce en tant qu&rsquo;huiles porteuses. Ces huiles riches en nutriments nourrissent et hydratent votre peau en profondeur.<\/p>\n<p>Nous avons ajout\u00e9 de l&rsquo;huile essentielle d&rsquo;encens pour ses propri\u00e9t\u00e9s apaisantes et revitalisantes. Son parfum doux et envo\u00fbtant cr\u00e9e une exp\u00e9rience sensorielle relaxante.<\/p>\n<p>Pour une action purifiante, notre savon contient de l&rsquo;argile de kaolin, qui aide \u00e0 \u00e9liminer les impuret\u00e9s et les toxines tout en laissant votre peau douce et lisse. La vitamine E, un antioxydant naturel, aide \u00e0 prot\u00e9ger votre peau contre les dommages caus\u00e9s par les radicaux libres. Le mica ajoute une l\u00e9g\u00e8re brillance pour sublimer votre peau.<\/p>\n<p>Poids : 4 OZ (environ 113 grammes)<\/p>\n<p>Offrez \u00e0 votre peau les bienfaits apaisants de l&rsquo;encens avec notre savon. Profitez d&rsquo;une peau \u00e9quilibr\u00e9e, nourrie et revitalis\u00e9e au quotidien.<\/p>\n","protected":false},"excerpt":{"rendered":"<p>Ingr\u00e9dients Actifs : Aqua, Huile d&rsquo;Olive Extra Vierge, Huile de Noix de Coco, Beurre de Karit\u00e9, Huile de Palme Durable, Huile de Ricin, ainsi que l&rsquo;Huile de Jojoba, l&rsquo;Huile d&rsquo;Avocat, l&rsquo;Huile de Tamanu, l&rsquo;Huile de P\u00e9pins de Raisin, l&rsquo;Huile de Grenade et l&rsquo;Huile d&rsquo;Amande Douce en tant qu&rsquo;huiles porteuses. Huile Essentielle d&rsquo;Encens. Argile de Kaolin, Vitamine E et Mica comme additifs. Poids : 4 OZ.<\/p>\n","protected":false},"featured_media":8891,"comment_status":"open","ping_status":"closed","template":"","meta":[],"product_brand":[],"product_cat":[105],"product_tag":[],"class_list":{"0":"post-8854","1":"product","2":"type-product","3":"status-publish","4":"has-post-thumbnail","6":"product_cat-savons-vegan","8":"first","9":"instock","10":"shipping-taxable","11":"purchasable","12":"product-type-simple"},"yoast_head":"<!-- This site is optimized with the Yoast SEO plugin v25.6 - https:\/\/yoast.com\/wordpress\/plugins\/seo\/ -->\n<title>SAVON \u00c0 L&#039;ENCENS - CUBERY FRAGRANCE<\/title>\n<meta name=\"robots\" content=\"index, follow, max-snippet:-1, max-image-preview:large, max-video-preview:-1\" \/>\n<link rel=\"canonical\" href=\"https:\/\/www.cuberyfragrance.com\/fr\/shop\/savons-vegan\/8854\/\" \/>\n<meta property=\"og:locale\" content=\"fr_FR\" \/>\n<meta property=\"og:type\" content=\"article\" \/>\n<meta property=\"og:title\" content=\"SAVON \u00c0 L&#039;ENCENS - CUBERY FRAGRANCE\" \/>\n<meta property=\"og:description\" content=\"Ingr\u00e9dients Actifs : Aqua, Huile d&#039;Olive Extra Vierge, Huile de Noix de Coco, Beurre de Karit\u00e9, Huile de Palme Durable, Huile de Ricin, ainsi que l&#039;Huile de Jojoba, l&#039;Huile d&#039;Avocat, l&#039;Huile de Tamanu, l&#039;Huile de P\u00e9pins de Raisin, l&#039;Huile de Grenade et l&#039;Huile d&#039;Amande Douce en tant qu&#039;huiles porteuses. Huile Essentielle d&#039;Encens. Argile de Kaolin, Vitamine E et Mica comme additifs. Poids : 4 OZ.\" \/>\n<meta property=\"og:url\" content=\"https:\/\/www.cuberyfragrance.com\/fr\/shop\/savons-vegan\/8854\/\" \/>\n<meta property=\"og:site_name\" content=\"CUBERY FRAGRANCE\" \/>\n<meta property=\"article:modified_time\" content=\"2024-04-28T05:14:18+00:00\" \/>\n<meta property=\"og:image\" content=\"https:\/\/www.cuberyfragrance.com\/wp-content\/uploads\/2023\/05\/IMG_4035-AKGUNLUK-SABUNU-3.jpg\" \/>\n\t<meta property=\"og:image:width\" content=\"900\" \/>\n\t<meta property=\"og:image:height\" content=\"600\" \/>\n\t<meta property=\"og:image:type\" content=\"image\/jpeg\" \/>\n<meta name=\"twitter:card\" content=\"summary_large_image\" \/>\n<meta name=\"twitter:label1\" content=\"Dur\u00e9e de lecture estim\u00e9e\" \/>\n\t<meta name=\"twitter:data1\" content=\"1 minute\" \/>\n<script type=\"application\/ld+json\" class=\"yoast-schema-graph\">{\"@context\":\"https:\/\/schema.org\",\"@graph\":[{\"@type\":\"WebPage\",\"@id\":\"https:\/\/www.cuberyfragrance.com\/fr\/shop\/savons-vegan\/8854\/\",\"url\":\"https:\/\/www.cuberyfragrance.com\/fr\/shop\/savons-vegan\/8854\/\",\"name\":\"SAVON \u00c0 L'ENCENS - CUBERY FRAGRANCE\",\"isPartOf\":{\"@id\":\"https:\/\/www.cuberyfragrance.com\/fr\/#website\"},\"primaryImageOfPage\":{\"@id\":\"https:\/\/www.cuberyfragrance.com\/fr\/shop\/savons-vegan\/8854\/#primaryimage\"},\"image\":{\"@id\":\"https:\/\/www.cuberyfragrance.com\/fr\/shop\/savons-vegan\/8854\/#primaryimage\"},\"thumbnailUrl\":\"https:\/\/www.cuberyfragrance.com\/wp-content\/uploads\/2023\/05\/IMG_4035-AKGUNLUK-SABUNU-3.jpg\",\"datePublished\":\"2023-05-29T15:06:03+00:00\",\"dateModified\":\"2024-04-28T05:14:18+00:00\",\"breadcrumb\":{\"@id\":\"https:\/\/www.cuberyfragrance.com\/fr\/shop\/savons-vegan\/8854\/#breadcrumb\"},\"inLanguage\":\"fr-FR\",\"potentialAction\":[{\"@type\":\"ReadAction\",\"target\":[\"https:\/\/www.cuberyfragrance.com\/fr\/shop\/savons-vegan\/8854\/\"]}]},{\"@type\":\"ImageObject\",\"inLanguage\":\"fr-FR\",\"@id\":\"https:\/\/www.cuberyfragrance.com\/fr\/shop\/savons-vegan\/8854\/#primaryimage\",\"url\":\"https:\/\/www.cuberyfragrance.com\/wp-content\/uploads\/2023\/05\/IMG_4035-AKGUNLUK-SABUNU-3.jpg\",\"contentUrl\":\"https:\/\/www.cuberyfragrance.com\/wp-content\/uploads\/2023\/05\/IMG_4035-AKGUNLUK-SABUNU-3.jpg\",\"width\":900,\"height\":600},{\"@type\":\"BreadcrumbList\",\"@id\":\"https:\/\/www.cuberyfragrance.com\/fr\/shop\/savons-vegan\/8854\/#breadcrumb\",\"itemListElement\":[{\"@type\":\"ListItem\",\"position\":1,\"name\":\"Home\",\"item\":\"https:\/\/www.cuberyfragrance.com\/fr\/\"},{\"@type\":\"ListItem\",\"position\":2,\"name\":\"SHOP\",\"item\":\"https:\/\/www.cuberyfragrance.com\/shop\/\"},{\"@type\":\"ListItem\",\"position\":3,\"name\":\"SAVON \u00c0 L&#8217;ENCENS\"}]},{\"@type\":\"WebSite\",\"@id\":\"https:\/\/www.cuberyfragrance.com\/fr\/#website\",\"url\":\"https:\/\/www.cuberyfragrance.com\/fr\/\",\"name\":\"CUBERY FRAGRANCE\",\"description\":\"The Address of Naturalness and Health...\",\"potentialAction\":[{\"@type\":\"SearchAction\",\"target\":{\"@type\":\"EntryPoint\",\"urlTemplate\":\"https:\/\/www.cuberyfragrance.com\/fr\/?s={search_term_string}\"},\"query-input\":{\"@type\":\"PropertyValueSpecification\",\"valueRequired\":true,\"valueName\":\"search_term_string\"}}],\"inLanguage\":\"fr-FR\"}]}<\/script>\n<!-- \/ Yoast SEO plugin. -->","yoast_head_json":{"title":"SAVON \u00c0 L'ENCENS - CUBERY FRAGRANCE","robots":{"index":"index","follow":"follow","max-snippet":"max-snippet:-1","max-image-preview":"max-image-preview:large","max-video-preview":"max-video-preview:-1"},"canonical":"https:\/\/www.cuberyfragrance.com\/fr\/shop\/savons-vegan\/8854\/","og_locale":"fr_FR","og_type":"article","og_title":"SAVON \u00c0 L'ENCENS - CUBERY FRAGRANCE","og_description":"Ingr\u00e9dients Actifs : Aqua, Huile d'Olive Extra Vierge, Huile de Noix de Coco, Beurre de Karit\u00e9, Huile de Palme Durable, Huile de Ricin, ainsi que l'Huile de Jojoba, l'Huile d'Avocat, l'Huile de Tamanu, l'Huile de P\u00e9pins de Raisin, l'Huile de Grenade et l'Huile d'Amande Douce en tant qu'huiles porteuses. Huile Essentielle d'Encens. Argile de Kaolin, Vitamine E et Mica comme additifs. Poids : 4 OZ.","og_url":"https:\/\/www.cuberyfragrance.com\/fr\/shop\/savons-vegan\/8854\/","og_site_name":"CUBERY FRAGRANCE","article_modified_time":"2024-04-28T05:14:18+00:00","og_image":[{"width":900,"height":600,"url":"https:\/\/www.cuberyfragrance.com\/wp-content\/uploads\/2023\/05\/IMG_4035-AKGUNLUK-SABUNU-3.jpg","type":"image\/jpeg"}],"twitter_card":"summary_large_image","twitter_misc":{"Dur\u00e9e de lecture estim\u00e9e":"1 minute"},"schema":{"@context":"https:\/\/schema.org","@graph":[{"@type":"WebPage","@id":"https:\/\/www.cuberyfragrance.com\/fr\/shop\/savons-vegan\/8854\/","url":"https:\/\/www.cuberyfragrance.com\/fr\/shop\/savons-vegan\/8854\/","name":"SAVON \u00c0 L'ENCENS - CUBERY FRAGRANCE","isPartOf":{"@id":"https:\/\/www.cuberyfragrance.com\/fr\/#website"},"primaryImageOfPage":{"@id":"https:\/\/www.cuberyfragrance.com\/fr\/shop\/savons-vegan\/8854\/#primaryimage"},"image":{"@id":"https:\/\/www.cuberyfragrance.com\/fr\/shop\/savons-vegan\/8854\/#primaryimage"},"thumbnailUrl":"https:\/\/www.cuberyfragrance.com\/wp-content\/uploads\/2023\/05\/IMG_4035-AKGUNLUK-SABUNU-3.jpg","datePublished":"2023-05-29T15:06:03+00:00","dateModified":"2024-04-28T05:14:18+00:00","breadcrumb":{"@id":"https:\/\/www.cuberyfragrance.com\/fr\/shop\/savons-vegan\/8854\/#breadcrumb"},"inLanguage":"fr-FR","potentialAction":[{"@type":"ReadAction","target":["https:\/\/www.cuberyfragrance.com\/fr\/shop\/savons-vegan\/8854\/"]}]},{"@type":"ImageObject","inLanguage":"fr-FR","@id":"https:\/\/www.cuberyfragrance.com\/fr\/shop\/savons-vegan\/8854\/#primaryimage","url":"https:\/\/www.cuberyfragrance.com\/wp-content\/uploads\/2023\/05\/IMG_4035-AKGUNLUK-SABUNU-3.jpg","contentUrl":"https:\/\/www.cuberyfragrance.com\/wp-content\/uploads\/2023\/05\/IMG_4035-AKGUNLUK-SABUNU-3.jpg","width":900,"height":600},{"@type":"BreadcrumbList","@id":"https:\/\/www.cuberyfragrance.com\/fr\/shop\/savons-vegan\/8854\/#breadcrumb","itemListElement":[{"@type":"ListItem","position":1,"name":"Home","item":"https:\/\/www.cuberyfragrance.com\/fr\/"},{"@type":"ListItem","position":2,"name":"SHOP","item":"https:\/\/www.cuberyfragrance.com\/shop\/"},{"@type":"ListItem","position":3,"name":"SAVON \u00c0 L&#8217;ENCENS"}]},{"@type":"WebSite","@id":"https:\/\/www.cuberyfragrance.com\/fr\/#website","url":"https:\/\/www.cuberyfragrance.com\/fr\/","name":"CUBERY FRAGRANCE","description":"The Address of Naturalness and Health...","potentialAction":[{"@type":"SearchAction","target":{"@type":"EntryPoint","urlTemplate":"https:\/\/www.cuberyfragrance.com\/fr\/?s={search_term_string}"},"query-input":{"@type":"PropertyValueSpecification","valueRequired":true,"valueName":"search_term_string"}}],"inLanguage":"fr-FR"}]}},"jetpack_sharing_enabled":true,"_links":{"self":[{"href":"https:\/\/www.cuberyfragrance.com\/fr\/wp-json\/wp\/v2\/product\/8854"}],"collection":[{"href":"https:\/\/www.cuberyfragrance.com\/fr\/wp-json\/wp\/v2\/product"}],"about":[{"href":"https:\/\/www.cuberyfragrance.com\/fr\/wp-json\/wp\/v2\/types\/product"}],"replies":[{"embeddable":true,"href":"https:\/\/www.cuberyfragrance.com\/fr\/wp-json\/wp\/v2\/comments?post=8854"}],"wp:featuredmedia":[{"embeddable":true,"href":"https:\/\/www.cuberyfragrance.com\/fr\/wp-json\/wp\/v2\/media\/8891"}],"wp:attachment":[{"href":"https:\/\/www.cuberyfragrance.com\/fr\/wp-json\/wp\/v2\/media?parent=8854"}],"wp:term":[{"taxonomy":"product_brand","embeddable":true,"href":"https:\/\/www.cuberyfragrance.com\/fr\/wp-json\/wp\/v2\/product_brand?post=8854"},{"taxonomy":"product_cat","embeddable":true,"href":"https:\/\/www.cuberyfragrance.com\/fr\/wp-json\/wp\/v2\/product_cat?post=8854"},{"taxonomy":"product_tag","embeddable":true,"href":"https:\/\/www.cuberyfragrance.com\/fr\/wp-json\/wp\/v2\/product_tag?post=8854"}],"curies":[{"name":"wp","href":"https:\/\/api.w.org\/{rel}","templated":true}]}}