{"id":8802,"date":"2023-05-29T14:57:42","date_gmt":"2023-05-29T14:57:42","guid":{"rendered":"https:\/\/www.cuberyfragrance.com\/?post_type=product&#038;p=8802"},"modified":"2024-04-28T05:14:08","modified_gmt":"2024-04-28T05:14:08","slug":"savon-a-lhuile-dargan","status":"publish","type":"product","link":"https:\/\/www.cuberyfragrance.com\/fr\/shop\/savons-vegan\/savon-a-lhuile-dargan\/","title":{"rendered":"SAVON \u00c0 L&rsquo;HUILE D&rsquo;ARGAN"},"content":{"rendered":"<div class=\"group w-full text-gray-800 dark:text-gray-100 border-b border-black\/10 dark:border-gray-900\/50 bg-gray-50 dark:bg-[#444654]\">\n<div class=\"flex p-4 gap-4 text-base md:gap-6 md:max-w-2xl lg:max-w-xl xl:max-w-3xl md:py-6 lg:px-0 m-auto\">\n<div class=\"relative flex w-[calc(100%-50px)] flex-col gap-1 md:gap-3 lg:w-[calc(100%-115px)]\">\n<div class=\"flex flex-grow flex-col gap-3\">\n<div class=\"min-h-[20px] flex flex-col items-start gap-4 whitespace-pre-wrap break-words\">\n<div class=\"markdown prose w-full break-words dark:prose-invert light\">\n<p>D\u00e9couvrez notre savon \u00e0 l&rsquo;huile d&rsquo;argan, sp\u00e9cialement formul\u00e9 pour nourrir et hydrater votre peau en profondeur. Enrichi en ingr\u00e9dients actifs s\u00e9lectionn\u00e9s avec soin, notre savon contient de l&rsquo;eau, de l&rsquo;huile d&rsquo;olive extra vierge, de l&rsquo;huile d&rsquo;argan, de l&rsquo;huile de noix de coco, de l&rsquo;huile de palme durable et d&rsquo;origine responsable, du beurre de karit\u00e9, de l&rsquo;huile de ricin, ainsi que de l&rsquo;huile de jojoba, de l&rsquo;huile d&rsquo;argan, de l&rsquo;huile d&rsquo;avocat, de l&rsquo;huile d&rsquo;amande douce, de l&rsquo;huile de p\u00e9pins de raisin et de l&rsquo;huile de noyau d&rsquo;abricot en tant qu&rsquo;huiles porteuses. Ces huiles riches et nourrissantes laissent votre peau douce et \u00e9clatante.<\/p>\n<p>Nous avons ajout\u00e9 les huiles essentielles de citronnelle, de bois de c\u00e8dre et de lavande pour leurs propri\u00e9t\u00e9s apaisantes et rafra\u00eechissantes. Leur parfum d\u00e9licat offre une exp\u00e9rience sensorielle relaxante.<\/p>\n<p>Pour une action purifiante, notre savon contient de l&rsquo;argile de kaolin, qui aide \u00e0 \u00e9liminer les impuret\u00e9s et l&rsquo;exc\u00e8s de s\u00e9bum tout en laissant la peau douce et lisse. Nous avons \u00e9galement inclus de la vitamine E, un antioxydant naturel, pour aider \u00e0 prot\u00e9ger votre peau contre les dommages caus\u00e9s par les radicaux libres. Le mica ajoute une l\u00e9g\u00e8re brillance pour un \u00e9clat subtil sur la peau.<\/p>\n<p>Poids : 4 OZ (environ 113 grammes)<\/p>\n<p>Offrez \u00e0 votre peau les bienfaits nourrissants de l&rsquo;huile d&rsquo;argan avec notre savon. Profitez d&rsquo;une peau hydrat\u00e9e, apais\u00e9e et revitalis\u00e9e au quotidien.<\/p>\n<\/div>\n<\/div>\n<\/div>\n<div class=\"flex justify-between lg:block\">\n<div class=\"text-xs flex items-center justify-center gap-1 self-center pt-2 !invisible\"><\/div>\n<div class=\"text-gray-400 flex self-end lg:self-center justify-center mt-2 gap-2 md:gap-3 lg:gap-1 lg:absolute lg:top-0 lg:translate-x-full lg:right-0 lg:mt-0 lg:pl-2 visible\"><button class=\"flex ml-auto gap-2 rounded-md p-1 hover:bg-gray-100 hover:text-gray-700 dark:text-gray-400 dark:hover:bg-gray-700 dark:hover:text-gray-200 disabled:dark:hover:text-gray-400\"><\/button><\/p>\n<div class=\"flex gap-1\"><\/div>\n<\/div>\n<\/div>\n<\/div>\n<\/div>\n<\/div>\n","protected":false},"excerpt":{"rendered":"<p>Ingr\u00e9dients Actifs : Aqua, Huile d&rsquo;Olive Extra Vierge, Huile d&rsquo;Argan, Huile de Noix de Coco, Huile de Palme Durable et d&rsquo;Origine Responsable, Beurre de Karit\u00e9, Huile de Ricin, ainsi que l&rsquo;Huile de Jojoba, l&rsquo;Huile d&rsquo;Argan, l&rsquo;Huile d&rsquo;Avocat, l&rsquo;Huile d&rsquo;Amande Douce, l&rsquo;Huile de P\u00e9pins de Raisin et l&rsquo;Huile de Noyau d&rsquo;Abricot en tant qu&rsquo;huiles porteuses. Huiles Essentielles de Citronnelle, de Bois de C\u00e8dre et de Lavande. Argile de Kaolin, Vitamine E et Mica comme additifs. Poids : 4 OZ.<\/p>\n","protected":false},"featured_media":8839,"comment_status":"open","ping_status":"closed","template":"","meta":[],"product_brand":[],"product_cat":[105],"product_tag":[],"class_list":{"0":"post-8802","1":"product","2":"type-product","3":"status-publish","4":"has-post-thumbnail","6":"product_cat-savons-vegan","8":"first","9":"instock","10":"shipping-taxable","11":"purchasable","12":"product-type-simple"},"yoast_head":"<!-- This site is optimized with the Yoast SEO plugin v25.6 - https:\/\/yoast.com\/wordpress\/plugins\/seo\/ -->\n<title>SAVON \u00c0 L&#039;HUILE D&#039;ARGAN - CUBERY FRAGRANCE<\/title>\n<meta name=\"robots\" content=\"index, follow, max-snippet:-1, max-image-preview:large, max-video-preview:-1\" \/>\n<link rel=\"canonical\" href=\"https:\/\/www.cuberyfragrance.com\/fr\/shop\/savons-vegan\/savon-a-lhuile-dargan\/\" \/>\n<meta property=\"og:locale\" content=\"fr_FR\" \/>\n<meta property=\"og:type\" content=\"article\" \/>\n<meta property=\"og:title\" content=\"SAVON \u00c0 L&#039;HUILE D&#039;ARGAN - CUBERY FRAGRANCE\" \/>\n<meta property=\"og:description\" content=\"Ingr\u00e9dients Actifs : Aqua, Huile d&#039;Olive Extra Vierge, Huile d&#039;Argan, Huile de Noix de Coco, Huile de Palme Durable et d&#039;Origine Responsable, Beurre de Karit\u00e9, Huile de Ricin, ainsi que l&#039;Huile de Jojoba, l&#039;Huile d&#039;Argan, l&#039;Huile d&#039;Avocat, l&#039;Huile d&#039;Amande Douce, l&#039;Huile de P\u00e9pins de Raisin et l&#039;Huile de Noyau d&#039;Abricot en tant qu&#039;huiles porteuses. Huiles Essentielles de Citronnelle, de Bois de C\u00e8dre et de Lavande. Argile de Kaolin, Vitamine E et Mica comme additifs. Poids : 4 OZ.\" \/>\n<meta property=\"og:url\" content=\"https:\/\/www.cuberyfragrance.com\/fr\/shop\/savons-vegan\/savon-a-lhuile-dargan\/\" \/>\n<meta property=\"og:site_name\" content=\"CUBERY FRAGRANCE\" \/>\n<meta property=\"article:modified_time\" content=\"2024-04-28T05:14:08+00:00\" \/>\n<meta property=\"og:image\" content=\"https:\/\/www.cuberyfragrance.com\/wp-content\/uploads\/2023\/05\/IMG_4016-ELIXIR-ARGAN-SOAP-2.jpg\" \/>\n\t<meta property=\"og:image:width\" content=\"900\" \/>\n\t<meta property=\"og:image:height\" content=\"600\" \/>\n\t<meta property=\"og:image:type\" content=\"image\/jpeg\" \/>\n<meta name=\"twitter:card\" content=\"summary_large_image\" \/>\n<meta name=\"twitter:label1\" content=\"Dur\u00e9e de lecture estim\u00e9e\" \/>\n\t<meta name=\"twitter:data1\" content=\"1 minute\" \/>\n<script type=\"application\/ld+json\" class=\"yoast-schema-graph\">{\"@context\":\"https:\/\/schema.org\",\"@graph\":[{\"@type\":\"WebPage\",\"@id\":\"https:\/\/www.cuberyfragrance.com\/fr\/shop\/savons-vegan\/savon-a-lhuile-dargan\/\",\"url\":\"https:\/\/www.cuberyfragrance.com\/fr\/shop\/savons-vegan\/savon-a-lhuile-dargan\/\",\"name\":\"SAVON \u00c0 L'HUILE D'ARGAN - CUBERY FRAGRANCE\",\"isPartOf\":{\"@id\":\"https:\/\/www.cuberyfragrance.com\/fr\/#website\"},\"primaryImageOfPage\":{\"@id\":\"https:\/\/www.cuberyfragrance.com\/fr\/shop\/savons-vegan\/savon-a-lhuile-dargan\/#primaryimage\"},\"image\":{\"@id\":\"https:\/\/www.cuberyfragrance.com\/fr\/shop\/savons-vegan\/savon-a-lhuile-dargan\/#primaryimage\"},\"thumbnailUrl\":\"https:\/\/www.cuberyfragrance.com\/wp-content\/uploads\/2023\/05\/IMG_4016-ELIXIR-ARGAN-SOAP-2.jpg\",\"datePublished\":\"2023-05-29T14:57:42+00:00\",\"dateModified\":\"2024-04-28T05:14:08+00:00\",\"breadcrumb\":{\"@id\":\"https:\/\/www.cuberyfragrance.com\/fr\/shop\/savons-vegan\/savon-a-lhuile-dargan\/#breadcrumb\"},\"inLanguage\":\"fr-FR\",\"potentialAction\":[{\"@type\":\"ReadAction\",\"target\":[\"https:\/\/www.cuberyfragrance.com\/fr\/shop\/savons-vegan\/savon-a-lhuile-dargan\/\"]}]},{\"@type\":\"ImageObject\",\"inLanguage\":\"fr-FR\",\"@id\":\"https:\/\/www.cuberyfragrance.com\/fr\/shop\/savons-vegan\/savon-a-lhuile-dargan\/#primaryimage\",\"url\":\"https:\/\/www.cuberyfragrance.com\/wp-content\/uploads\/2023\/05\/IMG_4016-ELIXIR-ARGAN-SOAP-2.jpg\",\"contentUrl\":\"https:\/\/www.cuberyfragrance.com\/wp-content\/uploads\/2023\/05\/IMG_4016-ELIXIR-ARGAN-SOAP-2.jpg\",\"width\":900,\"height\":600},{\"@type\":\"BreadcrumbList\",\"@id\":\"https:\/\/www.cuberyfragrance.com\/fr\/shop\/savons-vegan\/savon-a-lhuile-dargan\/#breadcrumb\",\"itemListElement\":[{\"@type\":\"ListItem\",\"position\":1,\"name\":\"Home\",\"item\":\"https:\/\/www.cuberyfragrance.com\/fr\/\"},{\"@type\":\"ListItem\",\"position\":2,\"name\":\"SHOP\",\"item\":\"https:\/\/www.cuberyfragrance.com\/shop\/\"},{\"@type\":\"ListItem\",\"position\":3,\"name\":\"SAVON \u00c0 L&#8217;HUILE D&#8217;ARGAN\"}]},{\"@type\":\"WebSite\",\"@id\":\"https:\/\/www.cuberyfragrance.com\/fr\/#website\",\"url\":\"https:\/\/www.cuberyfragrance.com\/fr\/\",\"name\":\"CUBERY FRAGRANCE\",\"description\":\"The Address of Naturalness and Health...\",\"potentialAction\":[{\"@type\":\"SearchAction\",\"target\":{\"@type\":\"EntryPoint\",\"urlTemplate\":\"https:\/\/www.cuberyfragrance.com\/fr\/?s={search_term_string}\"},\"query-input\":{\"@type\":\"PropertyValueSpecification\",\"valueRequired\":true,\"valueName\":\"search_term_string\"}}],\"inLanguage\":\"fr-FR\"}]}<\/script>\n<!-- \/ Yoast SEO plugin. -->","yoast_head_json":{"title":"SAVON \u00c0 L'HUILE D'ARGAN - CUBERY FRAGRANCE","robots":{"index":"index","follow":"follow","max-snippet":"max-snippet:-1","max-image-preview":"max-image-preview:large","max-video-preview":"max-video-preview:-1"},"canonical":"https:\/\/www.cuberyfragrance.com\/fr\/shop\/savons-vegan\/savon-a-lhuile-dargan\/","og_locale":"fr_FR","og_type":"article","og_title":"SAVON \u00c0 L'HUILE D'ARGAN - CUBERY FRAGRANCE","og_description":"Ingr\u00e9dients Actifs : Aqua, Huile d'Olive Extra Vierge, Huile d'Argan, Huile de Noix de Coco, Huile de Palme Durable et d'Origine Responsable, Beurre de Karit\u00e9, Huile de Ricin, ainsi que l'Huile de Jojoba, l'Huile d'Argan, l'Huile d'Avocat, l'Huile d'Amande Douce, l'Huile de P\u00e9pins de Raisin et l'Huile de Noyau d'Abricot en tant qu'huiles porteuses. Huiles Essentielles de Citronnelle, de Bois de C\u00e8dre et de Lavande. Argile de Kaolin, Vitamine E et Mica comme additifs. Poids : 4 OZ.","og_url":"https:\/\/www.cuberyfragrance.com\/fr\/shop\/savons-vegan\/savon-a-lhuile-dargan\/","og_site_name":"CUBERY FRAGRANCE","article_modified_time":"2024-04-28T05:14:08+00:00","og_image":[{"width":900,"height":600,"url":"https:\/\/www.cuberyfragrance.com\/wp-content\/uploads\/2023\/05\/IMG_4016-ELIXIR-ARGAN-SOAP-2.jpg","type":"image\/jpeg"}],"twitter_card":"summary_large_image","twitter_misc":{"Dur\u00e9e de lecture estim\u00e9e":"1 minute"},"schema":{"@context":"https:\/\/schema.org","@graph":[{"@type":"WebPage","@id":"https:\/\/www.cuberyfragrance.com\/fr\/shop\/savons-vegan\/savon-a-lhuile-dargan\/","url":"https:\/\/www.cuberyfragrance.com\/fr\/shop\/savons-vegan\/savon-a-lhuile-dargan\/","name":"SAVON \u00c0 L'HUILE D'ARGAN - CUBERY FRAGRANCE","isPartOf":{"@id":"https:\/\/www.cuberyfragrance.com\/fr\/#website"},"primaryImageOfPage":{"@id":"https:\/\/www.cuberyfragrance.com\/fr\/shop\/savons-vegan\/savon-a-lhuile-dargan\/#primaryimage"},"image":{"@id":"https:\/\/www.cuberyfragrance.com\/fr\/shop\/savons-vegan\/savon-a-lhuile-dargan\/#primaryimage"},"thumbnailUrl":"https:\/\/www.cuberyfragrance.com\/wp-content\/uploads\/2023\/05\/IMG_4016-ELIXIR-ARGAN-SOAP-2.jpg","datePublished":"2023-05-29T14:57:42+00:00","dateModified":"2024-04-28T05:14:08+00:00","breadcrumb":{"@id":"https:\/\/www.cuberyfragrance.com\/fr\/shop\/savons-vegan\/savon-a-lhuile-dargan\/#breadcrumb"},"inLanguage":"fr-FR","potentialAction":[{"@type":"ReadAction","target":["https:\/\/www.cuberyfragrance.com\/fr\/shop\/savons-vegan\/savon-a-lhuile-dargan\/"]}]},{"@type":"ImageObject","inLanguage":"fr-FR","@id":"https:\/\/www.cuberyfragrance.com\/fr\/shop\/savons-vegan\/savon-a-lhuile-dargan\/#primaryimage","url":"https:\/\/www.cuberyfragrance.com\/wp-content\/uploads\/2023\/05\/IMG_4016-ELIXIR-ARGAN-SOAP-2.jpg","contentUrl":"https:\/\/www.cuberyfragrance.com\/wp-content\/uploads\/2023\/05\/IMG_4016-ELIXIR-ARGAN-SOAP-2.jpg","width":900,"height":600},{"@type":"BreadcrumbList","@id":"https:\/\/www.cuberyfragrance.com\/fr\/shop\/savons-vegan\/savon-a-lhuile-dargan\/#breadcrumb","itemListElement":[{"@type":"ListItem","position":1,"name":"Home","item":"https:\/\/www.cuberyfragrance.com\/fr\/"},{"@type":"ListItem","position":2,"name":"SHOP","item":"https:\/\/www.cuberyfragrance.com\/shop\/"},{"@type":"ListItem","position":3,"name":"SAVON \u00c0 L&#8217;HUILE D&#8217;ARGAN"}]},{"@type":"WebSite","@id":"https:\/\/www.cuberyfragrance.com\/fr\/#website","url":"https:\/\/www.cuberyfragrance.com\/fr\/","name":"CUBERY FRAGRANCE","description":"The Address of Naturalness and Health...","potentialAction":[{"@type":"SearchAction","target":{"@type":"EntryPoint","urlTemplate":"https:\/\/www.cuberyfragrance.com\/fr\/?s={search_term_string}"},"query-input":{"@type":"PropertyValueSpecification","valueRequired":true,"valueName":"search_term_string"}}],"inLanguage":"fr-FR"}]}},"jetpack_sharing_enabled":true,"_links":{"self":[{"href":"https:\/\/www.cuberyfragrance.com\/fr\/wp-json\/wp\/v2\/product\/8802"}],"collection":[{"href":"https:\/\/www.cuberyfragrance.com\/fr\/wp-json\/wp\/v2\/product"}],"about":[{"href":"https:\/\/www.cuberyfragrance.com\/fr\/wp-json\/wp\/v2\/types\/product"}],"replies":[{"embeddable":true,"href":"https:\/\/www.cuberyfragrance.com\/fr\/wp-json\/wp\/v2\/comments?post=8802"}],"wp:featuredmedia":[{"embeddable":true,"href":"https:\/\/www.cuberyfragrance.com\/fr\/wp-json\/wp\/v2\/media\/8839"}],"wp:attachment":[{"href":"https:\/\/www.cuberyfragrance.com\/fr\/wp-json\/wp\/v2\/media?parent=8802"}],"wp:term":[{"taxonomy":"product_brand","embeddable":true,"href":"https:\/\/www.cuberyfragrance.com\/fr\/wp-json\/wp\/v2\/product_brand?post=8802"},{"taxonomy":"product_cat","embeddable":true,"href":"https:\/\/www.cuberyfragrance.com\/fr\/wp-json\/wp\/v2\/product_cat?post=8802"},{"taxonomy":"product_tag","embeddable":true,"href":"https:\/\/www.cuberyfragrance.com\/fr\/wp-json\/wp\/v2\/product_tag?post=8802"}],"curies":[{"name":"wp","href":"https:\/\/api.w.org\/{rel}","templated":true}]}}