{"id":8723,"date":"2023-05-29T14:54:10","date_gmt":"2023-05-29T14:54:10","guid":{"rendered":"https:\/\/www.cuberyfragrance.com\/?post_type=product&#038;p=8723"},"modified":"2024-04-28T05:14:03","modified_gmt":"2024-04-28T05:14:03","slug":"savon-detox-a-la-lavande","status":"publish","type":"product","link":"https:\/\/www.cuberyfragrance.com\/fr\/shop\/savons-detox\/savon-detox-a-la-lavande\/","title":{"rendered":"SAVON D\u00c9TOX \u00c0 LA LAVANDE"},"content":{"rendered":"<p>D\u00e9couvrez notre savon d\u00e9tox \u00e0 la lavande, sp\u00e9cialement con\u00e7u pour purifier et revitaliser votre peau. Enrichi en ingr\u00e9dients actifs s\u00e9lectionn\u00e9s avec soin, notre savon contient de l&rsquo;eau, de l&rsquo;huile d&rsquo;olive extra vierge, de l&rsquo;huile de noix de coco, du beurre de karit\u00e9, de l&rsquo;huile de palme durable, de l&rsquo;huile de ricin, ainsi que de l&rsquo;huile de jojoba, de l&rsquo;huile d&rsquo;avocat, de l&rsquo;huile d&rsquo;argan, de l&rsquo;huile de tamanu, de l&rsquo;huile de noyau d&rsquo;abricot, de l&rsquo;huile de p\u00e9pins de raisin, de l&rsquo;huile de grenade et de l&rsquo;huile d&rsquo;amande douce en tant qu&rsquo;huiles porteuses. Ces huiles nourrissantes et hydratantes laissent votre peau douce et soyeuse.<\/p>\n<p>Nous avons ajout\u00e9 de l&rsquo;huile essentielle de lavande pour ses propri\u00e9t\u00e9s apaisantes et relaxantes. Son parfum d\u00e9licat offre une exp\u00e9rience sensorielle apaisante.<\/p>\n<p>Pour une action d\u00e9toxifiante, notre savon contient des cristaux de menthol, qui procurent une sensation de fra\u00eecheur revigorante. L&rsquo;argile de kaolin aide \u00e0 absorber les impuret\u00e9s et les exc\u00e8s de s\u00e9bum, tandis que la fibre de soie contribue \u00e0 adoucir la peau.<\/p>\n<p>Nous avons \u00e9galement inclus de la vitamine E, un antioxydant naturel, pour aider \u00e0 prot\u00e9ger votre peau contre les radicaux libres et les agressions environnementales. Le charbon actif aide \u00e0 purifier la peau en \u00e9liminant les impuret\u00e9s, tandis que le mica ajoute une l\u00e9g\u00e8re brillance.<\/p>\n<p>Poids : 4 OZ (environ 113 grammes)<\/p>\n<p>Offrez \u00e0 votre peau une exp\u00e9rience d\u00e9toxifiante et apaisante avec notre savon d\u00e9tox \u00e0 la lavande. Profitez d&rsquo;une peau purifi\u00e9e, revitalis\u00e9e et apais\u00e9e.<\/p>\n","protected":false},"excerpt":{"rendered":"<p>Ingr\u00e9dients Actifs : Aqua, Huile d&rsquo;Olive Extra Vierge, Huile de Noix de Coco, Beurre de Karit\u00e9, Huile de Palme Durable, Huile de Ricin, ainsi que l&rsquo;Huile de Jojoba, l&rsquo;Huile d&rsquo;Avocat, l&rsquo;Huile d&rsquo;Argan, l&rsquo;Huile de Tamanu, l&rsquo;Huile de Noyau d&rsquo;Abricot, l&rsquo;Huile de P\u00e9pins de Raisin, l&rsquo;Huile de Grenade et l&rsquo;Huile d&rsquo;Amande Douce en tant qu&rsquo;huiles porteuses. Huile Essentielle de Lavande. Cristaux de Menthol, Argile de Kaolin, Fibre de Soie, Vitamine E, Charbon Actif et Mica comme additifs. Poids : 4 OZ.<\/p>\n","protected":false},"featured_media":8778,"comment_status":"open","ping_status":"closed","template":"","meta":[],"product_brand":[],"product_cat":[121],"product_tag":[],"class_list":{"0":"post-8723","1":"product","2":"type-product","3":"status-publish","4":"has-post-thumbnail","6":"product_cat-savons-detox","8":"first","9":"instock","10":"shipping-taxable","11":"purchasable","12":"product-type-simple"},"yoast_head":"<!-- This site is optimized with the Yoast SEO plugin v25.6 - https:\/\/yoast.com\/wordpress\/plugins\/seo\/ -->\n<title>SAVON D\u00c9TOX \u00c0 LA LAVANDE - CUBERY FRAGRANCE<\/title>\n<meta name=\"robots\" content=\"index, follow, max-snippet:-1, max-image-preview:large, max-video-preview:-1\" \/>\n<link rel=\"canonical\" href=\"https:\/\/www.cuberyfragrance.com\/fr\/shop\/savons-detox\/savon-detox-a-la-lavande\/\" \/>\n<meta property=\"og:locale\" content=\"fr_FR\" \/>\n<meta property=\"og:type\" content=\"article\" \/>\n<meta property=\"og:title\" content=\"SAVON D\u00c9TOX \u00c0 LA LAVANDE - CUBERY FRAGRANCE\" \/>\n<meta property=\"og:description\" content=\"Ingr\u00e9dients Actifs : Aqua, Huile d&#039;Olive Extra Vierge, Huile de Noix de Coco, Beurre de Karit\u00e9, Huile de Palme Durable, Huile de Ricin, ainsi que l&#039;Huile de Jojoba, l&#039;Huile d&#039;Avocat, l&#039;Huile d&#039;Argan, l&#039;Huile de Tamanu, l&#039;Huile de Noyau d&#039;Abricot, l&#039;Huile de P\u00e9pins de Raisin, l&#039;Huile de Grenade et l&#039;Huile d&#039;Amande Douce en tant qu&#039;huiles porteuses. Huile Essentielle de Lavande. Cristaux de Menthol, Argile de Kaolin, Fibre de Soie, Vitamine E, Charbon Actif et Mica comme additifs. Poids : 4 OZ.\" \/>\n<meta property=\"og:url\" content=\"https:\/\/www.cuberyfragrance.com\/fr\/shop\/savons-detox\/savon-detox-a-la-lavande\/\" \/>\n<meta property=\"og:site_name\" content=\"CUBERY FRAGRANCE\" \/>\n<meta property=\"article:modified_time\" content=\"2024-04-28T05:14:03+00:00\" \/>\n<meta property=\"og:image\" content=\"https:\/\/www.cuberyfragrance.com\/wp-content\/uploads\/2023\/05\/IMG_4116-CARBON-LAVENDER-SOAP-2.jpg\" \/>\n\t<meta property=\"og:image:width\" content=\"900\" \/>\n\t<meta property=\"og:image:height\" content=\"600\" \/>\n\t<meta property=\"og:image:type\" content=\"image\/jpeg\" \/>\n<meta name=\"twitter:card\" content=\"summary_large_image\" \/>\n<meta name=\"twitter:label1\" content=\"Dur\u00e9e de lecture estim\u00e9e\" \/>\n\t<meta name=\"twitter:data1\" content=\"1 minute\" \/>\n<script type=\"application\/ld+json\" class=\"yoast-schema-graph\">{\"@context\":\"https:\/\/schema.org\",\"@graph\":[{\"@type\":\"WebPage\",\"@id\":\"https:\/\/www.cuberyfragrance.com\/fr\/shop\/savons-detox\/savon-detox-a-la-lavande\/\",\"url\":\"https:\/\/www.cuberyfragrance.com\/fr\/shop\/savons-detox\/savon-detox-a-la-lavande\/\",\"name\":\"SAVON D\u00c9TOX \u00c0 LA LAVANDE - CUBERY FRAGRANCE\",\"isPartOf\":{\"@id\":\"https:\/\/www.cuberyfragrance.com\/fr\/#website\"},\"primaryImageOfPage\":{\"@id\":\"https:\/\/www.cuberyfragrance.com\/fr\/shop\/savons-detox\/savon-detox-a-la-lavande\/#primaryimage\"},\"image\":{\"@id\":\"https:\/\/www.cuberyfragrance.com\/fr\/shop\/savons-detox\/savon-detox-a-la-lavande\/#primaryimage\"},\"thumbnailUrl\":\"https:\/\/www.cuberyfragrance.com\/wp-content\/uploads\/2023\/05\/IMG_4116-CARBON-LAVENDER-SOAP-2.jpg\",\"datePublished\":\"2023-05-29T14:54:10+00:00\",\"dateModified\":\"2024-04-28T05:14:03+00:00\",\"breadcrumb\":{\"@id\":\"https:\/\/www.cuberyfragrance.com\/fr\/shop\/savons-detox\/savon-detox-a-la-lavande\/#breadcrumb\"},\"inLanguage\":\"fr-FR\",\"potentialAction\":[{\"@type\":\"ReadAction\",\"target\":[\"https:\/\/www.cuberyfragrance.com\/fr\/shop\/savons-detox\/savon-detox-a-la-lavande\/\"]}]},{\"@type\":\"ImageObject\",\"inLanguage\":\"fr-FR\",\"@id\":\"https:\/\/www.cuberyfragrance.com\/fr\/shop\/savons-detox\/savon-detox-a-la-lavande\/#primaryimage\",\"url\":\"https:\/\/www.cuberyfragrance.com\/wp-content\/uploads\/2023\/05\/IMG_4116-CARBON-LAVENDER-SOAP-2.jpg\",\"contentUrl\":\"https:\/\/www.cuberyfragrance.com\/wp-content\/uploads\/2023\/05\/IMG_4116-CARBON-LAVENDER-SOAP-2.jpg\",\"width\":900,\"height\":600},{\"@type\":\"BreadcrumbList\",\"@id\":\"https:\/\/www.cuberyfragrance.com\/fr\/shop\/savons-detox\/savon-detox-a-la-lavande\/#breadcrumb\",\"itemListElement\":[{\"@type\":\"ListItem\",\"position\":1,\"name\":\"Home\",\"item\":\"https:\/\/www.cuberyfragrance.com\/fr\/\"},{\"@type\":\"ListItem\",\"position\":2,\"name\":\"SHOP\",\"item\":\"https:\/\/www.cuberyfragrance.com\/shop\/\"},{\"@type\":\"ListItem\",\"position\":3,\"name\":\"SAVON D\u00c9TOX \u00c0 LA LAVANDE\"}]},{\"@type\":\"WebSite\",\"@id\":\"https:\/\/www.cuberyfragrance.com\/fr\/#website\",\"url\":\"https:\/\/www.cuberyfragrance.com\/fr\/\",\"name\":\"CUBERY FRAGRANCE\",\"description\":\"The Address of Naturalness and Health...\",\"potentialAction\":[{\"@type\":\"SearchAction\",\"target\":{\"@type\":\"EntryPoint\",\"urlTemplate\":\"https:\/\/www.cuberyfragrance.com\/fr\/?s={search_term_string}\"},\"query-input\":{\"@type\":\"PropertyValueSpecification\",\"valueRequired\":true,\"valueName\":\"search_term_string\"}}],\"inLanguage\":\"fr-FR\"}]}<\/script>\n<!-- \/ Yoast SEO plugin. -->","yoast_head_json":{"title":"SAVON D\u00c9TOX \u00c0 LA LAVANDE - CUBERY FRAGRANCE","robots":{"index":"index","follow":"follow","max-snippet":"max-snippet:-1","max-image-preview":"max-image-preview:large","max-video-preview":"max-video-preview:-1"},"canonical":"https:\/\/www.cuberyfragrance.com\/fr\/shop\/savons-detox\/savon-detox-a-la-lavande\/","og_locale":"fr_FR","og_type":"article","og_title":"SAVON D\u00c9TOX \u00c0 LA LAVANDE - CUBERY FRAGRANCE","og_description":"Ingr\u00e9dients Actifs : Aqua, Huile d'Olive Extra Vierge, Huile de Noix de Coco, Beurre de Karit\u00e9, Huile de Palme Durable, Huile de Ricin, ainsi que l'Huile de Jojoba, l'Huile d'Avocat, l'Huile d'Argan, l'Huile de Tamanu, l'Huile de Noyau d'Abricot, l'Huile de P\u00e9pins de Raisin, l'Huile de Grenade et l'Huile d'Amande Douce en tant qu'huiles porteuses. Huile Essentielle de Lavande. Cristaux de Menthol, Argile de Kaolin, Fibre de Soie, Vitamine E, Charbon Actif et Mica comme additifs. Poids : 4 OZ.","og_url":"https:\/\/www.cuberyfragrance.com\/fr\/shop\/savons-detox\/savon-detox-a-la-lavande\/","og_site_name":"CUBERY FRAGRANCE","article_modified_time":"2024-04-28T05:14:03+00:00","og_image":[{"width":900,"height":600,"url":"https:\/\/www.cuberyfragrance.com\/wp-content\/uploads\/2023\/05\/IMG_4116-CARBON-LAVENDER-SOAP-2.jpg","type":"image\/jpeg"}],"twitter_card":"summary_large_image","twitter_misc":{"Dur\u00e9e de lecture estim\u00e9e":"1 minute"},"schema":{"@context":"https:\/\/schema.org","@graph":[{"@type":"WebPage","@id":"https:\/\/www.cuberyfragrance.com\/fr\/shop\/savons-detox\/savon-detox-a-la-lavande\/","url":"https:\/\/www.cuberyfragrance.com\/fr\/shop\/savons-detox\/savon-detox-a-la-lavande\/","name":"SAVON D\u00c9TOX \u00c0 LA LAVANDE - CUBERY FRAGRANCE","isPartOf":{"@id":"https:\/\/www.cuberyfragrance.com\/fr\/#website"},"primaryImageOfPage":{"@id":"https:\/\/www.cuberyfragrance.com\/fr\/shop\/savons-detox\/savon-detox-a-la-lavande\/#primaryimage"},"image":{"@id":"https:\/\/www.cuberyfragrance.com\/fr\/shop\/savons-detox\/savon-detox-a-la-lavande\/#primaryimage"},"thumbnailUrl":"https:\/\/www.cuberyfragrance.com\/wp-content\/uploads\/2023\/05\/IMG_4116-CARBON-LAVENDER-SOAP-2.jpg","datePublished":"2023-05-29T14:54:10+00:00","dateModified":"2024-04-28T05:14:03+00:00","breadcrumb":{"@id":"https:\/\/www.cuberyfragrance.com\/fr\/shop\/savons-detox\/savon-detox-a-la-lavande\/#breadcrumb"},"inLanguage":"fr-FR","potentialAction":[{"@type":"ReadAction","target":["https:\/\/www.cuberyfragrance.com\/fr\/shop\/savons-detox\/savon-detox-a-la-lavande\/"]}]},{"@type":"ImageObject","inLanguage":"fr-FR","@id":"https:\/\/www.cuberyfragrance.com\/fr\/shop\/savons-detox\/savon-detox-a-la-lavande\/#primaryimage","url":"https:\/\/www.cuberyfragrance.com\/wp-content\/uploads\/2023\/05\/IMG_4116-CARBON-LAVENDER-SOAP-2.jpg","contentUrl":"https:\/\/www.cuberyfragrance.com\/wp-content\/uploads\/2023\/05\/IMG_4116-CARBON-LAVENDER-SOAP-2.jpg","width":900,"height":600},{"@type":"BreadcrumbList","@id":"https:\/\/www.cuberyfragrance.com\/fr\/shop\/savons-detox\/savon-detox-a-la-lavande\/#breadcrumb","itemListElement":[{"@type":"ListItem","position":1,"name":"Home","item":"https:\/\/www.cuberyfragrance.com\/fr\/"},{"@type":"ListItem","position":2,"name":"SHOP","item":"https:\/\/www.cuberyfragrance.com\/shop\/"},{"@type":"ListItem","position":3,"name":"SAVON D\u00c9TOX \u00c0 LA LAVANDE"}]},{"@type":"WebSite","@id":"https:\/\/www.cuberyfragrance.com\/fr\/#website","url":"https:\/\/www.cuberyfragrance.com\/fr\/","name":"CUBERY FRAGRANCE","description":"The Address of Naturalness and Health...","potentialAction":[{"@type":"SearchAction","target":{"@type":"EntryPoint","urlTemplate":"https:\/\/www.cuberyfragrance.com\/fr\/?s={search_term_string}"},"query-input":{"@type":"PropertyValueSpecification","valueRequired":true,"valueName":"search_term_string"}}],"inLanguage":"fr-FR"}]}},"jetpack_sharing_enabled":true,"_links":{"self":[{"href":"https:\/\/www.cuberyfragrance.com\/fr\/wp-json\/wp\/v2\/product\/8723"}],"collection":[{"href":"https:\/\/www.cuberyfragrance.com\/fr\/wp-json\/wp\/v2\/product"}],"about":[{"href":"https:\/\/www.cuberyfragrance.com\/fr\/wp-json\/wp\/v2\/types\/product"}],"replies":[{"embeddable":true,"href":"https:\/\/www.cuberyfragrance.com\/fr\/wp-json\/wp\/v2\/comments?post=8723"}],"wp:featuredmedia":[{"embeddable":true,"href":"https:\/\/www.cuberyfragrance.com\/fr\/wp-json\/wp\/v2\/media\/8778"}],"wp:attachment":[{"href":"https:\/\/www.cuberyfragrance.com\/fr\/wp-json\/wp\/v2\/media?parent=8723"}],"wp:term":[{"taxonomy":"product_brand","embeddable":true,"href":"https:\/\/www.cuberyfragrance.com\/fr\/wp-json\/wp\/v2\/product_brand?post=8723"},{"taxonomy":"product_cat","embeddable":true,"href":"https:\/\/www.cuberyfragrance.com\/fr\/wp-json\/wp\/v2\/product_cat?post=8723"},{"taxonomy":"product_tag","embeddable":true,"href":"https:\/\/www.cuberyfragrance.com\/fr\/wp-json\/wp\/v2\/product_tag?post=8723"}],"curies":[{"name":"wp","href":"https:\/\/api.w.org\/{rel}","templated":true}]}}