{"id":8677,"date":"2023-05-29T14:47:54","date_gmt":"2023-05-29T14:47:54","guid":{"rendered":"https:\/\/www.cuberyfragrance.com\/?post_type=product&#038;p=8677"},"modified":"2024-04-28T05:13:59","modified_gmt":"2024-04-28T05:13:59","slug":"savon-detox-au-sel","status":"publish","type":"product","link":"https:\/\/www.cuberyfragrance.com\/fr\/shop\/savons-vegan\/savon-detox-au-sel\/","title":{"rendered":"SAVON D\u00c9TOX AU SEL"},"content":{"rendered":"<p>D\u00e9couvrez notre savon d\u00e9tox au sel, sp\u00e9cialement con\u00e7u pour purifier et revitaliser votre peau. Enrichi en ingr\u00e9dients actifs s\u00e9lectionn\u00e9s avec soin, notre savon contient de l&rsquo;eau, de l&rsquo;huile de noix de coco, de l&rsquo;huile d&rsquo;olive extra vierge, du beurre de karit\u00e9 et de l&rsquo;huile de ricin en tant qu&rsquo;huiles porteuses. Ces huiles nourrissantes et hydratantes laissent votre peau douce et soyeuse.<\/p>\n<p>Nous avons ajout\u00e9 de l&rsquo;huile essentielle de citronnelle, de l&rsquo;huile essentielle de lavande et de l&rsquo;huile essentielle d&rsquo;arbre \u00e0 th\u00e9 pour leurs propri\u00e9t\u00e9s apaisantes et purifiantes. Ces huiles essentielles offrent \u00e9galement un agr\u00e9able parfum rafra\u00eechissant.<\/p>\n<p>Pour une action d\u00e9toxifiante, nous avons inclus de l&rsquo;argile de kaolin, connue pour ses propri\u00e9t\u00e9s absorbantes, ainsi que du sel de roche anatolien, qui aide \u00e0 \u00e9liminer les impuret\u00e9s et les toxines de la peau. Le charbon actif contribue \u00e9galement \u00e0 purifier la peau en \u00e9liminant les impuret\u00e9s et les exc\u00e8s de s\u00e9bum.<\/p>\n<p>Nous avons \u00e9galement ajout\u00e9 de la vitamine E, un antioxydant naturel, pour aider \u00e0 prot\u00e9ger votre peau contre les radicaux libres et les agressions environnementales.<\/p>\n<p>Poids : 4 OZ (environ 113 grammes)<\/p>\n<p>Offrez \u00e0 votre peau une exp\u00e9rience d\u00e9toxifiante et rafra\u00eechissante avec notre savon d\u00e9tox au sel. Profitez d&rsquo;une peau purifi\u00e9e, \u00e9quilibr\u00e9e et revitalis\u00e9e.<\/p>\n","protected":false},"excerpt":{"rendered":"<p>Ingr\u00e9dients Actifs\u00a0: Aqua, Huile de noix de coco, Huile d&rsquo;olive extra vierge, Beurre de karit\u00e9, Huile de ricin comme huiles porteuses. Huiles essentielles de citronnelle, de lavande et d&rsquo;arbre \u00e0 th\u00e9. Argile de kaolin, Sel gemme d&rsquo;Anatolie, Charbon actif et Vitamine E comme additifs. Poids 4 OZ<\/p>\n","protected":false},"featured_media":8678,"comment_status":"open","ping_status":"closed","template":"","meta":[],"product_brand":[],"product_cat":[105],"product_tag":[],"class_list":{"0":"post-8677","1":"product","2":"type-product","3":"status-publish","4":"has-post-thumbnail","6":"product_cat-savons-vegan","8":"first","9":"instock","10":"shipping-taxable","11":"purchasable","12":"product-type-simple"},"yoast_head":"<!-- This site is optimized with the Yoast SEO plugin v25.6 - https:\/\/yoast.com\/wordpress\/plugins\/seo\/ -->\n<title>SAVON D\u00c9TOX AU SEL - CUBERY FRAGRANCE<\/title>\n<meta name=\"robots\" content=\"index, follow, max-snippet:-1, max-image-preview:large, max-video-preview:-1\" \/>\n<link rel=\"canonical\" href=\"https:\/\/www.cuberyfragrance.com\/fr\/shop\/savons-vegan\/savon-detox-au-sel\/\" \/>\n<meta property=\"og:locale\" content=\"fr_FR\" \/>\n<meta property=\"og:type\" content=\"article\" \/>\n<meta property=\"og:title\" content=\"SAVON D\u00c9TOX AU SEL - CUBERY FRAGRANCE\" \/>\n<meta property=\"og:description\" content=\"Ingr\u00e9dients Actifs\u00a0: Aqua, Huile de noix de coco, Huile d&#039;olive extra vierge, Beurre de karit\u00e9, Huile de ricin comme huiles porteuses. Huiles essentielles de citronnelle, de lavande et d&#039;arbre \u00e0 th\u00e9. Argile de kaolin, Sel gemme d&#039;Anatolie, Charbon actif et Vitamine E comme additifs. Poids 4 OZ\" \/>\n<meta property=\"og:url\" content=\"https:\/\/www.cuberyfragrance.com\/fr\/shop\/savons-vegan\/savon-detox-au-sel\/\" \/>\n<meta property=\"og:site_name\" content=\"CUBERY FRAGRANCE\" \/>\n<meta property=\"article:modified_time\" content=\"2024-04-28T05:13:59+00:00\" \/>\n<meta property=\"og:image\" content=\"https:\/\/www.cuberyfragrance.com\/wp-content\/uploads\/2023\/05\/IMG_4147-CARBON-SALT-SOAP-1.jpg\" \/>\n\t<meta property=\"og:image:width\" content=\"900\" \/>\n\t<meta property=\"og:image:height\" content=\"600\" \/>\n\t<meta property=\"og:image:type\" content=\"image\/jpeg\" \/>\n<meta name=\"twitter:card\" content=\"summary_large_image\" \/>\n<meta name=\"twitter:label1\" content=\"Dur\u00e9e de lecture estim\u00e9e\" \/>\n\t<meta name=\"twitter:data1\" content=\"1 minute\" \/>\n<script type=\"application\/ld+json\" class=\"yoast-schema-graph\">{\"@context\":\"https:\/\/schema.org\",\"@graph\":[{\"@type\":\"WebPage\",\"@id\":\"https:\/\/www.cuberyfragrance.com\/fr\/shop\/savons-vegan\/savon-detox-au-sel\/\",\"url\":\"https:\/\/www.cuberyfragrance.com\/fr\/shop\/savons-vegan\/savon-detox-au-sel\/\",\"name\":\"SAVON D\u00c9TOX AU SEL - CUBERY FRAGRANCE\",\"isPartOf\":{\"@id\":\"https:\/\/www.cuberyfragrance.com\/fr\/#website\"},\"primaryImageOfPage\":{\"@id\":\"https:\/\/www.cuberyfragrance.com\/fr\/shop\/savons-vegan\/savon-detox-au-sel\/#primaryimage\"},\"image\":{\"@id\":\"https:\/\/www.cuberyfragrance.com\/fr\/shop\/savons-vegan\/savon-detox-au-sel\/#primaryimage\"},\"thumbnailUrl\":\"https:\/\/www.cuberyfragrance.com\/wp-content\/uploads\/2023\/05\/IMG_4147-CARBON-SALT-SOAP-1.jpg\",\"datePublished\":\"2023-05-29T14:47:54+00:00\",\"dateModified\":\"2024-04-28T05:13:59+00:00\",\"breadcrumb\":{\"@id\":\"https:\/\/www.cuberyfragrance.com\/fr\/shop\/savons-vegan\/savon-detox-au-sel\/#breadcrumb\"},\"inLanguage\":\"fr-FR\",\"potentialAction\":[{\"@type\":\"ReadAction\",\"target\":[\"https:\/\/www.cuberyfragrance.com\/fr\/shop\/savons-vegan\/savon-detox-au-sel\/\"]}]},{\"@type\":\"ImageObject\",\"inLanguage\":\"fr-FR\",\"@id\":\"https:\/\/www.cuberyfragrance.com\/fr\/shop\/savons-vegan\/savon-detox-au-sel\/#primaryimage\",\"url\":\"https:\/\/www.cuberyfragrance.com\/wp-content\/uploads\/2023\/05\/IMG_4147-CARBON-SALT-SOAP-1.jpg\",\"contentUrl\":\"https:\/\/www.cuberyfragrance.com\/wp-content\/uploads\/2023\/05\/IMG_4147-CARBON-SALT-SOAP-1.jpg\",\"width\":900,\"height\":600},{\"@type\":\"BreadcrumbList\",\"@id\":\"https:\/\/www.cuberyfragrance.com\/fr\/shop\/savons-vegan\/savon-detox-au-sel\/#breadcrumb\",\"itemListElement\":[{\"@type\":\"ListItem\",\"position\":1,\"name\":\"Home\",\"item\":\"https:\/\/www.cuberyfragrance.com\/fr\/\"},{\"@type\":\"ListItem\",\"position\":2,\"name\":\"SHOP\",\"item\":\"https:\/\/www.cuberyfragrance.com\/shop\/\"},{\"@type\":\"ListItem\",\"position\":3,\"name\":\"SAVON D\u00c9TOX AU SEL\"}]},{\"@type\":\"WebSite\",\"@id\":\"https:\/\/www.cuberyfragrance.com\/fr\/#website\",\"url\":\"https:\/\/www.cuberyfragrance.com\/fr\/\",\"name\":\"CUBERY FRAGRANCE\",\"description\":\"The Address of Naturalness and Health...\",\"potentialAction\":[{\"@type\":\"SearchAction\",\"target\":{\"@type\":\"EntryPoint\",\"urlTemplate\":\"https:\/\/www.cuberyfragrance.com\/fr\/?s={search_term_string}\"},\"query-input\":{\"@type\":\"PropertyValueSpecification\",\"valueRequired\":true,\"valueName\":\"search_term_string\"}}],\"inLanguage\":\"fr-FR\"}]}<\/script>\n<!-- \/ Yoast SEO plugin. -->","yoast_head_json":{"title":"SAVON D\u00c9TOX AU SEL - CUBERY FRAGRANCE","robots":{"index":"index","follow":"follow","max-snippet":"max-snippet:-1","max-image-preview":"max-image-preview:large","max-video-preview":"max-video-preview:-1"},"canonical":"https:\/\/www.cuberyfragrance.com\/fr\/shop\/savons-vegan\/savon-detox-au-sel\/","og_locale":"fr_FR","og_type":"article","og_title":"SAVON D\u00c9TOX AU SEL - CUBERY FRAGRANCE","og_description":"Ingr\u00e9dients Actifs\u00a0: Aqua, Huile de noix de coco, Huile d'olive extra vierge, Beurre de karit\u00e9, Huile de ricin comme huiles porteuses. Huiles essentielles de citronnelle, de lavande et d'arbre \u00e0 th\u00e9. Argile de kaolin, Sel gemme d'Anatolie, Charbon actif et Vitamine E comme additifs. Poids 4 OZ","og_url":"https:\/\/www.cuberyfragrance.com\/fr\/shop\/savons-vegan\/savon-detox-au-sel\/","og_site_name":"CUBERY FRAGRANCE","article_modified_time":"2024-04-28T05:13:59+00:00","og_image":[{"width":900,"height":600,"url":"https:\/\/www.cuberyfragrance.com\/wp-content\/uploads\/2023\/05\/IMG_4147-CARBON-SALT-SOAP-1.jpg","type":"image\/jpeg"}],"twitter_card":"summary_large_image","twitter_misc":{"Dur\u00e9e de lecture estim\u00e9e":"1 minute"},"schema":{"@context":"https:\/\/schema.org","@graph":[{"@type":"WebPage","@id":"https:\/\/www.cuberyfragrance.com\/fr\/shop\/savons-vegan\/savon-detox-au-sel\/","url":"https:\/\/www.cuberyfragrance.com\/fr\/shop\/savons-vegan\/savon-detox-au-sel\/","name":"SAVON D\u00c9TOX AU SEL - CUBERY FRAGRANCE","isPartOf":{"@id":"https:\/\/www.cuberyfragrance.com\/fr\/#website"},"primaryImageOfPage":{"@id":"https:\/\/www.cuberyfragrance.com\/fr\/shop\/savons-vegan\/savon-detox-au-sel\/#primaryimage"},"image":{"@id":"https:\/\/www.cuberyfragrance.com\/fr\/shop\/savons-vegan\/savon-detox-au-sel\/#primaryimage"},"thumbnailUrl":"https:\/\/www.cuberyfragrance.com\/wp-content\/uploads\/2023\/05\/IMG_4147-CARBON-SALT-SOAP-1.jpg","datePublished":"2023-05-29T14:47:54+00:00","dateModified":"2024-04-28T05:13:59+00:00","breadcrumb":{"@id":"https:\/\/www.cuberyfragrance.com\/fr\/shop\/savons-vegan\/savon-detox-au-sel\/#breadcrumb"},"inLanguage":"fr-FR","potentialAction":[{"@type":"ReadAction","target":["https:\/\/www.cuberyfragrance.com\/fr\/shop\/savons-vegan\/savon-detox-au-sel\/"]}]},{"@type":"ImageObject","inLanguage":"fr-FR","@id":"https:\/\/www.cuberyfragrance.com\/fr\/shop\/savons-vegan\/savon-detox-au-sel\/#primaryimage","url":"https:\/\/www.cuberyfragrance.com\/wp-content\/uploads\/2023\/05\/IMG_4147-CARBON-SALT-SOAP-1.jpg","contentUrl":"https:\/\/www.cuberyfragrance.com\/wp-content\/uploads\/2023\/05\/IMG_4147-CARBON-SALT-SOAP-1.jpg","width":900,"height":600},{"@type":"BreadcrumbList","@id":"https:\/\/www.cuberyfragrance.com\/fr\/shop\/savons-vegan\/savon-detox-au-sel\/#breadcrumb","itemListElement":[{"@type":"ListItem","position":1,"name":"Home","item":"https:\/\/www.cuberyfragrance.com\/fr\/"},{"@type":"ListItem","position":2,"name":"SHOP","item":"https:\/\/www.cuberyfragrance.com\/shop\/"},{"@type":"ListItem","position":3,"name":"SAVON D\u00c9TOX AU SEL"}]},{"@type":"WebSite","@id":"https:\/\/www.cuberyfragrance.com\/fr\/#website","url":"https:\/\/www.cuberyfragrance.com\/fr\/","name":"CUBERY FRAGRANCE","description":"The Address of Naturalness and Health...","potentialAction":[{"@type":"SearchAction","target":{"@type":"EntryPoint","urlTemplate":"https:\/\/www.cuberyfragrance.com\/fr\/?s={search_term_string}"},"query-input":{"@type":"PropertyValueSpecification","valueRequired":true,"valueName":"search_term_string"}}],"inLanguage":"fr-FR"}]}},"jetpack_sharing_enabled":true,"_links":{"self":[{"href":"https:\/\/www.cuberyfragrance.com\/fr\/wp-json\/wp\/v2\/product\/8677"}],"collection":[{"href":"https:\/\/www.cuberyfragrance.com\/fr\/wp-json\/wp\/v2\/product"}],"about":[{"href":"https:\/\/www.cuberyfragrance.com\/fr\/wp-json\/wp\/v2\/types\/product"}],"replies":[{"embeddable":true,"href":"https:\/\/www.cuberyfragrance.com\/fr\/wp-json\/wp\/v2\/comments?post=8677"}],"wp:featuredmedia":[{"embeddable":true,"href":"https:\/\/www.cuberyfragrance.com\/fr\/wp-json\/wp\/v2\/media\/8678"}],"wp:attachment":[{"href":"https:\/\/www.cuberyfragrance.com\/fr\/wp-json\/wp\/v2\/media?parent=8677"}],"wp:term":[{"taxonomy":"product_brand","embeddable":true,"href":"https:\/\/www.cuberyfragrance.com\/fr\/wp-json\/wp\/v2\/product_brand?post=8677"},{"taxonomy":"product_cat","embeddable":true,"href":"https:\/\/www.cuberyfragrance.com\/fr\/wp-json\/wp\/v2\/product_cat?post=8677"},{"taxonomy":"product_tag","embeddable":true,"href":"https:\/\/www.cuberyfragrance.com\/fr\/wp-json\/wp\/v2\/product_tag?post=8677"}],"curies":[{"name":"wp","href":"https:\/\/api.w.org\/{rel}","templated":true}]}}