{"id":8600,"date":"2023-05-29T14:42:40","date_gmt":"2023-05-29T14:42:40","guid":{"rendered":"https:\/\/www.cuberyfragrance.com\/?post_type=product&#038;p=8600"},"modified":"2024-04-28T05:13:44","modified_gmt":"2024-04-28T05:13:44","slug":"8600","status":"publish","type":"product","link":"https:\/\/www.cuberyfragrance.com\/fr\/shop\/savons-exfoliants\/8600\/","title":{"rendered":"SAVON EXFOLIANT AU CAF\u00c9"},"content":{"rendered":"<p>D\u00e9couvrez notre savon exfoliant au caf\u00e9, un choix parfait pour choyer votre peau. Enrichi en ingr\u00e9dients actifs s\u00e9lectionn\u00e9s avec soin, notre savon contient de l&rsquo;eau, de l&rsquo;huile d&rsquo;olive extra vierge, de l&rsquo;huile de noix de coco, de l&rsquo;huile de palme durable et d&rsquo;origine responsable, du beurre de karit\u00e9, de l&rsquo;huile de ricin, ainsi que de l&rsquo;huile de jojoba, de l&rsquo;huile d&rsquo;argan, de l&rsquo;huile d&rsquo;avocat, de l&rsquo;huile d&rsquo;amande douce, de l&rsquo;huile de p\u00e9pins de raisin et de l&rsquo;huile de noyau d&rsquo;abricot en tant qu&rsquo;huiles porteuses. Ces huiles nourrissantes et hydratantes laissent votre peau douce et soyeuse.<\/p>\n<p>Notre savon est infus\u00e9 avec de l&rsquo;huile essentielle d&rsquo;\u00e9corce d&rsquo;orange, qui offre une exp\u00e9rience aromatique rafra\u00eechissante et stimulante. Les huiles parfum\u00e9es de caf\u00e9 et d&rsquo;orchid\u00e9e ajoutent une note envo\u00fbtante \u00e0 votre routine de soins.<\/p>\n<p>Pour une exfoliation efficace, nous avons inclus du caf\u00e9 moulu, du charbon actif, de la poudre de cacao et de l&rsquo;argile de kaolin. Ces ingr\u00e9dients naturels aident \u00e0 \u00e9liminer en douceur les cellules mortes de la peau, laissant une peau lisse et renouvel\u00e9e.<\/p>\n<p>Nous avons \u00e9galement enrichi notre formule avec de la vitamine E, un antioxydant puissant qui aide \u00e0 prot\u00e9ger votre peau contre les dommages environnementaux.<\/p>\n<p>Poids : 4 OZ (environ 113 grammes)<\/p>\n<p>Offrez \u00e0 votre peau le soin exfoliant revitalisant du caf\u00e9 avec notre savon exfoliant au caf\u00e9. Profitez d&rsquo;une peau douce, rafra\u00eechie et sublim\u00e9e.<\/p>\n","protected":false},"excerpt":{"rendered":"<p>Ingr\u00e9dients Actifs : Aqua, Huile d&rsquo;Olive Extra Vierge, Huile de Noix de Coco, Huile de Palme Durable et d&rsquo;Origine Responsable, Beurre de Karit\u00e9, Huile de Ricin, ainsi que l&rsquo;Huile de Jojoba, l&rsquo;Huile d&rsquo;Argan, l&rsquo;Huile d&rsquo;Avocat, l&rsquo;Huile d&rsquo;Amande Douce, l&rsquo;Huile de P\u00e9pins de Raisin et l&rsquo;Huile de Noyau d&rsquo;Abricot en tant qu&rsquo;huiles porteuses, et l&rsquo;Huile Essentielle d&rsquo;\u00c9corce d&rsquo;Orange. Huiles Parfum\u00e9es de Caf\u00e9 et d&rsquo;Orchid\u00e9e. Charbon Actif, Caf\u00e9 Filtr\u00e9, Poudre de Cacao, Argile de Kaolin et Vitamine E comme additifs. Poids : 4 OZ.<\/p>\n","protected":false},"featured_media":8631,"comment_status":"open","ping_status":"closed","template":"","meta":[],"product_brand":[],"product_cat":[120],"product_tag":[],"class_list":{"0":"post-8600","1":"product","2":"type-product","3":"status-publish","4":"has-post-thumbnail","6":"product_cat-savons-exfoliants","8":"first","9":"instock","10":"shipping-taxable","11":"purchasable","12":"product-type-simple"},"yoast_head":"<!-- This site is optimized with the Yoast SEO plugin v25.6 - https:\/\/yoast.com\/wordpress\/plugins\/seo\/ -->\n<title>SAVON EXFOLIANT AU CAF\u00c9 - CUBERY FRAGRANCE<\/title>\n<meta name=\"robots\" content=\"index, follow, max-snippet:-1, max-image-preview:large, max-video-preview:-1\" \/>\n<link rel=\"canonical\" href=\"https:\/\/www.cuberyfragrance.com\/fr\/shop\/savons-exfoliants\/8600\/\" \/>\n<meta property=\"og:locale\" content=\"fr_FR\" \/>\n<meta property=\"og:type\" content=\"article\" \/>\n<meta property=\"og:title\" content=\"SAVON EXFOLIANT AU CAF\u00c9 - CUBERY FRAGRANCE\" \/>\n<meta property=\"og:description\" content=\"Ingr\u00e9dients Actifs : Aqua, Huile d&#039;Olive Extra Vierge, Huile de Noix de Coco, Huile de Palme Durable et d&#039;Origine Responsable, Beurre de Karit\u00e9, Huile de Ricin, ainsi que l&#039;Huile de Jojoba, l&#039;Huile d&#039;Argan, l&#039;Huile d&#039;Avocat, l&#039;Huile d&#039;Amande Douce, l&#039;Huile de P\u00e9pins de Raisin et l&#039;Huile de Noyau d&#039;Abricot en tant qu&#039;huiles porteuses, et l&#039;Huile Essentielle d&#039;\u00c9corce d&#039;Orange. Huiles Parfum\u00e9es de Caf\u00e9 et d&#039;Orchid\u00e9e. Charbon Actif, Caf\u00e9 Filtr\u00e9, Poudre de Cacao, Argile de Kaolin et Vitamine E comme additifs. Poids : 4 OZ.\" \/>\n<meta property=\"og:url\" content=\"https:\/\/www.cuberyfragrance.com\/fr\/shop\/savons-exfoliants\/8600\/\" \/>\n<meta property=\"og:site_name\" content=\"CUBERY FRAGRANCE\" \/>\n<meta property=\"article:modified_time\" content=\"2024-04-28T05:13:44+00:00\" \/>\n<meta property=\"og:image\" content=\"https:\/\/www.cuberyfragrance.com\/wp-content\/uploads\/2023\/05\/IMG_4023-COFFEE-EXXFLOATING-SOAP-2.jpg\" \/>\n\t<meta property=\"og:image:width\" content=\"900\" \/>\n\t<meta property=\"og:image:height\" content=\"600\" \/>\n\t<meta property=\"og:image:type\" content=\"image\/jpeg\" \/>\n<meta name=\"twitter:card\" content=\"summary_large_image\" \/>\n<meta name=\"twitter:label1\" content=\"Dur\u00e9e de lecture estim\u00e9e\" \/>\n\t<meta name=\"twitter:data1\" content=\"1 minute\" \/>\n<script type=\"application\/ld+json\" class=\"yoast-schema-graph\">{\"@context\":\"https:\/\/schema.org\",\"@graph\":[{\"@type\":\"WebPage\",\"@id\":\"https:\/\/www.cuberyfragrance.com\/fr\/shop\/savons-exfoliants\/8600\/\",\"url\":\"https:\/\/www.cuberyfragrance.com\/fr\/shop\/savons-exfoliants\/8600\/\",\"name\":\"SAVON EXFOLIANT AU CAF\u00c9 - CUBERY FRAGRANCE\",\"isPartOf\":{\"@id\":\"https:\/\/www.cuberyfragrance.com\/fr\/#website\"},\"primaryImageOfPage\":{\"@id\":\"https:\/\/www.cuberyfragrance.com\/fr\/shop\/savons-exfoliants\/8600\/#primaryimage\"},\"image\":{\"@id\":\"https:\/\/www.cuberyfragrance.com\/fr\/shop\/savons-exfoliants\/8600\/#primaryimage\"},\"thumbnailUrl\":\"https:\/\/www.cuberyfragrance.com\/wp-content\/uploads\/2023\/05\/IMG_4023-COFFEE-EXXFLOATING-SOAP-2.jpg\",\"datePublished\":\"2023-05-29T14:42:40+00:00\",\"dateModified\":\"2024-04-28T05:13:44+00:00\",\"breadcrumb\":{\"@id\":\"https:\/\/www.cuberyfragrance.com\/fr\/shop\/savons-exfoliants\/8600\/#breadcrumb\"},\"inLanguage\":\"fr-FR\",\"potentialAction\":[{\"@type\":\"ReadAction\",\"target\":[\"https:\/\/www.cuberyfragrance.com\/fr\/shop\/savons-exfoliants\/8600\/\"]}]},{\"@type\":\"ImageObject\",\"inLanguage\":\"fr-FR\",\"@id\":\"https:\/\/www.cuberyfragrance.com\/fr\/shop\/savons-exfoliants\/8600\/#primaryimage\",\"url\":\"https:\/\/www.cuberyfragrance.com\/wp-content\/uploads\/2023\/05\/IMG_4023-COFFEE-EXXFLOATING-SOAP-2.jpg\",\"contentUrl\":\"https:\/\/www.cuberyfragrance.com\/wp-content\/uploads\/2023\/05\/IMG_4023-COFFEE-EXXFLOATING-SOAP-2.jpg\",\"width\":900,\"height\":600},{\"@type\":\"BreadcrumbList\",\"@id\":\"https:\/\/www.cuberyfragrance.com\/fr\/shop\/savons-exfoliants\/8600\/#breadcrumb\",\"itemListElement\":[{\"@type\":\"ListItem\",\"position\":1,\"name\":\"Home\",\"item\":\"https:\/\/www.cuberyfragrance.com\/fr\/\"},{\"@type\":\"ListItem\",\"position\":2,\"name\":\"SHOP\",\"item\":\"https:\/\/www.cuberyfragrance.com\/shop\/\"},{\"@type\":\"ListItem\",\"position\":3,\"name\":\"SAVON EXFOLIANT AU CAF\u00c9\"}]},{\"@type\":\"WebSite\",\"@id\":\"https:\/\/www.cuberyfragrance.com\/fr\/#website\",\"url\":\"https:\/\/www.cuberyfragrance.com\/fr\/\",\"name\":\"CUBERY FRAGRANCE\",\"description\":\"The Address of Naturalness and Health...\",\"potentialAction\":[{\"@type\":\"SearchAction\",\"target\":{\"@type\":\"EntryPoint\",\"urlTemplate\":\"https:\/\/www.cuberyfragrance.com\/fr\/?s={search_term_string}\"},\"query-input\":{\"@type\":\"PropertyValueSpecification\",\"valueRequired\":true,\"valueName\":\"search_term_string\"}}],\"inLanguage\":\"fr-FR\"}]}<\/script>\n<!-- \/ Yoast SEO plugin. -->","yoast_head_json":{"title":"SAVON EXFOLIANT AU CAF\u00c9 - CUBERY FRAGRANCE","robots":{"index":"index","follow":"follow","max-snippet":"max-snippet:-1","max-image-preview":"max-image-preview:large","max-video-preview":"max-video-preview:-1"},"canonical":"https:\/\/www.cuberyfragrance.com\/fr\/shop\/savons-exfoliants\/8600\/","og_locale":"fr_FR","og_type":"article","og_title":"SAVON EXFOLIANT AU CAF\u00c9 - CUBERY FRAGRANCE","og_description":"Ingr\u00e9dients Actifs : Aqua, Huile d'Olive Extra Vierge, Huile de Noix de Coco, Huile de Palme Durable et d'Origine Responsable, Beurre de Karit\u00e9, Huile de Ricin, ainsi que l'Huile de Jojoba, l'Huile d'Argan, l'Huile d'Avocat, l'Huile d'Amande Douce, l'Huile de P\u00e9pins de Raisin et l'Huile de Noyau d'Abricot en tant qu'huiles porteuses, et l'Huile Essentielle d'\u00c9corce d'Orange. Huiles Parfum\u00e9es de Caf\u00e9 et d'Orchid\u00e9e. Charbon Actif, Caf\u00e9 Filtr\u00e9, Poudre de Cacao, Argile de Kaolin et Vitamine E comme additifs. Poids : 4 OZ.","og_url":"https:\/\/www.cuberyfragrance.com\/fr\/shop\/savons-exfoliants\/8600\/","og_site_name":"CUBERY FRAGRANCE","article_modified_time":"2024-04-28T05:13:44+00:00","og_image":[{"width":900,"height":600,"url":"https:\/\/www.cuberyfragrance.com\/wp-content\/uploads\/2023\/05\/IMG_4023-COFFEE-EXXFLOATING-SOAP-2.jpg","type":"image\/jpeg"}],"twitter_card":"summary_large_image","twitter_misc":{"Dur\u00e9e de lecture estim\u00e9e":"1 minute"},"schema":{"@context":"https:\/\/schema.org","@graph":[{"@type":"WebPage","@id":"https:\/\/www.cuberyfragrance.com\/fr\/shop\/savons-exfoliants\/8600\/","url":"https:\/\/www.cuberyfragrance.com\/fr\/shop\/savons-exfoliants\/8600\/","name":"SAVON EXFOLIANT AU CAF\u00c9 - CUBERY FRAGRANCE","isPartOf":{"@id":"https:\/\/www.cuberyfragrance.com\/fr\/#website"},"primaryImageOfPage":{"@id":"https:\/\/www.cuberyfragrance.com\/fr\/shop\/savons-exfoliants\/8600\/#primaryimage"},"image":{"@id":"https:\/\/www.cuberyfragrance.com\/fr\/shop\/savons-exfoliants\/8600\/#primaryimage"},"thumbnailUrl":"https:\/\/www.cuberyfragrance.com\/wp-content\/uploads\/2023\/05\/IMG_4023-COFFEE-EXXFLOATING-SOAP-2.jpg","datePublished":"2023-05-29T14:42:40+00:00","dateModified":"2024-04-28T05:13:44+00:00","breadcrumb":{"@id":"https:\/\/www.cuberyfragrance.com\/fr\/shop\/savons-exfoliants\/8600\/#breadcrumb"},"inLanguage":"fr-FR","potentialAction":[{"@type":"ReadAction","target":["https:\/\/www.cuberyfragrance.com\/fr\/shop\/savons-exfoliants\/8600\/"]}]},{"@type":"ImageObject","inLanguage":"fr-FR","@id":"https:\/\/www.cuberyfragrance.com\/fr\/shop\/savons-exfoliants\/8600\/#primaryimage","url":"https:\/\/www.cuberyfragrance.com\/wp-content\/uploads\/2023\/05\/IMG_4023-COFFEE-EXXFLOATING-SOAP-2.jpg","contentUrl":"https:\/\/www.cuberyfragrance.com\/wp-content\/uploads\/2023\/05\/IMG_4023-COFFEE-EXXFLOATING-SOAP-2.jpg","width":900,"height":600},{"@type":"BreadcrumbList","@id":"https:\/\/www.cuberyfragrance.com\/fr\/shop\/savons-exfoliants\/8600\/#breadcrumb","itemListElement":[{"@type":"ListItem","position":1,"name":"Home","item":"https:\/\/www.cuberyfragrance.com\/fr\/"},{"@type":"ListItem","position":2,"name":"SHOP","item":"https:\/\/www.cuberyfragrance.com\/shop\/"},{"@type":"ListItem","position":3,"name":"SAVON EXFOLIANT AU CAF\u00c9"}]},{"@type":"WebSite","@id":"https:\/\/www.cuberyfragrance.com\/fr\/#website","url":"https:\/\/www.cuberyfragrance.com\/fr\/","name":"CUBERY FRAGRANCE","description":"The Address of Naturalness and Health...","potentialAction":[{"@type":"SearchAction","target":{"@type":"EntryPoint","urlTemplate":"https:\/\/www.cuberyfragrance.com\/fr\/?s={search_term_string}"},"query-input":{"@type":"PropertyValueSpecification","valueRequired":true,"valueName":"search_term_string"}}],"inLanguage":"fr-FR"}]}},"jetpack_sharing_enabled":true,"_links":{"self":[{"href":"https:\/\/www.cuberyfragrance.com\/fr\/wp-json\/wp\/v2\/product\/8600"}],"collection":[{"href":"https:\/\/www.cuberyfragrance.com\/fr\/wp-json\/wp\/v2\/product"}],"about":[{"href":"https:\/\/www.cuberyfragrance.com\/fr\/wp-json\/wp\/v2\/types\/product"}],"replies":[{"embeddable":true,"href":"https:\/\/www.cuberyfragrance.com\/fr\/wp-json\/wp\/v2\/comments?post=8600"}],"wp:featuredmedia":[{"embeddable":true,"href":"https:\/\/www.cuberyfragrance.com\/fr\/wp-json\/wp\/v2\/media\/8631"}],"wp:attachment":[{"href":"https:\/\/www.cuberyfragrance.com\/fr\/wp-json\/wp\/v2\/media?parent=8600"}],"wp:term":[{"taxonomy":"product_brand","embeddable":true,"href":"https:\/\/www.cuberyfragrance.com\/fr\/wp-json\/wp\/v2\/product_brand?post=8600"},{"taxonomy":"product_cat","embeddable":true,"href":"https:\/\/www.cuberyfragrance.com\/fr\/wp-json\/wp\/v2\/product_cat?post=8600"},{"taxonomy":"product_tag","embeddable":true,"href":"https:\/\/www.cuberyfragrance.com\/fr\/wp-json\/wp\/v2\/product_tag?post=8600"}],"curies":[{"name":"wp","href":"https:\/\/api.w.org\/{rel}","templated":true}]}}