{"id":8543,"date":"2023-05-29T14:37:03","date_gmt":"2023-05-29T14:37:03","guid":{"rendered":"https:\/\/www.cuberyfragrance.com\/?post_type=product&#038;p=8543"},"modified":"2024-04-28T05:13:28","modified_gmt":"2024-04-28T05:13:28","slug":"sabun-de-massage-exfoliant-au-cafe","status":"publish","type":"product","link":"https:\/\/www.cuberyfragrance.com\/fr\/shop\/savon-de-massage\/sabun-de-massage-exfoliant-au-cafe\/","title":{"rendered":"SABUN DE MASSAGE EXFOLIANT AU CAF\u00c9"},"content":{"rendered":"<div class=\"group w-full text-gray-800 dark:text-gray-100 border-b border-black\/10 dark:border-gray-900\/50 bg-gray-50 dark:bg-[#444654]\">\n<div class=\"flex p-4 gap-4 text-base md:gap-6 md:max-w-2xl lg:max-w-xl xl:max-w-3xl md:py-6 lg:px-0 m-auto\">\n<div class=\"relative flex w-[calc(100%-50px)] flex-col gap-1 md:gap-3 lg:w-[calc(100%-115px)]\">\n<div class=\"flex flex-grow flex-col gap-3\">\n<div class=\"min-h-[20px] flex flex-col items-start gap-4 whitespace-pre-wrap break-words\">\n<div class=\"markdown prose w-full break-words dark:prose-invert light\">\n<div class=\"group w-full text-gray-800 dark:text-gray-100 border-b border-black\/10 dark:border-gray-900\/50 bg-gray-50 dark:bg-[#444654]\">\n<div class=\"flex p-4 gap-4 text-base md:gap-6 md:max-w-2xl lg:max-w-xl xl:max-w-3xl md:py-6 lg:px-0 m-auto\">\n<div class=\"relative flex w-[calc(100%-50px)] flex-col gap-1 md:gap-3 lg:w-[calc(100%-115px)]\">\n<div class=\"flex flex-grow flex-col gap-3\">\n<div class=\"min-h-[20px] flex flex-col items-start gap-4 whitespace-pre-wrap break-words\">\n<div class=\"markdown prose w-full break-words dark:prose-invert light\">\n<p>D\u00e9couvrez notre savon de massage exfoliant au caf\u00e9, sp\u00e9cialement formul\u00e9 pour offrir une exp\u00e9rience revitalisante \u00e0 votre peau. Enrichi en ingr\u00e9dients actifs soigneusement s\u00e9lectionn\u00e9s, notre savon contient de l&rsquo;eau, de l&rsquo;huile de coco, de l&rsquo;huile de palme durable, du beurre de karit\u00e9, de l&rsquo;huile d&rsquo;olive extra vierge, de l&rsquo;huile d&rsquo;amande douce, de l&rsquo;huile de ricin, de l&rsquo;huile de p\u00e9pins de raisin et de l&rsquo;huile d&rsquo;argan, ainsi que de l&rsquo;huile de jojoba, de l&rsquo;huile de tamanu, de l&rsquo;huile d&rsquo;avocat, de l&rsquo;huile de grenade et de l&rsquo;huile de noyau d&rsquo;abricot en tant qu&rsquo;huiles porteuses. Ces huiles pr\u00e9cieuses nourrissent et hydratent intens\u00e9ment votre peau.<\/p>\n<p>Notre savon contient \u00e9galement de l&rsquo;argile de kaolin, de la poudre de pierre ponce, du caf\u00e9 moulu et du caf\u00e9 filtr\u00e9 pour exfolier en douceur les cellules mortes de la peau, laissant votre peau lisse et \u00e9clatante. Les huiles essentielles de citronnelle, de pamplemousse, de bois de c\u00e8dre, de fenouil, de poivre noir, de baie de gen\u00e9vrier et de lavande offrent un parfum rafra\u00eechissant et apaisant, cr\u00e9ant une exp\u00e9rience sensorielle agr\u00e9able.<\/p>\n<p>Enfin, nous avons ajout\u00e9 de la vitamine E pour ses propri\u00e9t\u00e9s antioxydantes, aidant \u00e0 prot\u00e9ger votre peau contre les radicaux libres et les agressions ext\u00e9rieures. Notre savon de massage exfoliant au caf\u00e9 est le choix id\u00e9al pour une peau nourrie, douce et revitalis\u00e9e.<\/p>\n<p>Poids : 4 OZ (environ 113 grammes)<\/p>\n<p>Offrez \u00e0 votre peau le soin exfoliant et revigorant dont elle a besoin avec notre savon de massage au caf\u00e9 exfoliant.<\/p>\n<\/div>\n<\/div>\n<\/div>\n<div class=\"flex justify-between lg:block\">\n<div class=\"text-xs flex items-center justify-center gap-1 self-center pt-2 !invisible\"><\/div>\n<div class=\"text-gray-400 flex self-end lg:self-center justify-center mt-2 gap-2 md:gap-3 lg:gap-1 lg:absolute lg:top-0 lg:translate-x-full lg:right-0 lg:mt-0 lg:pl-2 visible\"><button class=\"flex ml-auto gap-2 rounded-md p-1 hover:bg-gray-100 hover:text-gray-700 dark:text-gray-400 dark:hover:bg-gray-700 dark:hover:text-gray-200 disabled:dark:hover:text-gray-400\"><\/button><\/p>\n<div class=\"flex gap-1\"><\/div>\n<\/div>\n<\/div>\n<\/div>\n<\/div>\n<\/div>\n<\/div>\n<\/div>\n<\/div>\n<\/div>\n<\/div>\n<\/div>\n","protected":false},"excerpt":{"rendered":"<p>Ingr\u00e9dients Actifs\u00a0: Aqua, Huile de noix de coco, Huile de palme durable, Beurre de karit\u00e9, Huile d&rsquo;olive extra vierge, Huile d&rsquo;amande douce, Huile de ricin, Huile de p\u00e9pins de raisin, Huile d&rsquo;argan ainsi que l&rsquo;huile de jojoba, l\u2019huile de tamanu, l\u2019huile d&rsquo;avocat, l\u2019huile de grenade et l\u2019huile de noyau d&rsquo;abricot comme huiles porteuses. Argile de kaolin, Poudre de pierre ponce, Caf\u00e9 moulu, Caf\u00e9 filtr\u00e9. Huiles essentielles de citronnelle, de pamplemousse, de bois de c\u00e8dre, de fenouil, de poivre noir, de baie de gen\u00e9vrier et de lavande. Vitamine E comme additif.<br \/>\nPoids 4 OZ<\/p>\n","protected":false},"featured_media":8551,"comment_status":"open","ping_status":"closed","template":"","meta":[],"product_brand":[],"product_cat":[119],"product_tag":[],"class_list":{"0":"post-8543","1":"product","2":"type-product","3":"status-publish","4":"has-post-thumbnail","6":"product_cat-savon-de-massage","8":"first","9":"instock","10":"shipping-taxable","11":"purchasable","12":"product-type-simple"},"yoast_head":"<!-- This site is optimized with the Yoast SEO plugin v25.6 - https:\/\/yoast.com\/wordpress\/plugins\/seo\/ -->\n<title>SABUN DE MASSAGE EXFOLIANT AU CAF\u00c9 - CUBERY FRAGRANCE<\/title>\n<meta name=\"robots\" content=\"index, follow, max-snippet:-1, max-image-preview:large, max-video-preview:-1\" \/>\n<link rel=\"canonical\" href=\"https:\/\/www.cuberyfragrance.com\/fr\/shop\/savon-de-massage\/sabun-de-massage-exfoliant-au-cafe\/\" \/>\n<meta property=\"og:locale\" content=\"fr_FR\" \/>\n<meta property=\"og:type\" content=\"article\" \/>\n<meta property=\"og:title\" content=\"SABUN DE MASSAGE EXFOLIANT AU CAF\u00c9 - CUBERY FRAGRANCE\" \/>\n<meta property=\"og:description\" content=\"Ingr\u00e9dients Actifs\u00a0: Aqua, Huile de noix de coco, Huile de palme durable, Beurre de karit\u00e9, Huile d&#039;olive extra vierge, Huile d&#039;amande douce, Huile de ricin, Huile de p\u00e9pins de raisin, Huile d&#039;argan ainsi que l&#039;huile de jojoba, l\u2019huile de tamanu, l\u2019huile d&#039;avocat, l\u2019huile de grenade et l\u2019huile de noyau d&#039;abricot comme huiles porteuses. Argile de kaolin, Poudre de pierre ponce, Caf\u00e9 moulu, Caf\u00e9 filtr\u00e9. Huiles essentielles de citronnelle, de pamplemousse, de bois de c\u00e8dre, de fenouil, de poivre noir, de baie de gen\u00e9vrier et de lavande. Vitamine E comme additif. Poids 4 OZ\" \/>\n<meta property=\"og:url\" content=\"https:\/\/www.cuberyfragrance.com\/fr\/shop\/savon-de-massage\/sabun-de-massage-exfoliant-au-cafe\/\" \/>\n<meta property=\"og:site_name\" content=\"CUBERY FRAGRANCE\" \/>\n<meta property=\"article:modified_time\" content=\"2024-04-28T05:13:28+00:00\" \/>\n<meta property=\"og:image\" content=\"https:\/\/www.cuberyfragrance.com\/wp-content\/uploads\/2023\/05\/IMG_4138-COFFEE-EXFOLIATING-MASSAGING-SOAP-2.jpg\" \/>\n\t<meta property=\"og:image:width\" content=\"900\" \/>\n\t<meta property=\"og:image:height\" content=\"600\" \/>\n\t<meta property=\"og:image:type\" content=\"image\/jpeg\" \/>\n<meta name=\"twitter:card\" content=\"summary_large_image\" \/>\n<meta name=\"twitter:label1\" content=\"Dur\u00e9e de lecture estim\u00e9e\" \/>\n\t<meta name=\"twitter:data1\" content=\"1 minute\" \/>\n<script type=\"application\/ld+json\" class=\"yoast-schema-graph\">{\"@context\":\"https:\/\/schema.org\",\"@graph\":[{\"@type\":\"WebPage\",\"@id\":\"https:\/\/www.cuberyfragrance.com\/fr\/shop\/savon-de-massage\/sabun-de-massage-exfoliant-au-cafe\/\",\"url\":\"https:\/\/www.cuberyfragrance.com\/fr\/shop\/savon-de-massage\/sabun-de-massage-exfoliant-au-cafe\/\",\"name\":\"SABUN DE MASSAGE EXFOLIANT AU CAF\u00c9 - CUBERY FRAGRANCE\",\"isPartOf\":{\"@id\":\"https:\/\/www.cuberyfragrance.com\/fr\/#website\"},\"primaryImageOfPage\":{\"@id\":\"https:\/\/www.cuberyfragrance.com\/fr\/shop\/savon-de-massage\/sabun-de-massage-exfoliant-au-cafe\/#primaryimage\"},\"image\":{\"@id\":\"https:\/\/www.cuberyfragrance.com\/fr\/shop\/savon-de-massage\/sabun-de-massage-exfoliant-au-cafe\/#primaryimage\"},\"thumbnailUrl\":\"https:\/\/www.cuberyfragrance.com\/wp-content\/uploads\/2023\/05\/IMG_4138-COFFEE-EXFOLIATING-MASSAGING-SOAP-2.jpg\",\"datePublished\":\"2023-05-29T14:37:03+00:00\",\"dateModified\":\"2024-04-28T05:13:28+00:00\",\"breadcrumb\":{\"@id\":\"https:\/\/www.cuberyfragrance.com\/fr\/shop\/savon-de-massage\/sabun-de-massage-exfoliant-au-cafe\/#breadcrumb\"},\"inLanguage\":\"fr-FR\",\"potentialAction\":[{\"@type\":\"ReadAction\",\"target\":[\"https:\/\/www.cuberyfragrance.com\/fr\/shop\/savon-de-massage\/sabun-de-massage-exfoliant-au-cafe\/\"]}]},{\"@type\":\"ImageObject\",\"inLanguage\":\"fr-FR\",\"@id\":\"https:\/\/www.cuberyfragrance.com\/fr\/shop\/savon-de-massage\/sabun-de-massage-exfoliant-au-cafe\/#primaryimage\",\"url\":\"https:\/\/www.cuberyfragrance.com\/wp-content\/uploads\/2023\/05\/IMG_4138-COFFEE-EXFOLIATING-MASSAGING-SOAP-2.jpg\",\"contentUrl\":\"https:\/\/www.cuberyfragrance.com\/wp-content\/uploads\/2023\/05\/IMG_4138-COFFEE-EXFOLIATING-MASSAGING-SOAP-2.jpg\",\"width\":900,\"height\":600},{\"@type\":\"BreadcrumbList\",\"@id\":\"https:\/\/www.cuberyfragrance.com\/fr\/shop\/savon-de-massage\/sabun-de-massage-exfoliant-au-cafe\/#breadcrumb\",\"itemListElement\":[{\"@type\":\"ListItem\",\"position\":1,\"name\":\"Home\",\"item\":\"https:\/\/www.cuberyfragrance.com\/fr\/\"},{\"@type\":\"ListItem\",\"position\":2,\"name\":\"SHOP\",\"item\":\"https:\/\/www.cuberyfragrance.com\/shop\/\"},{\"@type\":\"ListItem\",\"position\":3,\"name\":\"SABUN DE MASSAGE EXFOLIANT AU CAF\u00c9\"}]},{\"@type\":\"WebSite\",\"@id\":\"https:\/\/www.cuberyfragrance.com\/fr\/#website\",\"url\":\"https:\/\/www.cuberyfragrance.com\/fr\/\",\"name\":\"CUBERY FRAGRANCE\",\"description\":\"The Address of Naturalness and Health...\",\"potentialAction\":[{\"@type\":\"SearchAction\",\"target\":{\"@type\":\"EntryPoint\",\"urlTemplate\":\"https:\/\/www.cuberyfragrance.com\/fr\/?s={search_term_string}\"},\"query-input\":{\"@type\":\"PropertyValueSpecification\",\"valueRequired\":true,\"valueName\":\"search_term_string\"}}],\"inLanguage\":\"fr-FR\"}]}<\/script>\n<!-- \/ Yoast SEO plugin. -->","yoast_head_json":{"title":"SABUN DE MASSAGE EXFOLIANT AU CAF\u00c9 - CUBERY FRAGRANCE","robots":{"index":"index","follow":"follow","max-snippet":"max-snippet:-1","max-image-preview":"max-image-preview:large","max-video-preview":"max-video-preview:-1"},"canonical":"https:\/\/www.cuberyfragrance.com\/fr\/shop\/savon-de-massage\/sabun-de-massage-exfoliant-au-cafe\/","og_locale":"fr_FR","og_type":"article","og_title":"SABUN DE MASSAGE EXFOLIANT AU CAF\u00c9 - CUBERY FRAGRANCE","og_description":"Ingr\u00e9dients Actifs\u00a0: Aqua, Huile de noix de coco, Huile de palme durable, Beurre de karit\u00e9, Huile d'olive extra vierge, Huile d'amande douce, Huile de ricin, Huile de p\u00e9pins de raisin, Huile d'argan ainsi que l'huile de jojoba, l\u2019huile de tamanu, l\u2019huile d'avocat, l\u2019huile de grenade et l\u2019huile de noyau d'abricot comme huiles porteuses. Argile de kaolin, Poudre de pierre ponce, Caf\u00e9 moulu, Caf\u00e9 filtr\u00e9. Huiles essentielles de citronnelle, de pamplemousse, de bois de c\u00e8dre, de fenouil, de poivre noir, de baie de gen\u00e9vrier et de lavande. Vitamine E comme additif. Poids 4 OZ","og_url":"https:\/\/www.cuberyfragrance.com\/fr\/shop\/savon-de-massage\/sabun-de-massage-exfoliant-au-cafe\/","og_site_name":"CUBERY FRAGRANCE","article_modified_time":"2024-04-28T05:13:28+00:00","og_image":[{"width":900,"height":600,"url":"https:\/\/www.cuberyfragrance.com\/wp-content\/uploads\/2023\/05\/IMG_4138-COFFEE-EXFOLIATING-MASSAGING-SOAP-2.jpg","type":"image\/jpeg"}],"twitter_card":"summary_large_image","twitter_misc":{"Dur\u00e9e de lecture estim\u00e9e":"1 minute"},"schema":{"@context":"https:\/\/schema.org","@graph":[{"@type":"WebPage","@id":"https:\/\/www.cuberyfragrance.com\/fr\/shop\/savon-de-massage\/sabun-de-massage-exfoliant-au-cafe\/","url":"https:\/\/www.cuberyfragrance.com\/fr\/shop\/savon-de-massage\/sabun-de-massage-exfoliant-au-cafe\/","name":"SABUN DE MASSAGE EXFOLIANT AU CAF\u00c9 - CUBERY FRAGRANCE","isPartOf":{"@id":"https:\/\/www.cuberyfragrance.com\/fr\/#website"},"primaryImageOfPage":{"@id":"https:\/\/www.cuberyfragrance.com\/fr\/shop\/savon-de-massage\/sabun-de-massage-exfoliant-au-cafe\/#primaryimage"},"image":{"@id":"https:\/\/www.cuberyfragrance.com\/fr\/shop\/savon-de-massage\/sabun-de-massage-exfoliant-au-cafe\/#primaryimage"},"thumbnailUrl":"https:\/\/www.cuberyfragrance.com\/wp-content\/uploads\/2023\/05\/IMG_4138-COFFEE-EXFOLIATING-MASSAGING-SOAP-2.jpg","datePublished":"2023-05-29T14:37:03+00:00","dateModified":"2024-04-28T05:13:28+00:00","breadcrumb":{"@id":"https:\/\/www.cuberyfragrance.com\/fr\/shop\/savon-de-massage\/sabun-de-massage-exfoliant-au-cafe\/#breadcrumb"},"inLanguage":"fr-FR","potentialAction":[{"@type":"ReadAction","target":["https:\/\/www.cuberyfragrance.com\/fr\/shop\/savon-de-massage\/sabun-de-massage-exfoliant-au-cafe\/"]}]},{"@type":"ImageObject","inLanguage":"fr-FR","@id":"https:\/\/www.cuberyfragrance.com\/fr\/shop\/savon-de-massage\/sabun-de-massage-exfoliant-au-cafe\/#primaryimage","url":"https:\/\/www.cuberyfragrance.com\/wp-content\/uploads\/2023\/05\/IMG_4138-COFFEE-EXFOLIATING-MASSAGING-SOAP-2.jpg","contentUrl":"https:\/\/www.cuberyfragrance.com\/wp-content\/uploads\/2023\/05\/IMG_4138-COFFEE-EXFOLIATING-MASSAGING-SOAP-2.jpg","width":900,"height":600},{"@type":"BreadcrumbList","@id":"https:\/\/www.cuberyfragrance.com\/fr\/shop\/savon-de-massage\/sabun-de-massage-exfoliant-au-cafe\/#breadcrumb","itemListElement":[{"@type":"ListItem","position":1,"name":"Home","item":"https:\/\/www.cuberyfragrance.com\/fr\/"},{"@type":"ListItem","position":2,"name":"SHOP","item":"https:\/\/www.cuberyfragrance.com\/shop\/"},{"@type":"ListItem","position":3,"name":"SABUN DE MASSAGE EXFOLIANT AU CAF\u00c9"}]},{"@type":"WebSite","@id":"https:\/\/www.cuberyfragrance.com\/fr\/#website","url":"https:\/\/www.cuberyfragrance.com\/fr\/","name":"CUBERY FRAGRANCE","description":"The Address of Naturalness and Health...","potentialAction":[{"@type":"SearchAction","target":{"@type":"EntryPoint","urlTemplate":"https:\/\/www.cuberyfragrance.com\/fr\/?s={search_term_string}"},"query-input":{"@type":"PropertyValueSpecification","valueRequired":true,"valueName":"search_term_string"}}],"inLanguage":"fr-FR"}]}},"jetpack_sharing_enabled":true,"_links":{"self":[{"href":"https:\/\/www.cuberyfragrance.com\/fr\/wp-json\/wp\/v2\/product\/8543"}],"collection":[{"href":"https:\/\/www.cuberyfragrance.com\/fr\/wp-json\/wp\/v2\/product"}],"about":[{"href":"https:\/\/www.cuberyfragrance.com\/fr\/wp-json\/wp\/v2\/types\/product"}],"replies":[{"embeddable":true,"href":"https:\/\/www.cuberyfragrance.com\/fr\/wp-json\/wp\/v2\/comments?post=8543"}],"wp:featuredmedia":[{"embeddable":true,"href":"https:\/\/www.cuberyfragrance.com\/fr\/wp-json\/wp\/v2\/media\/8551"}],"wp:attachment":[{"href":"https:\/\/www.cuberyfragrance.com\/fr\/wp-json\/wp\/v2\/media?parent=8543"}],"wp:term":[{"taxonomy":"product_brand","embeddable":true,"href":"https:\/\/www.cuberyfragrance.com\/fr\/wp-json\/wp\/v2\/product_brand?post=8543"},{"taxonomy":"product_cat","embeddable":true,"href":"https:\/\/www.cuberyfragrance.com\/fr\/wp-json\/wp\/v2\/product_cat?post=8543"},{"taxonomy":"product_tag","embeddable":true,"href":"https:\/\/www.cuberyfragrance.com\/fr\/wp-json\/wp\/v2\/product_tag?post=8543"}],"curies":[{"name":"wp","href":"https:\/\/api.w.org\/{rel}","templated":true}]}}