{"id":3485,"date":"2021-10-16T20:49:58","date_gmt":"2021-10-16T20:49:58","guid":{"rendered":"https:\/\/www.cuberyfragrance.com\/product\/mint-lemon-soap\/"},"modified":"2024-04-28T05:17:58","modified_gmt":"2024-04-28T05:17:58","slug":"mint-lemon-soap","status":"publish","type":"product","link":"https:\/\/www.cuberyfragrance.com\/fr\/shop\/savons-vegan\/mint-lemon-soap\/","title":{"rendered":"SAVON CITRON-MENTHE"},"content":{"rendered":"<div class=\"group w-full text-gray-800 dark:text-gray-100 border-b border-black\/10 dark:border-gray-900\/50 bg-gray-50 dark:bg-[#444654]\">\n<div class=\"flex p-4 gap-4 text-base md:gap-6 md:max-w-2xl lg:max-w-xl xl:max-w-3xl md:py-6 lg:px-0 m-auto\">\n<div class=\"relative flex w-[calc(100%-50px)] flex-col gap-1 md:gap-3 lg:w-[calc(100%-115px)]\">\n<div class=\"flex flex-grow flex-col gap-3\">\n<div class=\"min-h-[20px] flex flex-col items-start gap-4 whitespace-pre-wrap break-words\">\n<div class=\"markdown prose w-full break-words dark:prose-invert light\">\n<p>D\u00e9couvrez notre savon \u00e0 la rose, une v\u00e9ritable exp\u00e9rience de soin pour votre peau. Formul\u00e9 avec soin, ce savon offre une douceur et une fragrance d\u00e9licates pour une exp\u00e9rience apaisante et nourrissante.<\/p>\n<p>L&rsquo;huile d&rsquo;olive extra vierge, l&rsquo;huile de coco, l&rsquo;huile de palme durable et d&rsquo;huile de noyau de palme, le beurre de karit\u00e9 et l&rsquo;huile de ricin sont les ingr\u00e9dients de base de notre savon. Ils sont connus pour leurs propri\u00e9t\u00e9s hydratantes, nourrissantes et adoucissantes pour la peau. Ces ingr\u00e9dients riches en nutriments aident \u00e0 maintenir une peau douce, souple et saine.<\/p>\n<p>Pour une exp\u00e9rience unique, nous avons remplac\u00e9 l&rsquo;eau par de l&rsquo;hydrolat de rose dans notre recette. L&rsquo;hydrolat de rose est obtenu \u00e0 partir de la distillation des p\u00e9tales de rose et est r\u00e9put\u00e9 pour ses propri\u00e9t\u00e9s apaisantes et tonifiantes pour la peau. Il offre une douceur suppl\u00e9mentaire \u00e0 notre savon et laisse une sensation de fra\u00eecheur sur la peau.<\/p>\n<p>L&rsquo;argile rose est ajout\u00e9e pour ses propri\u00e9t\u00e9s purifiantes et adoucissantes. Elle aide \u00e0 \u00e9liminer les impuret\u00e9s et \u00e0 r\u00e9guler l&rsquo;exc\u00e8s de s\u00e9bum, tout en laissant la peau douce et \u00e9clatante.<\/p>\n<p>La vitamine E est un antioxydant naturel qui aide \u00e0 prot\u00e9ger la peau contre les dommages environnementaux. Elle contribue \u00e9galement \u00e0 maintenir l&rsquo;\u00e9lasticit\u00e9 et l&rsquo;\u00e9clat de la peau.<\/p>\n<p>Enfin, le mica est utilis\u00e9 pour ajouter une l\u00e9g\u00e8re brillance \u00e0 notre savon, cr\u00e9ant une exp\u00e9rience visuelle agr\u00e9able.<\/p>\n<p>Le savon \u00e0 la rose est pr\u00e9sent\u00e9 dans un format pratique de 4 oz, id\u00e9al pour une utilisation quotidienne. Offrez \u00e0 votre peau une exp\u00e9rience de soin luxueuse avec notre savon \u00e0 la rose et d\u00e9couvrez une peau nourrie, apais\u00e9e et d\u00e9licatement parfum\u00e9e.<\/p>\n<\/div>\n<\/div>\n<\/div>\n<div class=\"flex justify-between lg:block\">\n<div class=\"text-xs flex items-center justify-center gap-1 self-center pt-2 !invisible\"><\/div>\n<div class=\"text-gray-400 flex self-end lg:self-center justify-center mt-2 gap-2 md:gap-3 lg:gap-1 lg:absolute lg:top-0 lg:translate-x-full lg:right-0 lg:mt-0 lg:pl-2 visible\"><button class=\"flex ml-auto gap-2 rounded-md p-1 hover:bg-gray-100 hover:text-gray-700 dark:text-gray-400 dark:hover:bg-gray-700 dark:hover:text-gray-200 disabled:dark:hover:text-gray-400\"><\/button><\/p>\n<div class=\"flex gap-1\"><\/div>\n<\/div>\n<\/div>\n<\/div>\n<\/div>\n<\/div>\n<div class=\"group w-full text-gray-800 dark:text-gray-100 border-b border-black\/10 dark:border-gray-900\/50 dark:bg-gray-800\">\n<div class=\"flex p-4 gap-4 text-base md:gap-6 md:max-w-2xl lg:max-w-xl xl:max-w-3xl md:py-6 lg:px-0 m-auto\">\n<div class=\"flex-shrink-0 flex flex-col relative items-end\">\n<div class=\"w-[30px]\">\n<div class=\"relative flex\"><\/div>\n<\/div>\n<\/div>\n<\/div>\n<\/div>\n","protected":false},"excerpt":{"rendered":"<p><strong>Ingr\u00e9dients actifs : <\/strong>Huile d&rsquo;olive, huile de coco, huile de palme et de palmiste durable, beurre de karit\u00e9, huile de ricin ainsi que l&rsquo;huile de jojoba, l&rsquo;huile d&rsquo;argan, l&rsquo;huile d&rsquo;avocat, l&rsquo;huile d&rsquo;amande douce, l&rsquo;huile de p\u00e9pins de raisin et l&rsquo;huile de noyau d&rsquo;abricot comme huiles porteuses. Huiles essentielles de citronnelle et de menthe poivr\u00e9e. Argile kaolin comme additifs. (Veuillez consulter l&rsquo;annexe 1 pour plus d&rsquo;informations).<\/p>\n","protected":false},"featured_media":4730,"comment_status":"open","ping_status":"closed","template":"","meta":[],"product_brand":[],"product_cat":[105],"product_tag":[],"class_list":{"0":"post-3485","1":"product","2":"type-product","3":"status-publish","4":"has-post-thumbnail","6":"product_cat-savons-vegan","8":"first","9":"instock","10":"shipping-taxable","11":"purchasable","12":"product-type-simple"},"yoast_head":"<!-- This site is optimized with the Yoast SEO plugin v25.6 - https:\/\/yoast.com\/wordpress\/plugins\/seo\/ -->\n<title>SAVON CITRON-MENTHE - CUBERY FRAGRANCE<\/title>\n<meta name=\"robots\" content=\"index, follow, max-snippet:-1, max-image-preview:large, max-video-preview:-1\" \/>\n<link rel=\"canonical\" href=\"https:\/\/www.cuberyfragrance.com\/fr\/shop\/savons-vegan\/mint-lemon-soap\/\" \/>\n<meta property=\"og:locale\" content=\"fr_FR\" \/>\n<meta property=\"og:type\" content=\"article\" \/>\n<meta property=\"og:title\" content=\"SAVON CITRON-MENTHE - CUBERY FRAGRANCE\" \/>\n<meta property=\"og:description\" content=\"Ingr\u00e9dients actifs : Huile d&#039;olive, huile de coco, huile de palme et de palmiste durable, beurre de karit\u00e9, huile de ricin ainsi que l&#039;huile de jojoba, l&#039;huile d&#039;argan, l&#039;huile d&#039;avocat, l&#039;huile d&#039;amande douce, l&#039;huile de p\u00e9pins de raisin et l&#039;huile de noyau d&#039;abricot comme huiles porteuses. Huiles essentielles de citronnelle et de menthe poivr\u00e9e. Argile kaolin comme additifs. (Veuillez consulter l&#039;annexe 1 pour plus d&#039;informations).\" \/>\n<meta property=\"og:url\" content=\"https:\/\/www.cuberyfragrance.com\/fr\/shop\/savons-vegan\/mint-lemon-soap\/\" \/>\n<meta property=\"og:site_name\" content=\"CUBERY FRAGRANCE\" \/>\n<meta property=\"article:modified_time\" content=\"2024-04-28T05:17:58+00:00\" \/>\n<meta property=\"og:image\" content=\"https:\/\/www.cuberyfragrance.com\/wp-content\/uploads\/2021\/10\/IMG_4082-MINT-LEMON-SOAP.jpg\" \/>\n\t<meta property=\"og:image:width\" content=\"900\" \/>\n\t<meta property=\"og:image:height\" content=\"600\" \/>\n\t<meta property=\"og:image:type\" content=\"image\/jpeg\" \/>\n<meta name=\"twitter:card\" content=\"summary_large_image\" \/>\n<meta name=\"twitter:label1\" content=\"Dur\u00e9e de lecture estim\u00e9e\" \/>\n\t<meta name=\"twitter:data1\" content=\"1 minute\" \/>\n<script type=\"application\/ld+json\" class=\"yoast-schema-graph\">{\"@context\":\"https:\/\/schema.org\",\"@graph\":[{\"@type\":\"WebPage\",\"@id\":\"https:\/\/www.cuberyfragrance.com\/fr\/shop\/savons-vegan\/mint-lemon-soap\/\",\"url\":\"https:\/\/www.cuberyfragrance.com\/fr\/shop\/savons-vegan\/mint-lemon-soap\/\",\"name\":\"SAVON CITRON-MENTHE - CUBERY FRAGRANCE\",\"isPartOf\":{\"@id\":\"https:\/\/www.cuberyfragrance.com\/fr\/#website\"},\"primaryImageOfPage\":{\"@id\":\"https:\/\/www.cuberyfragrance.com\/fr\/shop\/savons-vegan\/mint-lemon-soap\/#primaryimage\"},\"image\":{\"@id\":\"https:\/\/www.cuberyfragrance.com\/fr\/shop\/savons-vegan\/mint-lemon-soap\/#primaryimage\"},\"thumbnailUrl\":\"https:\/\/www.cuberyfragrance.com\/wp-content\/uploads\/2021\/10\/IMG_4082-MINT-LEMON-SOAP.jpg\",\"datePublished\":\"2021-10-16T20:49:58+00:00\",\"dateModified\":\"2024-04-28T05:17:58+00:00\",\"breadcrumb\":{\"@id\":\"https:\/\/www.cuberyfragrance.com\/fr\/shop\/savons-vegan\/mint-lemon-soap\/#breadcrumb\"},\"inLanguage\":\"fr-FR\",\"potentialAction\":[{\"@type\":\"ReadAction\",\"target\":[\"https:\/\/www.cuberyfragrance.com\/fr\/shop\/savons-vegan\/mint-lemon-soap\/\"]}]},{\"@type\":\"ImageObject\",\"inLanguage\":\"fr-FR\",\"@id\":\"https:\/\/www.cuberyfragrance.com\/fr\/shop\/savons-vegan\/mint-lemon-soap\/#primaryimage\",\"url\":\"https:\/\/www.cuberyfragrance.com\/wp-content\/uploads\/2021\/10\/IMG_4082-MINT-LEMON-SOAP.jpg\",\"contentUrl\":\"https:\/\/www.cuberyfragrance.com\/wp-content\/uploads\/2021\/10\/IMG_4082-MINT-LEMON-SOAP.jpg\",\"width\":900,\"height\":600},{\"@type\":\"BreadcrumbList\",\"@id\":\"https:\/\/www.cuberyfragrance.com\/fr\/shop\/savons-vegan\/mint-lemon-soap\/#breadcrumb\",\"itemListElement\":[{\"@type\":\"ListItem\",\"position\":1,\"name\":\"Home\",\"item\":\"https:\/\/www.cuberyfragrance.com\/fr\/\"},{\"@type\":\"ListItem\",\"position\":2,\"name\":\"SHOP\",\"item\":\"https:\/\/www.cuberyfragrance.com\/shop\/\"},{\"@type\":\"ListItem\",\"position\":3,\"name\":\"SAVON CITRON-MENTHE\"}]},{\"@type\":\"WebSite\",\"@id\":\"https:\/\/www.cuberyfragrance.com\/fr\/#website\",\"url\":\"https:\/\/www.cuberyfragrance.com\/fr\/\",\"name\":\"CUBERY FRAGRANCE\",\"description\":\"The Address of Naturalness and Health...\",\"potentialAction\":[{\"@type\":\"SearchAction\",\"target\":{\"@type\":\"EntryPoint\",\"urlTemplate\":\"https:\/\/www.cuberyfragrance.com\/fr\/?s={search_term_string}\"},\"query-input\":{\"@type\":\"PropertyValueSpecification\",\"valueRequired\":true,\"valueName\":\"search_term_string\"}}],\"inLanguage\":\"fr-FR\"}]}<\/script>\n<!-- \/ Yoast SEO plugin. -->","yoast_head_json":{"title":"SAVON CITRON-MENTHE - CUBERY FRAGRANCE","robots":{"index":"index","follow":"follow","max-snippet":"max-snippet:-1","max-image-preview":"max-image-preview:large","max-video-preview":"max-video-preview:-1"},"canonical":"https:\/\/www.cuberyfragrance.com\/fr\/shop\/savons-vegan\/mint-lemon-soap\/","og_locale":"fr_FR","og_type":"article","og_title":"SAVON CITRON-MENTHE - CUBERY FRAGRANCE","og_description":"Ingr\u00e9dients actifs : Huile d'olive, huile de coco, huile de palme et de palmiste durable, beurre de karit\u00e9, huile de ricin ainsi que l'huile de jojoba, l'huile d'argan, l'huile d'avocat, l'huile d'amande douce, l'huile de p\u00e9pins de raisin et l'huile de noyau d'abricot comme huiles porteuses. Huiles essentielles de citronnelle et de menthe poivr\u00e9e. Argile kaolin comme additifs. (Veuillez consulter l'annexe 1 pour plus d'informations).","og_url":"https:\/\/www.cuberyfragrance.com\/fr\/shop\/savons-vegan\/mint-lemon-soap\/","og_site_name":"CUBERY FRAGRANCE","article_modified_time":"2024-04-28T05:17:58+00:00","og_image":[{"width":900,"height":600,"url":"https:\/\/www.cuberyfragrance.com\/wp-content\/uploads\/2021\/10\/IMG_4082-MINT-LEMON-SOAP.jpg","type":"image\/jpeg"}],"twitter_card":"summary_large_image","twitter_misc":{"Dur\u00e9e de lecture estim\u00e9e":"1 minute"},"schema":{"@context":"https:\/\/schema.org","@graph":[{"@type":"WebPage","@id":"https:\/\/www.cuberyfragrance.com\/fr\/shop\/savons-vegan\/mint-lemon-soap\/","url":"https:\/\/www.cuberyfragrance.com\/fr\/shop\/savons-vegan\/mint-lemon-soap\/","name":"SAVON CITRON-MENTHE - CUBERY FRAGRANCE","isPartOf":{"@id":"https:\/\/www.cuberyfragrance.com\/fr\/#website"},"primaryImageOfPage":{"@id":"https:\/\/www.cuberyfragrance.com\/fr\/shop\/savons-vegan\/mint-lemon-soap\/#primaryimage"},"image":{"@id":"https:\/\/www.cuberyfragrance.com\/fr\/shop\/savons-vegan\/mint-lemon-soap\/#primaryimage"},"thumbnailUrl":"https:\/\/www.cuberyfragrance.com\/wp-content\/uploads\/2021\/10\/IMG_4082-MINT-LEMON-SOAP.jpg","datePublished":"2021-10-16T20:49:58+00:00","dateModified":"2024-04-28T05:17:58+00:00","breadcrumb":{"@id":"https:\/\/www.cuberyfragrance.com\/fr\/shop\/savons-vegan\/mint-lemon-soap\/#breadcrumb"},"inLanguage":"fr-FR","potentialAction":[{"@type":"ReadAction","target":["https:\/\/www.cuberyfragrance.com\/fr\/shop\/savons-vegan\/mint-lemon-soap\/"]}]},{"@type":"ImageObject","inLanguage":"fr-FR","@id":"https:\/\/www.cuberyfragrance.com\/fr\/shop\/savons-vegan\/mint-lemon-soap\/#primaryimage","url":"https:\/\/www.cuberyfragrance.com\/wp-content\/uploads\/2021\/10\/IMG_4082-MINT-LEMON-SOAP.jpg","contentUrl":"https:\/\/www.cuberyfragrance.com\/wp-content\/uploads\/2021\/10\/IMG_4082-MINT-LEMON-SOAP.jpg","width":900,"height":600},{"@type":"BreadcrumbList","@id":"https:\/\/www.cuberyfragrance.com\/fr\/shop\/savons-vegan\/mint-lemon-soap\/#breadcrumb","itemListElement":[{"@type":"ListItem","position":1,"name":"Home","item":"https:\/\/www.cuberyfragrance.com\/fr\/"},{"@type":"ListItem","position":2,"name":"SHOP","item":"https:\/\/www.cuberyfragrance.com\/shop\/"},{"@type":"ListItem","position":3,"name":"SAVON CITRON-MENTHE"}]},{"@type":"WebSite","@id":"https:\/\/www.cuberyfragrance.com\/fr\/#website","url":"https:\/\/www.cuberyfragrance.com\/fr\/","name":"CUBERY FRAGRANCE","description":"The Address of Naturalness and Health...","potentialAction":[{"@type":"SearchAction","target":{"@type":"EntryPoint","urlTemplate":"https:\/\/www.cuberyfragrance.com\/fr\/?s={search_term_string}"},"query-input":{"@type":"PropertyValueSpecification","valueRequired":true,"valueName":"search_term_string"}}],"inLanguage":"fr-FR"}]}},"jetpack_sharing_enabled":true,"_links":{"self":[{"href":"https:\/\/www.cuberyfragrance.com\/fr\/wp-json\/wp\/v2\/product\/3485"}],"collection":[{"href":"https:\/\/www.cuberyfragrance.com\/fr\/wp-json\/wp\/v2\/product"}],"about":[{"href":"https:\/\/www.cuberyfragrance.com\/fr\/wp-json\/wp\/v2\/types\/product"}],"replies":[{"embeddable":true,"href":"https:\/\/www.cuberyfragrance.com\/fr\/wp-json\/wp\/v2\/comments?post=3485"}],"wp:featuredmedia":[{"embeddable":true,"href":"https:\/\/www.cuberyfragrance.com\/fr\/wp-json\/wp\/v2\/media\/4730"}],"wp:attachment":[{"href":"https:\/\/www.cuberyfragrance.com\/fr\/wp-json\/wp\/v2\/media?parent=3485"}],"wp:term":[{"taxonomy":"product_brand","embeddable":true,"href":"https:\/\/www.cuberyfragrance.com\/fr\/wp-json\/wp\/v2\/product_brand?post=3485"},{"taxonomy":"product_cat","embeddable":true,"href":"https:\/\/www.cuberyfragrance.com\/fr\/wp-json\/wp\/v2\/product_cat?post=3485"},{"taxonomy":"product_tag","embeddable":true,"href":"https:\/\/www.cuberyfragrance.com\/fr\/wp-json\/wp\/v2\/product_tag?post=3485"}],"curies":[{"name":"wp","href":"https:\/\/api.w.org\/{rel}","templated":true}]}}