{"id":3480,"date":"2021-10-16T20:54:39","date_gmt":"2021-10-16T20:54:39","guid":{"rendered":"https:\/\/www.cuberyfragrance.com\/product\/triple-healing-soap\/"},"modified":"2024-04-28T05:15:41","modified_gmt":"2024-04-28T05:15:41","slug":"triple-healing-soap","status":"publish","type":"product","link":"https:\/\/www.cuberyfragrance.com\/fr\/shop\/savons-vegan\/triple-healing-soap\/","title":{"rendered":"SAVON TRIPLE CICATRISANT"},"content":{"rendered":"<p>D\u00e9couvrez notre savon triple gu\u00e9rison, une formule sp\u00e9cialement con\u00e7ue pour nourrir et revitaliser votre peau. Formul\u00e9 avec soin, ce savon offre une exp\u00e9rience de soin compl\u00e8te.<\/p>\n<p>L&rsquo;huile d&rsquo;olive extra vierge, l&rsquo;huile de coco, l&rsquo;huile de noyau de palme, le beurre de karit\u00e9 et l&rsquo;huile de ricin sont les ingr\u00e9dients de base de notre savon, connus pour leurs propri\u00e9t\u00e9s nourrissantes et hydratantes. Ils aident \u00e0 maintenir la peau douce, souple et hydrat\u00e9e.<\/p>\n<p>Pour des bienfaits suppl\u00e9mentaires, nous avons inclus des huiles porteuses b\u00e9n\u00e9fiques telles que l&rsquo;huile d&rsquo;avocat, l&rsquo;huile de jojoba, l&rsquo;huile d&rsquo;aloe vera, l&rsquo;huile de noyau d&rsquo;abricot, l&rsquo;huile d&rsquo;argan, l&rsquo;huile de tamanu et l&rsquo;huile d&rsquo;amande douce. Ces huiles riches en nutriments p\u00e9n\u00e8trent en profondeur dans la peau, lui apportant une hydratation et une nutrition optimales.<\/p>\n<p>Les huiles essentielles de gingembre, de curcuma, de cannelle, de clou de girofle et d&rsquo;\u00e9corce d&rsquo;orange offrent \u00e0 notre savon une fragrance rafra\u00eechissante et stimulante. Ces huiles essentielles ont \u00e9galement des propri\u00e9t\u00e9s apaisantes et purifiantes pour la peau.<\/p>\n<p>Nous avons ajout\u00e9 du gingembre moulu, du curcuma moulu, du miel, de l&rsquo;argile kaolin et de la vitamine E pour leurs propri\u00e9t\u00e9s bienfaisantes. Le gingembre et le curcuma moulus exfolient en douceur la peau, tandis que le miel la nourrit et la r\u00e9pare. L&rsquo;argile kaolin aide \u00e0 purifier et \u00e0 \u00e9quilibrer la peau, tandis que la vitamine E nourrit et prot\u00e8ge.<\/p>\n<p>Le savon triple gu\u00e9rison est pr\u00e9sent\u00e9 dans un format pratique de 4 oz, id\u00e9al pour une utilisation quotidienne. Offrez \u00e0 votre peau une exp\u00e9rience de soin compl\u00e8te avec notre savon triple gu\u00e9rison et d\u00e9couvrez une peau nourrie, apais\u00e9e et revitalis\u00e9e.<\/p>\n","protected":false},"excerpt":{"rendered":"<p><strong>Ingr\u00e9dients actifs :<\/strong> Huile d&rsquo;olive, huile de coco, huile de palme et de palmiste durable, beurre de karit\u00e9, huile de ricin ainsi que l&rsquo;huile de jojoba, l&rsquo;huile d&rsquo;argan, l&rsquo;huile d&rsquo;avocat, l&rsquo;huile d&rsquo;amande douce, l&rsquo;huile de p\u00e9pins de raisin et l&rsquo;huile de noyau d&rsquo;abricot comme huiles porteuses, et les huiles essentielles de curcuma et de gingembre. Du miel, de la poudre de curcuma, de la poudre de gingembre et de l&rsquo;argile kaolin comme additifs (veuillez consulter l&rsquo;annexe 1 pour plus d&rsquo;informations).<\/p>\n","protected":false},"featured_media":7072,"comment_status":"open","ping_status":"closed","template":"","meta":[],"product_brand":[],"product_cat":[105],"product_tag":[],"class_list":{"0":"post-3480","1":"product","2":"type-product","3":"status-publish","4":"has-post-thumbnail","6":"product_cat-savons-vegan","8":"first","9":"instock","10":"shipping-taxable","11":"purchasable","12":"product-type-simple"},"yoast_head":"<!-- This site is optimized with the Yoast SEO plugin v25.6 - https:\/\/yoast.com\/wordpress\/plugins\/seo\/ -->\n<title>SAVON TRIPLE CICATRISANT - CUBERY FRAGRANCE<\/title>\n<meta name=\"robots\" content=\"index, follow, max-snippet:-1, max-image-preview:large, max-video-preview:-1\" \/>\n<link rel=\"canonical\" href=\"https:\/\/www.cuberyfragrance.com\/fr\/shop\/savons-vegan\/triple-healing-soap\/\" \/>\n<meta property=\"og:locale\" content=\"fr_FR\" \/>\n<meta property=\"og:type\" content=\"article\" \/>\n<meta property=\"og:title\" content=\"SAVON TRIPLE CICATRISANT - CUBERY FRAGRANCE\" \/>\n<meta property=\"og:description\" content=\"Ingr\u00e9dients actifs : Huile d&#039;olive, huile de coco, huile de palme et de palmiste durable, beurre de karit\u00e9, huile de ricin ainsi que l&#039;huile de jojoba, l&#039;huile d&#039;argan, l&#039;huile d&#039;avocat, l&#039;huile d&#039;amande douce, l&#039;huile de p\u00e9pins de raisin et l&#039;huile de noyau d&#039;abricot comme huiles porteuses, et les huiles essentielles de curcuma et de gingembre. Du miel, de la poudre de curcuma, de la poudre de gingembre et de l&#039;argile kaolin comme additifs (veuillez consulter l&#039;annexe 1 pour plus d&#039;informations).\" \/>\n<meta property=\"og:url\" content=\"https:\/\/www.cuberyfragrance.com\/fr\/shop\/savons-vegan\/triple-healing-soap\/\" \/>\n<meta property=\"og:site_name\" content=\"CUBERY FRAGRANCE\" \/>\n<meta property=\"article:modified_time\" content=\"2024-04-28T05:15:41+00:00\" \/>\n<meta property=\"og:image\" content=\"https:\/\/www.cuberyfragrance.com\/wp-content\/uploads\/2021\/10\/IMG_4110-TRIPLE-HEALING-SOAP-2.jpg\" \/>\n\t<meta property=\"og:image:width\" content=\"900\" \/>\n\t<meta property=\"og:image:height\" content=\"600\" \/>\n\t<meta property=\"og:image:type\" content=\"image\/jpeg\" \/>\n<meta name=\"twitter:card\" content=\"summary_large_image\" \/>\n<meta name=\"twitter:label1\" content=\"Dur\u00e9e de lecture estim\u00e9e\" \/>\n\t<meta name=\"twitter:data1\" content=\"1 minute\" \/>\n<script type=\"application\/ld+json\" class=\"yoast-schema-graph\">{\"@context\":\"https:\/\/schema.org\",\"@graph\":[{\"@type\":\"WebPage\",\"@id\":\"https:\/\/www.cuberyfragrance.com\/fr\/shop\/savons-vegan\/triple-healing-soap\/\",\"url\":\"https:\/\/www.cuberyfragrance.com\/fr\/shop\/savons-vegan\/triple-healing-soap\/\",\"name\":\"SAVON TRIPLE CICATRISANT - CUBERY FRAGRANCE\",\"isPartOf\":{\"@id\":\"https:\/\/www.cuberyfragrance.com\/fr\/#website\"},\"primaryImageOfPage\":{\"@id\":\"https:\/\/www.cuberyfragrance.com\/fr\/shop\/savons-vegan\/triple-healing-soap\/#primaryimage\"},\"image\":{\"@id\":\"https:\/\/www.cuberyfragrance.com\/fr\/shop\/savons-vegan\/triple-healing-soap\/#primaryimage\"},\"thumbnailUrl\":\"https:\/\/www.cuberyfragrance.com\/wp-content\/uploads\/2021\/10\/IMG_4110-TRIPLE-HEALING-SOAP-2.jpg\",\"datePublished\":\"2021-10-16T20:54:39+00:00\",\"dateModified\":\"2024-04-28T05:15:41+00:00\",\"breadcrumb\":{\"@id\":\"https:\/\/www.cuberyfragrance.com\/fr\/shop\/savons-vegan\/triple-healing-soap\/#breadcrumb\"},\"inLanguage\":\"fr-FR\",\"potentialAction\":[{\"@type\":\"ReadAction\",\"target\":[\"https:\/\/www.cuberyfragrance.com\/fr\/shop\/savons-vegan\/triple-healing-soap\/\"]}]},{\"@type\":\"ImageObject\",\"inLanguage\":\"fr-FR\",\"@id\":\"https:\/\/www.cuberyfragrance.com\/fr\/shop\/savons-vegan\/triple-healing-soap\/#primaryimage\",\"url\":\"https:\/\/www.cuberyfragrance.com\/wp-content\/uploads\/2021\/10\/IMG_4110-TRIPLE-HEALING-SOAP-2.jpg\",\"contentUrl\":\"https:\/\/www.cuberyfragrance.com\/wp-content\/uploads\/2021\/10\/IMG_4110-TRIPLE-HEALING-SOAP-2.jpg\",\"width\":900,\"height\":600},{\"@type\":\"BreadcrumbList\",\"@id\":\"https:\/\/www.cuberyfragrance.com\/fr\/shop\/savons-vegan\/triple-healing-soap\/#breadcrumb\",\"itemListElement\":[{\"@type\":\"ListItem\",\"position\":1,\"name\":\"Home\",\"item\":\"https:\/\/www.cuberyfragrance.com\/fr\/\"},{\"@type\":\"ListItem\",\"position\":2,\"name\":\"SHOP\",\"item\":\"https:\/\/www.cuberyfragrance.com\/shop\/\"},{\"@type\":\"ListItem\",\"position\":3,\"name\":\"SAVON TRIPLE CICATRISANT\"}]},{\"@type\":\"WebSite\",\"@id\":\"https:\/\/www.cuberyfragrance.com\/fr\/#website\",\"url\":\"https:\/\/www.cuberyfragrance.com\/fr\/\",\"name\":\"CUBERY FRAGRANCE\",\"description\":\"The Address of Naturalness and Health...\",\"potentialAction\":[{\"@type\":\"SearchAction\",\"target\":{\"@type\":\"EntryPoint\",\"urlTemplate\":\"https:\/\/www.cuberyfragrance.com\/fr\/?s={search_term_string}\"},\"query-input\":{\"@type\":\"PropertyValueSpecification\",\"valueRequired\":true,\"valueName\":\"search_term_string\"}}],\"inLanguage\":\"fr-FR\"}]}<\/script>\n<!-- \/ Yoast SEO plugin. -->","yoast_head_json":{"title":"SAVON TRIPLE CICATRISANT - CUBERY FRAGRANCE","robots":{"index":"index","follow":"follow","max-snippet":"max-snippet:-1","max-image-preview":"max-image-preview:large","max-video-preview":"max-video-preview:-1"},"canonical":"https:\/\/www.cuberyfragrance.com\/fr\/shop\/savons-vegan\/triple-healing-soap\/","og_locale":"fr_FR","og_type":"article","og_title":"SAVON TRIPLE CICATRISANT - CUBERY FRAGRANCE","og_description":"Ingr\u00e9dients actifs : Huile d'olive, huile de coco, huile de palme et de palmiste durable, beurre de karit\u00e9, huile de ricin ainsi que l'huile de jojoba, l'huile d'argan, l'huile d'avocat, l'huile d'amande douce, l'huile de p\u00e9pins de raisin et l'huile de noyau d'abricot comme huiles porteuses, et les huiles essentielles de curcuma et de gingembre. Du miel, de la poudre de curcuma, de la poudre de gingembre et de l'argile kaolin comme additifs (veuillez consulter l'annexe 1 pour plus d'informations).","og_url":"https:\/\/www.cuberyfragrance.com\/fr\/shop\/savons-vegan\/triple-healing-soap\/","og_site_name":"CUBERY FRAGRANCE","article_modified_time":"2024-04-28T05:15:41+00:00","og_image":[{"width":900,"height":600,"url":"https:\/\/www.cuberyfragrance.com\/wp-content\/uploads\/2021\/10\/IMG_4110-TRIPLE-HEALING-SOAP-2.jpg","type":"image\/jpeg"}],"twitter_card":"summary_large_image","twitter_misc":{"Dur\u00e9e de lecture estim\u00e9e":"1 minute"},"schema":{"@context":"https:\/\/schema.org","@graph":[{"@type":"WebPage","@id":"https:\/\/www.cuberyfragrance.com\/fr\/shop\/savons-vegan\/triple-healing-soap\/","url":"https:\/\/www.cuberyfragrance.com\/fr\/shop\/savons-vegan\/triple-healing-soap\/","name":"SAVON TRIPLE CICATRISANT - CUBERY FRAGRANCE","isPartOf":{"@id":"https:\/\/www.cuberyfragrance.com\/fr\/#website"},"primaryImageOfPage":{"@id":"https:\/\/www.cuberyfragrance.com\/fr\/shop\/savons-vegan\/triple-healing-soap\/#primaryimage"},"image":{"@id":"https:\/\/www.cuberyfragrance.com\/fr\/shop\/savons-vegan\/triple-healing-soap\/#primaryimage"},"thumbnailUrl":"https:\/\/www.cuberyfragrance.com\/wp-content\/uploads\/2021\/10\/IMG_4110-TRIPLE-HEALING-SOAP-2.jpg","datePublished":"2021-10-16T20:54:39+00:00","dateModified":"2024-04-28T05:15:41+00:00","breadcrumb":{"@id":"https:\/\/www.cuberyfragrance.com\/fr\/shop\/savons-vegan\/triple-healing-soap\/#breadcrumb"},"inLanguage":"fr-FR","potentialAction":[{"@type":"ReadAction","target":["https:\/\/www.cuberyfragrance.com\/fr\/shop\/savons-vegan\/triple-healing-soap\/"]}]},{"@type":"ImageObject","inLanguage":"fr-FR","@id":"https:\/\/www.cuberyfragrance.com\/fr\/shop\/savons-vegan\/triple-healing-soap\/#primaryimage","url":"https:\/\/www.cuberyfragrance.com\/wp-content\/uploads\/2021\/10\/IMG_4110-TRIPLE-HEALING-SOAP-2.jpg","contentUrl":"https:\/\/www.cuberyfragrance.com\/wp-content\/uploads\/2021\/10\/IMG_4110-TRIPLE-HEALING-SOAP-2.jpg","width":900,"height":600},{"@type":"BreadcrumbList","@id":"https:\/\/www.cuberyfragrance.com\/fr\/shop\/savons-vegan\/triple-healing-soap\/#breadcrumb","itemListElement":[{"@type":"ListItem","position":1,"name":"Home","item":"https:\/\/www.cuberyfragrance.com\/fr\/"},{"@type":"ListItem","position":2,"name":"SHOP","item":"https:\/\/www.cuberyfragrance.com\/shop\/"},{"@type":"ListItem","position":3,"name":"SAVON TRIPLE CICATRISANT"}]},{"@type":"WebSite","@id":"https:\/\/www.cuberyfragrance.com\/fr\/#website","url":"https:\/\/www.cuberyfragrance.com\/fr\/","name":"CUBERY FRAGRANCE","description":"The Address of Naturalness and Health...","potentialAction":[{"@type":"SearchAction","target":{"@type":"EntryPoint","urlTemplate":"https:\/\/www.cuberyfragrance.com\/fr\/?s={search_term_string}"},"query-input":{"@type":"PropertyValueSpecification","valueRequired":true,"valueName":"search_term_string"}}],"inLanguage":"fr-FR"}]}},"jetpack_sharing_enabled":true,"_links":{"self":[{"href":"https:\/\/www.cuberyfragrance.com\/fr\/wp-json\/wp\/v2\/product\/3480"}],"collection":[{"href":"https:\/\/www.cuberyfragrance.com\/fr\/wp-json\/wp\/v2\/product"}],"about":[{"href":"https:\/\/www.cuberyfragrance.com\/fr\/wp-json\/wp\/v2\/types\/product"}],"replies":[{"embeddable":true,"href":"https:\/\/www.cuberyfragrance.com\/fr\/wp-json\/wp\/v2\/comments?post=3480"}],"wp:featuredmedia":[{"embeddable":true,"href":"https:\/\/www.cuberyfragrance.com\/fr\/wp-json\/wp\/v2\/media\/7072"}],"wp:attachment":[{"href":"https:\/\/www.cuberyfragrance.com\/fr\/wp-json\/wp\/v2\/media?parent=3480"}],"wp:term":[{"taxonomy":"product_brand","embeddable":true,"href":"https:\/\/www.cuberyfragrance.com\/fr\/wp-json\/wp\/v2\/product_brand?post=3480"},{"taxonomy":"product_cat","embeddable":true,"href":"https:\/\/www.cuberyfragrance.com\/fr\/wp-json\/wp\/v2\/product_cat?post=3480"},{"taxonomy":"product_tag","embeddable":true,"href":"https:\/\/www.cuberyfragrance.com\/fr\/wp-json\/wp\/v2\/product_tag?post=3480"}],"curies":[{"name":"wp","href":"https:\/\/api.w.org\/{rel}","templated":true}]}}