{"id":3478,"date":"2021-11-23T03:19:23","date_gmt":"2021-11-23T03:19:23","guid":{"rendered":"https:\/\/www.cuberyfragrance.com\/product\/apricot-with-goat-milk-soap\/"},"modified":"2024-04-28T05:16:56","modified_gmt":"2024-04-28T05:16:56","slug":"apricot-with-goat-milk-soap","status":"publish","type":"product","link":"https:\/\/www.cuberyfragrance.com\/fr\/shop\/savon-non-vegan\/apricot-with-goat-milk-soap\/","title":{"rendered":"SAVON AU LAIT DE CH\u00c8VRE ET \u00c0 L&rsquo;ABRICOT"},"content":{"rendered":"<p>D\u00e9couvrez notre savon \u00e0 l&rsquo;abricot avec du lait de ch\u00e8vre, une combinaison exquise pour prendre soin de votre peau. Formul\u00e9 avec soin, ce savon offre une exp\u00e9rience de soin luxueuse.<\/p>\n<p>L&rsquo;huile d&rsquo;olive extra vierge, l&rsquo;huile de coco, l&rsquo;huile de noyau de palme, l&rsquo;huile de noyau d&rsquo;abricot, le beurre de karit\u00e9 et l&rsquo;huile de ricin sont les ingr\u00e9dients de base de notre savon, connus pour leurs propri\u00e9t\u00e9s nourrissantes et hydratantes. Ils aident \u00e0 maintenir la peau douce, souple et hydrat\u00e9e.<\/p>\n<p>Pour une hydratation et une nutrition suppl\u00e9mentaires, nous avons inclus des huiles porteuses pr\u00e9cieuses telles que l&rsquo;huile d&rsquo;avocat, l&rsquo;huile de jojoba, l&rsquo;huile d&rsquo;aloe vera, l&rsquo;huile d&rsquo;argan, l&rsquo;huile de tamanu et l&rsquo;huile d&rsquo;amande douce. Ces huiles riches en nutriments p\u00e9n\u00e8trent en profondeur dans la peau, lui apportant une hydratation et une nutrition optimales.<\/p>\n<p>Le lait de ch\u00e8vre frais et non pasteuris\u00e9 est un ingr\u00e9dient doux et nourrissant pour la peau. Il est riche en vitamines, min\u00e9raux et acides gras, qui aident \u00e0 apaiser et \u00e0 adoucir la peau tout en la maintenant hydrat\u00e9e.<\/p>\n<p>Le parfum d&rsquo;abricot et l&rsquo;huile essentielle de citronnelle conf\u00e8rent \u00e0 notre savon une fragrance rafra\u00eechissante et revitalisante. Ces ingr\u00e9dients apportent \u00e9galement des bienfaits pour la peau, aidant \u00e0 \u00e9quilibrer et \u00e0 rafra\u00eechir l&rsquo;apparence.<\/p>\n<p>Nous avons \u00e9galement ajout\u00e9 de l&rsquo;argile kaolin, de la vitamine E et du mica pour leurs propri\u00e9t\u00e9s purifiantes, nourrissantes et embellissantes.<\/p>\n<p>Le savon \u00e0 l&rsquo;abricot avec du lait de ch\u00e8vre est pr\u00e9sent\u00e9 dans un format pratique de 4 oz, id\u00e9al pour une utilisation quotidienne. Offrez \u00e0 votre peau une exp\u00e9rience de soin luxueuse avec notre savon \u00e0 l&rsquo;abricot avec du lait de ch\u00e8vre et d\u00e9couvrez une peau douce, nourrie et \u00e9clatante de sant\u00e9.<\/p>\n","protected":false},"excerpt":{"rendered":"<p><strong>Ingr\u00e9dients Actifs<\/strong><strong>:<\/strong> Huile d&rsquo;olive extra vierge, Huile de noix de coco, Huile de palmiste, Huile de noyau d&rsquo;abricot, Beurre de karit\u00e9, Huile de ricin ainsi que l\u2019huile d&rsquo;avocat, l\u2019huile de jojoba, l\u2019huile d&rsquo;aloe vera, l\u2019huile d&rsquo;argan, l\u2019huile de tamanu et l\u2019huile d&rsquo;amande douce comme huiles porteuses. Lait de ch\u00e8vre (frais, cru), L&rsquo;abricot parfum\u00e9 et Huile essentielle de citronnelle. Argile de kaolin, Vitamine E et Mica comme additifs. Poids 4 OZ<\/p>\n","protected":false},"featured_media":6771,"comment_status":"open","ping_status":"closed","template":"","meta":[],"product_brand":[],"product_cat":[106],"product_tag":[],"class_list":{"0":"post-3478","1":"product","2":"type-product","3":"status-publish","4":"has-post-thumbnail","6":"product_cat-savon-non-vegan","8":"first","9":"instock","10":"shipping-taxable","11":"purchasable","12":"product-type-simple"},"yoast_head":"<!-- This site is optimized with the Yoast SEO plugin v25.6 - https:\/\/yoast.com\/wordpress\/plugins\/seo\/ -->\n<title>SAVON AU LAIT DE CH\u00c8VRE ET \u00c0 L&#039;ABRICOT - CUBERY FRAGRANCE<\/title>\n<meta name=\"robots\" content=\"index, follow, max-snippet:-1, max-image-preview:large, max-video-preview:-1\" \/>\n<link rel=\"canonical\" href=\"https:\/\/www.cuberyfragrance.com\/fr\/shop\/savon-non-vegan\/apricot-with-goat-milk-soap\/\" \/>\n<meta property=\"og:locale\" content=\"fr_FR\" \/>\n<meta property=\"og:type\" content=\"article\" \/>\n<meta property=\"og:title\" content=\"SAVON AU LAIT DE CH\u00c8VRE ET \u00c0 L&#039;ABRICOT - CUBERY FRAGRANCE\" \/>\n<meta property=\"og:description\" content=\"Ingr\u00e9dients Actifs: Huile d&#039;olive extra vierge, Huile de noix de coco, Huile de palmiste, Huile de noyau d&#039;abricot, Beurre de karit\u00e9, Huile de ricin ainsi que l\u2019huile d&#039;avocat, l\u2019huile de jojoba, l\u2019huile d&#039;aloe vera, l\u2019huile d&#039;argan, l\u2019huile de tamanu et l\u2019huile d&#039;amande douce comme huiles porteuses. Lait de ch\u00e8vre (frais, cru), L&#039;abricot parfum\u00e9 et Huile essentielle de citronnelle. Argile de kaolin, Vitamine E et Mica comme additifs. Poids 4 OZ\" \/>\n<meta property=\"og:url\" content=\"https:\/\/www.cuberyfragrance.com\/fr\/shop\/savon-non-vegan\/apricot-with-goat-milk-soap\/\" \/>\n<meta property=\"og:site_name\" content=\"CUBERY FRAGRANCE\" \/>\n<meta property=\"article:modified_time\" content=\"2024-04-28T05:16:56+00:00\" \/>\n<meta property=\"og:image\" content=\"https:\/\/www.cuberyfragrance.com\/wp-content\/uploads\/2021\/11\/IMG_4133-APRICOT-with-GOAT-MILK-SOAP-3.jpg\" \/>\n\t<meta property=\"og:image:width\" content=\"900\" \/>\n\t<meta property=\"og:image:height\" content=\"600\" \/>\n\t<meta property=\"og:image:type\" content=\"image\/jpeg\" \/>\n<meta name=\"twitter:card\" content=\"summary_large_image\" \/>\n<meta name=\"twitter:label1\" content=\"Dur\u00e9e de lecture estim\u00e9e\" \/>\n\t<meta name=\"twitter:data1\" content=\"1 minute\" \/>\n<script type=\"application\/ld+json\" class=\"yoast-schema-graph\">{\"@context\":\"https:\/\/schema.org\",\"@graph\":[{\"@type\":\"WebPage\",\"@id\":\"https:\/\/www.cuberyfragrance.com\/fr\/shop\/savon-non-vegan\/apricot-with-goat-milk-soap\/\",\"url\":\"https:\/\/www.cuberyfragrance.com\/fr\/shop\/savon-non-vegan\/apricot-with-goat-milk-soap\/\",\"name\":\"SAVON AU LAIT DE CH\u00c8VRE ET \u00c0 L'ABRICOT - CUBERY FRAGRANCE\",\"isPartOf\":{\"@id\":\"https:\/\/www.cuberyfragrance.com\/fr\/#website\"},\"primaryImageOfPage\":{\"@id\":\"https:\/\/www.cuberyfragrance.com\/fr\/shop\/savon-non-vegan\/apricot-with-goat-milk-soap\/#primaryimage\"},\"image\":{\"@id\":\"https:\/\/www.cuberyfragrance.com\/fr\/shop\/savon-non-vegan\/apricot-with-goat-milk-soap\/#primaryimage\"},\"thumbnailUrl\":\"https:\/\/www.cuberyfragrance.com\/wp-content\/uploads\/2021\/11\/IMG_4133-APRICOT-with-GOAT-MILK-SOAP-3.jpg\",\"datePublished\":\"2021-11-23T03:19:23+00:00\",\"dateModified\":\"2024-04-28T05:16:56+00:00\",\"breadcrumb\":{\"@id\":\"https:\/\/www.cuberyfragrance.com\/fr\/shop\/savon-non-vegan\/apricot-with-goat-milk-soap\/#breadcrumb\"},\"inLanguage\":\"fr-FR\",\"potentialAction\":[{\"@type\":\"ReadAction\",\"target\":[\"https:\/\/www.cuberyfragrance.com\/fr\/shop\/savon-non-vegan\/apricot-with-goat-milk-soap\/\"]}]},{\"@type\":\"ImageObject\",\"inLanguage\":\"fr-FR\",\"@id\":\"https:\/\/www.cuberyfragrance.com\/fr\/shop\/savon-non-vegan\/apricot-with-goat-milk-soap\/#primaryimage\",\"url\":\"https:\/\/www.cuberyfragrance.com\/wp-content\/uploads\/2021\/11\/IMG_4133-APRICOT-with-GOAT-MILK-SOAP-3.jpg\",\"contentUrl\":\"https:\/\/www.cuberyfragrance.com\/wp-content\/uploads\/2021\/11\/IMG_4133-APRICOT-with-GOAT-MILK-SOAP-3.jpg\",\"width\":900,\"height\":600},{\"@type\":\"BreadcrumbList\",\"@id\":\"https:\/\/www.cuberyfragrance.com\/fr\/shop\/savon-non-vegan\/apricot-with-goat-milk-soap\/#breadcrumb\",\"itemListElement\":[{\"@type\":\"ListItem\",\"position\":1,\"name\":\"Home\",\"item\":\"https:\/\/www.cuberyfragrance.com\/fr\/\"},{\"@type\":\"ListItem\",\"position\":2,\"name\":\"SHOP\",\"item\":\"https:\/\/www.cuberyfragrance.com\/shop\/\"},{\"@type\":\"ListItem\",\"position\":3,\"name\":\"SAVON AU LAIT DE CH\u00c8VRE ET \u00c0 L&#8217;ABRICOT\"}]},{\"@type\":\"WebSite\",\"@id\":\"https:\/\/www.cuberyfragrance.com\/fr\/#website\",\"url\":\"https:\/\/www.cuberyfragrance.com\/fr\/\",\"name\":\"CUBERY FRAGRANCE\",\"description\":\"The Address of Naturalness and Health...\",\"potentialAction\":[{\"@type\":\"SearchAction\",\"target\":{\"@type\":\"EntryPoint\",\"urlTemplate\":\"https:\/\/www.cuberyfragrance.com\/fr\/?s={search_term_string}\"},\"query-input\":{\"@type\":\"PropertyValueSpecification\",\"valueRequired\":true,\"valueName\":\"search_term_string\"}}],\"inLanguage\":\"fr-FR\"}]}<\/script>\n<!-- \/ Yoast SEO plugin. -->","yoast_head_json":{"title":"SAVON AU LAIT DE CH\u00c8VRE ET \u00c0 L'ABRICOT - CUBERY FRAGRANCE","robots":{"index":"index","follow":"follow","max-snippet":"max-snippet:-1","max-image-preview":"max-image-preview:large","max-video-preview":"max-video-preview:-1"},"canonical":"https:\/\/www.cuberyfragrance.com\/fr\/shop\/savon-non-vegan\/apricot-with-goat-milk-soap\/","og_locale":"fr_FR","og_type":"article","og_title":"SAVON AU LAIT DE CH\u00c8VRE ET \u00c0 L'ABRICOT - CUBERY FRAGRANCE","og_description":"Ingr\u00e9dients Actifs: Huile d'olive extra vierge, Huile de noix de coco, Huile de palmiste, Huile de noyau d'abricot, Beurre de karit\u00e9, Huile de ricin ainsi que l\u2019huile d'avocat, l\u2019huile de jojoba, l\u2019huile d'aloe vera, l\u2019huile d'argan, l\u2019huile de tamanu et l\u2019huile d'amande douce comme huiles porteuses. Lait de ch\u00e8vre (frais, cru), L'abricot parfum\u00e9 et Huile essentielle de citronnelle. Argile de kaolin, Vitamine E et Mica comme additifs. Poids 4 OZ","og_url":"https:\/\/www.cuberyfragrance.com\/fr\/shop\/savon-non-vegan\/apricot-with-goat-milk-soap\/","og_site_name":"CUBERY FRAGRANCE","article_modified_time":"2024-04-28T05:16:56+00:00","og_image":[{"width":900,"height":600,"url":"https:\/\/www.cuberyfragrance.com\/wp-content\/uploads\/2021\/11\/IMG_4133-APRICOT-with-GOAT-MILK-SOAP-3.jpg","type":"image\/jpeg"}],"twitter_card":"summary_large_image","twitter_misc":{"Dur\u00e9e de lecture estim\u00e9e":"1 minute"},"schema":{"@context":"https:\/\/schema.org","@graph":[{"@type":"WebPage","@id":"https:\/\/www.cuberyfragrance.com\/fr\/shop\/savon-non-vegan\/apricot-with-goat-milk-soap\/","url":"https:\/\/www.cuberyfragrance.com\/fr\/shop\/savon-non-vegan\/apricot-with-goat-milk-soap\/","name":"SAVON AU LAIT DE CH\u00c8VRE ET \u00c0 L'ABRICOT - CUBERY FRAGRANCE","isPartOf":{"@id":"https:\/\/www.cuberyfragrance.com\/fr\/#website"},"primaryImageOfPage":{"@id":"https:\/\/www.cuberyfragrance.com\/fr\/shop\/savon-non-vegan\/apricot-with-goat-milk-soap\/#primaryimage"},"image":{"@id":"https:\/\/www.cuberyfragrance.com\/fr\/shop\/savon-non-vegan\/apricot-with-goat-milk-soap\/#primaryimage"},"thumbnailUrl":"https:\/\/www.cuberyfragrance.com\/wp-content\/uploads\/2021\/11\/IMG_4133-APRICOT-with-GOAT-MILK-SOAP-3.jpg","datePublished":"2021-11-23T03:19:23+00:00","dateModified":"2024-04-28T05:16:56+00:00","breadcrumb":{"@id":"https:\/\/www.cuberyfragrance.com\/fr\/shop\/savon-non-vegan\/apricot-with-goat-milk-soap\/#breadcrumb"},"inLanguage":"fr-FR","potentialAction":[{"@type":"ReadAction","target":["https:\/\/www.cuberyfragrance.com\/fr\/shop\/savon-non-vegan\/apricot-with-goat-milk-soap\/"]}]},{"@type":"ImageObject","inLanguage":"fr-FR","@id":"https:\/\/www.cuberyfragrance.com\/fr\/shop\/savon-non-vegan\/apricot-with-goat-milk-soap\/#primaryimage","url":"https:\/\/www.cuberyfragrance.com\/wp-content\/uploads\/2021\/11\/IMG_4133-APRICOT-with-GOAT-MILK-SOAP-3.jpg","contentUrl":"https:\/\/www.cuberyfragrance.com\/wp-content\/uploads\/2021\/11\/IMG_4133-APRICOT-with-GOAT-MILK-SOAP-3.jpg","width":900,"height":600},{"@type":"BreadcrumbList","@id":"https:\/\/www.cuberyfragrance.com\/fr\/shop\/savon-non-vegan\/apricot-with-goat-milk-soap\/#breadcrumb","itemListElement":[{"@type":"ListItem","position":1,"name":"Home","item":"https:\/\/www.cuberyfragrance.com\/fr\/"},{"@type":"ListItem","position":2,"name":"SHOP","item":"https:\/\/www.cuberyfragrance.com\/shop\/"},{"@type":"ListItem","position":3,"name":"SAVON AU LAIT DE CH\u00c8VRE ET \u00c0 L&#8217;ABRICOT"}]},{"@type":"WebSite","@id":"https:\/\/www.cuberyfragrance.com\/fr\/#website","url":"https:\/\/www.cuberyfragrance.com\/fr\/","name":"CUBERY FRAGRANCE","description":"The Address of Naturalness and Health...","potentialAction":[{"@type":"SearchAction","target":{"@type":"EntryPoint","urlTemplate":"https:\/\/www.cuberyfragrance.com\/fr\/?s={search_term_string}"},"query-input":{"@type":"PropertyValueSpecification","valueRequired":true,"valueName":"search_term_string"}}],"inLanguage":"fr-FR"}]}},"jetpack_sharing_enabled":true,"_links":{"self":[{"href":"https:\/\/www.cuberyfragrance.com\/fr\/wp-json\/wp\/v2\/product\/3478"}],"collection":[{"href":"https:\/\/www.cuberyfragrance.com\/fr\/wp-json\/wp\/v2\/product"}],"about":[{"href":"https:\/\/www.cuberyfragrance.com\/fr\/wp-json\/wp\/v2\/types\/product"}],"replies":[{"embeddable":true,"href":"https:\/\/www.cuberyfragrance.com\/fr\/wp-json\/wp\/v2\/comments?post=3478"}],"wp:featuredmedia":[{"embeddable":true,"href":"https:\/\/www.cuberyfragrance.com\/fr\/wp-json\/wp\/v2\/media\/6771"}],"wp:attachment":[{"href":"https:\/\/www.cuberyfragrance.com\/fr\/wp-json\/wp\/v2\/media?parent=3478"}],"wp:term":[{"taxonomy":"product_brand","embeddable":true,"href":"https:\/\/www.cuberyfragrance.com\/fr\/wp-json\/wp\/v2\/product_brand?post=3478"},{"taxonomy":"product_cat","embeddable":true,"href":"https:\/\/www.cuberyfragrance.com\/fr\/wp-json\/wp\/v2\/product_cat?post=3478"},{"taxonomy":"product_tag","embeddable":true,"href":"https:\/\/www.cuberyfragrance.com\/fr\/wp-json\/wp\/v2\/product_tag?post=3478"}],"curies":[{"name":"wp","href":"https:\/\/api.w.org\/{rel}","templated":true}]}}