{"id":3475,"date":"2021-11-23T03:25:01","date_gmt":"2021-11-23T03:25:01","guid":{"rendered":"https:\/\/www.cuberyfragrance.com\/product\/calendula-with-goat-milk-soap\/"},"modified":"2024-04-28T05:17:37","modified_gmt":"2024-04-28T05:17:37","slug":"calendula-with-goat-milk-soap","status":"publish","type":"product","link":"https:\/\/www.cuberyfragrance.com\/fr\/shop\/non class\u00e9\/calendula-with-goat-milk-soap\/","title":{"rendered":"SAVON AU LAIT DE CH\u00c8VRE ET AU CALENDULA"},"content":{"rendered":"<div class=\"group w-full text-gray-800 dark:text-gray-100 border-b border-black\/10 dark:border-gray-900\/50 bg-gray-50 dark:bg-[#444654]\">\n<div class=\"flex p-4 gap-4 text-base md:gap-6 md:max-w-2xl lg:max-w-xl xl:max-w-3xl md:py-6 lg:px-0 m-auto\">\n<div class=\"relative flex w-[calc(100%-50px)] flex-col gap-1 md:gap-3 lg:w-[calc(100%-115px)]\">\n<div class=\"flex flex-grow flex-col gap-3\">\n<div class=\"min-h-[20px] flex flex-col items-start gap-4 whitespace-pre-wrap break-words\">\n<div class=\"markdown prose w-full break-words dark:prose-invert light\">\n<p>D\u00e9couvrez notre savon au calendula avec du lait de ch\u00e8vre, une combinaison parfaite pour choyer votre peau. Formul\u00e9 avec soin, ce savon offre une exp\u00e9rience de soin exceptionnelle.<\/p>\n<p>Le calendula, connu pour ses propri\u00e9t\u00e9s apaisantes et r\u00e9g\u00e9n\u00e9rantes, est l&rsquo;ingr\u00e9dient cl\u00e9 de notre savon. Associ\u00e9 \u00e0 l&rsquo;huile d&rsquo;olive extra vierge, l&rsquo;huile de coco, l&rsquo;huile de noyau de palme, l&rsquo;huile de calendula, le beurre de karit\u00e9, l&rsquo;huile de ricin et l&rsquo;huile de millepertuis, il nourrit et hydrate la peau en profondeur.<\/p>\n<p>Pour une hydratation suppl\u00e9mentaire, nous avons inclus des huiles porteuses telles que l&rsquo;huile d&rsquo;avocat, l&rsquo;huile de jojoba, l&rsquo;huile d&rsquo;aloe vera, l&rsquo;huile de noyau d&rsquo;abricot, l&rsquo;huile d&rsquo;argan, l&rsquo;huile de tamanu et l&rsquo;huile d&rsquo;amande douce. Ces huiles riches en nutriments aident \u00e0 maintenir l&rsquo;\u00e9quilibre hydrique de la peau et lui donnent un aspect sain et \u00e9clatant.<\/p>\n<p>Le lait de ch\u00e8vre frais et non pasteuris\u00e9 est un ingr\u00e9dient exceptionnellement nourrissant pour la peau. Il contient des vitamines, des min\u00e9raux et des acides gras qui aident \u00e0 apaiser et adoucir la peau tout en lui procurant une hydratation en profondeur.<\/p>\n<p>Pour une exp\u00e9rience sensorielle relaxante, notre savon est parfum\u00e9 \u00e0 l&rsquo;huile essentielle de lavande, qui offre une fragrance d\u00e9licate et apaisante. De plus, la fragrance Forest Magic, l&rsquo;argile kaolin, la vitamine E et le mica sont ajout\u00e9s pour leurs propri\u00e9t\u00e9s revitalisantes, purifiantes et embellissantes.<\/p>\n<p>Le savon au calendula avec du lait de ch\u00e8vre est pr\u00e9sent\u00e9 dans un format pratique de 4 oz, id\u00e9al pour une utilisation quotidienne. Offrez \u00e0 votre peau les soins qu&rsquo;elle m\u00e9rite avec notre savon au calendula avec du lait de ch\u00e8vre et d\u00e9couvrez une peau douce et radieuse de sant\u00e9.<\/p>\n<\/div>\n<\/div>\n<\/div>\n<div class=\"flex justify-between lg:block\">\n<div class=\"text-xs flex items-center justify-center gap-1 self-center pt-2 !invisible\"><\/div>\n<div class=\"text-gray-400 flex self-end lg:self-center justify-center mt-2 gap-2 md:gap-3 lg:gap-1 lg:absolute lg:top-0 lg:translate-x-full lg:right-0 lg:mt-0 lg:pl-2 visible\">\n<p>&nbsp;<\/p>\n<div class=\"flex gap-1\"><\/div>\n<\/div>\n<\/div>\n<\/div>\n<\/div>\n<\/div>\n<div class=\"group w-full text-gray-800 dark:text-gray-100 border-b border-black\/10 dark:border-gray-900\/50 dark:bg-gray-800\">\n<div class=\"flex p-4 gap-4 text-base md:gap-6 md:max-w-2xl lg:max-w-xl xl:max-w-3xl md:py-6 lg:px-0 m-auto\">\n<div class=\"flex-shrink-0 flex flex-col relative items-end\">\n<div class=\"w-[30px]\">\n<div class=\"relative flex\"><\/div>\n<\/div>\n<\/div>\n<\/div>\n<\/div>\n","protected":false},"excerpt":{"rendered":"<p><strong>Ingr\u00e9dients Actifs<\/strong><strong> :<\/strong> Aqua, Huile d&rsquo;olive extra vierge, Huile de noix de coco, Huile de palmiste, Huile de calendula, Beurre de karit\u00e9, Huile de ricin, Huile de millepertuis commun ainsi que l\u2019huile d&rsquo;avocat, l\u2019huile de jojoba, l\u2019huile d&rsquo;aloe-vera, l\u2019huile de noyau d&rsquo;abricot, l\u2019huile d&rsquo;argan, l\u2019huile de tamanu, l\u2019huile d&rsquo;amande douce comme huiles porteuses. Lait de ch\u00e8vre (frais, cru) et Huile essentielle de lavande. Magie de la for\u00eat parfum\u00e9e, Argile de kaolin, Vitamine E et Mica comme additifs. Poids 4 OZ<\/p>\n","protected":false},"featured_media":4544,"comment_status":"open","ping_status":"closed","template":"","meta":[],"product_brand":[],"product_cat":[],"product_tag":[],"class_list":{"0":"post-3475","1":"product","2":"type-product","3":"status-publish","4":"has-post-thumbnail","7":"first","8":"instock","9":"shipping-taxable","10":"purchasable","11":"product-type-simple"},"yoast_head":"<!-- This site is optimized with the Yoast SEO plugin v25.6 - https:\/\/yoast.com\/wordpress\/plugins\/seo\/ -->\n<title>SAVON AU LAIT DE CH\u00c8VRE ET AU CALENDULA - CUBERY FRAGRANCE<\/title>\n<meta name=\"robots\" content=\"index, follow, max-snippet:-1, max-image-preview:large, max-video-preview:-1\" \/>\n<link rel=\"canonical\" href=\"https:\/\/www.cuberyfragrance.com\/fr\/shop\/savon-non-vegan\/calendula-with-goat-milk-soap\/\" \/>\n<meta property=\"og:locale\" content=\"fr_FR\" \/>\n<meta property=\"og:type\" content=\"article\" \/>\n<meta property=\"og:title\" content=\"SAVON AU LAIT DE CH\u00c8VRE ET AU CALENDULA - CUBERY FRAGRANCE\" \/>\n<meta property=\"og:description\" content=\"Ingr\u00e9dients Actifs : Aqua, Huile d&#039;olive extra vierge, Huile de noix de coco, Huile de palmiste, Huile de calendula, Beurre de karit\u00e9, Huile de ricin, Huile de millepertuis commun ainsi que l\u2019huile d&#039;avocat, l\u2019huile de jojoba, l\u2019huile d&#039;aloe-vera, l\u2019huile de noyau d&#039;abricot, l\u2019huile d&#039;argan, l\u2019huile de tamanu, l\u2019huile d&#039;amande douce comme huiles porteuses. Lait de ch\u00e8vre (frais, cru) et Huile essentielle de lavande. Magie de la for\u00eat parfum\u00e9e, Argile de kaolin, Vitamine E et Mica comme additifs. Poids 4 OZ\" \/>\n<meta property=\"og:url\" content=\"https:\/\/www.cuberyfragrance.com\/fr\/shop\/savon-non-vegan\/calendula-with-goat-milk-soap\/\" \/>\n<meta property=\"og:site_name\" content=\"CUBERY FRAGRANCE\" \/>\n<meta property=\"article:modified_time\" content=\"2024-04-28T05:17:37+00:00\" \/>\n<meta property=\"og:image\" content=\"https:\/\/www.cuberyfragrance.com\/wp-content\/uploads\/2021\/11\/IMG_4073-CALENDULA-with-GOAT-MILK-SOAP.jpg\" \/>\n\t<meta property=\"og:image:width\" content=\"900\" \/>\n\t<meta property=\"og:image:height\" content=\"600\" \/>\n\t<meta property=\"og:image:type\" content=\"image\/jpeg\" \/>\n<meta name=\"twitter:card\" content=\"summary_large_image\" \/>\n<meta name=\"twitter:label1\" content=\"Dur\u00e9e de lecture estim\u00e9e\" \/>\n\t<meta name=\"twitter:data1\" content=\"1 minute\" \/>\n<script type=\"application\/ld+json\" class=\"yoast-schema-graph\">{\"@context\":\"https:\/\/schema.org\",\"@graph\":[{\"@type\":\"WebPage\",\"@id\":\"https:\/\/www.cuberyfragrance.com\/fr\/shop\/savon-non-vegan\/calendula-with-goat-milk-soap\/\",\"url\":\"https:\/\/www.cuberyfragrance.com\/fr\/shop\/savon-non-vegan\/calendula-with-goat-milk-soap\/\",\"name\":\"SAVON AU LAIT DE CH\u00c8VRE ET AU CALENDULA - CUBERY FRAGRANCE\",\"isPartOf\":{\"@id\":\"https:\/\/www.cuberyfragrance.com\/fr\/#website\"},\"primaryImageOfPage\":{\"@id\":\"https:\/\/www.cuberyfragrance.com\/fr\/shop\/savon-non-vegan\/calendula-with-goat-milk-soap\/#primaryimage\"},\"image\":{\"@id\":\"https:\/\/www.cuberyfragrance.com\/fr\/shop\/savon-non-vegan\/calendula-with-goat-milk-soap\/#primaryimage\"},\"thumbnailUrl\":\"https:\/\/www.cuberyfragrance.com\/wp-content\/uploads\/2021\/11\/IMG_4073-CALENDULA-with-GOAT-MILK-SOAP.jpg\",\"datePublished\":\"2021-11-23T03:25:01+00:00\",\"dateModified\":\"2024-04-28T05:17:37+00:00\",\"breadcrumb\":{\"@id\":\"https:\/\/www.cuberyfragrance.com\/fr\/shop\/savon-non-vegan\/calendula-with-goat-milk-soap\/#breadcrumb\"},\"inLanguage\":\"fr-FR\",\"potentialAction\":[{\"@type\":\"ReadAction\",\"target\":[\"https:\/\/www.cuberyfragrance.com\/fr\/shop\/savon-non-vegan\/calendula-with-goat-milk-soap\/\"]}]},{\"@type\":\"ImageObject\",\"inLanguage\":\"fr-FR\",\"@id\":\"https:\/\/www.cuberyfragrance.com\/fr\/shop\/savon-non-vegan\/calendula-with-goat-milk-soap\/#primaryimage\",\"url\":\"https:\/\/www.cuberyfragrance.com\/wp-content\/uploads\/2021\/11\/IMG_4073-CALENDULA-with-GOAT-MILK-SOAP.jpg\",\"contentUrl\":\"https:\/\/www.cuberyfragrance.com\/wp-content\/uploads\/2021\/11\/IMG_4073-CALENDULA-with-GOAT-MILK-SOAP.jpg\",\"width\":900,\"height\":600},{\"@type\":\"BreadcrumbList\",\"@id\":\"https:\/\/www.cuberyfragrance.com\/fr\/shop\/savon-non-vegan\/calendula-with-goat-milk-soap\/#breadcrumb\",\"itemListElement\":[{\"@type\":\"ListItem\",\"position\":1,\"name\":\"Home\",\"item\":\"https:\/\/www.cuberyfragrance.com\/fr\/\"},{\"@type\":\"ListItem\",\"position\":2,\"name\":\"SHOP\",\"item\":\"https:\/\/www.cuberyfragrance.com\/shop\/\"},{\"@type\":\"ListItem\",\"position\":3,\"name\":\"SAVON AU LAIT DE CH\u00c8VRE ET AU CALENDULA\"}]},{\"@type\":\"WebSite\",\"@id\":\"https:\/\/www.cuberyfragrance.com\/fr\/#website\",\"url\":\"https:\/\/www.cuberyfragrance.com\/fr\/\",\"name\":\"CUBERY FRAGRANCE\",\"description\":\"The Address of Naturalness and Health...\",\"potentialAction\":[{\"@type\":\"SearchAction\",\"target\":{\"@type\":\"EntryPoint\",\"urlTemplate\":\"https:\/\/www.cuberyfragrance.com\/fr\/?s={search_term_string}\"},\"query-input\":{\"@type\":\"PropertyValueSpecification\",\"valueRequired\":true,\"valueName\":\"search_term_string\"}}],\"inLanguage\":\"fr-FR\"}]}<\/script>\n<!-- \/ Yoast SEO plugin. -->","yoast_head_json":{"title":"SAVON AU LAIT DE CH\u00c8VRE ET AU CALENDULA - CUBERY FRAGRANCE","robots":{"index":"index","follow":"follow","max-snippet":"max-snippet:-1","max-image-preview":"max-image-preview:large","max-video-preview":"max-video-preview:-1"},"canonical":"https:\/\/www.cuberyfragrance.com\/fr\/shop\/savon-non-vegan\/calendula-with-goat-milk-soap\/","og_locale":"fr_FR","og_type":"article","og_title":"SAVON AU LAIT DE CH\u00c8VRE ET AU CALENDULA - CUBERY FRAGRANCE","og_description":"Ingr\u00e9dients Actifs : Aqua, Huile d'olive extra vierge, Huile de noix de coco, Huile de palmiste, Huile de calendula, Beurre de karit\u00e9, Huile de ricin, Huile de millepertuis commun ainsi que l\u2019huile d'avocat, l\u2019huile de jojoba, l\u2019huile d'aloe-vera, l\u2019huile de noyau d'abricot, l\u2019huile d'argan, l\u2019huile de tamanu, l\u2019huile d'amande douce comme huiles porteuses. Lait de ch\u00e8vre (frais, cru) et Huile essentielle de lavande. Magie de la for\u00eat parfum\u00e9e, Argile de kaolin, Vitamine E et Mica comme additifs. Poids 4 OZ","og_url":"https:\/\/www.cuberyfragrance.com\/fr\/shop\/savon-non-vegan\/calendula-with-goat-milk-soap\/","og_site_name":"CUBERY FRAGRANCE","article_modified_time":"2024-04-28T05:17:37+00:00","og_image":[{"width":900,"height":600,"url":"https:\/\/www.cuberyfragrance.com\/wp-content\/uploads\/2021\/11\/IMG_4073-CALENDULA-with-GOAT-MILK-SOAP.jpg","type":"image\/jpeg"}],"twitter_card":"summary_large_image","twitter_misc":{"Dur\u00e9e de lecture estim\u00e9e":"1 minute"},"schema":{"@context":"https:\/\/schema.org","@graph":[{"@type":"WebPage","@id":"https:\/\/www.cuberyfragrance.com\/fr\/shop\/savon-non-vegan\/calendula-with-goat-milk-soap\/","url":"https:\/\/www.cuberyfragrance.com\/fr\/shop\/savon-non-vegan\/calendula-with-goat-milk-soap\/","name":"SAVON AU LAIT DE CH\u00c8VRE ET AU CALENDULA - CUBERY FRAGRANCE","isPartOf":{"@id":"https:\/\/www.cuberyfragrance.com\/fr\/#website"},"primaryImageOfPage":{"@id":"https:\/\/www.cuberyfragrance.com\/fr\/shop\/savon-non-vegan\/calendula-with-goat-milk-soap\/#primaryimage"},"image":{"@id":"https:\/\/www.cuberyfragrance.com\/fr\/shop\/savon-non-vegan\/calendula-with-goat-milk-soap\/#primaryimage"},"thumbnailUrl":"https:\/\/www.cuberyfragrance.com\/wp-content\/uploads\/2021\/11\/IMG_4073-CALENDULA-with-GOAT-MILK-SOAP.jpg","datePublished":"2021-11-23T03:25:01+00:00","dateModified":"2024-04-28T05:17:37+00:00","breadcrumb":{"@id":"https:\/\/www.cuberyfragrance.com\/fr\/shop\/savon-non-vegan\/calendula-with-goat-milk-soap\/#breadcrumb"},"inLanguage":"fr-FR","potentialAction":[{"@type":"ReadAction","target":["https:\/\/www.cuberyfragrance.com\/fr\/shop\/savon-non-vegan\/calendula-with-goat-milk-soap\/"]}]},{"@type":"ImageObject","inLanguage":"fr-FR","@id":"https:\/\/www.cuberyfragrance.com\/fr\/shop\/savon-non-vegan\/calendula-with-goat-milk-soap\/#primaryimage","url":"https:\/\/www.cuberyfragrance.com\/wp-content\/uploads\/2021\/11\/IMG_4073-CALENDULA-with-GOAT-MILK-SOAP.jpg","contentUrl":"https:\/\/www.cuberyfragrance.com\/wp-content\/uploads\/2021\/11\/IMG_4073-CALENDULA-with-GOAT-MILK-SOAP.jpg","width":900,"height":600},{"@type":"BreadcrumbList","@id":"https:\/\/www.cuberyfragrance.com\/fr\/shop\/savon-non-vegan\/calendula-with-goat-milk-soap\/#breadcrumb","itemListElement":[{"@type":"ListItem","position":1,"name":"Home","item":"https:\/\/www.cuberyfragrance.com\/fr\/"},{"@type":"ListItem","position":2,"name":"SHOP","item":"https:\/\/www.cuberyfragrance.com\/shop\/"},{"@type":"ListItem","position":3,"name":"SAVON AU LAIT DE CH\u00c8VRE ET AU CALENDULA"}]},{"@type":"WebSite","@id":"https:\/\/www.cuberyfragrance.com\/fr\/#website","url":"https:\/\/www.cuberyfragrance.com\/fr\/","name":"CUBERY FRAGRANCE","description":"The Address of Naturalness and Health...","potentialAction":[{"@type":"SearchAction","target":{"@type":"EntryPoint","urlTemplate":"https:\/\/www.cuberyfragrance.com\/fr\/?s={search_term_string}"},"query-input":{"@type":"PropertyValueSpecification","valueRequired":true,"valueName":"search_term_string"}}],"inLanguage":"fr-FR"}]}},"jetpack_sharing_enabled":true,"_links":{"self":[{"href":"https:\/\/www.cuberyfragrance.com\/fr\/wp-json\/wp\/v2\/product\/3475"}],"collection":[{"href":"https:\/\/www.cuberyfragrance.com\/fr\/wp-json\/wp\/v2\/product"}],"about":[{"href":"https:\/\/www.cuberyfragrance.com\/fr\/wp-json\/wp\/v2\/types\/product"}],"replies":[{"embeddable":true,"href":"https:\/\/www.cuberyfragrance.com\/fr\/wp-json\/wp\/v2\/comments?post=3475"}],"wp:featuredmedia":[{"embeddable":true,"href":"https:\/\/www.cuberyfragrance.com\/fr\/wp-json\/wp\/v2\/media\/4544"}],"wp:attachment":[{"href":"https:\/\/www.cuberyfragrance.com\/fr\/wp-json\/wp\/v2\/media?parent=3475"}],"wp:term":[{"taxonomy":"product_brand","embeddable":true,"href":"https:\/\/www.cuberyfragrance.com\/fr\/wp-json\/wp\/v2\/product_brand?post=3475"},{"taxonomy":"product_cat","embeddable":true,"href":"https:\/\/www.cuberyfragrance.com\/fr\/wp-json\/wp\/v2\/product_cat?post=3475"},{"taxonomy":"product_tag","embeddable":true,"href":"https:\/\/www.cuberyfragrance.com\/fr\/wp-json\/wp\/v2\/product_tag?post=3475"}],"curies":[{"name":"wp","href":"https:\/\/api.w.org\/{rel}","templated":true}]}}