{"id":3473,"date":"2021-11-23T03:28:18","date_gmt":"2021-11-23T03:28:18","guid":{"rendered":"https:\/\/www.cuberyfragrance.com\/product\/lavender-with-goat-milk-soap\/"},"modified":"2024-04-28T05:18:17","modified_gmt":"2024-04-28T05:18:17","slug":"lavender-with-goat-milk-soap","status":"publish","type":"product","link":"https:\/\/www.cuberyfragrance.com\/fr\/shop\/savon-non-vegan\/lavender-with-goat-milk-soap\/","title":{"rendered":"SAVON \u00c0 LA LAVANDE AU LAIT DE CH\u00c8VRE"},"content":{"rendered":"<div class=\"group w-full text-gray-800 dark:text-gray-100 border-b border-black\/10 dark:border-gray-900\/50 bg-gray-50 dark:bg-[#444654]\">\n<div class=\"flex p-4 gap-4 text-base md:gap-6 md:max-w-2xl lg:max-w-xl xl:max-w-3xl md:py-6 lg:px-0 m-auto\">\n<div class=\"relative flex w-[calc(100%-50px)] flex-col gap-1 md:gap-3 lg:w-[calc(100%-115px)]\">\n<div class=\"flex flex-grow flex-col gap-3\">\n<div class=\"min-h-[20px] flex flex-col items-start gap-4 whitespace-pre-wrap break-words\">\n<div class=\"markdown prose w-full break-words dark:prose-invert light\">\n<p>&nbsp;<\/p>\n<p>D\u00e9couvrez notre savon \u00e0 la lavande au lait de ch\u00e8vre, une combinaison apaisante pour votre peau. Ce savon contient de l&rsquo;eau, de l&rsquo;huile d&rsquo;olive extra vierge, de l&rsquo;huile de noix de coco, de l&rsquo;huile de noyau de palme, du beurre de karit\u00e9, de l&rsquo;huile de ricin ainsi que de l&rsquo;huile d&rsquo;avocat, d&rsquo;huile de jojoba, d&rsquo;huile d&rsquo;aloe vera, d&rsquo;huile de noyau d&rsquo;abricot, d&rsquo;huile d&rsquo;argan, d&rsquo;huile de tamanu et d&rsquo;huile d&rsquo;amande douce en tant qu&rsquo;huiles porteuses. Ces huiles riches et nourrissantes apportent des bienfaits hydratants et r\u00e9parateurs \u00e0 votre peau.<\/p>\n<p>Le lait de ch\u00e8vre frais et non transform\u00e9 est un ingr\u00e9dient cl\u00e9 de ce savon. Le lait de ch\u00e8vre est connu pour ses propri\u00e9t\u00e9s apaisantes et hydratantes. Il aide \u00e0 nourrir et \u00e0 adoucir la peau, tout en contribuant \u00e0 maintenir son \u00e9quilibre naturel.<\/p>\n<p>Nous avons ajout\u00e9 de l&rsquo;huile essentielle de lavande pour son parfum relaxant et ses propri\u00e9t\u00e9s apaisantes. La lavande est connue pour ses propri\u00e9t\u00e9s calmantes et r\u00e9g\u00e9n\u00e9rantes, aidant \u00e0 d\u00e9tendre l&rsquo;esprit et \u00e0 apaiser la peau.<\/p>\n<p>Pour am\u00e9liorer la texture et les propri\u00e9t\u00e9s du savon, nous avons inclus de l&rsquo;argile de kaolin, qui aide \u00e0 nettoyer en douceur la peau en \u00e9liminant les impuret\u00e9s. La vitamine E agit comme un antioxydant naturel pour prot\u00e9ger la peau des dommages environnementaux. Le mica est utilis\u00e9 pour apporter une l\u00e9g\u00e8re brillance au savon.<\/p>\n<p>Offrez-vous une exp\u00e9rience apaisante avec notre savon \u00e0 la lavande au lait de ch\u00e8vre. Profitez des bienfaits hydratants, apaisants et r\u00e9g\u00e9n\u00e9rants de ce savon naturellement enrichi. Retrouvez une peau douce, nourrie et d\u00e9licatement parfum\u00e9e gr\u00e2ce \u00e0 cette formule de qualit\u00e9.<\/p>\n<p>Poids : 4 OZ (environ 113 grammes)<\/p>\n<\/div>\n<\/div>\n<\/div>\n<div class=\"flex justify-between lg:block\">\n<div class=\"text-xs flex items-center justify-center gap-1 self-center pt-2 !invisible\"><\/div>\n<div class=\"text-gray-400 flex self-end lg:self-center justify-center mt-2 gap-2 md:gap-3 lg:gap-1 lg:absolute lg:top-0 lg:translate-x-full lg:right-0 lg:mt-0 lg:pl-2 visible\">\n<p>&nbsp;<\/p>\n<div class=\"flex gap-1\"><\/div>\n<\/div>\n<\/div>\n<\/div>\n<\/div>\n<\/div>\n<div class=\"group w-full text-gray-800 dark:text-gray-100 border-b border-black\/10 dark:border-gray-900\/50 dark:bg-gray-800\">\n<div class=\"flex p-4 gap-4 text-base md:gap-6 md:max-w-2xl lg:max-w-xl xl:max-w-3xl md:py-6 lg:px-0 m-auto\">\n<div class=\"flex-shrink-0 flex flex-col relative items-end\">\n<div class=\"w-[30px]\">\n<div class=\"relative flex\"><\/div>\n<\/div>\n<\/div>\n<\/div>\n<\/div>\n","protected":false},"excerpt":{"rendered":"<p><strong>Ingr\u00e9dients Actifs<\/strong><strong>:<\/strong> Aqua, Huile d&rsquo;olive extra vierge, Huile de noix de coco, Huile de palmiste, Beurre de karit\u00e9, Huile de ricin ainsi que l\u2019huile d&rsquo;avocat, l\u2019huile de jojoba, l\u2019huile d&rsquo;aloe-vera, l\u2019huile de noyau d&rsquo;abricot, l\u2019huile d&rsquo;argan, l\u2019huile de tamanu, l\u2019huile d&rsquo;amande douce comme huiles porteuses. Lait de ch\u00e8vre (frais, cru) et Huile essentielle de lavande. Argile de kaolin, Vitamine E et Mica comme additifs. Poids 4 OZ<\/p>\n","protected":false},"featured_media":6900,"comment_status":"open","ping_status":"closed","template":"","meta":[],"product_brand":[],"product_cat":[106],"product_tag":[],"class_list":{"0":"post-3473","1":"product","2":"type-product","3":"status-publish","4":"has-post-thumbnail","6":"product_cat-savon-non-vegan","8":"first","9":"instock","10":"shipping-taxable","11":"purchasable","12":"product-type-simple"},"yoast_head":"<!-- This site is optimized with the Yoast SEO plugin v25.6 - https:\/\/yoast.com\/wordpress\/plugins\/seo\/ -->\n<title>SAVON \u00c0 LA LAVANDE AU LAIT DE CH\u00c8VRE - CUBERY FRAGRANCE<\/title>\n<meta name=\"robots\" content=\"index, follow, max-snippet:-1, max-image-preview:large, max-video-preview:-1\" \/>\n<link rel=\"canonical\" href=\"https:\/\/www.cuberyfragrance.com\/fr\/shop\/savon-non-vegan\/lavender-with-goat-milk-soap\/\" \/>\n<meta property=\"og:locale\" content=\"fr_FR\" \/>\n<meta property=\"og:type\" content=\"article\" \/>\n<meta property=\"og:title\" content=\"SAVON \u00c0 LA LAVANDE AU LAIT DE CH\u00c8VRE - CUBERY FRAGRANCE\" \/>\n<meta property=\"og:description\" content=\"Ingr\u00e9dients Actifs: Aqua, Huile d&#039;olive extra vierge, Huile de noix de coco, Huile de palmiste, Beurre de karit\u00e9, Huile de ricin ainsi que l\u2019huile d&#039;avocat, l\u2019huile de jojoba, l\u2019huile d&#039;aloe-vera, l\u2019huile de noyau d&#039;abricot, l\u2019huile d&#039;argan, l\u2019huile de tamanu, l\u2019huile d&#039;amande douce comme huiles porteuses. Lait de ch\u00e8vre (frais, cru) et Huile essentielle de lavande. Argile de kaolin, Vitamine E et Mica comme additifs. Poids 4 OZ\" \/>\n<meta property=\"og:url\" content=\"https:\/\/www.cuberyfragrance.com\/fr\/shop\/savon-non-vegan\/lavender-with-goat-milk-soap\/\" \/>\n<meta property=\"og:site_name\" content=\"CUBERY FRAGRANCE\" \/>\n<meta property=\"article:modified_time\" content=\"2024-04-28T05:18:17+00:00\" \/>\n<meta property=\"og:image\" content=\"https:\/\/www.cuberyfragrance.com\/wp-content\/uploads\/2021\/11\/IMG_4099-LAVENDER-with-GOAT-MILK-SOAP-3.jpg\" \/>\n\t<meta property=\"og:image:width\" content=\"900\" \/>\n\t<meta property=\"og:image:height\" content=\"600\" \/>\n\t<meta property=\"og:image:type\" content=\"image\/jpeg\" \/>\n<meta name=\"twitter:card\" content=\"summary_large_image\" \/>\n<meta name=\"twitter:label1\" content=\"Dur\u00e9e de lecture estim\u00e9e\" \/>\n\t<meta name=\"twitter:data1\" content=\"1 minute\" \/>\n<script type=\"application\/ld+json\" class=\"yoast-schema-graph\">{\"@context\":\"https:\/\/schema.org\",\"@graph\":[{\"@type\":\"WebPage\",\"@id\":\"https:\/\/www.cuberyfragrance.com\/fr\/shop\/savon-non-vegan\/lavender-with-goat-milk-soap\/\",\"url\":\"https:\/\/www.cuberyfragrance.com\/fr\/shop\/savon-non-vegan\/lavender-with-goat-milk-soap\/\",\"name\":\"SAVON \u00c0 LA LAVANDE AU LAIT DE CH\u00c8VRE - CUBERY FRAGRANCE\",\"isPartOf\":{\"@id\":\"https:\/\/www.cuberyfragrance.com\/fr\/#website\"},\"primaryImageOfPage\":{\"@id\":\"https:\/\/www.cuberyfragrance.com\/fr\/shop\/savon-non-vegan\/lavender-with-goat-milk-soap\/#primaryimage\"},\"image\":{\"@id\":\"https:\/\/www.cuberyfragrance.com\/fr\/shop\/savon-non-vegan\/lavender-with-goat-milk-soap\/#primaryimage\"},\"thumbnailUrl\":\"https:\/\/www.cuberyfragrance.com\/wp-content\/uploads\/2021\/11\/IMG_4099-LAVENDER-with-GOAT-MILK-SOAP-3.jpg\",\"datePublished\":\"2021-11-23T03:28:18+00:00\",\"dateModified\":\"2024-04-28T05:18:17+00:00\",\"breadcrumb\":{\"@id\":\"https:\/\/www.cuberyfragrance.com\/fr\/shop\/savon-non-vegan\/lavender-with-goat-milk-soap\/#breadcrumb\"},\"inLanguage\":\"fr-FR\",\"potentialAction\":[{\"@type\":\"ReadAction\",\"target\":[\"https:\/\/www.cuberyfragrance.com\/fr\/shop\/savon-non-vegan\/lavender-with-goat-milk-soap\/\"]}]},{\"@type\":\"ImageObject\",\"inLanguage\":\"fr-FR\",\"@id\":\"https:\/\/www.cuberyfragrance.com\/fr\/shop\/savon-non-vegan\/lavender-with-goat-milk-soap\/#primaryimage\",\"url\":\"https:\/\/www.cuberyfragrance.com\/wp-content\/uploads\/2021\/11\/IMG_4099-LAVENDER-with-GOAT-MILK-SOAP-3.jpg\",\"contentUrl\":\"https:\/\/www.cuberyfragrance.com\/wp-content\/uploads\/2021\/11\/IMG_4099-LAVENDER-with-GOAT-MILK-SOAP-3.jpg\",\"width\":900,\"height\":600},{\"@type\":\"BreadcrumbList\",\"@id\":\"https:\/\/www.cuberyfragrance.com\/fr\/shop\/savon-non-vegan\/lavender-with-goat-milk-soap\/#breadcrumb\",\"itemListElement\":[{\"@type\":\"ListItem\",\"position\":1,\"name\":\"Home\",\"item\":\"https:\/\/www.cuberyfragrance.com\/fr\/\"},{\"@type\":\"ListItem\",\"position\":2,\"name\":\"SHOP\",\"item\":\"https:\/\/www.cuberyfragrance.com\/shop\/\"},{\"@type\":\"ListItem\",\"position\":3,\"name\":\"SAVON \u00c0 LA LAVANDE AU LAIT DE CH\u00c8VRE\"}]},{\"@type\":\"WebSite\",\"@id\":\"https:\/\/www.cuberyfragrance.com\/fr\/#website\",\"url\":\"https:\/\/www.cuberyfragrance.com\/fr\/\",\"name\":\"CUBERY FRAGRANCE\",\"description\":\"The Address of Naturalness and Health...\",\"potentialAction\":[{\"@type\":\"SearchAction\",\"target\":{\"@type\":\"EntryPoint\",\"urlTemplate\":\"https:\/\/www.cuberyfragrance.com\/fr\/?s={search_term_string}\"},\"query-input\":{\"@type\":\"PropertyValueSpecification\",\"valueRequired\":true,\"valueName\":\"search_term_string\"}}],\"inLanguage\":\"fr-FR\"}]}<\/script>\n<!-- \/ Yoast SEO plugin. -->","yoast_head_json":{"title":"SAVON \u00c0 LA LAVANDE AU LAIT DE CH\u00c8VRE - CUBERY FRAGRANCE","robots":{"index":"index","follow":"follow","max-snippet":"max-snippet:-1","max-image-preview":"max-image-preview:large","max-video-preview":"max-video-preview:-1"},"canonical":"https:\/\/www.cuberyfragrance.com\/fr\/shop\/savon-non-vegan\/lavender-with-goat-milk-soap\/","og_locale":"fr_FR","og_type":"article","og_title":"SAVON \u00c0 LA LAVANDE AU LAIT DE CH\u00c8VRE - CUBERY FRAGRANCE","og_description":"Ingr\u00e9dients Actifs: Aqua, Huile d'olive extra vierge, Huile de noix de coco, Huile de palmiste, Beurre de karit\u00e9, Huile de ricin ainsi que l\u2019huile d'avocat, l\u2019huile de jojoba, l\u2019huile d'aloe-vera, l\u2019huile de noyau d'abricot, l\u2019huile d'argan, l\u2019huile de tamanu, l\u2019huile d'amande douce comme huiles porteuses. Lait de ch\u00e8vre (frais, cru) et Huile essentielle de lavande. Argile de kaolin, Vitamine E et Mica comme additifs. Poids 4 OZ","og_url":"https:\/\/www.cuberyfragrance.com\/fr\/shop\/savon-non-vegan\/lavender-with-goat-milk-soap\/","og_site_name":"CUBERY FRAGRANCE","article_modified_time":"2024-04-28T05:18:17+00:00","og_image":[{"width":900,"height":600,"url":"https:\/\/www.cuberyfragrance.com\/wp-content\/uploads\/2021\/11\/IMG_4099-LAVENDER-with-GOAT-MILK-SOAP-3.jpg","type":"image\/jpeg"}],"twitter_card":"summary_large_image","twitter_misc":{"Dur\u00e9e de lecture estim\u00e9e":"1 minute"},"schema":{"@context":"https:\/\/schema.org","@graph":[{"@type":"WebPage","@id":"https:\/\/www.cuberyfragrance.com\/fr\/shop\/savon-non-vegan\/lavender-with-goat-milk-soap\/","url":"https:\/\/www.cuberyfragrance.com\/fr\/shop\/savon-non-vegan\/lavender-with-goat-milk-soap\/","name":"SAVON \u00c0 LA LAVANDE AU LAIT DE CH\u00c8VRE - CUBERY FRAGRANCE","isPartOf":{"@id":"https:\/\/www.cuberyfragrance.com\/fr\/#website"},"primaryImageOfPage":{"@id":"https:\/\/www.cuberyfragrance.com\/fr\/shop\/savon-non-vegan\/lavender-with-goat-milk-soap\/#primaryimage"},"image":{"@id":"https:\/\/www.cuberyfragrance.com\/fr\/shop\/savon-non-vegan\/lavender-with-goat-milk-soap\/#primaryimage"},"thumbnailUrl":"https:\/\/www.cuberyfragrance.com\/wp-content\/uploads\/2021\/11\/IMG_4099-LAVENDER-with-GOAT-MILK-SOAP-3.jpg","datePublished":"2021-11-23T03:28:18+00:00","dateModified":"2024-04-28T05:18:17+00:00","breadcrumb":{"@id":"https:\/\/www.cuberyfragrance.com\/fr\/shop\/savon-non-vegan\/lavender-with-goat-milk-soap\/#breadcrumb"},"inLanguage":"fr-FR","potentialAction":[{"@type":"ReadAction","target":["https:\/\/www.cuberyfragrance.com\/fr\/shop\/savon-non-vegan\/lavender-with-goat-milk-soap\/"]}]},{"@type":"ImageObject","inLanguage":"fr-FR","@id":"https:\/\/www.cuberyfragrance.com\/fr\/shop\/savon-non-vegan\/lavender-with-goat-milk-soap\/#primaryimage","url":"https:\/\/www.cuberyfragrance.com\/wp-content\/uploads\/2021\/11\/IMG_4099-LAVENDER-with-GOAT-MILK-SOAP-3.jpg","contentUrl":"https:\/\/www.cuberyfragrance.com\/wp-content\/uploads\/2021\/11\/IMG_4099-LAVENDER-with-GOAT-MILK-SOAP-3.jpg","width":900,"height":600},{"@type":"BreadcrumbList","@id":"https:\/\/www.cuberyfragrance.com\/fr\/shop\/savon-non-vegan\/lavender-with-goat-milk-soap\/#breadcrumb","itemListElement":[{"@type":"ListItem","position":1,"name":"Home","item":"https:\/\/www.cuberyfragrance.com\/fr\/"},{"@type":"ListItem","position":2,"name":"SHOP","item":"https:\/\/www.cuberyfragrance.com\/shop\/"},{"@type":"ListItem","position":3,"name":"SAVON \u00c0 LA LAVANDE AU LAIT DE CH\u00c8VRE"}]},{"@type":"WebSite","@id":"https:\/\/www.cuberyfragrance.com\/fr\/#website","url":"https:\/\/www.cuberyfragrance.com\/fr\/","name":"CUBERY FRAGRANCE","description":"The Address of Naturalness and Health...","potentialAction":[{"@type":"SearchAction","target":{"@type":"EntryPoint","urlTemplate":"https:\/\/www.cuberyfragrance.com\/fr\/?s={search_term_string}"},"query-input":{"@type":"PropertyValueSpecification","valueRequired":true,"valueName":"search_term_string"}}],"inLanguage":"fr-FR"}]}},"jetpack_sharing_enabled":true,"_links":{"self":[{"href":"https:\/\/www.cuberyfragrance.com\/fr\/wp-json\/wp\/v2\/product\/3473"}],"collection":[{"href":"https:\/\/www.cuberyfragrance.com\/fr\/wp-json\/wp\/v2\/product"}],"about":[{"href":"https:\/\/www.cuberyfragrance.com\/fr\/wp-json\/wp\/v2\/types\/product"}],"replies":[{"embeddable":true,"href":"https:\/\/www.cuberyfragrance.com\/fr\/wp-json\/wp\/v2\/comments?post=3473"}],"wp:featuredmedia":[{"embeddable":true,"href":"https:\/\/www.cuberyfragrance.com\/fr\/wp-json\/wp\/v2\/media\/6900"}],"wp:attachment":[{"href":"https:\/\/www.cuberyfragrance.com\/fr\/wp-json\/wp\/v2\/media?parent=3473"}],"wp:term":[{"taxonomy":"product_brand","embeddable":true,"href":"https:\/\/www.cuberyfragrance.com\/fr\/wp-json\/wp\/v2\/product_brand?post=3473"},{"taxonomy":"product_cat","embeddable":true,"href":"https:\/\/www.cuberyfragrance.com\/fr\/wp-json\/wp\/v2\/product_cat?post=3473"},{"taxonomy":"product_tag","embeddable":true,"href":"https:\/\/www.cuberyfragrance.com\/fr\/wp-json\/wp\/v2\/product_tag?post=3473"}],"curies":[{"name":"wp","href":"https:\/\/api.w.org\/{rel}","templated":true}]}}