{"id":3465,"date":"2021-11-23T03:37:59","date_gmt":"2021-11-23T03:37:59","guid":{"rendered":"https:\/\/www.cuberyfragrance.com\/product\/oily-hair\/"},"modified":"2024-04-28T05:15:18","modified_gmt":"2024-04-28T05:15:18","slug":"oily-hair","status":"publish","type":"product","link":"https:\/\/www.cuberyfragrance.com\/fr\/shop\/shampooing\/oily-hair\/","title":{"rendered":"BARRES DE SHAMPOOING pour CHEVEUX GRAS"},"content":{"rendered":"<div class=\"group w-full text-gray-800 dark:text-gray-100 border-b border-black\/10 dark:border-gray-900\/50 bg-gray-50 dark:bg-[#444654]\">\n<div class=\"flex p-4 gap-4 text-base md:gap-6 md:max-w-2xl lg:max-w-xl xl:max-w-3xl md:py-6 lg:px-0 m-auto\">\n<div class=\"relative flex w-[calc(100%-50px)] flex-col gap-1 md:gap-3 lg:w-[calc(100%-115px)]\">\n<div class=\"flex flex-grow flex-col gap-3\">\n<div class=\"min-h-[20px] flex flex-col items-start gap-4 whitespace-pre-wrap break-words\">\n<div class=\"markdown prose w-full break-words dark:prose-invert light\">\n<p>D\u00e9couvrez notre shampoing solide sp\u00e9cialement con\u00e7u pour les cheveux gras. Formul\u00e9 avec soin, notre shampoing contient de l&rsquo;eau, de l&rsquo;huile d&rsquo;olive extra vierge, de l&rsquo;huile de noix de coco, de l&rsquo;huile de palmiste, de l&rsquo;huile de palme, du beurre de karit\u00e9, de l&rsquo;huile de ricin ainsi que de l&rsquo;huile d&rsquo;amande douce, d&rsquo;huile d&rsquo;avocat, d&rsquo;huile d&rsquo;argan et d&rsquo;huile de jojoba en tant qu&rsquo;huiles porteuses. Ces ingr\u00e9dients nourrissants aident \u00e0 \u00e9liminer l&rsquo;exc\u00e8s de s\u00e9bum et \u00e0 r\u00e9\u00e9quilibrer le cuir chevelu, laissant vos cheveux plus l\u00e9gers et moins gras.<\/p>\n<p>Nous avons s\u00e9lectionn\u00e9 les huiles essentielles de romarin, d&rsquo;arbre \u00e0 th\u00e9 et d&rsquo;\u00e9corce d&rsquo;orange pour leurs propri\u00e9t\u00e9s rafra\u00eechissantes et purifiantes. Leur parfum agr\u00e9able offre une sensation de fra\u00eecheur pendant votre routine capillaire.<\/p>\n<p>Notre shampoing contient de la poudre d&rsquo;ortie, connue pour ses propri\u00e9t\u00e9s r\u00e9gulatrices de s\u00e9bum. Elle aide \u00e0 r\u00e9duire la production excessive de s\u00e9bum et \u00e0 pr\u00e9venir l&rsquo;accumulation de gras sur le cuir chevelu. Le vinaigre de cidre de pomme contribue \u00e9galement \u00e0 \u00e9quilibrer le pH du cuir chevelu, \u00e0 \u00e9liminer les r\u00e9sidus et \u00e0 apporter de la brillance aux cheveux. L&rsquo;argile de kaolin aide \u00e0 absorber l&rsquo;exc\u00e8s de s\u00e9bum et \u00e0 purifier le cuir chevelu, tandis que la vitamine E nourrit et prot\u00e8ge les cheveux des dommages environnementaux.<\/p>\n<p>Poids : 4 OZ (environ 113 grammes)<\/p>\n<p>Offrez \u00e0 vos cheveux gras une exp\u00e9rience de soin purifiante avec notre shampoing solide. Profitez de cheveux l\u00e9gers, frais et d&rsquo;apparence saine gr\u00e2ce aux propri\u00e9t\u00e9s b\u00e9n\u00e9fiques des ingr\u00e9dients naturels soigneusement s\u00e9lectionn\u00e9s.<\/p>\n<\/div>\n<\/div>\n<\/div>\n<div class=\"flex justify-between lg:block\">\n<div class=\"text-xs flex items-center justify-center gap-1 self-center pt-2 !invisible\"><\/div>\n<div class=\"text-gray-400 flex self-end lg:self-center justify-center mt-2 gap-2 md:gap-3 lg:gap-1 lg:absolute lg:top-0 lg:translate-x-full lg:right-0 lg:mt-0 lg:pl-2 visible\"><button class=\"flex ml-auto gap-2 rounded-md p-1 hover:bg-gray-100 hover:text-gray-700 dark:text-gray-400 dark:hover:bg-gray-700 dark:hover:text-gray-200 disabled:dark:hover:text-gray-400\"><\/button><\/p>\n<div class=\"flex gap-1\"><\/div>\n<\/div>\n<\/div>\n<\/div>\n<\/div>\n<\/div>\n","protected":false},"excerpt":{"rendered":"<p><strong>Principaux ingr\u00e9dients : <\/strong>Huile d&rsquo;olive, huile de coco, huile de palmiste, huile de palme, beurre de karit\u00e9, huile de ricin, huile d&rsquo;amande douce, huile d&rsquo;avocat, huile d&rsquo;argan et huile de jojoba.<\/p>\n<p>Additifs : Poudre d&rsquo;ortie et vinaigre de cidre de pomme.<\/p>\n<p>Huiles essentielles : Huile de romarin, huile d&rsquo;arbre \u00e0 th\u00e9 et huile d&rsquo;\u00e9corce d&rsquo;orange.<\/p>\n","protected":false},"featured_media":4249,"comment_status":"open","ping_status":"closed","template":"","meta":[],"product_brand":[],"product_cat":[108],"product_tag":[],"class_list":{"0":"post-3465","1":"product","2":"type-product","3":"status-publish","4":"has-post-thumbnail","6":"product_cat-shampooing","8":"first","9":"instock","10":"shipping-taxable","11":"purchasable","12":"product-type-simple"},"yoast_head":"<!-- This site is optimized with the Yoast SEO plugin v25.6 - https:\/\/yoast.com\/wordpress\/plugins\/seo\/ -->\n<title>BARRES DE SHAMPOOING pour CHEVEUX GRAS - CUBERY FRAGRANCE<\/title>\n<meta name=\"robots\" content=\"index, follow, max-snippet:-1, max-image-preview:large, max-video-preview:-1\" \/>\n<link rel=\"canonical\" href=\"https:\/\/www.cuberyfragrance.com\/fr\/shop\/shampooing\/oily-hair\/\" \/>\n<meta property=\"og:locale\" content=\"fr_FR\" \/>\n<meta property=\"og:type\" content=\"article\" \/>\n<meta property=\"og:title\" content=\"BARRES DE SHAMPOOING pour CHEVEUX GRAS - CUBERY FRAGRANCE\" \/>\n<meta property=\"og:description\" content=\"Principaux ingr\u00e9dients : Huile d&#039;olive, huile de coco, huile de palmiste, huile de palme, beurre de karit\u00e9, huile de ricin, huile d&#039;amande douce, huile d&#039;avocat, huile d&#039;argan et huile de jojoba.  Additifs : Poudre d&#039;ortie et vinaigre de cidre de pomme.  Huiles essentielles : Huile de romarin, huile d&#039;arbre \u00e0 th\u00e9 et huile d&#039;\u00e9corce d&#039;orange.\" \/>\n<meta property=\"og:url\" content=\"https:\/\/www.cuberyfragrance.com\/fr\/shop\/shampooing\/oily-hair\/\" \/>\n<meta property=\"og:site_name\" content=\"CUBERY FRAGRANCE\" \/>\n<meta property=\"article:modified_time\" content=\"2024-04-28T05:15:18+00:00\" \/>\n<meta property=\"og:image\" content=\"https:\/\/www.cuberyfragrance.com\/wp-content\/uploads\/2021\/11\/IMG_4052-OILY-HAIR-SHAMPOO-BAR.jpg\" \/>\n\t<meta property=\"og:image:width\" content=\"900\" \/>\n\t<meta property=\"og:image:height\" content=\"600\" \/>\n\t<meta property=\"og:image:type\" content=\"image\/jpeg\" \/>\n<meta name=\"twitter:card\" content=\"summary_large_image\" \/>\n<meta name=\"twitter:label1\" content=\"Dur\u00e9e de lecture estim\u00e9e\" \/>\n\t<meta name=\"twitter:data1\" content=\"1 minute\" \/>\n<script type=\"application\/ld+json\" class=\"yoast-schema-graph\">{\"@context\":\"https:\/\/schema.org\",\"@graph\":[{\"@type\":\"WebPage\",\"@id\":\"https:\/\/www.cuberyfragrance.com\/fr\/shop\/shampooing\/oily-hair\/\",\"url\":\"https:\/\/www.cuberyfragrance.com\/fr\/shop\/shampooing\/oily-hair\/\",\"name\":\"BARRES DE SHAMPOOING pour CHEVEUX GRAS - CUBERY FRAGRANCE\",\"isPartOf\":{\"@id\":\"https:\/\/www.cuberyfragrance.com\/fr\/#website\"},\"primaryImageOfPage\":{\"@id\":\"https:\/\/www.cuberyfragrance.com\/fr\/shop\/shampooing\/oily-hair\/#primaryimage\"},\"image\":{\"@id\":\"https:\/\/www.cuberyfragrance.com\/fr\/shop\/shampooing\/oily-hair\/#primaryimage\"},\"thumbnailUrl\":\"https:\/\/www.cuberyfragrance.com\/wp-content\/uploads\/2021\/11\/IMG_4052-OILY-HAIR-SHAMPOO-BAR.jpg\",\"datePublished\":\"2021-11-23T03:37:59+00:00\",\"dateModified\":\"2024-04-28T05:15:18+00:00\",\"breadcrumb\":{\"@id\":\"https:\/\/www.cuberyfragrance.com\/fr\/shop\/shampooing\/oily-hair\/#breadcrumb\"},\"inLanguage\":\"fr-FR\",\"potentialAction\":[{\"@type\":\"ReadAction\",\"target\":[\"https:\/\/www.cuberyfragrance.com\/fr\/shop\/shampooing\/oily-hair\/\"]}]},{\"@type\":\"ImageObject\",\"inLanguage\":\"fr-FR\",\"@id\":\"https:\/\/www.cuberyfragrance.com\/fr\/shop\/shampooing\/oily-hair\/#primaryimage\",\"url\":\"https:\/\/www.cuberyfragrance.com\/wp-content\/uploads\/2021\/11\/IMG_4052-OILY-HAIR-SHAMPOO-BAR.jpg\",\"contentUrl\":\"https:\/\/www.cuberyfragrance.com\/wp-content\/uploads\/2021\/11\/IMG_4052-OILY-HAIR-SHAMPOO-BAR.jpg\",\"width\":900,\"height\":600},{\"@type\":\"BreadcrumbList\",\"@id\":\"https:\/\/www.cuberyfragrance.com\/fr\/shop\/shampooing\/oily-hair\/#breadcrumb\",\"itemListElement\":[{\"@type\":\"ListItem\",\"position\":1,\"name\":\"Home\",\"item\":\"https:\/\/www.cuberyfragrance.com\/fr\/\"},{\"@type\":\"ListItem\",\"position\":2,\"name\":\"SHOP\",\"item\":\"https:\/\/www.cuberyfragrance.com\/shop\/\"},{\"@type\":\"ListItem\",\"position\":3,\"name\":\"BARRES DE SHAMPOOING pour CHEVEUX GRAS\"}]},{\"@type\":\"WebSite\",\"@id\":\"https:\/\/www.cuberyfragrance.com\/fr\/#website\",\"url\":\"https:\/\/www.cuberyfragrance.com\/fr\/\",\"name\":\"CUBERY FRAGRANCE\",\"description\":\"The Address of Naturalness and Health...\",\"potentialAction\":[{\"@type\":\"SearchAction\",\"target\":{\"@type\":\"EntryPoint\",\"urlTemplate\":\"https:\/\/www.cuberyfragrance.com\/fr\/?s={search_term_string}\"},\"query-input\":{\"@type\":\"PropertyValueSpecification\",\"valueRequired\":true,\"valueName\":\"search_term_string\"}}],\"inLanguage\":\"fr-FR\"}]}<\/script>\n<!-- \/ Yoast SEO plugin. -->","yoast_head_json":{"title":"BARRES DE SHAMPOOING pour CHEVEUX GRAS - CUBERY FRAGRANCE","robots":{"index":"index","follow":"follow","max-snippet":"max-snippet:-1","max-image-preview":"max-image-preview:large","max-video-preview":"max-video-preview:-1"},"canonical":"https:\/\/www.cuberyfragrance.com\/fr\/shop\/shampooing\/oily-hair\/","og_locale":"fr_FR","og_type":"article","og_title":"BARRES DE SHAMPOOING pour CHEVEUX GRAS - CUBERY FRAGRANCE","og_description":"Principaux ingr\u00e9dients : Huile d'olive, huile de coco, huile de palmiste, huile de palme, beurre de karit\u00e9, huile de ricin, huile d'amande douce, huile d'avocat, huile d'argan et huile de jojoba.  Additifs : Poudre d'ortie et vinaigre de cidre de pomme.  Huiles essentielles : Huile de romarin, huile d'arbre \u00e0 th\u00e9 et huile d'\u00e9corce d'orange.","og_url":"https:\/\/www.cuberyfragrance.com\/fr\/shop\/shampooing\/oily-hair\/","og_site_name":"CUBERY FRAGRANCE","article_modified_time":"2024-04-28T05:15:18+00:00","og_image":[{"width":900,"height":600,"url":"https:\/\/www.cuberyfragrance.com\/wp-content\/uploads\/2021\/11\/IMG_4052-OILY-HAIR-SHAMPOO-BAR.jpg","type":"image\/jpeg"}],"twitter_card":"summary_large_image","twitter_misc":{"Dur\u00e9e de lecture estim\u00e9e":"1 minute"},"schema":{"@context":"https:\/\/schema.org","@graph":[{"@type":"WebPage","@id":"https:\/\/www.cuberyfragrance.com\/fr\/shop\/shampooing\/oily-hair\/","url":"https:\/\/www.cuberyfragrance.com\/fr\/shop\/shampooing\/oily-hair\/","name":"BARRES DE SHAMPOOING pour CHEVEUX GRAS - CUBERY FRAGRANCE","isPartOf":{"@id":"https:\/\/www.cuberyfragrance.com\/fr\/#website"},"primaryImageOfPage":{"@id":"https:\/\/www.cuberyfragrance.com\/fr\/shop\/shampooing\/oily-hair\/#primaryimage"},"image":{"@id":"https:\/\/www.cuberyfragrance.com\/fr\/shop\/shampooing\/oily-hair\/#primaryimage"},"thumbnailUrl":"https:\/\/www.cuberyfragrance.com\/wp-content\/uploads\/2021\/11\/IMG_4052-OILY-HAIR-SHAMPOO-BAR.jpg","datePublished":"2021-11-23T03:37:59+00:00","dateModified":"2024-04-28T05:15:18+00:00","breadcrumb":{"@id":"https:\/\/www.cuberyfragrance.com\/fr\/shop\/shampooing\/oily-hair\/#breadcrumb"},"inLanguage":"fr-FR","potentialAction":[{"@type":"ReadAction","target":["https:\/\/www.cuberyfragrance.com\/fr\/shop\/shampooing\/oily-hair\/"]}]},{"@type":"ImageObject","inLanguage":"fr-FR","@id":"https:\/\/www.cuberyfragrance.com\/fr\/shop\/shampooing\/oily-hair\/#primaryimage","url":"https:\/\/www.cuberyfragrance.com\/wp-content\/uploads\/2021\/11\/IMG_4052-OILY-HAIR-SHAMPOO-BAR.jpg","contentUrl":"https:\/\/www.cuberyfragrance.com\/wp-content\/uploads\/2021\/11\/IMG_4052-OILY-HAIR-SHAMPOO-BAR.jpg","width":900,"height":600},{"@type":"BreadcrumbList","@id":"https:\/\/www.cuberyfragrance.com\/fr\/shop\/shampooing\/oily-hair\/#breadcrumb","itemListElement":[{"@type":"ListItem","position":1,"name":"Home","item":"https:\/\/www.cuberyfragrance.com\/fr\/"},{"@type":"ListItem","position":2,"name":"SHOP","item":"https:\/\/www.cuberyfragrance.com\/shop\/"},{"@type":"ListItem","position":3,"name":"BARRES DE SHAMPOOING pour CHEVEUX GRAS"}]},{"@type":"WebSite","@id":"https:\/\/www.cuberyfragrance.com\/fr\/#website","url":"https:\/\/www.cuberyfragrance.com\/fr\/","name":"CUBERY FRAGRANCE","description":"The Address of Naturalness and Health...","potentialAction":[{"@type":"SearchAction","target":{"@type":"EntryPoint","urlTemplate":"https:\/\/www.cuberyfragrance.com\/fr\/?s={search_term_string}"},"query-input":{"@type":"PropertyValueSpecification","valueRequired":true,"valueName":"search_term_string"}}],"inLanguage":"fr-FR"}]}},"jetpack_sharing_enabled":true,"_links":{"self":[{"href":"https:\/\/www.cuberyfragrance.com\/fr\/wp-json\/wp\/v2\/product\/3465"}],"collection":[{"href":"https:\/\/www.cuberyfragrance.com\/fr\/wp-json\/wp\/v2\/product"}],"about":[{"href":"https:\/\/www.cuberyfragrance.com\/fr\/wp-json\/wp\/v2\/types\/product"}],"replies":[{"embeddable":true,"href":"https:\/\/www.cuberyfragrance.com\/fr\/wp-json\/wp\/v2\/comments?post=3465"}],"wp:featuredmedia":[{"embeddable":true,"href":"https:\/\/www.cuberyfragrance.com\/fr\/wp-json\/wp\/v2\/media\/4249"}],"wp:attachment":[{"href":"https:\/\/www.cuberyfragrance.com\/fr\/wp-json\/wp\/v2\/media?parent=3465"}],"wp:term":[{"taxonomy":"product_brand","embeddable":true,"href":"https:\/\/www.cuberyfragrance.com\/fr\/wp-json\/wp\/v2\/product_brand?post=3465"},{"taxonomy":"product_cat","embeddable":true,"href":"https:\/\/www.cuberyfragrance.com\/fr\/wp-json\/wp\/v2\/product_cat?post=3465"},{"taxonomy":"product_tag","embeddable":true,"href":"https:\/\/www.cuberyfragrance.com\/fr\/wp-json\/wp\/v2\/product_tag?post=3465"}],"curies":[{"name":"wp","href":"https:\/\/api.w.org\/{rel}","templated":true}]}}