{"id":3464,"date":"2021-11-23T03:38:58","date_gmt":"2021-11-23T03:38:58","guid":{"rendered":"https:\/\/www.cuberyfragrance.com\/product\/thinning-hair\/"},"modified":"2024-04-28T05:15:10","modified_gmt":"2024-04-28T05:15:10","slug":"thinning-hair","status":"publish","type":"product","link":"https:\/\/www.cuberyfragrance.com\/fr\/shop\/shampooing\/thinning-hair\/","title":{"rendered":"BARRES DE SHAMPOOING POUR CHEVEUX AMAIGRISSANTS"},"content":{"rendered":"<p>10% Superfat est id\u00e9al pour les cheveux amaigrissants. L&rsquo;ingr\u00e9dient magique de ce barre de shampoing est l&rsquo;huile de p\u00e9pins de raisin. L&rsquo;huile de p\u00e9pins de raisin contient des antioxydants et des acides gras om\u00e9ga-6 dont il a \u00e9t\u00e9 d\u00e9montr\u00e9 qu&rsquo;ils stimulent la croissance des cheveux. Des ingr\u00e9dients cl\u00e9s comme l&rsquo;acide linol\u00e9ique, les polyph\u00e9nols, les proanthocyanidines oligom\u00e9riques (alias OPCS) et la vitamine E stimulent la circulation, am\u00e9liorent l&rsquo;\u00e9lasticit\u00e9 et r\u00e9parent le collag\u00e8ne. Outre les merveilleuses huiles qu&rsquo;il contient, nous utilisons \u00e9galement..<\/p>\n","protected":false},"excerpt":{"rendered":"<p><strong>Principaux ingr\u00e9dients :<\/strong> Huile d&rsquo;olive, huile de coco, huile de palmiste, huile de palme, beurre de mangue, huile de ricin, huile d&rsquo;avocat, huile de p\u00e9pins de grenade, huile d&rsquo;argan et huile de jojoba.<\/p>\n<p>Additif : Vinaigre de cidre de pomme<\/p>\n<p>Huiles essentielles : Lavande et citronnelle<\/p>\n","protected":false},"featured_media":7122,"comment_status":"open","ping_status":"closed","template":"","meta":[],"product_brand":[],"product_cat":[108],"product_tag":[],"class_list":{"0":"post-3464","1":"product","2":"type-product","3":"status-publish","4":"has-post-thumbnail","6":"product_cat-shampooing","8":"first","9":"instock","10":"shipping-taxable","11":"purchasable","12":"product-type-simple"},"yoast_head":"<!-- This site is optimized with the Yoast SEO plugin v25.6 - https:\/\/yoast.com\/wordpress\/plugins\/seo\/ -->\n<title>BARRES DE SHAMPOOING POUR CHEVEUX AMAIGRISSANTS - CUBERY FRAGRANCE<\/title>\n<meta name=\"robots\" content=\"index, follow, max-snippet:-1, max-image-preview:large, max-video-preview:-1\" \/>\n<link rel=\"canonical\" href=\"https:\/\/www.cuberyfragrance.com\/fr\/shop\/shampooing\/thinning-hair\/\" \/>\n<meta property=\"og:locale\" content=\"fr_FR\" \/>\n<meta property=\"og:type\" content=\"article\" \/>\n<meta property=\"og:title\" content=\"BARRES DE SHAMPOOING POUR CHEVEUX AMAIGRISSANTS - CUBERY FRAGRANCE\" \/>\n<meta property=\"og:description\" content=\"Principaux ingr\u00e9dients : Huile d&#039;olive, huile de coco, huile de palmiste, huile de palme, beurre de mangue, huile de ricin, huile d&#039;avocat, huile de p\u00e9pins de grenade, huile d&#039;argan et huile de jojoba.  Additif : Vinaigre de cidre de pomme  Huiles essentielles : Lavande et citronnelle\" \/>\n<meta property=\"og:url\" content=\"https:\/\/www.cuberyfragrance.com\/fr\/shop\/shampooing\/thinning-hair\/\" \/>\n<meta property=\"og:site_name\" content=\"CUBERY FRAGRANCE\" \/>\n<meta property=\"article:modified_time\" content=\"2024-04-28T05:15:10+00:00\" \/>\n<meta property=\"og:image\" content=\"https:\/\/www.cuberyfragrance.com\/wp-content\/uploads\/2021\/11\/IMG_4094-STRENGTHENING-for-THIN-HAIR-SHAMPOO-BAR-4.jpg\" \/>\n\t<meta property=\"og:image:width\" content=\"900\" \/>\n\t<meta property=\"og:image:height\" content=\"600\" \/>\n\t<meta property=\"og:image:type\" content=\"image\/jpeg\" \/>\n<meta name=\"twitter:card\" content=\"summary_large_image\" \/>\n<script type=\"application\/ld+json\" class=\"yoast-schema-graph\">{\"@context\":\"https:\/\/schema.org\",\"@graph\":[{\"@type\":\"WebPage\",\"@id\":\"https:\/\/www.cuberyfragrance.com\/fr\/shop\/shampooing\/thinning-hair\/\",\"url\":\"https:\/\/www.cuberyfragrance.com\/fr\/shop\/shampooing\/thinning-hair\/\",\"name\":\"BARRES DE SHAMPOOING POUR CHEVEUX AMAIGRISSANTS - CUBERY FRAGRANCE\",\"isPartOf\":{\"@id\":\"https:\/\/www.cuberyfragrance.com\/fr\/#website\"},\"primaryImageOfPage\":{\"@id\":\"https:\/\/www.cuberyfragrance.com\/fr\/shop\/shampooing\/thinning-hair\/#primaryimage\"},\"image\":{\"@id\":\"https:\/\/www.cuberyfragrance.com\/fr\/shop\/shampooing\/thinning-hair\/#primaryimage\"},\"thumbnailUrl\":\"https:\/\/www.cuberyfragrance.com\/wp-content\/uploads\/2021\/11\/IMG_4094-STRENGTHENING-for-THIN-HAIR-SHAMPOO-BAR-4.jpg\",\"datePublished\":\"2021-11-23T03:38:58+00:00\",\"dateModified\":\"2024-04-28T05:15:10+00:00\",\"breadcrumb\":{\"@id\":\"https:\/\/www.cuberyfragrance.com\/fr\/shop\/shampooing\/thinning-hair\/#breadcrumb\"},\"inLanguage\":\"fr-FR\",\"potentialAction\":[{\"@type\":\"ReadAction\",\"target\":[\"https:\/\/www.cuberyfragrance.com\/fr\/shop\/shampooing\/thinning-hair\/\"]}]},{\"@type\":\"ImageObject\",\"inLanguage\":\"fr-FR\",\"@id\":\"https:\/\/www.cuberyfragrance.com\/fr\/shop\/shampooing\/thinning-hair\/#primaryimage\",\"url\":\"https:\/\/www.cuberyfragrance.com\/wp-content\/uploads\/2021\/11\/IMG_4094-STRENGTHENING-for-THIN-HAIR-SHAMPOO-BAR-4.jpg\",\"contentUrl\":\"https:\/\/www.cuberyfragrance.com\/wp-content\/uploads\/2021\/11\/IMG_4094-STRENGTHENING-for-THIN-HAIR-SHAMPOO-BAR-4.jpg\",\"width\":900,\"height\":600},{\"@type\":\"BreadcrumbList\",\"@id\":\"https:\/\/www.cuberyfragrance.com\/fr\/shop\/shampooing\/thinning-hair\/#breadcrumb\",\"itemListElement\":[{\"@type\":\"ListItem\",\"position\":1,\"name\":\"Home\",\"item\":\"https:\/\/www.cuberyfragrance.com\/fr\/\"},{\"@type\":\"ListItem\",\"position\":2,\"name\":\"SHOP\",\"item\":\"https:\/\/www.cuberyfragrance.com\/shop\/\"},{\"@type\":\"ListItem\",\"position\":3,\"name\":\"BARRES DE SHAMPOOING POUR CHEVEUX AMAIGRISSANTS\"}]},{\"@type\":\"WebSite\",\"@id\":\"https:\/\/www.cuberyfragrance.com\/fr\/#website\",\"url\":\"https:\/\/www.cuberyfragrance.com\/fr\/\",\"name\":\"CUBERY FRAGRANCE\",\"description\":\"The Address of Naturalness and Health...\",\"potentialAction\":[{\"@type\":\"SearchAction\",\"target\":{\"@type\":\"EntryPoint\",\"urlTemplate\":\"https:\/\/www.cuberyfragrance.com\/fr\/?s={search_term_string}\"},\"query-input\":{\"@type\":\"PropertyValueSpecification\",\"valueRequired\":true,\"valueName\":\"search_term_string\"}}],\"inLanguage\":\"fr-FR\"}]}<\/script>\n<!-- \/ Yoast SEO plugin. -->","yoast_head_json":{"title":"BARRES DE SHAMPOOING POUR CHEVEUX AMAIGRISSANTS - CUBERY FRAGRANCE","robots":{"index":"index","follow":"follow","max-snippet":"max-snippet:-1","max-image-preview":"max-image-preview:large","max-video-preview":"max-video-preview:-1"},"canonical":"https:\/\/www.cuberyfragrance.com\/fr\/shop\/shampooing\/thinning-hair\/","og_locale":"fr_FR","og_type":"article","og_title":"BARRES DE SHAMPOOING POUR CHEVEUX AMAIGRISSANTS - CUBERY FRAGRANCE","og_description":"Principaux ingr\u00e9dients : Huile d'olive, huile de coco, huile de palmiste, huile de palme, beurre de mangue, huile de ricin, huile d'avocat, huile de p\u00e9pins de grenade, huile d'argan et huile de jojoba.  Additif : Vinaigre de cidre de pomme  Huiles essentielles : Lavande et citronnelle","og_url":"https:\/\/www.cuberyfragrance.com\/fr\/shop\/shampooing\/thinning-hair\/","og_site_name":"CUBERY FRAGRANCE","article_modified_time":"2024-04-28T05:15:10+00:00","og_image":[{"width":900,"height":600,"url":"https:\/\/www.cuberyfragrance.com\/wp-content\/uploads\/2021\/11\/IMG_4094-STRENGTHENING-for-THIN-HAIR-SHAMPOO-BAR-4.jpg","type":"image\/jpeg"}],"twitter_card":"summary_large_image","schema":{"@context":"https:\/\/schema.org","@graph":[{"@type":"WebPage","@id":"https:\/\/www.cuberyfragrance.com\/fr\/shop\/shampooing\/thinning-hair\/","url":"https:\/\/www.cuberyfragrance.com\/fr\/shop\/shampooing\/thinning-hair\/","name":"BARRES DE SHAMPOOING POUR CHEVEUX AMAIGRISSANTS - CUBERY FRAGRANCE","isPartOf":{"@id":"https:\/\/www.cuberyfragrance.com\/fr\/#website"},"primaryImageOfPage":{"@id":"https:\/\/www.cuberyfragrance.com\/fr\/shop\/shampooing\/thinning-hair\/#primaryimage"},"image":{"@id":"https:\/\/www.cuberyfragrance.com\/fr\/shop\/shampooing\/thinning-hair\/#primaryimage"},"thumbnailUrl":"https:\/\/www.cuberyfragrance.com\/wp-content\/uploads\/2021\/11\/IMG_4094-STRENGTHENING-for-THIN-HAIR-SHAMPOO-BAR-4.jpg","datePublished":"2021-11-23T03:38:58+00:00","dateModified":"2024-04-28T05:15:10+00:00","breadcrumb":{"@id":"https:\/\/www.cuberyfragrance.com\/fr\/shop\/shampooing\/thinning-hair\/#breadcrumb"},"inLanguage":"fr-FR","potentialAction":[{"@type":"ReadAction","target":["https:\/\/www.cuberyfragrance.com\/fr\/shop\/shampooing\/thinning-hair\/"]}]},{"@type":"ImageObject","inLanguage":"fr-FR","@id":"https:\/\/www.cuberyfragrance.com\/fr\/shop\/shampooing\/thinning-hair\/#primaryimage","url":"https:\/\/www.cuberyfragrance.com\/wp-content\/uploads\/2021\/11\/IMG_4094-STRENGTHENING-for-THIN-HAIR-SHAMPOO-BAR-4.jpg","contentUrl":"https:\/\/www.cuberyfragrance.com\/wp-content\/uploads\/2021\/11\/IMG_4094-STRENGTHENING-for-THIN-HAIR-SHAMPOO-BAR-4.jpg","width":900,"height":600},{"@type":"BreadcrumbList","@id":"https:\/\/www.cuberyfragrance.com\/fr\/shop\/shampooing\/thinning-hair\/#breadcrumb","itemListElement":[{"@type":"ListItem","position":1,"name":"Home","item":"https:\/\/www.cuberyfragrance.com\/fr\/"},{"@type":"ListItem","position":2,"name":"SHOP","item":"https:\/\/www.cuberyfragrance.com\/shop\/"},{"@type":"ListItem","position":3,"name":"BARRES DE SHAMPOOING POUR CHEVEUX AMAIGRISSANTS"}]},{"@type":"WebSite","@id":"https:\/\/www.cuberyfragrance.com\/fr\/#website","url":"https:\/\/www.cuberyfragrance.com\/fr\/","name":"CUBERY FRAGRANCE","description":"The Address of Naturalness and Health...","potentialAction":[{"@type":"SearchAction","target":{"@type":"EntryPoint","urlTemplate":"https:\/\/www.cuberyfragrance.com\/fr\/?s={search_term_string}"},"query-input":{"@type":"PropertyValueSpecification","valueRequired":true,"valueName":"search_term_string"}}],"inLanguage":"fr-FR"}]}},"jetpack_sharing_enabled":true,"_links":{"self":[{"href":"https:\/\/www.cuberyfragrance.com\/fr\/wp-json\/wp\/v2\/product\/3464"}],"collection":[{"href":"https:\/\/www.cuberyfragrance.com\/fr\/wp-json\/wp\/v2\/product"}],"about":[{"href":"https:\/\/www.cuberyfragrance.com\/fr\/wp-json\/wp\/v2\/types\/product"}],"replies":[{"embeddable":true,"href":"https:\/\/www.cuberyfragrance.com\/fr\/wp-json\/wp\/v2\/comments?post=3464"}],"wp:featuredmedia":[{"embeddable":true,"href":"https:\/\/www.cuberyfragrance.com\/fr\/wp-json\/wp\/v2\/media\/7122"}],"wp:attachment":[{"href":"https:\/\/www.cuberyfragrance.com\/fr\/wp-json\/wp\/v2\/media?parent=3464"}],"wp:term":[{"taxonomy":"product_brand","embeddable":true,"href":"https:\/\/www.cuberyfragrance.com\/fr\/wp-json\/wp\/v2\/product_brand?post=3464"},{"taxonomy":"product_cat","embeddable":true,"href":"https:\/\/www.cuberyfragrance.com\/fr\/wp-json\/wp\/v2\/product_cat?post=3464"},{"taxonomy":"product_tag","embeddable":true,"href":"https:\/\/www.cuberyfragrance.com\/fr\/wp-json\/wp\/v2\/product_tag?post=3464"}],"curies":[{"name":"wp","href":"https:\/\/api.w.org\/{rel}","templated":true}]}}