{"id":8441,"date":"2023-05-29T12:35:54","date_gmt":"2023-05-29T12:35:54","guid":{"rendered":"https:\/\/www.cuberyfragrance.com\/?post_type=product&#038;p=8441"},"modified":"2024-04-28T05:22:41","modified_gmt":"2024-04-28T05:22:41","slug":"8441","status":"publish","type":"product","link":"https:\/\/www.cuberyfragrance.com\/de\/shop\/massage-seifen\/8441\/","title":{"rendered":"ANTI-CELLULITE MASSAGE SEIFE"},"content":{"rendered":"<p>ANTI-CELLULITE MASSAGE SEIFE &#8211; F\u00fcr eine straffere Haut und ein verbessertes Hautbild!<\/p>\n<p>Unsere Anti-Cellulite Massage Seife bietet Ihnen eine gezielte Pflege zur Reduzierung von Cellulite und zur Verbesserung des Hautbildes. Angereichert mit hochwertigen Inhaltsstoffen, reinigt sie Ihre Haut sanft und regt die Durchblutung an, um das Erscheinungsbild von Cellulite zu minimieren.<\/p>\n<p>Die Wirkstoffe unserer Anti-Cellulite Massage Seife umfassen Aqua, Kokos\u00f6l, nachhaltiges Palm\u00f6l, Sheabutter, natives Oliven\u00f6l extra, S\u00fc\u00dfmandel\u00f6l, Rizinus\u00f6l, Traubenkern\u00f6l, Argan\u00f6l sowie Jojoba\u00f6l, Tamanu\u00f6l, Avocado\u00f6l, Granatapfel\u00f6l und Aprikosenkern\u00f6l als Tr\u00e4ger\u00f6le. Diese nat\u00fcrlichen \u00d6le pflegen Ihre Haut und versorgen sie mit Feuchtigkeit w\u00e4hrend der Massage.<\/p>\n<p>Als Peeling-Komponente haben wir Bentonit Ton und Mohnsamen hinzugef\u00fcgt. Diese nat\u00fcrlichen Peeling-Substanzen helfen dabei, abgestorbene Hautzellen zu entfernen und die Hautstruktur zu verbessern.<\/p>\n<p>Die Mischung aus \u00e4therischen \u00d6len wie Zitronengras, Grapefruit, Zedernholz, Fenchel, Schwarzer Pfeffer, Wacholderbeere und Lavendel verleiht der Seife einen erfrischenden Duft und wirkt belebend w\u00e4hrend der Massage.<\/p>\n<p>Die Seife enth\u00e4lt auch Vitamin E, das als Antioxidans wirkt und Ihre Haut vor sch\u00e4dlichen Umwelteinfl\u00fcssen sch\u00fctzt.<\/p>\n<p>Genie\u00dfen Sie die gezielte Pflege und Massage mit unserer Anti-Cellulite<\/p>\n","protected":false},"excerpt":{"rendered":"<p>Wirkstoffe: Aqua, Kokos\u00f6l, Nachhaltiges Palm\u00f6l, Sheabutter, Natives Oliven\u00f6l extra, S\u00fc\u00dfmandel\u00f6l, Rizinus\u00f6l, Traubenkern\u00f6l, Argan\u00f6l sowie Jojoba\u00f6l, Tamanu\u00f6l, Avocado\u00f6l, Granatapfel\u00f6l und Aprikosenkern\u00f6l als Tr\u00e4ger\u00f6le. Bentoniterde und Mohnsamen. \u00c4therische \u00d6le aus Zitronengras, Grapefruit, Zedernholz, Fenchel, Schwarzem Pfeffer, Wacholderbeeren und Lavendel. Vitamin E als Zusatz. Gew. 4 OZ<\/p>\n","protected":false},"featured_media":8442,"comment_status":"open","ping_status":"closed","template":"","meta":[],"product_brand":[],"product_cat":[118],"product_tag":[],"class_list":{"0":"post-8441","1":"product","2":"type-product","3":"status-publish","4":"has-post-thumbnail","6":"product_cat-massage-seifen","8":"first","9":"instock","10":"shipping-taxable","11":"purchasable","12":"product-type-simple"},"yoast_head":"<!-- This site is optimized with the Yoast SEO plugin v25.6 - https:\/\/yoast.com\/wordpress\/plugins\/seo\/ -->\n<title>ANTI-CELLULITE MASSAGE SEIFE - CUBERY FRAGRANCE<\/title>\n<meta name=\"robots\" content=\"index, follow, max-snippet:-1, max-image-preview:large, max-video-preview:-1\" \/>\n<link rel=\"canonical\" href=\"https:\/\/www.cuberyfragrance.com\/de\/shop\/massage-seifen\/8441\/\" \/>\n<meta property=\"og:locale\" content=\"de_DE\" \/>\n<meta property=\"og:type\" content=\"article\" \/>\n<meta property=\"og:title\" content=\"ANTI-CELLULITE MASSAGE SEIFE - CUBERY FRAGRANCE\" \/>\n<meta property=\"og:description\" content=\"Wirkstoffe: Aqua, Kokos\u00f6l, Nachhaltiges Palm\u00f6l, Sheabutter, Natives Oliven\u00f6l extra, S\u00fc\u00dfmandel\u00f6l, Rizinus\u00f6l, Traubenkern\u00f6l, Argan\u00f6l sowie Jojoba\u00f6l, Tamanu\u00f6l, Avocado\u00f6l, Granatapfel\u00f6l und Aprikosenkern\u00f6l als Tr\u00e4ger\u00f6le. Bentoniterde und Mohnsamen. \u00c4therische \u00d6le aus Zitronengras, Grapefruit, Zedernholz, Fenchel, Schwarzem Pfeffer, Wacholderbeeren und Lavendel. Vitamin E als Zusatz. Gew. 4 OZ\" \/>\n<meta property=\"og:url\" content=\"https:\/\/www.cuberyfragrance.com\/de\/shop\/massage-seifen\/8441\/\" \/>\n<meta property=\"og:site_name\" content=\"CUBERY FRAGRANCE\" \/>\n<meta property=\"article:modified_time\" content=\"2024-04-28T05:22:41+00:00\" \/>\n<meta property=\"og:image\" content=\"https:\/\/www.cuberyfragrance.com\/wp-content\/uploads\/2023\/05\/IMG_4139-CELLULITE-EXFOLIATING-MASSAGING-SOAP-2.jpg\" \/>\n\t<meta property=\"og:image:width\" content=\"900\" \/>\n\t<meta property=\"og:image:height\" content=\"600\" \/>\n\t<meta property=\"og:image:type\" content=\"image\/jpeg\" \/>\n<meta name=\"twitter:card\" content=\"summary_large_image\" \/>\n<meta name=\"twitter:label1\" content=\"Gesch\u00e4tzte Lesezeit\" \/>\n\t<meta name=\"twitter:data1\" content=\"1\u00a0Minute\" \/>\n<script type=\"application\/ld+json\" class=\"yoast-schema-graph\">{\"@context\":\"https:\/\/schema.org\",\"@graph\":[{\"@type\":\"WebPage\",\"@id\":\"https:\/\/www.cuberyfragrance.com\/de\/shop\/massage-seifen\/8441\/\",\"url\":\"https:\/\/www.cuberyfragrance.com\/de\/shop\/massage-seifen\/8441\/\",\"name\":\"ANTI-CELLULITE MASSAGE SEIFE - CUBERY FRAGRANCE\",\"isPartOf\":{\"@id\":\"https:\/\/www.cuberyfragrance.com\/fr\/#website\"},\"primaryImageOfPage\":{\"@id\":\"https:\/\/www.cuberyfragrance.com\/de\/shop\/massage-seifen\/8441\/#primaryimage\"},\"image\":{\"@id\":\"https:\/\/www.cuberyfragrance.com\/de\/shop\/massage-seifen\/8441\/#primaryimage\"},\"thumbnailUrl\":\"https:\/\/www.cuberyfragrance.com\/wp-content\/uploads\/2023\/05\/IMG_4139-CELLULITE-EXFOLIATING-MASSAGING-SOAP-2.jpg\",\"datePublished\":\"2023-05-29T12:35:54+00:00\",\"dateModified\":\"2024-04-28T05:22:41+00:00\",\"breadcrumb\":{\"@id\":\"https:\/\/www.cuberyfragrance.com\/de\/shop\/massage-seifen\/8441\/#breadcrumb\"},\"inLanguage\":\"de\",\"potentialAction\":[{\"@type\":\"ReadAction\",\"target\":[\"https:\/\/www.cuberyfragrance.com\/de\/shop\/massage-seifen\/8441\/\"]}]},{\"@type\":\"ImageObject\",\"inLanguage\":\"de\",\"@id\":\"https:\/\/www.cuberyfragrance.com\/de\/shop\/massage-seifen\/8441\/#primaryimage\",\"url\":\"https:\/\/www.cuberyfragrance.com\/wp-content\/uploads\/2023\/05\/IMG_4139-CELLULITE-EXFOLIATING-MASSAGING-SOAP-2.jpg\",\"contentUrl\":\"https:\/\/www.cuberyfragrance.com\/wp-content\/uploads\/2023\/05\/IMG_4139-CELLULITE-EXFOLIATING-MASSAGING-SOAP-2.jpg\",\"width\":900,\"height\":600},{\"@type\":\"BreadcrumbList\",\"@id\":\"https:\/\/www.cuberyfragrance.com\/de\/shop\/massage-seifen\/8441\/#breadcrumb\",\"itemListElement\":[{\"@type\":\"ListItem\",\"position\":1,\"name\":\"Home\",\"item\":\"https:\/\/www.cuberyfragrance.com\/de\/\"},{\"@type\":\"ListItem\",\"position\":2,\"name\":\"SHOP\",\"item\":\"https:\/\/www.cuberyfragrance.com\/shop\/\"},{\"@type\":\"ListItem\",\"position\":3,\"name\":\"ANTI-CELLULITE MASSAGE SEIFE\"}]},{\"@type\":\"WebSite\",\"@id\":\"https:\/\/www.cuberyfragrance.com\/fr\/#website\",\"url\":\"https:\/\/www.cuberyfragrance.com\/fr\/\",\"name\":\"CUBERY FRAGRANCE\",\"description\":\"The Address of Naturalness and Health...\",\"potentialAction\":[{\"@type\":\"SearchAction\",\"target\":{\"@type\":\"EntryPoint\",\"urlTemplate\":\"https:\/\/www.cuberyfragrance.com\/fr\/?s={search_term_string}\"},\"query-input\":{\"@type\":\"PropertyValueSpecification\",\"valueRequired\":true,\"valueName\":\"search_term_string\"}}],\"inLanguage\":\"de\"}]}<\/script>\n<!-- \/ Yoast SEO plugin. -->","yoast_head_json":{"title":"ANTI-CELLULITE MASSAGE SEIFE - CUBERY FRAGRANCE","robots":{"index":"index","follow":"follow","max-snippet":"max-snippet:-1","max-image-preview":"max-image-preview:large","max-video-preview":"max-video-preview:-1"},"canonical":"https:\/\/www.cuberyfragrance.com\/de\/shop\/massage-seifen\/8441\/","og_locale":"de_DE","og_type":"article","og_title":"ANTI-CELLULITE MASSAGE SEIFE - CUBERY FRAGRANCE","og_description":"Wirkstoffe: Aqua, Kokos\u00f6l, Nachhaltiges Palm\u00f6l, Sheabutter, Natives Oliven\u00f6l extra, S\u00fc\u00dfmandel\u00f6l, Rizinus\u00f6l, Traubenkern\u00f6l, Argan\u00f6l sowie Jojoba\u00f6l, Tamanu\u00f6l, Avocado\u00f6l, Granatapfel\u00f6l und Aprikosenkern\u00f6l als Tr\u00e4ger\u00f6le. Bentoniterde und Mohnsamen. \u00c4therische \u00d6le aus Zitronengras, Grapefruit, Zedernholz, Fenchel, Schwarzem Pfeffer, Wacholderbeeren und Lavendel. Vitamin E als Zusatz. Gew. 4 OZ","og_url":"https:\/\/www.cuberyfragrance.com\/de\/shop\/massage-seifen\/8441\/","og_site_name":"CUBERY FRAGRANCE","article_modified_time":"2024-04-28T05:22:41+00:00","og_image":[{"width":900,"height":600,"url":"https:\/\/www.cuberyfragrance.com\/wp-content\/uploads\/2023\/05\/IMG_4139-CELLULITE-EXFOLIATING-MASSAGING-SOAP-2.jpg","type":"image\/jpeg"}],"twitter_card":"summary_large_image","twitter_misc":{"Gesch\u00e4tzte Lesezeit":"1\u00a0Minute"},"schema":{"@context":"https:\/\/schema.org","@graph":[{"@type":"WebPage","@id":"https:\/\/www.cuberyfragrance.com\/de\/shop\/massage-seifen\/8441\/","url":"https:\/\/www.cuberyfragrance.com\/de\/shop\/massage-seifen\/8441\/","name":"ANTI-CELLULITE MASSAGE SEIFE - CUBERY FRAGRANCE","isPartOf":{"@id":"https:\/\/www.cuberyfragrance.com\/fr\/#website"},"primaryImageOfPage":{"@id":"https:\/\/www.cuberyfragrance.com\/de\/shop\/massage-seifen\/8441\/#primaryimage"},"image":{"@id":"https:\/\/www.cuberyfragrance.com\/de\/shop\/massage-seifen\/8441\/#primaryimage"},"thumbnailUrl":"https:\/\/www.cuberyfragrance.com\/wp-content\/uploads\/2023\/05\/IMG_4139-CELLULITE-EXFOLIATING-MASSAGING-SOAP-2.jpg","datePublished":"2023-05-29T12:35:54+00:00","dateModified":"2024-04-28T05:22:41+00:00","breadcrumb":{"@id":"https:\/\/www.cuberyfragrance.com\/de\/shop\/massage-seifen\/8441\/#breadcrumb"},"inLanguage":"de","potentialAction":[{"@type":"ReadAction","target":["https:\/\/www.cuberyfragrance.com\/de\/shop\/massage-seifen\/8441\/"]}]},{"@type":"ImageObject","inLanguage":"de","@id":"https:\/\/www.cuberyfragrance.com\/de\/shop\/massage-seifen\/8441\/#primaryimage","url":"https:\/\/www.cuberyfragrance.com\/wp-content\/uploads\/2023\/05\/IMG_4139-CELLULITE-EXFOLIATING-MASSAGING-SOAP-2.jpg","contentUrl":"https:\/\/www.cuberyfragrance.com\/wp-content\/uploads\/2023\/05\/IMG_4139-CELLULITE-EXFOLIATING-MASSAGING-SOAP-2.jpg","width":900,"height":600},{"@type":"BreadcrumbList","@id":"https:\/\/www.cuberyfragrance.com\/de\/shop\/massage-seifen\/8441\/#breadcrumb","itemListElement":[{"@type":"ListItem","position":1,"name":"Home","item":"https:\/\/www.cuberyfragrance.com\/de\/"},{"@type":"ListItem","position":2,"name":"SHOP","item":"https:\/\/www.cuberyfragrance.com\/shop\/"},{"@type":"ListItem","position":3,"name":"ANTI-CELLULITE MASSAGE SEIFE"}]},{"@type":"WebSite","@id":"https:\/\/www.cuberyfragrance.com\/fr\/#website","url":"https:\/\/www.cuberyfragrance.com\/fr\/","name":"CUBERY FRAGRANCE","description":"The Address of Naturalness and Health...","potentialAction":[{"@type":"SearchAction","target":{"@type":"EntryPoint","urlTemplate":"https:\/\/www.cuberyfragrance.com\/fr\/?s={search_term_string}"},"query-input":{"@type":"PropertyValueSpecification","valueRequired":true,"valueName":"search_term_string"}}],"inLanguage":"de"}]}},"jetpack_sharing_enabled":true,"_links":{"self":[{"href":"https:\/\/www.cuberyfragrance.com\/de\/wp-json\/wp\/v2\/product\/8441"}],"collection":[{"href":"https:\/\/www.cuberyfragrance.com\/de\/wp-json\/wp\/v2\/product"}],"about":[{"href":"https:\/\/www.cuberyfragrance.com\/de\/wp-json\/wp\/v2\/types\/product"}],"replies":[{"embeddable":true,"href":"https:\/\/www.cuberyfragrance.com\/de\/wp-json\/wp\/v2\/comments?post=8441"}],"wp:featuredmedia":[{"embeddable":true,"href":"https:\/\/www.cuberyfragrance.com\/de\/wp-json\/wp\/v2\/media\/8442"}],"wp:attachment":[{"href":"https:\/\/www.cuberyfragrance.com\/de\/wp-json\/wp\/v2\/media?parent=8441"}],"wp:term":[{"taxonomy":"product_brand","embeddable":true,"href":"https:\/\/www.cuberyfragrance.com\/de\/wp-json\/wp\/v2\/product_brand?post=8441"},{"taxonomy":"product_cat","embeddable":true,"href":"https:\/\/www.cuberyfragrance.com\/de\/wp-json\/wp\/v2\/product_cat?post=8441"},{"taxonomy":"product_tag","embeddable":true,"href":"https:\/\/www.cuberyfragrance.com\/de\/wp-json\/wp\/v2\/product_tag?post=8441"}],"curies":[{"name":"wp","href":"https:\/\/api.w.org\/{rel}","templated":true}]}}