{"id":8364,"date":"2023-05-29T12:31:21","date_gmt":"2023-05-29T12:31:21","guid":{"rendered":"https:\/\/www.cuberyfragrance.com\/?post_type=product&#038;p=8364"},"modified":"2024-04-28T05:22:37","modified_gmt":"2024-04-28T05:22:37","slug":"peeling-massage-seife-mit-kaffee","status":"publish","type":"product","link":"https:\/\/www.cuberyfragrance.com\/de\/shop\/massage-seifen\/peeling-massage-seife-mit-kaffee\/","title":{"rendered":"PEELING MASSAGE SEIFE MIT KAFFEE"},"content":{"rendered":"<p>PEELING MASSAGE SEIFE MIT KAFFEE &#8211; F\u00fcr ein belebendes und pflegendes Massageerlebnis!<\/p>\n<p>Unsere Peeling Massage Seife mit Kaffee bietet Ihnen die perfekte Kombination aus sanftem Peeling und wohltuender Massage. Angereichert mit hochwertigen Inhaltsstoffen, reinigt sie Ihre Haut gr\u00fcndlich, entfernt abgestorbene Hautzellen und sorgt f\u00fcr ein erfrischendes und glattes Hautgef\u00fchl.<\/p>\n<p>Die Wirkstoffe unserer Peeling Massage Seife umfassen Aqua, Kokos\u00f6l, nachhaltiges Palm\u00f6l, Sheabutter, natives Oliven\u00f6l extra, S\u00fc\u00dfmandel\u00f6l, Rizinus\u00f6l, Traubenkern\u00f6l, Argan\u00f6l sowie Jojoba\u00f6l, Tamanu\u00f6l, Avocado\u00f6l, Granatapfel\u00f6l und Aprikosenkern\u00f6l als Tr\u00e4ger\u00f6le. Diese nat\u00fcrlichen \u00d6le pflegen Ihre Haut und versorgen sie mit Feuchtigkeit w\u00e4hrend der Massage.<\/p>\n<p>Als Peeling-Komponente haben wir fein gemahlene Kaffeebohnen, Pumice Pulver (Vulkanstein), und Kaolin Ton hinzugef\u00fcgt. Diese nat\u00fcrlichen Peeling-Substanzen entfernen sanft abgestorbene Hautzellen und regen die Zellerneuerung an.<\/p>\n<p>Die Mischung aus \u00e4therischen \u00d6len wie Zitronengras, Grapefruit, Zedernholz, Fenchel, Schwarzer Pfeffer, Wacholderbeere und Lavendel verleiht der Seife einen erfrischenden Duft und sorgt f\u00fcr ein angenehmes Massageerlebnis.<\/p>\n<p>Die Seife enth\u00e4lt auch Vitamin E, das als Antioxidans wirkt und Ihre Haut vor sch\u00e4dlichen Umwelteinfl\u00fcssen sch\u00fctzt.<\/p>\n<p>Genie\u00dfen Sie das belebende Peeling und die wohltuende Massage mit unserer Peeling Massage Seife mit Kaffee. Das Gewicht der Seife betr\u00e4gt 113 Gramm (4 Unzen).<\/p>\n","protected":false},"excerpt":{"rendered":"<p>Wirkstoffe: Aqua, Kokos\u00f6l, Nachhaltiges Palm\u00f6l, Sheabutter, Natives Oliven\u00f6l extra, S\u00fc\u00dfmandel\u00f6l, Rizinus\u00f6l, Traubenkern\u00f6l, Argan\u00f6l sowie Jojoba\u00f6l, Tamanu\u00f6l, Avocado\u00f6l, Granatapfel\u00f6l, Aprikosenkern\u00f6l als Tr\u00e4ger\u00f6le. Kaolin-Ton, Bimssteinpulver, Gemahlener Kaffee und Gefilterter Kaffee, \u00c4therische \u00d6le aus Zitronengras, Grapefruit, Zedernholz, Fenchel, Schwarzem Pfeffer, Wacholderbeeren und Lavendel. Vitamin E als Zusatz.<br \/>\nGew. 4 OZ<\/p>\n","protected":false},"featured_media":8408,"comment_status":"open","ping_status":"closed","template":"","meta":[],"product_brand":[],"product_cat":[118],"product_tag":[],"class_list":{"0":"post-8364","1":"product","2":"type-product","3":"status-publish","4":"has-post-thumbnail","6":"product_cat-massage-seifen","8":"first","9":"instock","10":"shipping-taxable","11":"purchasable","12":"product-type-simple"},"yoast_head":"<!-- This site is optimized with the Yoast SEO plugin v25.6 - https:\/\/yoast.com\/wordpress\/plugins\/seo\/ -->\n<title>PEELING MASSAGE SEIFE MIT KAFFEE - CUBERY FRAGRANCE<\/title>\n<meta name=\"robots\" content=\"index, follow, max-snippet:-1, max-image-preview:large, max-video-preview:-1\" \/>\n<link rel=\"canonical\" href=\"https:\/\/www.cuberyfragrance.com\/de\/shop\/massage-seifen\/peeling-massage-seife-mit-kaffee\/\" \/>\n<meta property=\"og:locale\" content=\"de_DE\" \/>\n<meta property=\"og:type\" content=\"article\" \/>\n<meta property=\"og:title\" content=\"PEELING MASSAGE SEIFE MIT KAFFEE - CUBERY FRAGRANCE\" \/>\n<meta property=\"og:description\" content=\"Wirkstoffe: Aqua, Kokos\u00f6l, Nachhaltiges Palm\u00f6l, Sheabutter, Natives Oliven\u00f6l extra, S\u00fc\u00dfmandel\u00f6l, Rizinus\u00f6l, Traubenkern\u00f6l, Argan\u00f6l sowie Jojoba\u00f6l, Tamanu\u00f6l, Avocado\u00f6l, Granatapfel\u00f6l, Aprikosenkern\u00f6l als Tr\u00e4ger\u00f6le. Kaolin-Ton, Bimssteinpulver, Gemahlener Kaffee und Gefilterter Kaffee, \u00c4therische \u00d6le aus Zitronengras, Grapefruit, Zedernholz, Fenchel, Schwarzem Pfeffer, Wacholderbeeren und Lavendel. Vitamin E als Zusatz. Gew. 4 OZ\" \/>\n<meta property=\"og:url\" content=\"https:\/\/www.cuberyfragrance.com\/de\/shop\/massage-seifen\/peeling-massage-seife-mit-kaffee\/\" \/>\n<meta property=\"og:site_name\" content=\"CUBERY FRAGRANCE\" \/>\n<meta property=\"article:modified_time\" content=\"2024-04-28T05:22:37+00:00\" \/>\n<meta property=\"og:image\" content=\"https:\/\/www.cuberyfragrance.com\/wp-content\/uploads\/2023\/05\/IMG_4138-COFFEE-EXFOLIATING-MASSAGING-SOAP-1.jpg\" \/>\n\t<meta property=\"og:image:width\" content=\"900\" \/>\n\t<meta property=\"og:image:height\" content=\"600\" \/>\n\t<meta property=\"og:image:type\" content=\"image\/jpeg\" \/>\n<meta name=\"twitter:card\" content=\"summary_large_image\" \/>\n<meta name=\"twitter:label1\" content=\"Gesch\u00e4tzte Lesezeit\" \/>\n\t<meta name=\"twitter:data1\" content=\"1\u00a0Minute\" \/>\n<script type=\"application\/ld+json\" class=\"yoast-schema-graph\">{\"@context\":\"https:\/\/schema.org\",\"@graph\":[{\"@type\":\"WebPage\",\"@id\":\"https:\/\/www.cuberyfragrance.com\/de\/shop\/massage-seifen\/peeling-massage-seife-mit-kaffee\/\",\"url\":\"https:\/\/www.cuberyfragrance.com\/de\/shop\/massage-seifen\/peeling-massage-seife-mit-kaffee\/\",\"name\":\"PEELING MASSAGE SEIFE MIT KAFFEE - CUBERY FRAGRANCE\",\"isPartOf\":{\"@id\":\"https:\/\/www.cuberyfragrance.com\/fr\/#website\"},\"primaryImageOfPage\":{\"@id\":\"https:\/\/www.cuberyfragrance.com\/de\/shop\/massage-seifen\/peeling-massage-seife-mit-kaffee\/#primaryimage\"},\"image\":{\"@id\":\"https:\/\/www.cuberyfragrance.com\/de\/shop\/massage-seifen\/peeling-massage-seife-mit-kaffee\/#primaryimage\"},\"thumbnailUrl\":\"https:\/\/www.cuberyfragrance.com\/wp-content\/uploads\/2023\/05\/IMG_4138-COFFEE-EXFOLIATING-MASSAGING-SOAP-1.jpg\",\"datePublished\":\"2023-05-29T12:31:21+00:00\",\"dateModified\":\"2024-04-28T05:22:37+00:00\",\"breadcrumb\":{\"@id\":\"https:\/\/www.cuberyfragrance.com\/de\/shop\/massage-seifen\/peeling-massage-seife-mit-kaffee\/#breadcrumb\"},\"inLanguage\":\"de\",\"potentialAction\":[{\"@type\":\"ReadAction\",\"target\":[\"https:\/\/www.cuberyfragrance.com\/de\/shop\/massage-seifen\/peeling-massage-seife-mit-kaffee\/\"]}]},{\"@type\":\"ImageObject\",\"inLanguage\":\"de\",\"@id\":\"https:\/\/www.cuberyfragrance.com\/de\/shop\/massage-seifen\/peeling-massage-seife-mit-kaffee\/#primaryimage\",\"url\":\"https:\/\/www.cuberyfragrance.com\/wp-content\/uploads\/2023\/05\/IMG_4138-COFFEE-EXFOLIATING-MASSAGING-SOAP-1.jpg\",\"contentUrl\":\"https:\/\/www.cuberyfragrance.com\/wp-content\/uploads\/2023\/05\/IMG_4138-COFFEE-EXFOLIATING-MASSAGING-SOAP-1.jpg\",\"width\":900,\"height\":600},{\"@type\":\"BreadcrumbList\",\"@id\":\"https:\/\/www.cuberyfragrance.com\/de\/shop\/massage-seifen\/peeling-massage-seife-mit-kaffee\/#breadcrumb\",\"itemListElement\":[{\"@type\":\"ListItem\",\"position\":1,\"name\":\"Home\",\"item\":\"https:\/\/www.cuberyfragrance.com\/de\/\"},{\"@type\":\"ListItem\",\"position\":2,\"name\":\"SHOP\",\"item\":\"https:\/\/www.cuberyfragrance.com\/shop\/\"},{\"@type\":\"ListItem\",\"position\":3,\"name\":\"PEELING MASSAGE SEIFE MIT KAFFEE\"}]},{\"@type\":\"WebSite\",\"@id\":\"https:\/\/www.cuberyfragrance.com\/fr\/#website\",\"url\":\"https:\/\/www.cuberyfragrance.com\/fr\/\",\"name\":\"CUBERY FRAGRANCE\",\"description\":\"The Address of Naturalness and Health...\",\"potentialAction\":[{\"@type\":\"SearchAction\",\"target\":{\"@type\":\"EntryPoint\",\"urlTemplate\":\"https:\/\/www.cuberyfragrance.com\/fr\/?s={search_term_string}\"},\"query-input\":{\"@type\":\"PropertyValueSpecification\",\"valueRequired\":true,\"valueName\":\"search_term_string\"}}],\"inLanguage\":\"de\"}]}<\/script>\n<!-- \/ Yoast SEO plugin. -->","yoast_head_json":{"title":"PEELING MASSAGE SEIFE MIT KAFFEE - CUBERY FRAGRANCE","robots":{"index":"index","follow":"follow","max-snippet":"max-snippet:-1","max-image-preview":"max-image-preview:large","max-video-preview":"max-video-preview:-1"},"canonical":"https:\/\/www.cuberyfragrance.com\/de\/shop\/massage-seifen\/peeling-massage-seife-mit-kaffee\/","og_locale":"de_DE","og_type":"article","og_title":"PEELING MASSAGE SEIFE MIT KAFFEE - CUBERY FRAGRANCE","og_description":"Wirkstoffe: Aqua, Kokos\u00f6l, Nachhaltiges Palm\u00f6l, Sheabutter, Natives Oliven\u00f6l extra, S\u00fc\u00dfmandel\u00f6l, Rizinus\u00f6l, Traubenkern\u00f6l, Argan\u00f6l sowie Jojoba\u00f6l, Tamanu\u00f6l, Avocado\u00f6l, Granatapfel\u00f6l, Aprikosenkern\u00f6l als Tr\u00e4ger\u00f6le. Kaolin-Ton, Bimssteinpulver, Gemahlener Kaffee und Gefilterter Kaffee, \u00c4therische \u00d6le aus Zitronengras, Grapefruit, Zedernholz, Fenchel, Schwarzem Pfeffer, Wacholderbeeren und Lavendel. Vitamin E als Zusatz. Gew. 4 OZ","og_url":"https:\/\/www.cuberyfragrance.com\/de\/shop\/massage-seifen\/peeling-massage-seife-mit-kaffee\/","og_site_name":"CUBERY FRAGRANCE","article_modified_time":"2024-04-28T05:22:37+00:00","og_image":[{"width":900,"height":600,"url":"https:\/\/www.cuberyfragrance.com\/wp-content\/uploads\/2023\/05\/IMG_4138-COFFEE-EXFOLIATING-MASSAGING-SOAP-1.jpg","type":"image\/jpeg"}],"twitter_card":"summary_large_image","twitter_misc":{"Gesch\u00e4tzte Lesezeit":"1\u00a0Minute"},"schema":{"@context":"https:\/\/schema.org","@graph":[{"@type":"WebPage","@id":"https:\/\/www.cuberyfragrance.com\/de\/shop\/massage-seifen\/peeling-massage-seife-mit-kaffee\/","url":"https:\/\/www.cuberyfragrance.com\/de\/shop\/massage-seifen\/peeling-massage-seife-mit-kaffee\/","name":"PEELING MASSAGE SEIFE MIT KAFFEE - CUBERY FRAGRANCE","isPartOf":{"@id":"https:\/\/www.cuberyfragrance.com\/fr\/#website"},"primaryImageOfPage":{"@id":"https:\/\/www.cuberyfragrance.com\/de\/shop\/massage-seifen\/peeling-massage-seife-mit-kaffee\/#primaryimage"},"image":{"@id":"https:\/\/www.cuberyfragrance.com\/de\/shop\/massage-seifen\/peeling-massage-seife-mit-kaffee\/#primaryimage"},"thumbnailUrl":"https:\/\/www.cuberyfragrance.com\/wp-content\/uploads\/2023\/05\/IMG_4138-COFFEE-EXFOLIATING-MASSAGING-SOAP-1.jpg","datePublished":"2023-05-29T12:31:21+00:00","dateModified":"2024-04-28T05:22:37+00:00","breadcrumb":{"@id":"https:\/\/www.cuberyfragrance.com\/de\/shop\/massage-seifen\/peeling-massage-seife-mit-kaffee\/#breadcrumb"},"inLanguage":"de","potentialAction":[{"@type":"ReadAction","target":["https:\/\/www.cuberyfragrance.com\/de\/shop\/massage-seifen\/peeling-massage-seife-mit-kaffee\/"]}]},{"@type":"ImageObject","inLanguage":"de","@id":"https:\/\/www.cuberyfragrance.com\/de\/shop\/massage-seifen\/peeling-massage-seife-mit-kaffee\/#primaryimage","url":"https:\/\/www.cuberyfragrance.com\/wp-content\/uploads\/2023\/05\/IMG_4138-COFFEE-EXFOLIATING-MASSAGING-SOAP-1.jpg","contentUrl":"https:\/\/www.cuberyfragrance.com\/wp-content\/uploads\/2023\/05\/IMG_4138-COFFEE-EXFOLIATING-MASSAGING-SOAP-1.jpg","width":900,"height":600},{"@type":"BreadcrumbList","@id":"https:\/\/www.cuberyfragrance.com\/de\/shop\/massage-seifen\/peeling-massage-seife-mit-kaffee\/#breadcrumb","itemListElement":[{"@type":"ListItem","position":1,"name":"Home","item":"https:\/\/www.cuberyfragrance.com\/de\/"},{"@type":"ListItem","position":2,"name":"SHOP","item":"https:\/\/www.cuberyfragrance.com\/shop\/"},{"@type":"ListItem","position":3,"name":"PEELING MASSAGE SEIFE MIT KAFFEE"}]},{"@type":"WebSite","@id":"https:\/\/www.cuberyfragrance.com\/fr\/#website","url":"https:\/\/www.cuberyfragrance.com\/fr\/","name":"CUBERY FRAGRANCE","description":"The Address of Naturalness and Health...","potentialAction":[{"@type":"SearchAction","target":{"@type":"EntryPoint","urlTemplate":"https:\/\/www.cuberyfragrance.com\/fr\/?s={search_term_string}"},"query-input":{"@type":"PropertyValueSpecification","valueRequired":true,"valueName":"search_term_string"}}],"inLanguage":"de"}]}},"jetpack_sharing_enabled":true,"_links":{"self":[{"href":"https:\/\/www.cuberyfragrance.com\/de\/wp-json\/wp\/v2\/product\/8364"}],"collection":[{"href":"https:\/\/www.cuberyfragrance.com\/de\/wp-json\/wp\/v2\/product"}],"about":[{"href":"https:\/\/www.cuberyfragrance.com\/de\/wp-json\/wp\/v2\/types\/product"}],"replies":[{"embeddable":true,"href":"https:\/\/www.cuberyfragrance.com\/de\/wp-json\/wp\/v2\/comments?post=8364"}],"wp:featuredmedia":[{"embeddable":true,"href":"https:\/\/www.cuberyfragrance.com\/de\/wp-json\/wp\/v2\/media\/8408"}],"wp:attachment":[{"href":"https:\/\/www.cuberyfragrance.com\/de\/wp-json\/wp\/v2\/media?parent=8364"}],"wp:term":[{"taxonomy":"product_brand","embeddable":true,"href":"https:\/\/www.cuberyfragrance.com\/de\/wp-json\/wp\/v2\/product_brand?post=8364"},{"taxonomy":"product_cat","embeddable":true,"href":"https:\/\/www.cuberyfragrance.com\/de\/wp-json\/wp\/v2\/product_cat?post=8364"},{"taxonomy":"product_tag","embeddable":true,"href":"https:\/\/www.cuberyfragrance.com\/de\/wp-json\/wp\/v2\/product_tag?post=8364"}],"curies":[{"name":"wp","href":"https:\/\/api.w.org\/{rel}","templated":true}]}}