{"id":8321,"date":"2023-05-29T12:27:39","date_gmt":"2023-05-29T12:27:39","guid":{"rendered":"https:\/\/www.cuberyfragrance.com\/?post_type=product&#038;p=8321"},"modified":"2024-04-28T05:22:32","modified_gmt":"2024-04-28T05:22:32","slug":"kaffee-peeling-seife","status":"publish","type":"product","link":"https:\/\/www.cuberyfragrance.com\/de\/shop\/unkategorisiert\/kaffee-peeling-seife\/","title":{"rendered":"KAFFEE-PEELING SEIFE"},"content":{"rendered":"<p>KAFFEE-PEELING SEIFE &#8211; Sanfte Reinigung und Peeling mit Kaffee!<\/p>\n<p>Unsere Kaffee-Peeling Seife bietet Ihnen eine einzigartige Kombination aus sanfter Reinigung und Peeling-Effekt mit den wertvollen Eigenschaften von Kaffee. Angereichert mit einer sorgf\u00e4ltig ausgew\u00e4hlten Mischung hochwertiger Inhaltsstoffe, reinigt sie Ihre Haut gr\u00fcndlich und entfernt abgestorbene Hautzellen, um ein glattes und erfrischtes Hautbild zu enth\u00fcllen.<\/p>\n<p>Die Wirkstoffe unserer Kaffee-Peeling Seife umfassen Aqua, natives Oliven\u00f6l extra, Kokos\u00f6l, nachhaltiges Palm- und Palmkern\u00f6l, Sheabutter sowie Rizinus\u00f6l, Jojoba\u00f6l, Argan\u00f6l, Avocado\u00f6l, S\u00fc\u00dfmandel\u00f6l, Traubenkern\u00f6l und Aprikosenkern\u00f6l als Tr\u00e4ger\u00f6le. Diese nat\u00fcrlichen \u00d6le pflegen Ihre Haut und spenden ihr Feuchtigkeit w\u00e4hrend des Peelingprozesses.<\/p>\n<p>\u00c4therisches \u00d6l aus Orangenschalen verleiht der Seife einen erfrischenden Duft und wirkt belebend. Kaffee- und Orchideenduft\u00f6le sorgen f\u00fcr ein angenehmes Dufterlebnis w\u00e4hrend der Anwendung.<\/p>\n<p>Als Peeling-Komponente haben wir fein gemahlenen Kaffee, Kakao, Aktivkohle und Kaolin Ton hinzugef\u00fcgt. Diese nat\u00fcrlichen Peeling-Substanzen entfernen sanft abgestorbene Hautzellen und regen die Zellerneuerung an. Zus\u00e4tzlich haben wir Vitamin E hinzugef\u00fcgt, das als Antioxidans wirkt und Ihre Haut vor sch\u00e4dlichen Einfl\u00fcssen sch\u00fctzt.<\/p>\n<p>Genie\u00dfen Sie die sanfte Reinigung und das Peeling-Erlebnis mit unserer Kaffee-Peeling Seife und freuen Sie sich auf eine glatte und strahlende Haut. Das Gewicht der Seife betr\u00e4gt 113 Gramm (4 Unzen).<\/p>\n","protected":false},"excerpt":{"rendered":"<p>Wirkstoffe: Aqua, Natives Oliven\u00f6l extra, Kokos\u00f6l, Nachhaltiges Palm- und Palmkern\u00f6l, Sheabutter, Rizinus\u00f6l sowie Jojoba\u00f6l, Argan\u00f6l, Avocado\u00f6l, S\u00fc\u00dfmandel\u00f6l, Traubenkern\u00f6l, Aprikosenkern\u00f6l als Tr\u00e4ger\u00f6le. \u00c4therisches Orangenschalen\u00f6l, Duftende Kaffee- und Orchideen\u00f6le. Aktivkohle, Filterkaffee, Kakaopulver, Kaolinerde und Vitamin E als Zusatzstoffe. Gew. 4 OZ<\/p>\n","protected":false},"featured_media":8352,"comment_status":"open","ping_status":"closed","template":"","meta":[],"product_brand":[],"product_cat":[],"product_tag":[],"class_list":{"0":"post-8321","1":"product","2":"type-product","3":"status-publish","4":"has-post-thumbnail","7":"first","8":"instock","9":"shipping-taxable","10":"purchasable","11":"product-type-simple"},"yoast_head":"<!-- This site is optimized with the Yoast SEO plugin v25.6 - https:\/\/yoast.com\/wordpress\/plugins\/seo\/ -->\n<title>KAFFEE-PEELING SEIFE - CUBERY FRAGRANCE<\/title>\n<meta name=\"robots\" content=\"index, follow, max-snippet:-1, max-image-preview:large, max-video-preview:-1\" \/>\n<link rel=\"canonical\" href=\"https:\/\/www.cuberyfragrance.com\/de\/shop\/peeling-seifen\/kaffee-peeling-seife\/\" \/>\n<meta property=\"og:locale\" content=\"de_DE\" \/>\n<meta property=\"og:type\" content=\"article\" \/>\n<meta property=\"og:title\" content=\"KAFFEE-PEELING SEIFE - CUBERY FRAGRANCE\" \/>\n<meta property=\"og:description\" content=\"Wirkstoffe: Aqua, Natives Oliven\u00f6l extra, Kokos\u00f6l, Nachhaltiges Palm- und Palmkern\u00f6l, Sheabutter, Rizinus\u00f6l sowie Jojoba\u00f6l, Argan\u00f6l, Avocado\u00f6l, S\u00fc\u00dfmandel\u00f6l, Traubenkern\u00f6l, Aprikosenkern\u00f6l als Tr\u00e4ger\u00f6le. \u00c4therisches Orangenschalen\u00f6l, Duftende Kaffee- und Orchideen\u00f6le. Aktivkohle, Filterkaffee, Kakaopulver, Kaolinerde und Vitamin E als Zusatzstoffe. Gew. 4 OZ\" \/>\n<meta property=\"og:url\" content=\"https:\/\/www.cuberyfragrance.com\/de\/shop\/peeling-seifen\/kaffee-peeling-seife\/\" \/>\n<meta property=\"og:site_name\" content=\"CUBERY FRAGRANCE\" \/>\n<meta property=\"article:modified_time\" content=\"2024-04-28T05:22:32+00:00\" \/>\n<meta property=\"og:image\" content=\"https:\/\/www.cuberyfragrance.com\/wp-content\/uploads\/2023\/05\/IMG_4023-COFFEE-EXXFLOATING-SOAP-1.jpg\" \/>\n\t<meta property=\"og:image:width\" content=\"900\" \/>\n\t<meta property=\"og:image:height\" content=\"600\" \/>\n\t<meta property=\"og:image:type\" content=\"image\/jpeg\" \/>\n<meta name=\"twitter:card\" content=\"summary_large_image\" \/>\n<meta name=\"twitter:label1\" content=\"Gesch\u00e4tzte Lesezeit\" \/>\n\t<meta name=\"twitter:data1\" content=\"1\u00a0Minute\" \/>\n<script type=\"application\/ld+json\" class=\"yoast-schema-graph\">{\"@context\":\"https:\/\/schema.org\",\"@graph\":[{\"@type\":\"WebPage\",\"@id\":\"https:\/\/www.cuberyfragrance.com\/de\/shop\/peeling-seifen\/kaffee-peeling-seife\/\",\"url\":\"https:\/\/www.cuberyfragrance.com\/de\/shop\/peeling-seifen\/kaffee-peeling-seife\/\",\"name\":\"KAFFEE-PEELING SEIFE - CUBERY FRAGRANCE\",\"isPartOf\":{\"@id\":\"https:\/\/www.cuberyfragrance.com\/fr\/#website\"},\"primaryImageOfPage\":{\"@id\":\"https:\/\/www.cuberyfragrance.com\/de\/shop\/peeling-seifen\/kaffee-peeling-seife\/#primaryimage\"},\"image\":{\"@id\":\"https:\/\/www.cuberyfragrance.com\/de\/shop\/peeling-seifen\/kaffee-peeling-seife\/#primaryimage\"},\"thumbnailUrl\":\"https:\/\/www.cuberyfragrance.com\/wp-content\/uploads\/2023\/05\/IMG_4023-COFFEE-EXXFLOATING-SOAP-1.jpg\",\"datePublished\":\"2023-05-29T12:27:39+00:00\",\"dateModified\":\"2024-04-28T05:22:32+00:00\",\"breadcrumb\":{\"@id\":\"https:\/\/www.cuberyfragrance.com\/de\/shop\/peeling-seifen\/kaffee-peeling-seife\/#breadcrumb\"},\"inLanguage\":\"de\",\"potentialAction\":[{\"@type\":\"ReadAction\",\"target\":[\"https:\/\/www.cuberyfragrance.com\/de\/shop\/peeling-seifen\/kaffee-peeling-seife\/\"]}]},{\"@type\":\"ImageObject\",\"inLanguage\":\"de\",\"@id\":\"https:\/\/www.cuberyfragrance.com\/de\/shop\/peeling-seifen\/kaffee-peeling-seife\/#primaryimage\",\"url\":\"https:\/\/www.cuberyfragrance.com\/wp-content\/uploads\/2023\/05\/IMG_4023-COFFEE-EXXFLOATING-SOAP-1.jpg\",\"contentUrl\":\"https:\/\/www.cuberyfragrance.com\/wp-content\/uploads\/2023\/05\/IMG_4023-COFFEE-EXXFLOATING-SOAP-1.jpg\",\"width\":900,\"height\":600},{\"@type\":\"BreadcrumbList\",\"@id\":\"https:\/\/www.cuberyfragrance.com\/de\/shop\/peeling-seifen\/kaffee-peeling-seife\/#breadcrumb\",\"itemListElement\":[{\"@type\":\"ListItem\",\"position\":1,\"name\":\"Home\",\"item\":\"https:\/\/www.cuberyfragrance.com\/de\/\"},{\"@type\":\"ListItem\",\"position\":2,\"name\":\"SHOP\",\"item\":\"https:\/\/www.cuberyfragrance.com\/shop\/\"},{\"@type\":\"ListItem\",\"position\":3,\"name\":\"KAFFEE-PEELING SEIFE\"}]},{\"@type\":\"WebSite\",\"@id\":\"https:\/\/www.cuberyfragrance.com\/fr\/#website\",\"url\":\"https:\/\/www.cuberyfragrance.com\/fr\/\",\"name\":\"CUBERY FRAGRANCE\",\"description\":\"The Address of Naturalness and Health...\",\"potentialAction\":[{\"@type\":\"SearchAction\",\"target\":{\"@type\":\"EntryPoint\",\"urlTemplate\":\"https:\/\/www.cuberyfragrance.com\/fr\/?s={search_term_string}\"},\"query-input\":{\"@type\":\"PropertyValueSpecification\",\"valueRequired\":true,\"valueName\":\"search_term_string\"}}],\"inLanguage\":\"de\"}]}<\/script>\n<!-- \/ Yoast SEO plugin. -->","yoast_head_json":{"title":"KAFFEE-PEELING SEIFE - CUBERY FRAGRANCE","robots":{"index":"index","follow":"follow","max-snippet":"max-snippet:-1","max-image-preview":"max-image-preview:large","max-video-preview":"max-video-preview:-1"},"canonical":"https:\/\/www.cuberyfragrance.com\/de\/shop\/peeling-seifen\/kaffee-peeling-seife\/","og_locale":"de_DE","og_type":"article","og_title":"KAFFEE-PEELING SEIFE - CUBERY FRAGRANCE","og_description":"Wirkstoffe: Aqua, Natives Oliven\u00f6l extra, Kokos\u00f6l, Nachhaltiges Palm- und Palmkern\u00f6l, Sheabutter, Rizinus\u00f6l sowie Jojoba\u00f6l, Argan\u00f6l, Avocado\u00f6l, S\u00fc\u00dfmandel\u00f6l, Traubenkern\u00f6l, Aprikosenkern\u00f6l als Tr\u00e4ger\u00f6le. \u00c4therisches Orangenschalen\u00f6l, Duftende Kaffee- und Orchideen\u00f6le. Aktivkohle, Filterkaffee, Kakaopulver, Kaolinerde und Vitamin E als Zusatzstoffe. Gew. 4 OZ","og_url":"https:\/\/www.cuberyfragrance.com\/de\/shop\/peeling-seifen\/kaffee-peeling-seife\/","og_site_name":"CUBERY FRAGRANCE","article_modified_time":"2024-04-28T05:22:32+00:00","og_image":[{"width":900,"height":600,"url":"https:\/\/www.cuberyfragrance.com\/wp-content\/uploads\/2023\/05\/IMG_4023-COFFEE-EXXFLOATING-SOAP-1.jpg","type":"image\/jpeg"}],"twitter_card":"summary_large_image","twitter_misc":{"Gesch\u00e4tzte Lesezeit":"1\u00a0Minute"},"schema":{"@context":"https:\/\/schema.org","@graph":[{"@type":"WebPage","@id":"https:\/\/www.cuberyfragrance.com\/de\/shop\/peeling-seifen\/kaffee-peeling-seife\/","url":"https:\/\/www.cuberyfragrance.com\/de\/shop\/peeling-seifen\/kaffee-peeling-seife\/","name":"KAFFEE-PEELING SEIFE - CUBERY FRAGRANCE","isPartOf":{"@id":"https:\/\/www.cuberyfragrance.com\/fr\/#website"},"primaryImageOfPage":{"@id":"https:\/\/www.cuberyfragrance.com\/de\/shop\/peeling-seifen\/kaffee-peeling-seife\/#primaryimage"},"image":{"@id":"https:\/\/www.cuberyfragrance.com\/de\/shop\/peeling-seifen\/kaffee-peeling-seife\/#primaryimage"},"thumbnailUrl":"https:\/\/www.cuberyfragrance.com\/wp-content\/uploads\/2023\/05\/IMG_4023-COFFEE-EXXFLOATING-SOAP-1.jpg","datePublished":"2023-05-29T12:27:39+00:00","dateModified":"2024-04-28T05:22:32+00:00","breadcrumb":{"@id":"https:\/\/www.cuberyfragrance.com\/de\/shop\/peeling-seifen\/kaffee-peeling-seife\/#breadcrumb"},"inLanguage":"de","potentialAction":[{"@type":"ReadAction","target":["https:\/\/www.cuberyfragrance.com\/de\/shop\/peeling-seifen\/kaffee-peeling-seife\/"]}]},{"@type":"ImageObject","inLanguage":"de","@id":"https:\/\/www.cuberyfragrance.com\/de\/shop\/peeling-seifen\/kaffee-peeling-seife\/#primaryimage","url":"https:\/\/www.cuberyfragrance.com\/wp-content\/uploads\/2023\/05\/IMG_4023-COFFEE-EXXFLOATING-SOAP-1.jpg","contentUrl":"https:\/\/www.cuberyfragrance.com\/wp-content\/uploads\/2023\/05\/IMG_4023-COFFEE-EXXFLOATING-SOAP-1.jpg","width":900,"height":600},{"@type":"BreadcrumbList","@id":"https:\/\/www.cuberyfragrance.com\/de\/shop\/peeling-seifen\/kaffee-peeling-seife\/#breadcrumb","itemListElement":[{"@type":"ListItem","position":1,"name":"Home","item":"https:\/\/www.cuberyfragrance.com\/de\/"},{"@type":"ListItem","position":2,"name":"SHOP","item":"https:\/\/www.cuberyfragrance.com\/shop\/"},{"@type":"ListItem","position":3,"name":"KAFFEE-PEELING SEIFE"}]},{"@type":"WebSite","@id":"https:\/\/www.cuberyfragrance.com\/fr\/#website","url":"https:\/\/www.cuberyfragrance.com\/fr\/","name":"CUBERY FRAGRANCE","description":"The Address of Naturalness and Health...","potentialAction":[{"@type":"SearchAction","target":{"@type":"EntryPoint","urlTemplate":"https:\/\/www.cuberyfragrance.com\/fr\/?s={search_term_string}"},"query-input":{"@type":"PropertyValueSpecification","valueRequired":true,"valueName":"search_term_string"}}],"inLanguage":"de"}]}},"jetpack_sharing_enabled":true,"_links":{"self":[{"href":"https:\/\/www.cuberyfragrance.com\/de\/wp-json\/wp\/v2\/product\/8321"}],"collection":[{"href":"https:\/\/www.cuberyfragrance.com\/de\/wp-json\/wp\/v2\/product"}],"about":[{"href":"https:\/\/www.cuberyfragrance.com\/de\/wp-json\/wp\/v2\/types\/product"}],"replies":[{"embeddable":true,"href":"https:\/\/www.cuberyfragrance.com\/de\/wp-json\/wp\/v2\/comments?post=8321"}],"wp:featuredmedia":[{"embeddable":true,"href":"https:\/\/www.cuberyfragrance.com\/de\/wp-json\/wp\/v2\/media\/8352"}],"wp:attachment":[{"href":"https:\/\/www.cuberyfragrance.com\/de\/wp-json\/wp\/v2\/media?parent=8321"}],"wp:term":[{"taxonomy":"product_brand","embeddable":true,"href":"https:\/\/www.cuberyfragrance.com\/de\/wp-json\/wp\/v2\/product_brand?post=8321"},{"taxonomy":"product_cat","embeddable":true,"href":"https:\/\/www.cuberyfragrance.com\/de\/wp-json\/wp\/v2\/product_cat?post=8321"},{"taxonomy":"product_tag","embeddable":true,"href":"https:\/\/www.cuberyfragrance.com\/de\/wp-json\/wp\/v2\/product_tag?post=8321"}],"curies":[{"name":"wp","href":"https:\/\/api.w.org\/{rel}","templated":true}]}}