{"id":8148,"date":"2023-05-29T12:16:28","date_gmt":"2023-05-29T12:16:28","guid":{"rendered":"https:\/\/www.cuberyfragrance.com\/?post_type=product&#038;p=8148"},"modified":"2024-04-28T05:22:22","modified_gmt":"2024-04-28T05:22:22","slug":"salz-detox-seife","status":"publish","type":"product","link":"https:\/\/www.cuberyfragrance.com\/de\/shop\/detox-seifen\/salz-detox-seife\/","title":{"rendered":"SALZ-DETOX SEIFE"},"content":{"rendered":"<p>SALZ-DETOX SEIFE &#8211; Tiefenreinigung und Entgiftung mit Salz!<\/p>\n<p>Unsere Salz-Detox Seife bietet Ihnen eine intensive Tiefenreinigung und Entgiftung mit den wertvollen Eigenschaften des Salzes. Angereichert mit einer sorgf\u00e4ltig ausgew\u00e4hlten Mischung hochwertiger Inhaltsstoffe, reinigt sie gr\u00fcndlich Ihre Haut und hinterl\u00e4sst ein erfrischtes und belebtes Gef\u00fchl.<\/p>\n<p>Die Wirkstoffe unserer Salz-Detox Seife umfassen Aqua, Kokos\u00f6l, natives Oliven\u00f6l extra, Sheabutter und Rizinus\u00f6l als Tr\u00e4ger\u00f6le. Diese nat\u00fcrlichen \u00d6le pflegen Ihre Haut und spenden ihr Feuchtigkeit, w\u00e4hrend sie sanft gereinigt wird. Zitronengras \u00e4therisches \u00d6l, Lavendel \u00e4therisches \u00d6l und Teebaum \u00e4therisches \u00d6l verleihen der Seife einen erfrischenden Duft und wirken zugleich reinigend und beruhigend.<\/p>\n<p>Als Zusatzstoffe haben wir Kaolin Ton, Anatolisches Steinsalz, Aktivkohle und Vitamin E hinzugef\u00fcgt. Kaolin Ton hilft bei der Reinigung und Entgiftung der Haut, w\u00e4hrend Anatolisches Steinsalz Schadstoffe absorbiert und die Haut sanft peelt. Aktivkohle tr\u00e4gt ebenfalls zur Entgiftung bei und entfernt Unreinheiten. Vitamin E wirkt als Antioxidans und sch\u00fctzt Ihre Haut vor sch\u00e4dlichen Einfl\u00fcssen.<\/p>\n<p>Genie\u00dfen Sie die erfrischende Tiefenreinigung mit unserer Salz-Detox Seife und erleben Sie das belebende Gef\u00fchl auf Ihrer Haut. Das Gewicht der Seife betr\u00e4gt 113 Gramm (4 Unzen).<\/p>\n","protected":false},"excerpt":{"rendered":"<p><strong>Wirkstoffe: <\/strong>Aqua, Kokosnuss\u00f6l, Natives Oliven\u00f6l extra, Sheabutter, Rizinus\u00f6l als Tr\u00e4ger\u00f6le und \u00c4therisches Zitronengras\u00f6l. Kaolinerde, Anatolisches Steinsalz und Vitamin E als Zusatzstoffe. Gew. 4 OZ<\/p>\n","protected":false},"featured_media":8182,"comment_status":"open","ping_status":"closed","template":"","meta":[],"product_brand":[],"product_cat":[116],"product_tag":[],"class_list":{"0":"post-8148","1":"product","2":"type-product","3":"status-publish","4":"has-post-thumbnail","6":"product_cat-detox-seifen","8":"first","9":"instock","10":"shipping-taxable","11":"purchasable","12":"product-type-simple"},"yoast_head":"<!-- This site is optimized with the Yoast SEO plugin v25.6 - https:\/\/yoast.com\/wordpress\/plugins\/seo\/ -->\n<title>SALZ-DETOX SEIFE - CUBERY FRAGRANCE<\/title>\n<meta name=\"robots\" content=\"index, follow, max-snippet:-1, max-image-preview:large, max-video-preview:-1\" \/>\n<link rel=\"canonical\" href=\"https:\/\/www.cuberyfragrance.com\/de\/shop\/detox-seifen\/salz-detox-seife\/\" \/>\n<meta property=\"og:locale\" content=\"de_DE\" \/>\n<meta property=\"og:type\" content=\"article\" \/>\n<meta property=\"og:title\" content=\"SALZ-DETOX SEIFE - CUBERY FRAGRANCE\" \/>\n<meta property=\"og:description\" content=\"Wirkstoffe: Aqua, Kokosnuss\u00f6l, Natives Oliven\u00f6l extra, Sheabutter, Rizinus\u00f6l als Tr\u00e4ger\u00f6le und \u00c4therisches Zitronengras\u00f6l. Kaolinerde, Anatolisches Steinsalz und Vitamin E als Zusatzstoffe. Gew. 4 OZ\" \/>\n<meta property=\"og:url\" content=\"https:\/\/www.cuberyfragrance.com\/de\/shop\/detox-seifen\/salz-detox-seife\/\" \/>\n<meta property=\"og:site_name\" content=\"CUBERY FRAGRANCE\" \/>\n<meta property=\"article:modified_time\" content=\"2024-04-28T05:22:22+00:00\" \/>\n<meta property=\"og:image\" content=\"https:\/\/www.cuberyfragrance.com\/wp-content\/uploads\/2023\/05\/IMG_4112-CARBON-LAVENDER-SOAP.jpg\" \/>\n\t<meta property=\"og:image:width\" content=\"900\" \/>\n\t<meta property=\"og:image:height\" content=\"600\" \/>\n\t<meta property=\"og:image:type\" content=\"image\/jpeg\" \/>\n<meta name=\"twitter:card\" content=\"summary_large_image\" \/>\n<meta name=\"twitter:label1\" content=\"Gesch\u00e4tzte Lesezeit\" \/>\n\t<meta name=\"twitter:data1\" content=\"1\u00a0Minute\" \/>\n<script type=\"application\/ld+json\" class=\"yoast-schema-graph\">{\"@context\":\"https:\/\/schema.org\",\"@graph\":[{\"@type\":\"WebPage\",\"@id\":\"https:\/\/www.cuberyfragrance.com\/de\/shop\/detox-seifen\/salz-detox-seife\/\",\"url\":\"https:\/\/www.cuberyfragrance.com\/de\/shop\/detox-seifen\/salz-detox-seife\/\",\"name\":\"SALZ-DETOX SEIFE - CUBERY FRAGRANCE\",\"isPartOf\":{\"@id\":\"https:\/\/www.cuberyfragrance.com\/fr\/#website\"},\"primaryImageOfPage\":{\"@id\":\"https:\/\/www.cuberyfragrance.com\/de\/shop\/detox-seifen\/salz-detox-seife\/#primaryimage\"},\"image\":{\"@id\":\"https:\/\/www.cuberyfragrance.com\/de\/shop\/detox-seifen\/salz-detox-seife\/#primaryimage\"},\"thumbnailUrl\":\"https:\/\/www.cuberyfragrance.com\/wp-content\/uploads\/2023\/05\/IMG_4112-CARBON-LAVENDER-SOAP.jpg\",\"datePublished\":\"2023-05-29T12:16:28+00:00\",\"dateModified\":\"2024-04-28T05:22:22+00:00\",\"breadcrumb\":{\"@id\":\"https:\/\/www.cuberyfragrance.com\/de\/shop\/detox-seifen\/salz-detox-seife\/#breadcrumb\"},\"inLanguage\":\"de\",\"potentialAction\":[{\"@type\":\"ReadAction\",\"target\":[\"https:\/\/www.cuberyfragrance.com\/de\/shop\/detox-seifen\/salz-detox-seife\/\"]}]},{\"@type\":\"ImageObject\",\"inLanguage\":\"de\",\"@id\":\"https:\/\/www.cuberyfragrance.com\/de\/shop\/detox-seifen\/salz-detox-seife\/#primaryimage\",\"url\":\"https:\/\/www.cuberyfragrance.com\/wp-content\/uploads\/2023\/05\/IMG_4112-CARBON-LAVENDER-SOAP.jpg\",\"contentUrl\":\"https:\/\/www.cuberyfragrance.com\/wp-content\/uploads\/2023\/05\/IMG_4112-CARBON-LAVENDER-SOAP.jpg\",\"width\":900,\"height\":600},{\"@type\":\"BreadcrumbList\",\"@id\":\"https:\/\/www.cuberyfragrance.com\/de\/shop\/detox-seifen\/salz-detox-seife\/#breadcrumb\",\"itemListElement\":[{\"@type\":\"ListItem\",\"position\":1,\"name\":\"Home\",\"item\":\"https:\/\/www.cuberyfragrance.com\/de\/\"},{\"@type\":\"ListItem\",\"position\":2,\"name\":\"SHOP\",\"item\":\"https:\/\/www.cuberyfragrance.com\/shop\/\"},{\"@type\":\"ListItem\",\"position\":3,\"name\":\"SALZ-DETOX SEIFE\"}]},{\"@type\":\"WebSite\",\"@id\":\"https:\/\/www.cuberyfragrance.com\/fr\/#website\",\"url\":\"https:\/\/www.cuberyfragrance.com\/fr\/\",\"name\":\"CUBERY FRAGRANCE\",\"description\":\"The Address of Naturalness and Health...\",\"potentialAction\":[{\"@type\":\"SearchAction\",\"target\":{\"@type\":\"EntryPoint\",\"urlTemplate\":\"https:\/\/www.cuberyfragrance.com\/fr\/?s={search_term_string}\"},\"query-input\":{\"@type\":\"PropertyValueSpecification\",\"valueRequired\":true,\"valueName\":\"search_term_string\"}}],\"inLanguage\":\"de\"}]}<\/script>\n<!-- \/ Yoast SEO plugin. -->","yoast_head_json":{"title":"SALZ-DETOX SEIFE - CUBERY FRAGRANCE","robots":{"index":"index","follow":"follow","max-snippet":"max-snippet:-1","max-image-preview":"max-image-preview:large","max-video-preview":"max-video-preview:-1"},"canonical":"https:\/\/www.cuberyfragrance.com\/de\/shop\/detox-seifen\/salz-detox-seife\/","og_locale":"de_DE","og_type":"article","og_title":"SALZ-DETOX SEIFE - CUBERY FRAGRANCE","og_description":"Wirkstoffe: Aqua, Kokosnuss\u00f6l, Natives Oliven\u00f6l extra, Sheabutter, Rizinus\u00f6l als Tr\u00e4ger\u00f6le und \u00c4therisches Zitronengras\u00f6l. Kaolinerde, Anatolisches Steinsalz und Vitamin E als Zusatzstoffe. Gew. 4 OZ","og_url":"https:\/\/www.cuberyfragrance.com\/de\/shop\/detox-seifen\/salz-detox-seife\/","og_site_name":"CUBERY FRAGRANCE","article_modified_time":"2024-04-28T05:22:22+00:00","og_image":[{"width":900,"height":600,"url":"https:\/\/www.cuberyfragrance.com\/wp-content\/uploads\/2023\/05\/IMG_4112-CARBON-LAVENDER-SOAP.jpg","type":"image\/jpeg"}],"twitter_card":"summary_large_image","twitter_misc":{"Gesch\u00e4tzte Lesezeit":"1\u00a0Minute"},"schema":{"@context":"https:\/\/schema.org","@graph":[{"@type":"WebPage","@id":"https:\/\/www.cuberyfragrance.com\/de\/shop\/detox-seifen\/salz-detox-seife\/","url":"https:\/\/www.cuberyfragrance.com\/de\/shop\/detox-seifen\/salz-detox-seife\/","name":"SALZ-DETOX SEIFE - CUBERY FRAGRANCE","isPartOf":{"@id":"https:\/\/www.cuberyfragrance.com\/fr\/#website"},"primaryImageOfPage":{"@id":"https:\/\/www.cuberyfragrance.com\/de\/shop\/detox-seifen\/salz-detox-seife\/#primaryimage"},"image":{"@id":"https:\/\/www.cuberyfragrance.com\/de\/shop\/detox-seifen\/salz-detox-seife\/#primaryimage"},"thumbnailUrl":"https:\/\/www.cuberyfragrance.com\/wp-content\/uploads\/2023\/05\/IMG_4112-CARBON-LAVENDER-SOAP.jpg","datePublished":"2023-05-29T12:16:28+00:00","dateModified":"2024-04-28T05:22:22+00:00","breadcrumb":{"@id":"https:\/\/www.cuberyfragrance.com\/de\/shop\/detox-seifen\/salz-detox-seife\/#breadcrumb"},"inLanguage":"de","potentialAction":[{"@type":"ReadAction","target":["https:\/\/www.cuberyfragrance.com\/de\/shop\/detox-seifen\/salz-detox-seife\/"]}]},{"@type":"ImageObject","inLanguage":"de","@id":"https:\/\/www.cuberyfragrance.com\/de\/shop\/detox-seifen\/salz-detox-seife\/#primaryimage","url":"https:\/\/www.cuberyfragrance.com\/wp-content\/uploads\/2023\/05\/IMG_4112-CARBON-LAVENDER-SOAP.jpg","contentUrl":"https:\/\/www.cuberyfragrance.com\/wp-content\/uploads\/2023\/05\/IMG_4112-CARBON-LAVENDER-SOAP.jpg","width":900,"height":600},{"@type":"BreadcrumbList","@id":"https:\/\/www.cuberyfragrance.com\/de\/shop\/detox-seifen\/salz-detox-seife\/#breadcrumb","itemListElement":[{"@type":"ListItem","position":1,"name":"Home","item":"https:\/\/www.cuberyfragrance.com\/de\/"},{"@type":"ListItem","position":2,"name":"SHOP","item":"https:\/\/www.cuberyfragrance.com\/shop\/"},{"@type":"ListItem","position":3,"name":"SALZ-DETOX SEIFE"}]},{"@type":"WebSite","@id":"https:\/\/www.cuberyfragrance.com\/fr\/#website","url":"https:\/\/www.cuberyfragrance.com\/fr\/","name":"CUBERY FRAGRANCE","description":"The Address of Naturalness and Health...","potentialAction":[{"@type":"SearchAction","target":{"@type":"EntryPoint","urlTemplate":"https:\/\/www.cuberyfragrance.com\/fr\/?s={search_term_string}"},"query-input":{"@type":"PropertyValueSpecification","valueRequired":true,"valueName":"search_term_string"}}],"inLanguage":"de"}]}},"jetpack_sharing_enabled":true,"_links":{"self":[{"href":"https:\/\/www.cuberyfragrance.com\/de\/wp-json\/wp\/v2\/product\/8148"}],"collection":[{"href":"https:\/\/www.cuberyfragrance.com\/de\/wp-json\/wp\/v2\/product"}],"about":[{"href":"https:\/\/www.cuberyfragrance.com\/de\/wp-json\/wp\/v2\/types\/product"}],"replies":[{"embeddable":true,"href":"https:\/\/www.cuberyfragrance.com\/de\/wp-json\/wp\/v2\/comments?post=8148"}],"wp:featuredmedia":[{"embeddable":true,"href":"https:\/\/www.cuberyfragrance.com\/de\/wp-json\/wp\/v2\/media\/8182"}],"wp:attachment":[{"href":"https:\/\/www.cuberyfragrance.com\/de\/wp-json\/wp\/v2\/media?parent=8148"}],"wp:term":[{"taxonomy":"product_brand","embeddable":true,"href":"https:\/\/www.cuberyfragrance.com\/de\/wp-json\/wp\/v2\/product_brand?post=8148"},{"taxonomy":"product_cat","embeddable":true,"href":"https:\/\/www.cuberyfragrance.com\/de\/wp-json\/wp\/v2\/product_cat?post=8148"},{"taxonomy":"product_tag","embeddable":true,"href":"https:\/\/www.cuberyfragrance.com\/de\/wp-json\/wp\/v2\/product_tag?post=8148"}],"curies":[{"name":"wp","href":"https:\/\/api.w.org\/{rel}","templated":true}]}}