{"id":8095,"date":"2023-05-29T12:14:36","date_gmt":"2023-05-29T12:14:36","guid":{"rendered":"https:\/\/www.cuberyfragrance.com\/?post_type=product&#038;p=8095"},"modified":"2024-04-28T05:22:17","modified_gmt":"2024-04-28T05:22:17","slug":"lavendel-detox-seife","status":"publish","type":"product","link":"https:\/\/www.cuberyfragrance.com\/de\/shop\/detox-seifen\/lavendel-detox-seife\/","title":{"rendered":"LAVENDEL-DETOX SEIFE"},"content":{"rendered":"<p>LAVENDEL-DETOX SEIFE &#8211; Reinigung und Entgiftung mit Lavendel!<\/p>\n<p>Unsere Lavendel-Detox Seife bietet Ihnen eine erfrischende Reinigungserfahrung mit den wohltuenden Eigenschaften des Lavendel\u00f6ls. Angereichert mit einer sorgf\u00e4ltig ausgew\u00e4hlten Mischung hochwertiger Inhaltsstoffe, reinigt sie sanft Ihre Haut und hinterl\u00e4sst ein belebendes Gef\u00fchl.<\/p>\n<p>Die Wirkstoffe unserer Lavendel-Detox Seife umfassen Aqua, natives Oliven\u00f6l extra, Kokos\u00f6l, Sheabutter, nachhaltiges Palm\u00f6l, Rizinus\u00f6l sowie Jojoba\u00f6l, Avocado\u00f6l, Argan\u00f6l, Tamanu\u00f6l, Aprikosenkern\u00f6l, Traubenkern\u00f6l, Granatapfelkern\u00f6l und S\u00fc\u00dfmandel\u00f6l als Tr\u00e4ger\u00f6le. Diese nat\u00fcrlichen \u00d6le pflegen Ihre Haut intensiv und versorgen sie mit Feuchtigkeit, w\u00e4hrend sie sanft gereinigt wird. Lavendel \u00e4therisches \u00d6l verleiht der Seife einen angenehmen Duft und wirkt beruhigend auf die Sinne.<\/p>\n<p>Mentholkristalle, Kaolin Ton, Seidenfasern, Vitamin E, Aktivkohle und Mica sind als Zusatzstoffe enthalten. Mentholkristalle sorgen f\u00fcr eine erfrischende Wirkung auf der Haut. Kaolin Ton hilft bei der Reinigung und Entgiftung der Haut, w\u00e4hrend Seidenfasern ein geschmeidiges Hautgef\u00fchl verleihen. Vitamin E wirkt als Antioxidans und sch\u00fctzt Ihre Haut vor sch\u00e4dlichen Einfl\u00fcssen. Aktivkohle tr\u00e4gt zur Entgiftung und Reinigung der Haut bei. Mica verleiht der Seife einen dezenten Glanz.<\/p>\n<p>Genie\u00dfen Sie die belebende Reinigung mit unserer Lavendel-Detox Seife und verw\u00f6hnen Sie Ihre Sinne mit dem beruhigenden Duft des Lavendels. Das Gewicht der Seife betr\u00e4gt 113 Gramm (4 Unzen).<\/p>\n","protected":false},"excerpt":{"rendered":"<p>Wirkstoffe: Aqua, Kokosnuss\u00f6l, Natives Oliven\u00f6l extra, Sheabutter und Rizinus\u00f6l als Tr\u00e4ger\u00f6le. \u00c4therische \u00d6le aus Zitronengras, Lavendel und Teebaum. Kaolin-Ton, Anatolisches Steinsalz, Aktivkohle und Vitamin E. Gew. 4 OZ<\/p>\n","protected":false},"featured_media":8480,"comment_status":"open","ping_status":"closed","template":"","meta":[],"product_brand":[],"product_cat":[116],"product_tag":[],"class_list":{"0":"post-8095","1":"product","2":"type-product","3":"status-publish","4":"has-post-thumbnail","6":"product_cat-detox-seifen","8":"first","9":"instock","10":"shipping-taxable","11":"purchasable","12":"product-type-simple"},"yoast_head":"<!-- This site is optimized with the Yoast SEO plugin v25.6 - https:\/\/yoast.com\/wordpress\/plugins\/seo\/ -->\n<title>LAVENDEL-DETOX SEIFE - CUBERY FRAGRANCE<\/title>\n<meta name=\"robots\" content=\"index, follow, max-snippet:-1, max-image-preview:large, max-video-preview:-1\" \/>\n<link rel=\"canonical\" href=\"https:\/\/www.cuberyfragrance.com\/de\/shop\/detox-seifen\/lavendel-detox-seife\/\" \/>\n<meta property=\"og:locale\" content=\"de_DE\" \/>\n<meta property=\"og:type\" content=\"article\" \/>\n<meta property=\"og:title\" content=\"LAVENDEL-DETOX SEIFE - CUBERY FRAGRANCE\" \/>\n<meta property=\"og:description\" content=\"Wirkstoffe: Aqua, Kokosnuss\u00f6l, Natives Oliven\u00f6l extra, Sheabutter und Rizinus\u00f6l als Tr\u00e4ger\u00f6le. \u00c4therische \u00d6le aus Zitronengras, Lavendel und Teebaum. Kaolin-Ton, Anatolisches Steinsalz, Aktivkohle und Vitamin E. Gew. 4 OZ\" \/>\n<meta property=\"og:url\" content=\"https:\/\/www.cuberyfragrance.com\/de\/shop\/detox-seifen\/lavendel-detox-seife\/\" \/>\n<meta property=\"og:site_name\" content=\"CUBERY FRAGRANCE\" \/>\n<meta property=\"article:modified_time\" content=\"2024-04-28T05:22:17+00:00\" \/>\n<meta property=\"og:image\" content=\"https:\/\/www.cuberyfragrance.com\/wp-content\/uploads\/2023\/05\/IMG_4112-CARBON-LAVENDER-SOAP-1.jpg\" \/>\n\t<meta property=\"og:image:width\" content=\"900\" \/>\n\t<meta property=\"og:image:height\" content=\"600\" \/>\n\t<meta property=\"og:image:type\" content=\"image\/jpeg\" \/>\n<meta name=\"twitter:card\" content=\"summary_large_image\" \/>\n<meta name=\"twitter:label1\" content=\"Gesch\u00e4tzte Lesezeit\" \/>\n\t<meta name=\"twitter:data1\" content=\"1\u00a0Minute\" \/>\n<script type=\"application\/ld+json\" class=\"yoast-schema-graph\">{\"@context\":\"https:\/\/schema.org\",\"@graph\":[{\"@type\":\"WebPage\",\"@id\":\"https:\/\/www.cuberyfragrance.com\/de\/shop\/detox-seifen\/lavendel-detox-seife\/\",\"url\":\"https:\/\/www.cuberyfragrance.com\/de\/shop\/detox-seifen\/lavendel-detox-seife\/\",\"name\":\"LAVENDEL-DETOX SEIFE - CUBERY FRAGRANCE\",\"isPartOf\":{\"@id\":\"https:\/\/www.cuberyfragrance.com\/fr\/#website\"},\"primaryImageOfPage\":{\"@id\":\"https:\/\/www.cuberyfragrance.com\/de\/shop\/detox-seifen\/lavendel-detox-seife\/#primaryimage\"},\"image\":{\"@id\":\"https:\/\/www.cuberyfragrance.com\/de\/shop\/detox-seifen\/lavendel-detox-seife\/#primaryimage\"},\"thumbnailUrl\":\"https:\/\/www.cuberyfragrance.com\/wp-content\/uploads\/2023\/05\/IMG_4112-CARBON-LAVENDER-SOAP-1.jpg\",\"datePublished\":\"2023-05-29T12:14:36+00:00\",\"dateModified\":\"2024-04-28T05:22:17+00:00\",\"breadcrumb\":{\"@id\":\"https:\/\/www.cuberyfragrance.com\/de\/shop\/detox-seifen\/lavendel-detox-seife\/#breadcrumb\"},\"inLanguage\":\"de\",\"potentialAction\":[{\"@type\":\"ReadAction\",\"target\":[\"https:\/\/www.cuberyfragrance.com\/de\/shop\/detox-seifen\/lavendel-detox-seife\/\"]}]},{\"@type\":\"ImageObject\",\"inLanguage\":\"de\",\"@id\":\"https:\/\/www.cuberyfragrance.com\/de\/shop\/detox-seifen\/lavendel-detox-seife\/#primaryimage\",\"url\":\"https:\/\/www.cuberyfragrance.com\/wp-content\/uploads\/2023\/05\/IMG_4112-CARBON-LAVENDER-SOAP-1.jpg\",\"contentUrl\":\"https:\/\/www.cuberyfragrance.com\/wp-content\/uploads\/2023\/05\/IMG_4112-CARBON-LAVENDER-SOAP-1.jpg\",\"width\":900,\"height\":600},{\"@type\":\"BreadcrumbList\",\"@id\":\"https:\/\/www.cuberyfragrance.com\/de\/shop\/detox-seifen\/lavendel-detox-seife\/#breadcrumb\",\"itemListElement\":[{\"@type\":\"ListItem\",\"position\":1,\"name\":\"Home\",\"item\":\"https:\/\/www.cuberyfragrance.com\/de\/\"},{\"@type\":\"ListItem\",\"position\":2,\"name\":\"SHOP\",\"item\":\"https:\/\/www.cuberyfragrance.com\/shop\/\"},{\"@type\":\"ListItem\",\"position\":3,\"name\":\"LAVENDEL-DETOX SEIFE\"}]},{\"@type\":\"WebSite\",\"@id\":\"https:\/\/www.cuberyfragrance.com\/fr\/#website\",\"url\":\"https:\/\/www.cuberyfragrance.com\/fr\/\",\"name\":\"CUBERY FRAGRANCE\",\"description\":\"The Address of Naturalness and Health...\",\"potentialAction\":[{\"@type\":\"SearchAction\",\"target\":{\"@type\":\"EntryPoint\",\"urlTemplate\":\"https:\/\/www.cuberyfragrance.com\/fr\/?s={search_term_string}\"},\"query-input\":{\"@type\":\"PropertyValueSpecification\",\"valueRequired\":true,\"valueName\":\"search_term_string\"}}],\"inLanguage\":\"de\"}]}<\/script>\n<!-- \/ Yoast SEO plugin. -->","yoast_head_json":{"title":"LAVENDEL-DETOX SEIFE - CUBERY FRAGRANCE","robots":{"index":"index","follow":"follow","max-snippet":"max-snippet:-1","max-image-preview":"max-image-preview:large","max-video-preview":"max-video-preview:-1"},"canonical":"https:\/\/www.cuberyfragrance.com\/de\/shop\/detox-seifen\/lavendel-detox-seife\/","og_locale":"de_DE","og_type":"article","og_title":"LAVENDEL-DETOX SEIFE - CUBERY FRAGRANCE","og_description":"Wirkstoffe: Aqua, Kokosnuss\u00f6l, Natives Oliven\u00f6l extra, Sheabutter und Rizinus\u00f6l als Tr\u00e4ger\u00f6le. \u00c4therische \u00d6le aus Zitronengras, Lavendel und Teebaum. Kaolin-Ton, Anatolisches Steinsalz, Aktivkohle und Vitamin E. Gew. 4 OZ","og_url":"https:\/\/www.cuberyfragrance.com\/de\/shop\/detox-seifen\/lavendel-detox-seife\/","og_site_name":"CUBERY FRAGRANCE","article_modified_time":"2024-04-28T05:22:17+00:00","og_image":[{"width":900,"height":600,"url":"https:\/\/www.cuberyfragrance.com\/wp-content\/uploads\/2023\/05\/IMG_4112-CARBON-LAVENDER-SOAP-1.jpg","type":"image\/jpeg"}],"twitter_card":"summary_large_image","twitter_misc":{"Gesch\u00e4tzte Lesezeit":"1\u00a0Minute"},"schema":{"@context":"https:\/\/schema.org","@graph":[{"@type":"WebPage","@id":"https:\/\/www.cuberyfragrance.com\/de\/shop\/detox-seifen\/lavendel-detox-seife\/","url":"https:\/\/www.cuberyfragrance.com\/de\/shop\/detox-seifen\/lavendel-detox-seife\/","name":"LAVENDEL-DETOX SEIFE - CUBERY FRAGRANCE","isPartOf":{"@id":"https:\/\/www.cuberyfragrance.com\/fr\/#website"},"primaryImageOfPage":{"@id":"https:\/\/www.cuberyfragrance.com\/de\/shop\/detox-seifen\/lavendel-detox-seife\/#primaryimage"},"image":{"@id":"https:\/\/www.cuberyfragrance.com\/de\/shop\/detox-seifen\/lavendel-detox-seife\/#primaryimage"},"thumbnailUrl":"https:\/\/www.cuberyfragrance.com\/wp-content\/uploads\/2023\/05\/IMG_4112-CARBON-LAVENDER-SOAP-1.jpg","datePublished":"2023-05-29T12:14:36+00:00","dateModified":"2024-04-28T05:22:17+00:00","breadcrumb":{"@id":"https:\/\/www.cuberyfragrance.com\/de\/shop\/detox-seifen\/lavendel-detox-seife\/#breadcrumb"},"inLanguage":"de","potentialAction":[{"@type":"ReadAction","target":["https:\/\/www.cuberyfragrance.com\/de\/shop\/detox-seifen\/lavendel-detox-seife\/"]}]},{"@type":"ImageObject","inLanguage":"de","@id":"https:\/\/www.cuberyfragrance.com\/de\/shop\/detox-seifen\/lavendel-detox-seife\/#primaryimage","url":"https:\/\/www.cuberyfragrance.com\/wp-content\/uploads\/2023\/05\/IMG_4112-CARBON-LAVENDER-SOAP-1.jpg","contentUrl":"https:\/\/www.cuberyfragrance.com\/wp-content\/uploads\/2023\/05\/IMG_4112-CARBON-LAVENDER-SOAP-1.jpg","width":900,"height":600},{"@type":"BreadcrumbList","@id":"https:\/\/www.cuberyfragrance.com\/de\/shop\/detox-seifen\/lavendel-detox-seife\/#breadcrumb","itemListElement":[{"@type":"ListItem","position":1,"name":"Home","item":"https:\/\/www.cuberyfragrance.com\/de\/"},{"@type":"ListItem","position":2,"name":"SHOP","item":"https:\/\/www.cuberyfragrance.com\/shop\/"},{"@type":"ListItem","position":3,"name":"LAVENDEL-DETOX SEIFE"}]},{"@type":"WebSite","@id":"https:\/\/www.cuberyfragrance.com\/fr\/#website","url":"https:\/\/www.cuberyfragrance.com\/fr\/","name":"CUBERY FRAGRANCE","description":"The Address of Naturalness and Health...","potentialAction":[{"@type":"SearchAction","target":{"@type":"EntryPoint","urlTemplate":"https:\/\/www.cuberyfragrance.com\/fr\/?s={search_term_string}"},"query-input":{"@type":"PropertyValueSpecification","valueRequired":true,"valueName":"search_term_string"}}],"inLanguage":"de"}]}},"jetpack_sharing_enabled":true,"_links":{"self":[{"href":"https:\/\/www.cuberyfragrance.com\/de\/wp-json\/wp\/v2\/product\/8095"}],"collection":[{"href":"https:\/\/www.cuberyfragrance.com\/de\/wp-json\/wp\/v2\/product"}],"about":[{"href":"https:\/\/www.cuberyfragrance.com\/de\/wp-json\/wp\/v2\/types\/product"}],"replies":[{"embeddable":true,"href":"https:\/\/www.cuberyfragrance.com\/de\/wp-json\/wp\/v2\/comments?post=8095"}],"wp:featuredmedia":[{"embeddable":true,"href":"https:\/\/www.cuberyfragrance.com\/de\/wp-json\/wp\/v2\/media\/8480"}],"wp:attachment":[{"href":"https:\/\/www.cuberyfragrance.com\/de\/wp-json\/wp\/v2\/media?parent=8095"}],"wp:term":[{"taxonomy":"product_brand","embeddable":true,"href":"https:\/\/www.cuberyfragrance.com\/de\/wp-json\/wp\/v2\/product_brand?post=8095"},{"taxonomy":"product_cat","embeddable":true,"href":"https:\/\/www.cuberyfragrance.com\/de\/wp-json\/wp\/v2\/product_cat?post=8095"},{"taxonomy":"product_tag","embeddable":true,"href":"https:\/\/www.cuberyfragrance.com\/de\/wp-json\/wp\/v2\/product_tag?post=8095"}],"curies":[{"name":"wp","href":"https:\/\/api.w.org\/{rel}","templated":true}]}}