{"id":8093,"date":"2023-05-29T12:01:33","date_gmt":"2023-05-29T12:01:33","guid":{"rendered":"https:\/\/www.cuberyfragrance.com\/?post_type=product&#038;p=8093"},"modified":"2024-04-28T05:22:06","modified_gmt":"2024-04-28T05:22:06","slug":"argan-seife","status":"publish","type":"product","link":"https:\/\/www.cuberyfragrance.com\/de\/shop\/vegane-seifen\/argan-seife\/","title":{"rendered":"ARGAN SEIFE"},"content":{"rendered":"<p>ARGAN SEIFE &#8211; Nat\u00fcrliche Pflege mit Argan\u00f6l!<\/p>\n<p>Unsere Argan Seife bietet Ihnen eine nat\u00fcrliche Pflege mit den wertvollen Eigenschaften des Argan\u00f6ls. Mit einer sorgf\u00e4ltig ausgew\u00e4hlten Mischung hochwertiger Inhaltsstoffe reinigt sie sanft Ihre Haut und spendet ihr gleichzeitig Feuchtigkeit.<\/p>\n<p>Die Wirkstoffe unserer Argan Seife umfassen Aqua, natives Oliven\u00f6l extra, Argan\u00f6l, Kokos\u00f6l, nachhaltiges Palm- und Palmkern\u00f6l, Sheabutter sowie Rizinus\u00f6l als Tr\u00e4ger\u00f6le. Zus\u00e4tzlich haben wir Jojoba\u00f6l, Argan\u00f6l, Avocado\u00f6l, S\u00fc\u00dfmandel\u00f6l, Traubenkern\u00f6l und Aprikosenkern\u00f6l als Tr\u00e4ger\u00f6le verwendet. Diese wertvollen \u00d6le pflegen und n\u00e4hren Ihre Haut auf nat\u00fcrliche Weise.<\/p>\n<p>Die \u00e4therischen \u00d6le von Zitronengras, Zedernholz und Lavendel verleihen der Seife einen angenehmen Duft und bieten Ihnen ein aromatisches Erlebnis w\u00e4hrend der Anwendung.<\/p>\n<p>Als Zusatzstoffe haben wir Kaolin Ton, Vitamin E und Mica hinzugef\u00fcgt. Kaolin Ton hilft bei der Reinigung und Entgiftung der Haut, w\u00e4hrend Vitamin E als Antioxidans wirkt und Ihre Haut vor sch\u00e4dlichen Einfl\u00fcssen sch\u00fctzt. Mica verleiht der Seife einen subtilen Glanz.<\/p>\n<p>Genie\u00dfen Sie die nat\u00fcrliche Pflege mit unserer Argan Seife und sp\u00fcren Sie die wohltuende Wirkung des Argan\u00f6ls auf Ihrer Haut. Das Gewicht der Seife betr\u00e4gt 113 Gramm (4 Unzen).<\/p>\n","protected":false},"excerpt":{"rendered":"<p>Wirkstoffe: Aqua, Natives Oliven\u00f6l extra, Argan\u00f6l, Kokos\u00f6l, Nachhaltiges Palm- und Palmkern\u00f6l, Sheabutter, Rizinus\u00f6l sowie Jojoba\u00f6l, Argan\u00f6l, Avocado\u00f6l, S\u00fc\u00dfmandel\u00f6l, Traubenkern\u00f6l und Aprikosenkern\u00f6l als Tr\u00e4ger\u00f6le. \u00c4therische \u00d6le aus Zitronengras, Zedernholz und Lavendel. Kaolin-Ton und Vitamin E als Zusatzstoff. Gew. 4 OZ<\/p>\n","protected":false},"featured_media":8136,"comment_status":"open","ping_status":"closed","template":"","meta":[],"product_brand":[],"product_cat":[99],"product_tag":[],"class_list":{"0":"post-8093","1":"product","2":"type-product","3":"status-publish","4":"has-post-thumbnail","6":"product_cat-vegane-seifen","8":"first","9":"instock","10":"shipping-taxable","11":"purchasable","12":"product-type-simple"},"yoast_head":"<!-- This site is optimized with the Yoast SEO plugin v25.6 - https:\/\/yoast.com\/wordpress\/plugins\/seo\/ -->\n<title>ARGAN SEIFE - CUBERY FRAGRANCE<\/title>\n<meta name=\"robots\" content=\"index, follow, max-snippet:-1, max-image-preview:large, max-video-preview:-1\" \/>\n<link rel=\"canonical\" href=\"https:\/\/www.cuberyfragrance.com\/de\/shop\/vegane-seifen\/argan-seife\/\" \/>\n<meta property=\"og:locale\" content=\"de_DE\" \/>\n<meta property=\"og:type\" content=\"article\" \/>\n<meta property=\"og:title\" content=\"ARGAN SEIFE - CUBERY FRAGRANCE\" \/>\n<meta property=\"og:description\" content=\"Wirkstoffe: Aqua, Natives Oliven\u00f6l extra, Argan\u00f6l, Kokos\u00f6l, Nachhaltiges Palm- und Palmkern\u00f6l, Sheabutter, Rizinus\u00f6l sowie Jojoba\u00f6l, Argan\u00f6l, Avocado\u00f6l, S\u00fc\u00dfmandel\u00f6l, Traubenkern\u00f6l und Aprikosenkern\u00f6l als Tr\u00e4ger\u00f6le. \u00c4therische \u00d6le aus Zitronengras, Zedernholz und Lavendel. Kaolin-Ton und Vitamin E als Zusatzstoff. Gew. 4 OZ\" \/>\n<meta property=\"og:url\" content=\"https:\/\/www.cuberyfragrance.com\/de\/shop\/vegane-seifen\/argan-seife\/\" \/>\n<meta property=\"og:site_name\" content=\"CUBERY FRAGRANCE\" \/>\n<meta property=\"article:modified_time\" content=\"2024-04-28T05:22:06+00:00\" \/>\n<meta property=\"og:image\" content=\"https:\/\/www.cuberyfragrance.com\/wp-content\/uploads\/2023\/05\/IMG_4017-ELIXIR-ARGAN-SOAP-1.jpg\" \/>\n\t<meta property=\"og:image:width\" content=\"900\" \/>\n\t<meta property=\"og:image:height\" content=\"600\" \/>\n\t<meta property=\"og:image:type\" content=\"image\/jpeg\" \/>\n<meta name=\"twitter:card\" content=\"summary_large_image\" \/>\n<meta name=\"twitter:label1\" content=\"Gesch\u00e4tzte Lesezeit\" \/>\n\t<meta name=\"twitter:data1\" content=\"1\u00a0Minute\" \/>\n<script type=\"application\/ld+json\" class=\"yoast-schema-graph\">{\"@context\":\"https:\/\/schema.org\",\"@graph\":[{\"@type\":\"WebPage\",\"@id\":\"https:\/\/www.cuberyfragrance.com\/de\/shop\/vegane-seifen\/argan-seife\/\",\"url\":\"https:\/\/www.cuberyfragrance.com\/de\/shop\/vegane-seifen\/argan-seife\/\",\"name\":\"ARGAN SEIFE - CUBERY FRAGRANCE\",\"isPartOf\":{\"@id\":\"https:\/\/www.cuberyfragrance.com\/fr\/#website\"},\"primaryImageOfPage\":{\"@id\":\"https:\/\/www.cuberyfragrance.com\/de\/shop\/vegane-seifen\/argan-seife\/#primaryimage\"},\"image\":{\"@id\":\"https:\/\/www.cuberyfragrance.com\/de\/shop\/vegane-seifen\/argan-seife\/#primaryimage\"},\"thumbnailUrl\":\"https:\/\/www.cuberyfragrance.com\/wp-content\/uploads\/2023\/05\/IMG_4017-ELIXIR-ARGAN-SOAP-1.jpg\",\"datePublished\":\"2023-05-29T12:01:33+00:00\",\"dateModified\":\"2024-04-28T05:22:06+00:00\",\"breadcrumb\":{\"@id\":\"https:\/\/www.cuberyfragrance.com\/de\/shop\/vegane-seifen\/argan-seife\/#breadcrumb\"},\"inLanguage\":\"de\",\"potentialAction\":[{\"@type\":\"ReadAction\",\"target\":[\"https:\/\/www.cuberyfragrance.com\/de\/shop\/vegane-seifen\/argan-seife\/\"]}]},{\"@type\":\"ImageObject\",\"inLanguage\":\"de\",\"@id\":\"https:\/\/www.cuberyfragrance.com\/de\/shop\/vegane-seifen\/argan-seife\/#primaryimage\",\"url\":\"https:\/\/www.cuberyfragrance.com\/wp-content\/uploads\/2023\/05\/IMG_4017-ELIXIR-ARGAN-SOAP-1.jpg\",\"contentUrl\":\"https:\/\/www.cuberyfragrance.com\/wp-content\/uploads\/2023\/05\/IMG_4017-ELIXIR-ARGAN-SOAP-1.jpg\",\"width\":900,\"height\":600},{\"@type\":\"BreadcrumbList\",\"@id\":\"https:\/\/www.cuberyfragrance.com\/de\/shop\/vegane-seifen\/argan-seife\/#breadcrumb\",\"itemListElement\":[{\"@type\":\"ListItem\",\"position\":1,\"name\":\"Home\",\"item\":\"https:\/\/www.cuberyfragrance.com\/de\/\"},{\"@type\":\"ListItem\",\"position\":2,\"name\":\"SHOP\",\"item\":\"https:\/\/www.cuberyfragrance.com\/shop\/\"},{\"@type\":\"ListItem\",\"position\":3,\"name\":\"ARGAN SEIFE\"}]},{\"@type\":\"WebSite\",\"@id\":\"https:\/\/www.cuberyfragrance.com\/fr\/#website\",\"url\":\"https:\/\/www.cuberyfragrance.com\/fr\/\",\"name\":\"CUBERY FRAGRANCE\",\"description\":\"The Address of Naturalness and Health...\",\"potentialAction\":[{\"@type\":\"SearchAction\",\"target\":{\"@type\":\"EntryPoint\",\"urlTemplate\":\"https:\/\/www.cuberyfragrance.com\/fr\/?s={search_term_string}\"},\"query-input\":{\"@type\":\"PropertyValueSpecification\",\"valueRequired\":true,\"valueName\":\"search_term_string\"}}],\"inLanguage\":\"de\"}]}<\/script>\n<!-- \/ Yoast SEO plugin. -->","yoast_head_json":{"title":"ARGAN SEIFE - CUBERY FRAGRANCE","robots":{"index":"index","follow":"follow","max-snippet":"max-snippet:-1","max-image-preview":"max-image-preview:large","max-video-preview":"max-video-preview:-1"},"canonical":"https:\/\/www.cuberyfragrance.com\/de\/shop\/vegane-seifen\/argan-seife\/","og_locale":"de_DE","og_type":"article","og_title":"ARGAN SEIFE - CUBERY FRAGRANCE","og_description":"Wirkstoffe: Aqua, Natives Oliven\u00f6l extra, Argan\u00f6l, Kokos\u00f6l, Nachhaltiges Palm- und Palmkern\u00f6l, Sheabutter, Rizinus\u00f6l sowie Jojoba\u00f6l, Argan\u00f6l, Avocado\u00f6l, S\u00fc\u00dfmandel\u00f6l, Traubenkern\u00f6l und Aprikosenkern\u00f6l als Tr\u00e4ger\u00f6le. \u00c4therische \u00d6le aus Zitronengras, Zedernholz und Lavendel. Kaolin-Ton und Vitamin E als Zusatzstoff. Gew. 4 OZ","og_url":"https:\/\/www.cuberyfragrance.com\/de\/shop\/vegane-seifen\/argan-seife\/","og_site_name":"CUBERY FRAGRANCE","article_modified_time":"2024-04-28T05:22:06+00:00","og_image":[{"width":900,"height":600,"url":"https:\/\/www.cuberyfragrance.com\/wp-content\/uploads\/2023\/05\/IMG_4017-ELIXIR-ARGAN-SOAP-1.jpg","type":"image\/jpeg"}],"twitter_card":"summary_large_image","twitter_misc":{"Gesch\u00e4tzte Lesezeit":"1\u00a0Minute"},"schema":{"@context":"https:\/\/schema.org","@graph":[{"@type":"WebPage","@id":"https:\/\/www.cuberyfragrance.com\/de\/shop\/vegane-seifen\/argan-seife\/","url":"https:\/\/www.cuberyfragrance.com\/de\/shop\/vegane-seifen\/argan-seife\/","name":"ARGAN SEIFE - CUBERY FRAGRANCE","isPartOf":{"@id":"https:\/\/www.cuberyfragrance.com\/fr\/#website"},"primaryImageOfPage":{"@id":"https:\/\/www.cuberyfragrance.com\/de\/shop\/vegane-seifen\/argan-seife\/#primaryimage"},"image":{"@id":"https:\/\/www.cuberyfragrance.com\/de\/shop\/vegane-seifen\/argan-seife\/#primaryimage"},"thumbnailUrl":"https:\/\/www.cuberyfragrance.com\/wp-content\/uploads\/2023\/05\/IMG_4017-ELIXIR-ARGAN-SOAP-1.jpg","datePublished":"2023-05-29T12:01:33+00:00","dateModified":"2024-04-28T05:22:06+00:00","breadcrumb":{"@id":"https:\/\/www.cuberyfragrance.com\/de\/shop\/vegane-seifen\/argan-seife\/#breadcrumb"},"inLanguage":"de","potentialAction":[{"@type":"ReadAction","target":["https:\/\/www.cuberyfragrance.com\/de\/shop\/vegane-seifen\/argan-seife\/"]}]},{"@type":"ImageObject","inLanguage":"de","@id":"https:\/\/www.cuberyfragrance.com\/de\/shop\/vegane-seifen\/argan-seife\/#primaryimage","url":"https:\/\/www.cuberyfragrance.com\/wp-content\/uploads\/2023\/05\/IMG_4017-ELIXIR-ARGAN-SOAP-1.jpg","contentUrl":"https:\/\/www.cuberyfragrance.com\/wp-content\/uploads\/2023\/05\/IMG_4017-ELIXIR-ARGAN-SOAP-1.jpg","width":900,"height":600},{"@type":"BreadcrumbList","@id":"https:\/\/www.cuberyfragrance.com\/de\/shop\/vegane-seifen\/argan-seife\/#breadcrumb","itemListElement":[{"@type":"ListItem","position":1,"name":"Home","item":"https:\/\/www.cuberyfragrance.com\/de\/"},{"@type":"ListItem","position":2,"name":"SHOP","item":"https:\/\/www.cuberyfragrance.com\/shop\/"},{"@type":"ListItem","position":3,"name":"ARGAN SEIFE"}]},{"@type":"WebSite","@id":"https:\/\/www.cuberyfragrance.com\/fr\/#website","url":"https:\/\/www.cuberyfragrance.com\/fr\/","name":"CUBERY FRAGRANCE","description":"The Address of Naturalness and Health...","potentialAction":[{"@type":"SearchAction","target":{"@type":"EntryPoint","urlTemplate":"https:\/\/www.cuberyfragrance.com\/fr\/?s={search_term_string}"},"query-input":{"@type":"PropertyValueSpecification","valueRequired":true,"valueName":"search_term_string"}}],"inLanguage":"de"}]}},"jetpack_sharing_enabled":true,"_links":{"self":[{"href":"https:\/\/www.cuberyfragrance.com\/de\/wp-json\/wp\/v2\/product\/8093"}],"collection":[{"href":"https:\/\/www.cuberyfragrance.com\/de\/wp-json\/wp\/v2\/product"}],"about":[{"href":"https:\/\/www.cuberyfragrance.com\/de\/wp-json\/wp\/v2\/types\/product"}],"replies":[{"embeddable":true,"href":"https:\/\/www.cuberyfragrance.com\/de\/wp-json\/wp\/v2\/comments?post=8093"}],"wp:featuredmedia":[{"embeddable":true,"href":"https:\/\/www.cuberyfragrance.com\/de\/wp-json\/wp\/v2\/media\/8136"}],"wp:attachment":[{"href":"https:\/\/www.cuberyfragrance.com\/de\/wp-json\/wp\/v2\/media?parent=8093"}],"wp:term":[{"taxonomy":"product_brand","embeddable":true,"href":"https:\/\/www.cuberyfragrance.com\/de\/wp-json\/wp\/v2\/product_brand?post=8093"},{"taxonomy":"product_cat","embeddable":true,"href":"https:\/\/www.cuberyfragrance.com\/de\/wp-json\/wp\/v2\/product_cat?post=8093"},{"taxonomy":"product_tag","embeddable":true,"href":"https:\/\/www.cuberyfragrance.com\/de\/wp-json\/wp\/v2\/product_tag?post=8093"}],"curies":[{"name":"wp","href":"https:\/\/api.w.org\/{rel}","templated":true}]}}