{"id":3453,"date":"2021-10-16T20:54:39","date_gmt":"2021-10-16T20:54:39","guid":{"rendered":"https:\/\/www.cuberyfragrance.com\/product\/triple-healing-soap\/"},"modified":"2024-04-28T05:20:41","modified_gmt":"2024-04-28T05:20:41","slug":"triple-healing-soap","status":"publish","type":"product","link":"https:\/\/www.cuberyfragrance.com\/de\/shop\/rabattierte-produkte\/triple-healing-soap\/","title":{"rendered":"DREIFACH-HEILSEIFE"},"content":{"rendered":"<p>DREIFACH HEILUNG SEIFE &#8211; F\u00fcr intensive Pflege!<\/p>\n<p>Unsere Dreifach Heilung Seife ist speziell entwickelt, um eine intensive Pflege f\u00fcr Ihre Haut zu bieten. Mit einer einzigartigen Kombination hochwertiger Inhaltsstoffe wirkt sie beruhigend, regenerierend und revitalisierend.<\/p>\n<p>Die Hauptbestandteile unserer Dreifach Heilung Seife umfassen Aqua, natives Oliven\u00f6l extra, Kokos\u00f6l, Palmkern\u00f6l, Sheabutter und Rizinus\u00f6l sowie Avocado\u00f6l, Jojoba\u00f6l, Aloe-Vera-\u00d6l, Aprikosenkern\u00f6l, Argan\u00f6l, Tamanu\u00f6l und S\u00fc\u00dfmandel\u00f6l als Tr\u00e4ger\u00f6le. Diese reichhaltige Mischung von \u00d6len versorgt die Haut mit Feuchtigkeit und N\u00e4hrstoffen, um sie geschmeidig und gesund zu halten.<\/p>\n<p>F\u00fcr einen angenehmen Duft und zus\u00e4tzliche Heilungseigenschaften haben wir \u00e4therische \u00d6le aus Ingwer, Kurkuma, Zimt, Nelken und Orangenschalen hinzugef\u00fcgt. Diese \u00d6le haben entz\u00fcndungshemmende und antioxidative Eigenschaften, die dazu beitragen k\u00f6nnen, die Haut zu beruhigen und zu regenerieren.<\/p>\n<p>Unsere Seife enth\u00e4lt auch gemahlenen Ingwer und gemahlenen Kurkuma, die sanft peelen und die Durchblutung der Haut f\u00f6rdern. Honig spendet Feuchtigkeit und hilft, die Haut zu beruhigen. Kaolin Ton reinigt die Haut gr\u00fcndlich und Vitamin E sch\u00fctzt sie vor sch\u00e4dlichen Umwelteinfl\u00fcssen.<\/p>\n<p>Erleben Sie mit unserer Dreifach Heilung Seife eine intensive Pflege f\u00fcr Ihre Haut. Egal, ob Sie trockene, gereizte oder strapazierte Haut haben, diese Seife bietet Ihnen die Heilung und Revitalisierung, die Ihre Haut verdient!<\/p>\n","protected":false},"excerpt":{"rendered":"<p><strong>Wirkstoffe: <\/strong>Oliven\u00f6l, Kokosnuss\u00f6l, nachhaltiges Palm- und Palmkern\u00f6l, Sheabutter, Rizinus\u00f6l sowie Jojoba\u00f6l, Argan\u00f6l, Avocado\u00f6l, S\u00fc\u00dfmandel\u00f6l, Traubenkern\u00f6l und Aprikosenkern\u00f6l als Tr\u00e4ger\u00f6le und \u00e4therische \u00d6le aus Kurkuma und Ingwer. Honig, Kurkumapulver, Ingwerpulver und Kaolin-Tonerde als Zusatzstoffe (Siehe Anhang 1 f\u00fcr weitere Informationen).<\/p>\n","protected":false},"featured_media":5710,"comment_status":"open","ping_status":"closed","template":"","meta":[],"product_brand":[],"product_cat":[87,99],"product_tag":[],"class_list":{"0":"post-3453","1":"product","2":"type-product","3":"status-publish","4":"has-post-thumbnail","6":"product_cat-rabattierte-produkte","7":"product_cat-vegane-seifen","9":"first","10":"instock","11":"shipping-taxable","12":"purchasable","13":"product-type-simple"},"yoast_head":"<!-- This site is optimized with the Yoast SEO plugin v25.6 - https:\/\/yoast.com\/wordpress\/plugins\/seo\/ -->\n<title>DREIFACH-HEILSEIFE - CUBERY FRAGRANCE<\/title>\n<meta name=\"robots\" content=\"index, follow, max-snippet:-1, max-image-preview:large, max-video-preview:-1\" \/>\n<link rel=\"canonical\" href=\"https:\/\/www.cuberyfragrance.com\/de\/shop\/rabattierte-produkte\/triple-healing-soap\/\" \/>\n<meta property=\"og:locale\" content=\"de_DE\" \/>\n<meta property=\"og:type\" content=\"article\" \/>\n<meta property=\"og:title\" content=\"DREIFACH-HEILSEIFE - CUBERY FRAGRANCE\" \/>\n<meta property=\"og:description\" content=\"Wirkstoffe: Oliven\u00f6l, Kokosnuss\u00f6l, nachhaltiges Palm- und Palmkern\u00f6l, Sheabutter, Rizinus\u00f6l sowie Jojoba\u00f6l, Argan\u00f6l, Avocado\u00f6l, S\u00fc\u00dfmandel\u00f6l, Traubenkern\u00f6l und Aprikosenkern\u00f6l als Tr\u00e4ger\u00f6le und \u00e4therische \u00d6le aus Kurkuma und Ingwer. Honig, Kurkumapulver, Ingwerpulver und Kaolin-Tonerde als Zusatzstoffe (Siehe Anhang 1 f\u00fcr weitere Informationen).\" \/>\n<meta property=\"og:url\" content=\"https:\/\/www.cuberyfragrance.com\/de\/shop\/rabattierte-produkte\/triple-healing-soap\/\" \/>\n<meta property=\"og:site_name\" content=\"CUBERY FRAGRANCE\" \/>\n<meta property=\"article:modified_time\" content=\"2024-04-28T05:20:41+00:00\" \/>\n<meta property=\"og:image\" content=\"https:\/\/www.cuberyfragrance.com\/wp-content\/uploads\/2021\/10\/IMG_4026-TRIPLE-HEALING-SOAP.jpg\" \/>\n\t<meta property=\"og:image:width\" content=\"900\" \/>\n\t<meta property=\"og:image:height\" content=\"600\" \/>\n\t<meta property=\"og:image:type\" content=\"image\/jpeg\" \/>\n<meta name=\"twitter:card\" content=\"summary_large_image\" \/>\n<meta name=\"twitter:label1\" content=\"Gesch\u00e4tzte Lesezeit\" \/>\n\t<meta name=\"twitter:data1\" content=\"1\u00a0Minute\" \/>\n<script type=\"application\/ld+json\" class=\"yoast-schema-graph\">{\"@context\":\"https:\/\/schema.org\",\"@graph\":[{\"@type\":\"WebPage\",\"@id\":\"https:\/\/www.cuberyfragrance.com\/de\/shop\/rabattierte-produkte\/triple-healing-soap\/\",\"url\":\"https:\/\/www.cuberyfragrance.com\/de\/shop\/rabattierte-produkte\/triple-healing-soap\/\",\"name\":\"DREIFACH-HEILSEIFE - CUBERY FRAGRANCE\",\"isPartOf\":{\"@id\":\"https:\/\/www.cuberyfragrance.com\/fr\/#website\"},\"primaryImageOfPage\":{\"@id\":\"https:\/\/www.cuberyfragrance.com\/de\/shop\/rabattierte-produkte\/triple-healing-soap\/#primaryimage\"},\"image\":{\"@id\":\"https:\/\/www.cuberyfragrance.com\/de\/shop\/rabattierte-produkte\/triple-healing-soap\/#primaryimage\"},\"thumbnailUrl\":\"https:\/\/www.cuberyfragrance.com\/wp-content\/uploads\/2021\/10\/IMG_4026-TRIPLE-HEALING-SOAP.jpg\",\"datePublished\":\"2021-10-16T20:54:39+00:00\",\"dateModified\":\"2024-04-28T05:20:41+00:00\",\"breadcrumb\":{\"@id\":\"https:\/\/www.cuberyfragrance.com\/de\/shop\/rabattierte-produkte\/triple-healing-soap\/#breadcrumb\"},\"inLanguage\":\"de\",\"potentialAction\":[{\"@type\":\"ReadAction\",\"target\":[\"https:\/\/www.cuberyfragrance.com\/de\/shop\/rabattierte-produkte\/triple-healing-soap\/\"]}]},{\"@type\":\"ImageObject\",\"inLanguage\":\"de\",\"@id\":\"https:\/\/www.cuberyfragrance.com\/de\/shop\/rabattierte-produkte\/triple-healing-soap\/#primaryimage\",\"url\":\"https:\/\/www.cuberyfragrance.com\/wp-content\/uploads\/2021\/10\/IMG_4026-TRIPLE-HEALING-SOAP.jpg\",\"contentUrl\":\"https:\/\/www.cuberyfragrance.com\/wp-content\/uploads\/2021\/10\/IMG_4026-TRIPLE-HEALING-SOAP.jpg\",\"width\":900,\"height\":600},{\"@type\":\"BreadcrumbList\",\"@id\":\"https:\/\/www.cuberyfragrance.com\/de\/shop\/rabattierte-produkte\/triple-healing-soap\/#breadcrumb\",\"itemListElement\":[{\"@type\":\"ListItem\",\"position\":1,\"name\":\"Home\",\"item\":\"https:\/\/www.cuberyfragrance.com\/de\/\"},{\"@type\":\"ListItem\",\"position\":2,\"name\":\"SHOP\",\"item\":\"https:\/\/www.cuberyfragrance.com\/shop\/\"},{\"@type\":\"ListItem\",\"position\":3,\"name\":\"DREIFACH-HEILSEIFE\"}]},{\"@type\":\"WebSite\",\"@id\":\"https:\/\/www.cuberyfragrance.com\/fr\/#website\",\"url\":\"https:\/\/www.cuberyfragrance.com\/fr\/\",\"name\":\"CUBERY FRAGRANCE\",\"description\":\"The Address of Naturalness and Health...\",\"potentialAction\":[{\"@type\":\"SearchAction\",\"target\":{\"@type\":\"EntryPoint\",\"urlTemplate\":\"https:\/\/www.cuberyfragrance.com\/fr\/?s={search_term_string}\"},\"query-input\":{\"@type\":\"PropertyValueSpecification\",\"valueRequired\":true,\"valueName\":\"search_term_string\"}}],\"inLanguage\":\"de\"}]}<\/script>\n<!-- \/ Yoast SEO plugin. -->","yoast_head_json":{"title":"DREIFACH-HEILSEIFE - CUBERY FRAGRANCE","robots":{"index":"index","follow":"follow","max-snippet":"max-snippet:-1","max-image-preview":"max-image-preview:large","max-video-preview":"max-video-preview:-1"},"canonical":"https:\/\/www.cuberyfragrance.com\/de\/shop\/rabattierte-produkte\/triple-healing-soap\/","og_locale":"de_DE","og_type":"article","og_title":"DREIFACH-HEILSEIFE - CUBERY FRAGRANCE","og_description":"Wirkstoffe: Oliven\u00f6l, Kokosnuss\u00f6l, nachhaltiges Palm- und Palmkern\u00f6l, Sheabutter, Rizinus\u00f6l sowie Jojoba\u00f6l, Argan\u00f6l, Avocado\u00f6l, S\u00fc\u00dfmandel\u00f6l, Traubenkern\u00f6l und Aprikosenkern\u00f6l als Tr\u00e4ger\u00f6le und \u00e4therische \u00d6le aus Kurkuma und Ingwer. Honig, Kurkumapulver, Ingwerpulver und Kaolin-Tonerde als Zusatzstoffe (Siehe Anhang 1 f\u00fcr weitere Informationen).","og_url":"https:\/\/www.cuberyfragrance.com\/de\/shop\/rabattierte-produkte\/triple-healing-soap\/","og_site_name":"CUBERY FRAGRANCE","article_modified_time":"2024-04-28T05:20:41+00:00","og_image":[{"width":900,"height":600,"url":"https:\/\/www.cuberyfragrance.com\/wp-content\/uploads\/2021\/10\/IMG_4026-TRIPLE-HEALING-SOAP.jpg","type":"image\/jpeg"}],"twitter_card":"summary_large_image","twitter_misc":{"Gesch\u00e4tzte Lesezeit":"1\u00a0Minute"},"schema":{"@context":"https:\/\/schema.org","@graph":[{"@type":"WebPage","@id":"https:\/\/www.cuberyfragrance.com\/de\/shop\/rabattierte-produkte\/triple-healing-soap\/","url":"https:\/\/www.cuberyfragrance.com\/de\/shop\/rabattierte-produkte\/triple-healing-soap\/","name":"DREIFACH-HEILSEIFE - CUBERY FRAGRANCE","isPartOf":{"@id":"https:\/\/www.cuberyfragrance.com\/fr\/#website"},"primaryImageOfPage":{"@id":"https:\/\/www.cuberyfragrance.com\/de\/shop\/rabattierte-produkte\/triple-healing-soap\/#primaryimage"},"image":{"@id":"https:\/\/www.cuberyfragrance.com\/de\/shop\/rabattierte-produkte\/triple-healing-soap\/#primaryimage"},"thumbnailUrl":"https:\/\/www.cuberyfragrance.com\/wp-content\/uploads\/2021\/10\/IMG_4026-TRIPLE-HEALING-SOAP.jpg","datePublished":"2021-10-16T20:54:39+00:00","dateModified":"2024-04-28T05:20:41+00:00","breadcrumb":{"@id":"https:\/\/www.cuberyfragrance.com\/de\/shop\/rabattierte-produkte\/triple-healing-soap\/#breadcrumb"},"inLanguage":"de","potentialAction":[{"@type":"ReadAction","target":["https:\/\/www.cuberyfragrance.com\/de\/shop\/rabattierte-produkte\/triple-healing-soap\/"]}]},{"@type":"ImageObject","inLanguage":"de","@id":"https:\/\/www.cuberyfragrance.com\/de\/shop\/rabattierte-produkte\/triple-healing-soap\/#primaryimage","url":"https:\/\/www.cuberyfragrance.com\/wp-content\/uploads\/2021\/10\/IMG_4026-TRIPLE-HEALING-SOAP.jpg","contentUrl":"https:\/\/www.cuberyfragrance.com\/wp-content\/uploads\/2021\/10\/IMG_4026-TRIPLE-HEALING-SOAP.jpg","width":900,"height":600},{"@type":"BreadcrumbList","@id":"https:\/\/www.cuberyfragrance.com\/de\/shop\/rabattierte-produkte\/triple-healing-soap\/#breadcrumb","itemListElement":[{"@type":"ListItem","position":1,"name":"Home","item":"https:\/\/www.cuberyfragrance.com\/de\/"},{"@type":"ListItem","position":2,"name":"SHOP","item":"https:\/\/www.cuberyfragrance.com\/shop\/"},{"@type":"ListItem","position":3,"name":"DREIFACH-HEILSEIFE"}]},{"@type":"WebSite","@id":"https:\/\/www.cuberyfragrance.com\/fr\/#website","url":"https:\/\/www.cuberyfragrance.com\/fr\/","name":"CUBERY FRAGRANCE","description":"The Address of Naturalness and Health...","potentialAction":[{"@type":"SearchAction","target":{"@type":"EntryPoint","urlTemplate":"https:\/\/www.cuberyfragrance.com\/fr\/?s={search_term_string}"},"query-input":{"@type":"PropertyValueSpecification","valueRequired":true,"valueName":"search_term_string"}}],"inLanguage":"de"}]}},"jetpack_sharing_enabled":true,"_links":{"self":[{"href":"https:\/\/www.cuberyfragrance.com\/de\/wp-json\/wp\/v2\/product\/3453"}],"collection":[{"href":"https:\/\/www.cuberyfragrance.com\/de\/wp-json\/wp\/v2\/product"}],"about":[{"href":"https:\/\/www.cuberyfragrance.com\/de\/wp-json\/wp\/v2\/types\/product"}],"replies":[{"embeddable":true,"href":"https:\/\/www.cuberyfragrance.com\/de\/wp-json\/wp\/v2\/comments?post=3453"}],"wp:featuredmedia":[{"embeddable":true,"href":"https:\/\/www.cuberyfragrance.com\/de\/wp-json\/wp\/v2\/media\/5710"}],"wp:attachment":[{"href":"https:\/\/www.cuberyfragrance.com\/de\/wp-json\/wp\/v2\/media?parent=3453"}],"wp:term":[{"taxonomy":"product_brand","embeddable":true,"href":"https:\/\/www.cuberyfragrance.com\/de\/wp-json\/wp\/v2\/product_brand?post=3453"},{"taxonomy":"product_cat","embeddable":true,"href":"https:\/\/www.cuberyfragrance.com\/de\/wp-json\/wp\/v2\/product_cat?post=3453"},{"taxonomy":"product_tag","embeddable":true,"href":"https:\/\/www.cuberyfragrance.com\/de\/wp-json\/wp\/v2\/product_tag?post=3453"}],"curies":[{"name":"wp","href":"https:\/\/api.w.org\/{rel}","templated":true}]}}