{"id":3451,"date":"2021-10-16T20:56:21","date_gmt":"2021-10-16T20:56:21","guid":{"rendered":"https:\/\/www.cuberyfragrance.com\/product\/wonder-7-soap\/"},"modified":"2024-04-28T05:19:46","modified_gmt":"2024-04-28T05:19:46","slug":"wonder-7-soap","status":"publish","type":"product","link":"https:\/\/www.cuberyfragrance.com\/de\/shop\/unkategorisiert\/wonder-7-soap\/","title":{"rendered":"7 WUNDERSEIFE"},"content":{"rendered":"<p>GEHEIMNISVOLLE 7 SEIFE &#8211; Eine einzigartige Mischung f\u00fcr eine luxuri\u00f6se Erfahrung!<\/p>\n<p>Unsere Geheimnisvolle 7 Seife ist eine besondere Kreation, die aus einer einzigartigen Mischung von sieben wertvollen Inhaltsstoffen besteht. Jeder Inhaltsstoff wurde sorgf\u00e4ltig ausgew\u00e4hlt, um Ihrer Haut eine luxuri\u00f6se Pflege zu bieten und ein unvergleichliches Duscherlebnis zu schaffen.<\/p>\n<p>Die Hauptbestandteile unserer Geheimnisvollen 7 Seife umfassen Wasser, natives Oliven\u00f6l extra, Granatapfelsamen\u00f6l, Traubenkern\u00f6l, Feigenkern\u00f6l, Schwarzk\u00fcmmel\u00f6l, Dattelsamenpulver und Bananenp\u00fcree. Diese reichhaltige Mischung von \u00d6len und nat\u00fcrlichen Zutaten versorgt Ihre Haut mit Feuchtigkeit, pflegt sie intensiv und unterst\u00fctzt ihre nat\u00fcrliche Sch\u00f6nheit.<\/p>\n<p>Die Tr\u00e4ger\u00f6le, zu denen Kokos\u00f6l, nachhaltiges Palm- und Palmkern\u00f6l, Rizinus\u00f6l, Sheabutter, Jojoba\u00f6l, Avocado\u00f6l und Aprikosenkern\u00f6l geh\u00f6ren, bieten eine n\u00e4hrende Basis f\u00fcr die Seife. Sie helfen, die Haut zu beruhigen, zu pflegen und sie geschmeidig zu machen.<\/p>\n<p>Der Duft der Seife wird durch die Zugabe von Lavendel \u00e4therischen \u00d6len und Amber Duft\u00f6len geschaffen. Dies verleiht der Seife einen angenehmen und mysteri\u00f6sen Duft, der<\/p>\n","protected":false},"excerpt":{"rendered":"<p><strong>Wirkstoffe: <\/strong>Oliven\u00f6l, Kokosnuss\u00f6l, nachhaltiges Palm- und Palmkern\u00f6l, Rizinus\u00f6l, Sheabutter, Jojoba\u00f6l, Avocado\u00f6l, Traubenkern\u00f6l, Aloe-Vera \u00d6l, Mangobutter, Kakaobutter sowie Aprikosenkern\u00f6l als Tr\u00e4ger\u00f6le. Waldzauber-Duft\u00f6l. Kaolin Tonerde als Zusatzstoffe. (Siehe Anhang1 f\u00fcr weitere Informationen).<\/p>\n","protected":false},"featured_media":5647,"comment_status":"open","ping_status":"closed","template":"","meta":[],"product_brand":[],"product_cat":[],"product_tag":[],"class_list":{"0":"post-3451","1":"product","2":"type-product","3":"status-publish","4":"has-post-thumbnail","7":"first","8":"instock","9":"shipping-taxable","10":"purchasable","11":"product-type-simple"},"yoast_head":"<!-- This site is optimized with the Yoast SEO plugin v25.6 - https:\/\/yoast.com\/wordpress\/plugins\/seo\/ -->\n<title>7 WUNDERSEIFE - CUBERY FRAGRANCE<\/title>\n<meta name=\"robots\" content=\"index, follow, max-snippet:-1, max-image-preview:large, max-video-preview:-1\" \/>\n<link rel=\"canonical\" href=\"https:\/\/www.cuberyfragrance.com\/de\/shop\/rabattierte-produkte\/wonder-7-soap\/\" \/>\n<meta property=\"og:locale\" content=\"de_DE\" \/>\n<meta property=\"og:type\" content=\"article\" \/>\n<meta property=\"og:title\" content=\"7 WUNDERSEIFE - CUBERY FRAGRANCE\" \/>\n<meta property=\"og:description\" content=\"Wirkstoffe: Oliven\u00f6l, Kokosnuss\u00f6l, nachhaltiges Palm- und Palmkern\u00f6l, Rizinus\u00f6l, Sheabutter, Jojoba\u00f6l, Avocado\u00f6l, Traubenkern\u00f6l, Aloe-Vera \u00d6l, Mangobutter, Kakaobutter sowie Aprikosenkern\u00f6l als Tr\u00e4ger\u00f6le. Waldzauber-Duft\u00f6l. Kaolin Tonerde als Zusatzstoffe. (Siehe Anhang1 f\u00fcr weitere Informationen).\" \/>\n<meta property=\"og:url\" content=\"https:\/\/www.cuberyfragrance.com\/de\/shop\/rabattierte-produkte\/wonder-7-soap\/\" \/>\n<meta property=\"og:site_name\" content=\"CUBERY FRAGRANCE\" \/>\n<meta property=\"article:modified_time\" content=\"2024-04-28T05:19:46+00:00\" \/>\n<meta property=\"og:image\" content=\"https:\/\/www.cuberyfragrance.com\/wp-content\/uploads\/2021\/10\/IMG_4072-WONDER-7-SOAP-1.jpg\" \/>\n\t<meta property=\"og:image:width\" content=\"900\" \/>\n\t<meta property=\"og:image:height\" content=\"600\" \/>\n\t<meta property=\"og:image:type\" content=\"image\/jpeg\" \/>\n<meta name=\"twitter:card\" content=\"summary_large_image\" \/>\n<meta name=\"twitter:label1\" content=\"Gesch\u00e4tzte Lesezeit\" \/>\n\t<meta name=\"twitter:data1\" content=\"1\u00a0Minute\" \/>\n<script type=\"application\/ld+json\" class=\"yoast-schema-graph\">{\"@context\":\"https:\/\/schema.org\",\"@graph\":[{\"@type\":\"WebPage\",\"@id\":\"https:\/\/www.cuberyfragrance.com\/de\/shop\/rabattierte-produkte\/wonder-7-soap\/\",\"url\":\"https:\/\/www.cuberyfragrance.com\/de\/shop\/rabattierte-produkte\/wonder-7-soap\/\",\"name\":\"7 WUNDERSEIFE - CUBERY FRAGRANCE\",\"isPartOf\":{\"@id\":\"https:\/\/www.cuberyfragrance.com\/fr\/#website\"},\"primaryImageOfPage\":{\"@id\":\"https:\/\/www.cuberyfragrance.com\/de\/shop\/rabattierte-produkte\/wonder-7-soap\/#primaryimage\"},\"image\":{\"@id\":\"https:\/\/www.cuberyfragrance.com\/de\/shop\/rabattierte-produkte\/wonder-7-soap\/#primaryimage\"},\"thumbnailUrl\":\"https:\/\/www.cuberyfragrance.com\/wp-content\/uploads\/2021\/10\/IMG_4072-WONDER-7-SOAP-1.jpg\",\"datePublished\":\"2021-10-16T20:56:21+00:00\",\"dateModified\":\"2024-04-28T05:19:46+00:00\",\"breadcrumb\":{\"@id\":\"https:\/\/www.cuberyfragrance.com\/de\/shop\/rabattierte-produkte\/wonder-7-soap\/#breadcrumb\"},\"inLanguage\":\"de\",\"potentialAction\":[{\"@type\":\"ReadAction\",\"target\":[\"https:\/\/www.cuberyfragrance.com\/de\/shop\/rabattierte-produkte\/wonder-7-soap\/\"]}]},{\"@type\":\"ImageObject\",\"inLanguage\":\"de\",\"@id\":\"https:\/\/www.cuberyfragrance.com\/de\/shop\/rabattierte-produkte\/wonder-7-soap\/#primaryimage\",\"url\":\"https:\/\/www.cuberyfragrance.com\/wp-content\/uploads\/2021\/10\/IMG_4072-WONDER-7-SOAP-1.jpg\",\"contentUrl\":\"https:\/\/www.cuberyfragrance.com\/wp-content\/uploads\/2021\/10\/IMG_4072-WONDER-7-SOAP-1.jpg\",\"width\":900,\"height\":600},{\"@type\":\"BreadcrumbList\",\"@id\":\"https:\/\/www.cuberyfragrance.com\/de\/shop\/rabattierte-produkte\/wonder-7-soap\/#breadcrumb\",\"itemListElement\":[{\"@type\":\"ListItem\",\"position\":1,\"name\":\"Home\",\"item\":\"https:\/\/www.cuberyfragrance.com\/de\/\"},{\"@type\":\"ListItem\",\"position\":2,\"name\":\"SHOP\",\"item\":\"https:\/\/www.cuberyfragrance.com\/shop\/\"},{\"@type\":\"ListItem\",\"position\":3,\"name\":\"7 WUNDERSEIFE\"}]},{\"@type\":\"WebSite\",\"@id\":\"https:\/\/www.cuberyfragrance.com\/fr\/#website\",\"url\":\"https:\/\/www.cuberyfragrance.com\/fr\/\",\"name\":\"CUBERY FRAGRANCE\",\"description\":\"The Address of Naturalness and Health...\",\"potentialAction\":[{\"@type\":\"SearchAction\",\"target\":{\"@type\":\"EntryPoint\",\"urlTemplate\":\"https:\/\/www.cuberyfragrance.com\/fr\/?s={search_term_string}\"},\"query-input\":{\"@type\":\"PropertyValueSpecification\",\"valueRequired\":true,\"valueName\":\"search_term_string\"}}],\"inLanguage\":\"de\"}]}<\/script>\n<!-- \/ Yoast SEO plugin. -->","yoast_head_json":{"title":"7 WUNDERSEIFE - CUBERY FRAGRANCE","robots":{"index":"index","follow":"follow","max-snippet":"max-snippet:-1","max-image-preview":"max-image-preview:large","max-video-preview":"max-video-preview:-1"},"canonical":"https:\/\/www.cuberyfragrance.com\/de\/shop\/rabattierte-produkte\/wonder-7-soap\/","og_locale":"de_DE","og_type":"article","og_title":"7 WUNDERSEIFE - CUBERY FRAGRANCE","og_description":"Wirkstoffe: Oliven\u00f6l, Kokosnuss\u00f6l, nachhaltiges Palm- und Palmkern\u00f6l, Rizinus\u00f6l, Sheabutter, Jojoba\u00f6l, Avocado\u00f6l, Traubenkern\u00f6l, Aloe-Vera \u00d6l, Mangobutter, Kakaobutter sowie Aprikosenkern\u00f6l als Tr\u00e4ger\u00f6le. Waldzauber-Duft\u00f6l. Kaolin Tonerde als Zusatzstoffe. (Siehe Anhang1 f\u00fcr weitere Informationen).","og_url":"https:\/\/www.cuberyfragrance.com\/de\/shop\/rabattierte-produkte\/wonder-7-soap\/","og_site_name":"CUBERY FRAGRANCE","article_modified_time":"2024-04-28T05:19:46+00:00","og_image":[{"width":900,"height":600,"url":"https:\/\/www.cuberyfragrance.com\/wp-content\/uploads\/2021\/10\/IMG_4072-WONDER-7-SOAP-1.jpg","type":"image\/jpeg"}],"twitter_card":"summary_large_image","twitter_misc":{"Gesch\u00e4tzte Lesezeit":"1\u00a0Minute"},"schema":{"@context":"https:\/\/schema.org","@graph":[{"@type":"WebPage","@id":"https:\/\/www.cuberyfragrance.com\/de\/shop\/rabattierte-produkte\/wonder-7-soap\/","url":"https:\/\/www.cuberyfragrance.com\/de\/shop\/rabattierte-produkte\/wonder-7-soap\/","name":"7 WUNDERSEIFE - CUBERY FRAGRANCE","isPartOf":{"@id":"https:\/\/www.cuberyfragrance.com\/fr\/#website"},"primaryImageOfPage":{"@id":"https:\/\/www.cuberyfragrance.com\/de\/shop\/rabattierte-produkte\/wonder-7-soap\/#primaryimage"},"image":{"@id":"https:\/\/www.cuberyfragrance.com\/de\/shop\/rabattierte-produkte\/wonder-7-soap\/#primaryimage"},"thumbnailUrl":"https:\/\/www.cuberyfragrance.com\/wp-content\/uploads\/2021\/10\/IMG_4072-WONDER-7-SOAP-1.jpg","datePublished":"2021-10-16T20:56:21+00:00","dateModified":"2024-04-28T05:19:46+00:00","breadcrumb":{"@id":"https:\/\/www.cuberyfragrance.com\/de\/shop\/rabattierte-produkte\/wonder-7-soap\/#breadcrumb"},"inLanguage":"de","potentialAction":[{"@type":"ReadAction","target":["https:\/\/www.cuberyfragrance.com\/de\/shop\/rabattierte-produkte\/wonder-7-soap\/"]}]},{"@type":"ImageObject","inLanguage":"de","@id":"https:\/\/www.cuberyfragrance.com\/de\/shop\/rabattierte-produkte\/wonder-7-soap\/#primaryimage","url":"https:\/\/www.cuberyfragrance.com\/wp-content\/uploads\/2021\/10\/IMG_4072-WONDER-7-SOAP-1.jpg","contentUrl":"https:\/\/www.cuberyfragrance.com\/wp-content\/uploads\/2021\/10\/IMG_4072-WONDER-7-SOAP-1.jpg","width":900,"height":600},{"@type":"BreadcrumbList","@id":"https:\/\/www.cuberyfragrance.com\/de\/shop\/rabattierte-produkte\/wonder-7-soap\/#breadcrumb","itemListElement":[{"@type":"ListItem","position":1,"name":"Home","item":"https:\/\/www.cuberyfragrance.com\/de\/"},{"@type":"ListItem","position":2,"name":"SHOP","item":"https:\/\/www.cuberyfragrance.com\/shop\/"},{"@type":"ListItem","position":3,"name":"7 WUNDERSEIFE"}]},{"@type":"WebSite","@id":"https:\/\/www.cuberyfragrance.com\/fr\/#website","url":"https:\/\/www.cuberyfragrance.com\/fr\/","name":"CUBERY FRAGRANCE","description":"The Address of Naturalness and Health...","potentialAction":[{"@type":"SearchAction","target":{"@type":"EntryPoint","urlTemplate":"https:\/\/www.cuberyfragrance.com\/fr\/?s={search_term_string}"},"query-input":{"@type":"PropertyValueSpecification","valueRequired":true,"valueName":"search_term_string"}}],"inLanguage":"de"}]}},"jetpack_sharing_enabled":true,"_links":{"self":[{"href":"https:\/\/www.cuberyfragrance.com\/de\/wp-json\/wp\/v2\/product\/3451"}],"collection":[{"href":"https:\/\/www.cuberyfragrance.com\/de\/wp-json\/wp\/v2\/product"}],"about":[{"href":"https:\/\/www.cuberyfragrance.com\/de\/wp-json\/wp\/v2\/types\/product"}],"replies":[{"embeddable":true,"href":"https:\/\/www.cuberyfragrance.com\/de\/wp-json\/wp\/v2\/comments?post=3451"}],"wp:featuredmedia":[{"embeddable":true,"href":"https:\/\/www.cuberyfragrance.com\/de\/wp-json\/wp\/v2\/media\/5647"}],"wp:attachment":[{"href":"https:\/\/www.cuberyfragrance.com\/de\/wp-json\/wp\/v2\/media?parent=3451"}],"wp:term":[{"taxonomy":"product_brand","embeddable":true,"href":"https:\/\/www.cuberyfragrance.com\/de\/wp-json\/wp\/v2\/product_brand?post=3451"},{"taxonomy":"product_cat","embeddable":true,"href":"https:\/\/www.cuberyfragrance.com\/de\/wp-json\/wp\/v2\/product_cat?post=3451"},{"taxonomy":"product_tag","embeddable":true,"href":"https:\/\/www.cuberyfragrance.com\/de\/wp-json\/wp\/v2\/product_tag?post=3451"}],"curies":[{"name":"wp","href":"https:\/\/api.w.org\/{rel}","templated":true}]}}