{"id":3444,"date":"2021-11-23T03:28:18","date_gmt":"2021-11-23T03:28:18","guid":{"rendered":"https:\/\/www.cuberyfragrance.com\/product\/lavender-with-goat-milk-soap\/"},"modified":"2024-04-28T05:20:03","modified_gmt":"2024-04-28T05:20:03","slug":"lavender-with-goat-milk-soap","status":"publish","type":"product","link":"https:\/\/www.cuberyfragrance.com\/de\/shop\/nicht-vegane-seife\/lavender-with-goat-milk-soap\/","title":{"rendered":"ZIEGENMILCH-LAVENDEL-SEIFE"},"content":{"rendered":"<p>LAVENDEL mit ZIEGENMILCH SEIFE &#8211; Entspannung und Pflege f\u00fcr Ihre Haut!<\/p>\n<p>Unsere Lavendel mit Ziegenmilch Seife kombiniert die beruhigenden Eigenschaften von Lavendel mit den pflegenden Eigenschaften von Ziegenmilch, um Ihrer Haut eine entspannende und n\u00e4hrende Pflege zu bieten. Die sorgf\u00e4ltig ausgew\u00e4hlten Inhaltsstoffe dieser Seife helfen dabei, Ihre Haut zu beruhigen, zu hydratisieren und zu verw\u00f6hnen.<\/p>\n<p>Die Hauptbestandteile unserer Lavendel mit Ziegenmilch Seife umfassen Aqua, natives Oliven\u00f6l extra, Kokos\u00f6l, Palmkern\u00f6l, Sheabutter und Rizinus\u00f6l sowie Avocado\u00f6l, Jojoba\u00f6l, Aloe-Vera-\u00d6l, Aprikosenkern\u00f6l, Argan\u00f6l, Tamanu\u00f6l und S\u00fc\u00dfmandel\u00f6l als Tr\u00e4ger\u00f6le. Diese reichhaltige Mischung von \u00d6len versorgt die Haut mit Feuchtigkeit und wichtigen N\u00e4hrstoffen, um sie geschmeidig und gesund zu halten.<\/p>\n<p>Die Zugabe von frischer, roher Ziegenmilch bietet zahlreiche Vorteile f\u00fcr die Haut. Die enthaltenen Proteine, Vitamine und Mineralien helfen dabei, die Haut zu beruhigen, zu pflegen und mit Feuchtigkeit zu versorgen. Die Ziegenmilch hat auch milde exfolierende Eigenschaften, die dazu beitragen k\u00f6nnen, abgestorbene Hautzellen zu entfernen und das E<\/p>\n","protected":false},"excerpt":{"rendered":"<p>INHALTSSTOFFE: Oliven\u00f6l, Kokosnuss\u00f6l, Palmkern\u00f6l, Sheabutter, Rizinus\u00f6l (Hauptbestandteil)<\/p>\n<p>Unterst\u00fctzende \u00d6le: Avocado\u00f6l, Jojoba\u00f6l, Aloe-vera-\u00d6l, Aprikosenkern\u00f6l, Argan\u00f6l, Tamanu-\u00d6l, S\u00fc\u00dfmandel\u00f6lZiegenmilch (frisch, roh)<\/p>\n<p>\u00c4therisches \u00d6l: Lavendel\u00f6l<\/p>\n","protected":false},"featured_media":5463,"comment_status":"open","ping_status":"closed","template":"","meta":[],"product_brand":[],"product_cat":[102],"product_tag":[],"class_list":{"0":"post-3444","1":"product","2":"type-product","3":"status-publish","4":"has-post-thumbnail","6":"product_cat-nicht-vegane-seife","8":"first","9":"instock","10":"shipping-taxable","11":"purchasable","12":"product-type-simple"},"yoast_head":"<!-- This site is optimized with the Yoast SEO plugin v25.6 - https:\/\/yoast.com\/wordpress\/plugins\/seo\/ -->\n<title>ZIEGENMILCH-LAVENDEL-SEIFE - CUBERY FRAGRANCE<\/title>\n<meta name=\"robots\" content=\"index, follow, max-snippet:-1, max-image-preview:large, max-video-preview:-1\" \/>\n<link rel=\"canonical\" href=\"https:\/\/www.cuberyfragrance.com\/de\/shop\/nicht-vegane-seife\/lavender-with-goat-milk-soap\/\" \/>\n<meta property=\"og:locale\" content=\"de_DE\" \/>\n<meta property=\"og:type\" content=\"article\" \/>\n<meta property=\"og:title\" content=\"ZIEGENMILCH-LAVENDEL-SEIFE - CUBERY FRAGRANCE\" \/>\n<meta property=\"og:description\" content=\"INHALTSSTOFFE: Oliven\u00f6l, Kokosnuss\u00f6l, Palmkern\u00f6l, Sheabutter, Rizinus\u00f6l (Hauptbestandteil)  Unterst\u00fctzende \u00d6le: Avocado\u00f6l, Jojoba\u00f6l, Aloe-vera-\u00d6l, Aprikosenkern\u00f6l, Argan\u00f6l, Tamanu-\u00d6l, S\u00fc\u00dfmandel\u00f6lZiegenmilch (frisch, roh)  \u00c4therisches \u00d6l: Lavendel\u00f6l\" \/>\n<meta property=\"og:url\" content=\"https:\/\/www.cuberyfragrance.com\/de\/shop\/nicht-vegane-seife\/lavender-with-goat-milk-soap\/\" \/>\n<meta property=\"og:site_name\" content=\"CUBERY FRAGRANCE\" \/>\n<meta property=\"article:modified_time\" content=\"2024-04-28T05:20:03+00:00\" \/>\n<meta property=\"og:image\" content=\"https:\/\/www.cuberyfragrance.com\/wp-content\/uploads\/2021\/11\/IMG_4066-LAVENDER-with-GOAT-MILK-SOAP-1.jpg\" \/>\n\t<meta property=\"og:image:width\" content=\"900\" \/>\n\t<meta property=\"og:image:height\" content=\"600\" \/>\n\t<meta property=\"og:image:type\" content=\"image\/jpeg\" \/>\n<meta name=\"twitter:card\" content=\"summary_large_image\" \/>\n<meta name=\"twitter:label1\" content=\"Gesch\u00e4tzte Lesezeit\" \/>\n\t<meta name=\"twitter:data1\" content=\"1\u00a0Minute\" \/>\n<script type=\"application\/ld+json\" class=\"yoast-schema-graph\">{\"@context\":\"https:\/\/schema.org\",\"@graph\":[{\"@type\":\"WebPage\",\"@id\":\"https:\/\/www.cuberyfragrance.com\/de\/shop\/nicht-vegane-seife\/lavender-with-goat-milk-soap\/\",\"url\":\"https:\/\/www.cuberyfragrance.com\/de\/shop\/nicht-vegane-seife\/lavender-with-goat-milk-soap\/\",\"name\":\"ZIEGENMILCH-LAVENDEL-SEIFE - CUBERY FRAGRANCE\",\"isPartOf\":{\"@id\":\"https:\/\/www.cuberyfragrance.com\/fr\/#website\"},\"primaryImageOfPage\":{\"@id\":\"https:\/\/www.cuberyfragrance.com\/de\/shop\/nicht-vegane-seife\/lavender-with-goat-milk-soap\/#primaryimage\"},\"image\":{\"@id\":\"https:\/\/www.cuberyfragrance.com\/de\/shop\/nicht-vegane-seife\/lavender-with-goat-milk-soap\/#primaryimage\"},\"thumbnailUrl\":\"https:\/\/www.cuberyfragrance.com\/wp-content\/uploads\/2021\/11\/IMG_4066-LAVENDER-with-GOAT-MILK-SOAP-1.jpg\",\"datePublished\":\"2021-11-23T03:28:18+00:00\",\"dateModified\":\"2024-04-28T05:20:03+00:00\",\"breadcrumb\":{\"@id\":\"https:\/\/www.cuberyfragrance.com\/de\/shop\/nicht-vegane-seife\/lavender-with-goat-milk-soap\/#breadcrumb\"},\"inLanguage\":\"de\",\"potentialAction\":[{\"@type\":\"ReadAction\",\"target\":[\"https:\/\/www.cuberyfragrance.com\/de\/shop\/nicht-vegane-seife\/lavender-with-goat-milk-soap\/\"]}]},{\"@type\":\"ImageObject\",\"inLanguage\":\"de\",\"@id\":\"https:\/\/www.cuberyfragrance.com\/de\/shop\/nicht-vegane-seife\/lavender-with-goat-milk-soap\/#primaryimage\",\"url\":\"https:\/\/www.cuberyfragrance.com\/wp-content\/uploads\/2021\/11\/IMG_4066-LAVENDER-with-GOAT-MILK-SOAP-1.jpg\",\"contentUrl\":\"https:\/\/www.cuberyfragrance.com\/wp-content\/uploads\/2021\/11\/IMG_4066-LAVENDER-with-GOAT-MILK-SOAP-1.jpg\",\"width\":900,\"height\":600},{\"@type\":\"BreadcrumbList\",\"@id\":\"https:\/\/www.cuberyfragrance.com\/de\/shop\/nicht-vegane-seife\/lavender-with-goat-milk-soap\/#breadcrumb\",\"itemListElement\":[{\"@type\":\"ListItem\",\"position\":1,\"name\":\"Home\",\"item\":\"https:\/\/www.cuberyfragrance.com\/de\/\"},{\"@type\":\"ListItem\",\"position\":2,\"name\":\"SHOP\",\"item\":\"https:\/\/www.cuberyfragrance.com\/shop\/\"},{\"@type\":\"ListItem\",\"position\":3,\"name\":\"ZIEGENMILCH-LAVENDEL-SEIFE\"}]},{\"@type\":\"WebSite\",\"@id\":\"https:\/\/www.cuberyfragrance.com\/fr\/#website\",\"url\":\"https:\/\/www.cuberyfragrance.com\/fr\/\",\"name\":\"CUBERY FRAGRANCE\",\"description\":\"The Address of Naturalness and Health...\",\"potentialAction\":[{\"@type\":\"SearchAction\",\"target\":{\"@type\":\"EntryPoint\",\"urlTemplate\":\"https:\/\/www.cuberyfragrance.com\/fr\/?s={search_term_string}\"},\"query-input\":{\"@type\":\"PropertyValueSpecification\",\"valueRequired\":true,\"valueName\":\"search_term_string\"}}],\"inLanguage\":\"de\"}]}<\/script>\n<!-- \/ Yoast SEO plugin. -->","yoast_head_json":{"title":"ZIEGENMILCH-LAVENDEL-SEIFE - CUBERY FRAGRANCE","robots":{"index":"index","follow":"follow","max-snippet":"max-snippet:-1","max-image-preview":"max-image-preview:large","max-video-preview":"max-video-preview:-1"},"canonical":"https:\/\/www.cuberyfragrance.com\/de\/shop\/nicht-vegane-seife\/lavender-with-goat-milk-soap\/","og_locale":"de_DE","og_type":"article","og_title":"ZIEGENMILCH-LAVENDEL-SEIFE - CUBERY FRAGRANCE","og_description":"INHALTSSTOFFE: Oliven\u00f6l, Kokosnuss\u00f6l, Palmkern\u00f6l, Sheabutter, Rizinus\u00f6l (Hauptbestandteil)  Unterst\u00fctzende \u00d6le: Avocado\u00f6l, Jojoba\u00f6l, Aloe-vera-\u00d6l, Aprikosenkern\u00f6l, Argan\u00f6l, Tamanu-\u00d6l, S\u00fc\u00dfmandel\u00f6lZiegenmilch (frisch, roh)  \u00c4therisches \u00d6l: Lavendel\u00f6l","og_url":"https:\/\/www.cuberyfragrance.com\/de\/shop\/nicht-vegane-seife\/lavender-with-goat-milk-soap\/","og_site_name":"CUBERY FRAGRANCE","article_modified_time":"2024-04-28T05:20:03+00:00","og_image":[{"width":900,"height":600,"url":"https:\/\/www.cuberyfragrance.com\/wp-content\/uploads\/2021\/11\/IMG_4066-LAVENDER-with-GOAT-MILK-SOAP-1.jpg","type":"image\/jpeg"}],"twitter_card":"summary_large_image","twitter_misc":{"Gesch\u00e4tzte Lesezeit":"1\u00a0Minute"},"schema":{"@context":"https:\/\/schema.org","@graph":[{"@type":"WebPage","@id":"https:\/\/www.cuberyfragrance.com\/de\/shop\/nicht-vegane-seife\/lavender-with-goat-milk-soap\/","url":"https:\/\/www.cuberyfragrance.com\/de\/shop\/nicht-vegane-seife\/lavender-with-goat-milk-soap\/","name":"ZIEGENMILCH-LAVENDEL-SEIFE - CUBERY FRAGRANCE","isPartOf":{"@id":"https:\/\/www.cuberyfragrance.com\/fr\/#website"},"primaryImageOfPage":{"@id":"https:\/\/www.cuberyfragrance.com\/de\/shop\/nicht-vegane-seife\/lavender-with-goat-milk-soap\/#primaryimage"},"image":{"@id":"https:\/\/www.cuberyfragrance.com\/de\/shop\/nicht-vegane-seife\/lavender-with-goat-milk-soap\/#primaryimage"},"thumbnailUrl":"https:\/\/www.cuberyfragrance.com\/wp-content\/uploads\/2021\/11\/IMG_4066-LAVENDER-with-GOAT-MILK-SOAP-1.jpg","datePublished":"2021-11-23T03:28:18+00:00","dateModified":"2024-04-28T05:20:03+00:00","breadcrumb":{"@id":"https:\/\/www.cuberyfragrance.com\/de\/shop\/nicht-vegane-seife\/lavender-with-goat-milk-soap\/#breadcrumb"},"inLanguage":"de","potentialAction":[{"@type":"ReadAction","target":["https:\/\/www.cuberyfragrance.com\/de\/shop\/nicht-vegane-seife\/lavender-with-goat-milk-soap\/"]}]},{"@type":"ImageObject","inLanguage":"de","@id":"https:\/\/www.cuberyfragrance.com\/de\/shop\/nicht-vegane-seife\/lavender-with-goat-milk-soap\/#primaryimage","url":"https:\/\/www.cuberyfragrance.com\/wp-content\/uploads\/2021\/11\/IMG_4066-LAVENDER-with-GOAT-MILK-SOAP-1.jpg","contentUrl":"https:\/\/www.cuberyfragrance.com\/wp-content\/uploads\/2021\/11\/IMG_4066-LAVENDER-with-GOAT-MILK-SOAP-1.jpg","width":900,"height":600},{"@type":"BreadcrumbList","@id":"https:\/\/www.cuberyfragrance.com\/de\/shop\/nicht-vegane-seife\/lavender-with-goat-milk-soap\/#breadcrumb","itemListElement":[{"@type":"ListItem","position":1,"name":"Home","item":"https:\/\/www.cuberyfragrance.com\/de\/"},{"@type":"ListItem","position":2,"name":"SHOP","item":"https:\/\/www.cuberyfragrance.com\/shop\/"},{"@type":"ListItem","position":3,"name":"ZIEGENMILCH-LAVENDEL-SEIFE"}]},{"@type":"WebSite","@id":"https:\/\/www.cuberyfragrance.com\/fr\/#website","url":"https:\/\/www.cuberyfragrance.com\/fr\/","name":"CUBERY FRAGRANCE","description":"The Address of Naturalness and Health...","potentialAction":[{"@type":"SearchAction","target":{"@type":"EntryPoint","urlTemplate":"https:\/\/www.cuberyfragrance.com\/fr\/?s={search_term_string}"},"query-input":{"@type":"PropertyValueSpecification","valueRequired":true,"valueName":"search_term_string"}}],"inLanguage":"de"}]}},"jetpack_sharing_enabled":true,"_links":{"self":[{"href":"https:\/\/www.cuberyfragrance.com\/de\/wp-json\/wp\/v2\/product\/3444"}],"collection":[{"href":"https:\/\/www.cuberyfragrance.com\/de\/wp-json\/wp\/v2\/product"}],"about":[{"href":"https:\/\/www.cuberyfragrance.com\/de\/wp-json\/wp\/v2\/types\/product"}],"replies":[{"embeddable":true,"href":"https:\/\/www.cuberyfragrance.com\/de\/wp-json\/wp\/v2\/comments?post=3444"}],"wp:featuredmedia":[{"embeddable":true,"href":"https:\/\/www.cuberyfragrance.com\/de\/wp-json\/wp\/v2\/media\/5463"}],"wp:attachment":[{"href":"https:\/\/www.cuberyfragrance.com\/de\/wp-json\/wp\/v2\/media?parent=3444"}],"wp:term":[{"taxonomy":"product_brand","embeddable":true,"href":"https:\/\/www.cuberyfragrance.com\/de\/wp-json\/wp\/v2\/product_brand?post=3444"},{"taxonomy":"product_cat","embeddable":true,"href":"https:\/\/www.cuberyfragrance.com\/de\/wp-json\/wp\/v2\/product_cat?post=3444"},{"taxonomy":"product_tag","embeddable":true,"href":"https:\/\/www.cuberyfragrance.com\/de\/wp-json\/wp\/v2\/product_tag?post=3444"}],"curies":[{"name":"wp","href":"https:\/\/api.w.org\/{rel}","templated":true}]}}