{"id":3430,"date":"2021-11-23T03:37:59","date_gmt":"2021-11-23T03:37:59","guid":{"rendered":"https:\/\/www.cuberyfragrance.com\/product\/oily-hair\/"},"modified":"2024-04-28T05:21:00","modified_gmt":"2024-04-28T05:21:00","slug":"oily-hair","status":"publish","type":"product","link":"https:\/\/www.cuberyfragrance.com\/de\/shop\/unkategorisiert\/oily-hair\/","title":{"rendered":"SHAMPOO-BARS f\u00fcr FETTIGES HAAR"},"content":{"rendered":"<p>FETTIGES HAAR SHAMPOO BAR &#8211; F\u00fcr eine gr\u00fcndliche Reinigung und Ausgleich der Talgproduktion!<\/p>\n<p>Unser Shampoo Bar f\u00fcr fettiges Haar bietet Ihnen eine effektive L\u00f6sung, um fettiges Haar zu reinigen und die Talgproduktion auszugleichen. Mit sorgf\u00e4ltig ausgew\u00e4hlten Inhaltsstoffen reinigt er Ihre Haare gr\u00fcndlich, entfernt \u00fcbersch\u00fcssiges Fett und hinterl\u00e4sst ein erfrischtes Gef\u00fchl.<\/p>\n<p>Die Hauptbestandteile unseres Shampoo Bars f\u00fcr fettiges Haar umfassen Aqua, natives Oliven\u00f6l extra, Kokos\u00f6l, Palmkern\u00f6l, Palm\u00f6l, Sheabutter und Rizinus\u00f6l sowie S\u00fc\u00dfmandel\u00f6l, Avocado\u00f6l, Argan\u00f6l und Jojoba\u00f6l als Tr\u00e4ger\u00f6le. Diese hochwertigen \u00d6le pflegen Ihr Haar und spenden Feuchtigkeit, ohne es zu beschweren.<\/p>\n<p>Als \u00e4therische \u00d6le haben wir Rosmarin, Teebaum und Orangenschalen\u00f6l hinzugef\u00fcgt. Diese \u00d6le haben reinigende und erfrischende Eigenschaften und helfen, \u00fcbersch\u00fcssiges Fett zu kontrollieren.<\/p>\n<p>Um die talgregulierende Wirkung zu unterst\u00fctzen, enth\u00e4lt der Shampoo Bar Nessel-Pulver und Apfelessig. Nessel-Pulver hilft dabei, die Talgproduktion auszugleichen, w\u00e4hrend Apfelessig die Haare kl\u00e4rt und ihnen Glanz verleiht.<\/p>\n<p>Zus\u00e4tzlich haben wir Kaolin Ton hinzugef\u00fcgt, der dabei hilft, \u00fcbersch\u00fcssiges Fett zu absorbieren und die Kopfhaut zu beruhigen. Vitamin E dient als antioxidativer Zusatzstoff, der Ihr Haar vor sch\u00e4dlichen Umwelteinfl\u00fcssen sch\u00fctzt.<\/p>\n<p>Genie\u00dfen Sie eine gr\u00fcndliche Reinigung und ein frisches Gef\u00fchl mit unserem Shampoo Bar f\u00fcr fettiges Haar. Verabschieden Sie sich von fettigem Haar und erleben Sie ein ausgewogenes Haarbild!<\/p>\n","protected":false},"excerpt":{"rendered":"<p>Hauptzutaten: Oliven\u00f6l, Kokosnuss\u00f6l, Palmkern\u00f6l, Palm\u00f6l, Sheabutter, Rizinus\u00f6l, S\u00fc\u00dfmandel\u00f6l, Avocado\u00f6l, Argan\u00f6l und Jojoba\u00f6l.<br \/>\nZusatzstoffe: Brennnesselpulver und Apfelweinessig<br \/>\n\u00c4therische \u00d6le: Rosmarin\u00f6l, Teebaum\u00f6l und Orangenschalen\u00f6l.<\/p>\n","protected":false},"featured_media":4250,"comment_status":"open","ping_status":"closed","template":"","meta":[],"product_brand":[],"product_cat":[],"product_tag":[],"class_list":{"0":"post-3430","1":"product","2":"type-product","3":"status-publish","4":"has-post-thumbnail","7":"first","8":"instock","9":"shipping-taxable","10":"purchasable","11":"product-type-simple"},"yoast_head":"<!-- This site is optimized with the Yoast SEO plugin v25.6 - https:\/\/yoast.com\/wordpress\/plugins\/seo\/ -->\n<title>SHAMPOO-BARS f\u00fcr FETTIGES HAAR - CUBERY FRAGRANCE<\/title>\n<meta name=\"robots\" content=\"index, follow, max-snippet:-1, max-image-preview:large, max-video-preview:-1\" \/>\n<link rel=\"canonical\" href=\"https:\/\/www.cuberyfragrance.com\/de\/shop\/shampoo\/oily-hair\/\" \/>\n<meta property=\"og:locale\" content=\"de_DE\" \/>\n<meta property=\"og:type\" content=\"article\" \/>\n<meta property=\"og:title\" content=\"SHAMPOO-BARS f\u00fcr FETTIGES HAAR - CUBERY FRAGRANCE\" \/>\n<meta property=\"og:description\" content=\"Hauptzutaten: Oliven\u00f6l, Kokosnuss\u00f6l, Palmkern\u00f6l, Palm\u00f6l, Sheabutter, Rizinus\u00f6l, S\u00fc\u00dfmandel\u00f6l, Avocado\u00f6l, Argan\u00f6l und Jojoba\u00f6l. Zusatzstoffe: Brennnesselpulver und Apfelweinessig \u00c4therische \u00d6le: Rosmarin\u00f6l, Teebaum\u00f6l und Orangenschalen\u00f6l.\" \/>\n<meta property=\"og:url\" content=\"https:\/\/www.cuberyfragrance.com\/de\/shop\/shampoo\/oily-hair\/\" \/>\n<meta property=\"og:site_name\" content=\"CUBERY FRAGRANCE\" \/>\n<meta property=\"article:modified_time\" content=\"2024-04-28T05:21:00+00:00\" \/>\n<meta property=\"og:image\" content=\"https:\/\/www.cuberyfragrance.com\/wp-content\/uploads\/2021\/11\/IMG_4052-OILY-HAIR-SHAMPOO-BAR.jpg\" \/>\n\t<meta property=\"og:image:width\" content=\"900\" \/>\n\t<meta property=\"og:image:height\" content=\"600\" \/>\n\t<meta property=\"og:image:type\" content=\"image\/jpeg\" \/>\n<meta name=\"twitter:card\" content=\"summary_large_image\" \/>\n<meta name=\"twitter:label1\" content=\"Gesch\u00e4tzte Lesezeit\" \/>\n\t<meta name=\"twitter:data1\" content=\"1\u00a0Minute\" \/>\n<script type=\"application\/ld+json\" class=\"yoast-schema-graph\">{\"@context\":\"https:\/\/schema.org\",\"@graph\":[{\"@type\":\"WebPage\",\"@id\":\"https:\/\/www.cuberyfragrance.com\/de\/shop\/shampoo\/oily-hair\/\",\"url\":\"https:\/\/www.cuberyfragrance.com\/de\/shop\/shampoo\/oily-hair\/\",\"name\":\"SHAMPOO-BARS f\u00fcr FETTIGES HAAR - CUBERY FRAGRANCE\",\"isPartOf\":{\"@id\":\"https:\/\/www.cuberyfragrance.com\/fr\/#website\"},\"primaryImageOfPage\":{\"@id\":\"https:\/\/www.cuberyfragrance.com\/de\/shop\/shampoo\/oily-hair\/#primaryimage\"},\"image\":{\"@id\":\"https:\/\/www.cuberyfragrance.com\/de\/shop\/shampoo\/oily-hair\/#primaryimage\"},\"thumbnailUrl\":\"https:\/\/www.cuberyfragrance.com\/wp-content\/uploads\/2021\/11\/IMG_4052-OILY-HAIR-SHAMPOO-BAR.jpg\",\"datePublished\":\"2021-11-23T03:37:59+00:00\",\"dateModified\":\"2024-04-28T05:21:00+00:00\",\"breadcrumb\":{\"@id\":\"https:\/\/www.cuberyfragrance.com\/de\/shop\/shampoo\/oily-hair\/#breadcrumb\"},\"inLanguage\":\"de\",\"potentialAction\":[{\"@type\":\"ReadAction\",\"target\":[\"https:\/\/www.cuberyfragrance.com\/de\/shop\/shampoo\/oily-hair\/\"]}]},{\"@type\":\"ImageObject\",\"inLanguage\":\"de\",\"@id\":\"https:\/\/www.cuberyfragrance.com\/de\/shop\/shampoo\/oily-hair\/#primaryimage\",\"url\":\"https:\/\/www.cuberyfragrance.com\/wp-content\/uploads\/2021\/11\/IMG_4052-OILY-HAIR-SHAMPOO-BAR.jpg\",\"contentUrl\":\"https:\/\/www.cuberyfragrance.com\/wp-content\/uploads\/2021\/11\/IMG_4052-OILY-HAIR-SHAMPOO-BAR.jpg\",\"width\":900,\"height\":600},{\"@type\":\"BreadcrumbList\",\"@id\":\"https:\/\/www.cuberyfragrance.com\/de\/shop\/shampoo\/oily-hair\/#breadcrumb\",\"itemListElement\":[{\"@type\":\"ListItem\",\"position\":1,\"name\":\"Home\",\"item\":\"https:\/\/www.cuberyfragrance.com\/de\/\"},{\"@type\":\"ListItem\",\"position\":2,\"name\":\"SHOP\",\"item\":\"https:\/\/www.cuberyfragrance.com\/shop\/\"},{\"@type\":\"ListItem\",\"position\":3,\"name\":\"SHAMPOO-BARS f\u00fcr FETTIGES HAAR\"}]},{\"@type\":\"WebSite\",\"@id\":\"https:\/\/www.cuberyfragrance.com\/fr\/#website\",\"url\":\"https:\/\/www.cuberyfragrance.com\/fr\/\",\"name\":\"CUBERY FRAGRANCE\",\"description\":\"The Address of Naturalness and Health...\",\"potentialAction\":[{\"@type\":\"SearchAction\",\"target\":{\"@type\":\"EntryPoint\",\"urlTemplate\":\"https:\/\/www.cuberyfragrance.com\/fr\/?s={search_term_string}\"},\"query-input\":{\"@type\":\"PropertyValueSpecification\",\"valueRequired\":true,\"valueName\":\"search_term_string\"}}],\"inLanguage\":\"de\"}]}<\/script>\n<!-- \/ Yoast SEO plugin. -->","yoast_head_json":{"title":"SHAMPOO-BARS f\u00fcr FETTIGES HAAR - CUBERY FRAGRANCE","robots":{"index":"index","follow":"follow","max-snippet":"max-snippet:-1","max-image-preview":"max-image-preview:large","max-video-preview":"max-video-preview:-1"},"canonical":"https:\/\/www.cuberyfragrance.com\/de\/shop\/shampoo\/oily-hair\/","og_locale":"de_DE","og_type":"article","og_title":"SHAMPOO-BARS f\u00fcr FETTIGES HAAR - CUBERY FRAGRANCE","og_description":"Hauptzutaten: Oliven\u00f6l, Kokosnuss\u00f6l, Palmkern\u00f6l, Palm\u00f6l, Sheabutter, Rizinus\u00f6l, S\u00fc\u00dfmandel\u00f6l, Avocado\u00f6l, Argan\u00f6l und Jojoba\u00f6l. Zusatzstoffe: Brennnesselpulver und Apfelweinessig \u00c4therische \u00d6le: Rosmarin\u00f6l, Teebaum\u00f6l und Orangenschalen\u00f6l.","og_url":"https:\/\/www.cuberyfragrance.com\/de\/shop\/shampoo\/oily-hair\/","og_site_name":"CUBERY FRAGRANCE","article_modified_time":"2024-04-28T05:21:00+00:00","og_image":[{"width":900,"height":600,"url":"https:\/\/www.cuberyfragrance.com\/wp-content\/uploads\/2021\/11\/IMG_4052-OILY-HAIR-SHAMPOO-BAR.jpg","type":"image\/jpeg"}],"twitter_card":"summary_large_image","twitter_misc":{"Gesch\u00e4tzte Lesezeit":"1\u00a0Minute"},"schema":{"@context":"https:\/\/schema.org","@graph":[{"@type":"WebPage","@id":"https:\/\/www.cuberyfragrance.com\/de\/shop\/shampoo\/oily-hair\/","url":"https:\/\/www.cuberyfragrance.com\/de\/shop\/shampoo\/oily-hair\/","name":"SHAMPOO-BARS f\u00fcr FETTIGES HAAR - CUBERY FRAGRANCE","isPartOf":{"@id":"https:\/\/www.cuberyfragrance.com\/fr\/#website"},"primaryImageOfPage":{"@id":"https:\/\/www.cuberyfragrance.com\/de\/shop\/shampoo\/oily-hair\/#primaryimage"},"image":{"@id":"https:\/\/www.cuberyfragrance.com\/de\/shop\/shampoo\/oily-hair\/#primaryimage"},"thumbnailUrl":"https:\/\/www.cuberyfragrance.com\/wp-content\/uploads\/2021\/11\/IMG_4052-OILY-HAIR-SHAMPOO-BAR.jpg","datePublished":"2021-11-23T03:37:59+00:00","dateModified":"2024-04-28T05:21:00+00:00","breadcrumb":{"@id":"https:\/\/www.cuberyfragrance.com\/de\/shop\/shampoo\/oily-hair\/#breadcrumb"},"inLanguage":"de","potentialAction":[{"@type":"ReadAction","target":["https:\/\/www.cuberyfragrance.com\/de\/shop\/shampoo\/oily-hair\/"]}]},{"@type":"ImageObject","inLanguage":"de","@id":"https:\/\/www.cuberyfragrance.com\/de\/shop\/shampoo\/oily-hair\/#primaryimage","url":"https:\/\/www.cuberyfragrance.com\/wp-content\/uploads\/2021\/11\/IMG_4052-OILY-HAIR-SHAMPOO-BAR.jpg","contentUrl":"https:\/\/www.cuberyfragrance.com\/wp-content\/uploads\/2021\/11\/IMG_4052-OILY-HAIR-SHAMPOO-BAR.jpg","width":900,"height":600},{"@type":"BreadcrumbList","@id":"https:\/\/www.cuberyfragrance.com\/de\/shop\/shampoo\/oily-hair\/#breadcrumb","itemListElement":[{"@type":"ListItem","position":1,"name":"Home","item":"https:\/\/www.cuberyfragrance.com\/de\/"},{"@type":"ListItem","position":2,"name":"SHOP","item":"https:\/\/www.cuberyfragrance.com\/shop\/"},{"@type":"ListItem","position":3,"name":"SHAMPOO-BARS f\u00fcr FETTIGES HAAR"}]},{"@type":"WebSite","@id":"https:\/\/www.cuberyfragrance.com\/fr\/#website","url":"https:\/\/www.cuberyfragrance.com\/fr\/","name":"CUBERY FRAGRANCE","description":"The Address of Naturalness and Health...","potentialAction":[{"@type":"SearchAction","target":{"@type":"EntryPoint","urlTemplate":"https:\/\/www.cuberyfragrance.com\/fr\/?s={search_term_string}"},"query-input":{"@type":"PropertyValueSpecification","valueRequired":true,"valueName":"search_term_string"}}],"inLanguage":"de"}]}},"jetpack_sharing_enabled":true,"_links":{"self":[{"href":"https:\/\/www.cuberyfragrance.com\/de\/wp-json\/wp\/v2\/product\/3430"}],"collection":[{"href":"https:\/\/www.cuberyfragrance.com\/de\/wp-json\/wp\/v2\/product"}],"about":[{"href":"https:\/\/www.cuberyfragrance.com\/de\/wp-json\/wp\/v2\/types\/product"}],"replies":[{"embeddable":true,"href":"https:\/\/www.cuberyfragrance.com\/de\/wp-json\/wp\/v2\/comments?post=3430"}],"wp:featuredmedia":[{"embeddable":true,"href":"https:\/\/www.cuberyfragrance.com\/de\/wp-json\/wp\/v2\/media\/4250"}],"wp:attachment":[{"href":"https:\/\/www.cuberyfragrance.com\/de\/wp-json\/wp\/v2\/media?parent=3430"}],"wp:term":[{"taxonomy":"product_brand","embeddable":true,"href":"https:\/\/www.cuberyfragrance.com\/de\/wp-json\/wp\/v2\/product_brand?post=3430"},{"taxonomy":"product_cat","embeddable":true,"href":"https:\/\/www.cuberyfragrance.com\/de\/wp-json\/wp\/v2\/product_cat?post=3430"},{"taxonomy":"product_tag","embeddable":true,"href":"https:\/\/www.cuberyfragrance.com\/de\/wp-json\/wp\/v2\/product_tag?post=3430"}],"curies":[{"name":"wp","href":"https:\/\/api.w.org\/{rel}","templated":true}]}}