{"id":3428,"date":"2021-11-23T03:38:58","date_gmt":"2021-11-23T03:38:58","guid":{"rendered":"https:\/\/www.cuberyfragrance.com\/product\/thinning-hair\/"},"modified":"2024-04-28T05:22:54","modified_gmt":"2024-04-28T05:22:54","slug":"thinning-hair","status":"publish","type":"product","link":"https:\/\/www.cuberyfragrance.com\/de\/shop\/unkategorisiert\/thinning-hair\/","title":{"rendered":"SHAMPOO-BARS f\u00fcr AUSGED\u00dcNNTES HAAR"},"content":{"rendered":"<p>KR\u00c4FTIGENDES SHAMPOO BAR F\u00dcR D\u00dcNNES HAAR &#8211; St\u00e4rke und Volumen f\u00fcr Ihr Haar!<\/p>\n<p>Unser Shampoo Bar f\u00fcr d\u00fcnnes Haar wurde speziell entwickelt, um Ihrem Haar St\u00e4rke und F\u00fclle zu verleihen. Mit hochwertigen Inhaltsstoffen reinigt er sanft Ihr Haar und st\u00e4rkt es von der Wurzel bis zur Spitze.<\/p>\n<p>Die Hauptbestandteile unseres Shampoo Bars f\u00fcr d\u00fcnnes Haar umfassen Aqua, natives Oliven\u00f6l extra, Kokos\u00f6l, Palmkern\u00f6l, Palm\u00f6l, Mangobutter und Rizinus\u00f6l sowie Avocado\u00f6l, Granatapfelsamen\u00f6l, Argan\u00f6l und Jojoba\u00f6l als Tr\u00e4ger\u00f6le. Diese \u00d6le sind reich an N\u00e4hrstoffen und helfen dabei, das Haar zu st\u00e4rken und zu pflegen.<\/p>\n<p>F\u00fcr einen angenehmen Duft haben wir Lavendel- und Zitronengras\u00e4therische \u00d6le hinzugef\u00fcgt. Diese \u00e4therischen \u00d6le haben nicht nur einen erfrischenden Duft, sondern k\u00f6nnen auch das Haarwachstum f\u00f6rdern und die Kopfhaut beruhigen.<\/p>\n<p>Um die Wirkung des Shampoo Bars zu verst\u00e4rken, enth\u00e4lt er Apfelessig, der dazu beitr\u00e4gt, das Haar zu st\u00e4rken und ihm mehr Glanz zu verleihen. Kaolin Ton hilft dabei, das Haar zu reinigen und zu entgiften, w\u00e4hrend Vitamin E als antioxidativer Zusatzstoff das Haar vor sch\u00e4dlichen Umwelteinfl\u00fcssen sch\u00fctzt.<\/p>\n<p>Genie\u00dfen Sie kr\u00e4ftiges und volumin\u00f6ses Haar mit unserem Shampoo Bar f\u00fcr d\u00fcnnes Haar. Verabschieden Sie sich von d\u00fcnnem und kraftlosem Haar und erwecken Sie Ihr Haar zu neuem Leben!<\/p>\n","protected":false},"excerpt":{"rendered":"<p><strong>Hauptzutaten: <\/strong>Oliven\u00f6l, Kokosnuss\u00f6l, Palmkern\u00f6l, Palm\u00f6l, Mangobutter, Rizinus\u00f6l, Avocado\u00f6l, Granatapfelsamen\u00f6l, Argan\u00f6l und Jojoba\u00f6l.<\/p>\n<p>Zusatzstoff: Apfelweinessig<\/p>\n<p>\u00c4therische \u00d6le: Lavendel und Zitronengras<\/p>\n<p>&nbsp;<\/p>\n","protected":false},"featured_media":6984,"comment_status":"open","ping_status":"closed","template":"","meta":[],"product_brand":[],"product_cat":[],"product_tag":[],"class_list":{"0":"post-3428","1":"product","2":"type-product","3":"status-publish","4":"has-post-thumbnail","7":"first","8":"instock","9":"shipping-taxable","10":"purchasable","11":"product-type-simple"},"yoast_head":"<!-- This site is optimized with the Yoast SEO plugin v25.6 - https:\/\/yoast.com\/wordpress\/plugins\/seo\/ -->\n<title>SHAMPOO-BARS f\u00fcr AUSGED\u00dcNNTES HAAR - CUBERY FRAGRANCE<\/title>\n<meta name=\"robots\" content=\"index, follow, max-snippet:-1, max-image-preview:large, max-video-preview:-1\" \/>\n<link rel=\"canonical\" href=\"https:\/\/www.cuberyfragrance.com\/de\/shop\/shampoo\/thinning-hair\/\" \/>\n<meta property=\"og:locale\" content=\"de_DE\" \/>\n<meta property=\"og:type\" content=\"article\" \/>\n<meta property=\"og:title\" content=\"SHAMPOO-BARS f\u00fcr AUSGED\u00dcNNTES HAAR - CUBERY FRAGRANCE\" \/>\n<meta property=\"og:description\" content=\"Hauptzutaten: Oliven\u00f6l, Kokosnuss\u00f6l, Palmkern\u00f6l, Palm\u00f6l, Mangobutter, Rizinus\u00f6l, Avocado\u00f6l, Granatapfelsamen\u00f6l, Argan\u00f6l und Jojoba\u00f6l.  Zusatzstoff: Apfelweinessig  \u00c4therische \u00d6le: Lavendel und Zitronengras  &nbsp;\" \/>\n<meta property=\"og:url\" content=\"https:\/\/www.cuberyfragrance.com\/de\/shop\/shampoo\/thinning-hair\/\" \/>\n<meta property=\"og:site_name\" content=\"CUBERY FRAGRANCE\" \/>\n<meta property=\"article:modified_time\" content=\"2024-04-28T05:22:54+00:00\" \/>\n<meta property=\"og:image\" content=\"https:\/\/www.cuberyfragrance.com\/wp-content\/uploads\/2021\/11\/IMG_4095-STRENGTHENING-for-THIN-HAIR-SHAMPOO-BAR-2.jpg\" \/>\n\t<meta property=\"og:image:width\" content=\"900\" \/>\n\t<meta property=\"og:image:height\" content=\"600\" \/>\n\t<meta property=\"og:image:type\" content=\"image\/jpeg\" \/>\n<meta name=\"twitter:card\" content=\"summary_large_image\" \/>\n<meta name=\"twitter:label1\" content=\"Gesch\u00e4tzte Lesezeit\" \/>\n\t<meta name=\"twitter:data1\" content=\"1\u00a0Minute\" \/>\n<script type=\"application\/ld+json\" class=\"yoast-schema-graph\">{\"@context\":\"https:\/\/schema.org\",\"@graph\":[{\"@type\":\"WebPage\",\"@id\":\"https:\/\/www.cuberyfragrance.com\/de\/shop\/shampoo\/thinning-hair\/\",\"url\":\"https:\/\/www.cuberyfragrance.com\/de\/shop\/shampoo\/thinning-hair\/\",\"name\":\"SHAMPOO-BARS f\u00fcr AUSGED\u00dcNNTES HAAR - CUBERY FRAGRANCE\",\"isPartOf\":{\"@id\":\"https:\/\/www.cuberyfragrance.com\/fr\/#website\"},\"primaryImageOfPage\":{\"@id\":\"https:\/\/www.cuberyfragrance.com\/de\/shop\/shampoo\/thinning-hair\/#primaryimage\"},\"image\":{\"@id\":\"https:\/\/www.cuberyfragrance.com\/de\/shop\/shampoo\/thinning-hair\/#primaryimage\"},\"thumbnailUrl\":\"https:\/\/www.cuberyfragrance.com\/wp-content\/uploads\/2021\/11\/IMG_4095-STRENGTHENING-for-THIN-HAIR-SHAMPOO-BAR-2.jpg\",\"datePublished\":\"2021-11-23T03:38:58+00:00\",\"dateModified\":\"2024-04-28T05:22:54+00:00\",\"breadcrumb\":{\"@id\":\"https:\/\/www.cuberyfragrance.com\/de\/shop\/shampoo\/thinning-hair\/#breadcrumb\"},\"inLanguage\":\"de\",\"potentialAction\":[{\"@type\":\"ReadAction\",\"target\":[\"https:\/\/www.cuberyfragrance.com\/de\/shop\/shampoo\/thinning-hair\/\"]}]},{\"@type\":\"ImageObject\",\"inLanguage\":\"de\",\"@id\":\"https:\/\/www.cuberyfragrance.com\/de\/shop\/shampoo\/thinning-hair\/#primaryimage\",\"url\":\"https:\/\/www.cuberyfragrance.com\/wp-content\/uploads\/2021\/11\/IMG_4095-STRENGTHENING-for-THIN-HAIR-SHAMPOO-BAR-2.jpg\",\"contentUrl\":\"https:\/\/www.cuberyfragrance.com\/wp-content\/uploads\/2021\/11\/IMG_4095-STRENGTHENING-for-THIN-HAIR-SHAMPOO-BAR-2.jpg\",\"width\":900,\"height\":600},{\"@type\":\"BreadcrumbList\",\"@id\":\"https:\/\/www.cuberyfragrance.com\/de\/shop\/shampoo\/thinning-hair\/#breadcrumb\",\"itemListElement\":[{\"@type\":\"ListItem\",\"position\":1,\"name\":\"Home\",\"item\":\"https:\/\/www.cuberyfragrance.com\/de\/\"},{\"@type\":\"ListItem\",\"position\":2,\"name\":\"SHOP\",\"item\":\"https:\/\/www.cuberyfragrance.com\/shop\/\"},{\"@type\":\"ListItem\",\"position\":3,\"name\":\"SHAMPOO-BARS f\u00fcr AUSGED\u00dcNNTES HAAR\"}]},{\"@type\":\"WebSite\",\"@id\":\"https:\/\/www.cuberyfragrance.com\/fr\/#website\",\"url\":\"https:\/\/www.cuberyfragrance.com\/fr\/\",\"name\":\"CUBERY FRAGRANCE\",\"description\":\"The Address of Naturalness and Health...\",\"potentialAction\":[{\"@type\":\"SearchAction\",\"target\":{\"@type\":\"EntryPoint\",\"urlTemplate\":\"https:\/\/www.cuberyfragrance.com\/fr\/?s={search_term_string}\"},\"query-input\":{\"@type\":\"PropertyValueSpecification\",\"valueRequired\":true,\"valueName\":\"search_term_string\"}}],\"inLanguage\":\"de\"}]}<\/script>\n<!-- \/ Yoast SEO plugin. -->","yoast_head_json":{"title":"SHAMPOO-BARS f\u00fcr AUSGED\u00dcNNTES HAAR - CUBERY FRAGRANCE","robots":{"index":"index","follow":"follow","max-snippet":"max-snippet:-1","max-image-preview":"max-image-preview:large","max-video-preview":"max-video-preview:-1"},"canonical":"https:\/\/www.cuberyfragrance.com\/de\/shop\/shampoo\/thinning-hair\/","og_locale":"de_DE","og_type":"article","og_title":"SHAMPOO-BARS f\u00fcr AUSGED\u00dcNNTES HAAR - CUBERY FRAGRANCE","og_description":"Hauptzutaten: Oliven\u00f6l, Kokosnuss\u00f6l, Palmkern\u00f6l, Palm\u00f6l, Mangobutter, Rizinus\u00f6l, Avocado\u00f6l, Granatapfelsamen\u00f6l, Argan\u00f6l und Jojoba\u00f6l.  Zusatzstoff: Apfelweinessig  \u00c4therische \u00d6le: Lavendel und Zitronengras  &nbsp;","og_url":"https:\/\/www.cuberyfragrance.com\/de\/shop\/shampoo\/thinning-hair\/","og_site_name":"CUBERY FRAGRANCE","article_modified_time":"2024-04-28T05:22:54+00:00","og_image":[{"width":900,"height":600,"url":"https:\/\/www.cuberyfragrance.com\/wp-content\/uploads\/2021\/11\/IMG_4095-STRENGTHENING-for-THIN-HAIR-SHAMPOO-BAR-2.jpg","type":"image\/jpeg"}],"twitter_card":"summary_large_image","twitter_misc":{"Gesch\u00e4tzte Lesezeit":"1\u00a0Minute"},"schema":{"@context":"https:\/\/schema.org","@graph":[{"@type":"WebPage","@id":"https:\/\/www.cuberyfragrance.com\/de\/shop\/shampoo\/thinning-hair\/","url":"https:\/\/www.cuberyfragrance.com\/de\/shop\/shampoo\/thinning-hair\/","name":"SHAMPOO-BARS f\u00fcr AUSGED\u00dcNNTES HAAR - CUBERY FRAGRANCE","isPartOf":{"@id":"https:\/\/www.cuberyfragrance.com\/fr\/#website"},"primaryImageOfPage":{"@id":"https:\/\/www.cuberyfragrance.com\/de\/shop\/shampoo\/thinning-hair\/#primaryimage"},"image":{"@id":"https:\/\/www.cuberyfragrance.com\/de\/shop\/shampoo\/thinning-hair\/#primaryimage"},"thumbnailUrl":"https:\/\/www.cuberyfragrance.com\/wp-content\/uploads\/2021\/11\/IMG_4095-STRENGTHENING-for-THIN-HAIR-SHAMPOO-BAR-2.jpg","datePublished":"2021-11-23T03:38:58+00:00","dateModified":"2024-04-28T05:22:54+00:00","breadcrumb":{"@id":"https:\/\/www.cuberyfragrance.com\/de\/shop\/shampoo\/thinning-hair\/#breadcrumb"},"inLanguage":"de","potentialAction":[{"@type":"ReadAction","target":["https:\/\/www.cuberyfragrance.com\/de\/shop\/shampoo\/thinning-hair\/"]}]},{"@type":"ImageObject","inLanguage":"de","@id":"https:\/\/www.cuberyfragrance.com\/de\/shop\/shampoo\/thinning-hair\/#primaryimage","url":"https:\/\/www.cuberyfragrance.com\/wp-content\/uploads\/2021\/11\/IMG_4095-STRENGTHENING-for-THIN-HAIR-SHAMPOO-BAR-2.jpg","contentUrl":"https:\/\/www.cuberyfragrance.com\/wp-content\/uploads\/2021\/11\/IMG_4095-STRENGTHENING-for-THIN-HAIR-SHAMPOO-BAR-2.jpg","width":900,"height":600},{"@type":"BreadcrumbList","@id":"https:\/\/www.cuberyfragrance.com\/de\/shop\/shampoo\/thinning-hair\/#breadcrumb","itemListElement":[{"@type":"ListItem","position":1,"name":"Home","item":"https:\/\/www.cuberyfragrance.com\/de\/"},{"@type":"ListItem","position":2,"name":"SHOP","item":"https:\/\/www.cuberyfragrance.com\/shop\/"},{"@type":"ListItem","position":3,"name":"SHAMPOO-BARS f\u00fcr AUSGED\u00dcNNTES HAAR"}]},{"@type":"WebSite","@id":"https:\/\/www.cuberyfragrance.com\/fr\/#website","url":"https:\/\/www.cuberyfragrance.com\/fr\/","name":"CUBERY FRAGRANCE","description":"The Address of Naturalness and Health...","potentialAction":[{"@type":"SearchAction","target":{"@type":"EntryPoint","urlTemplate":"https:\/\/www.cuberyfragrance.com\/fr\/?s={search_term_string}"},"query-input":{"@type":"PropertyValueSpecification","valueRequired":true,"valueName":"search_term_string"}}],"inLanguage":"de"}]}},"jetpack_sharing_enabled":true,"_links":{"self":[{"href":"https:\/\/www.cuberyfragrance.com\/de\/wp-json\/wp\/v2\/product\/3428"}],"collection":[{"href":"https:\/\/www.cuberyfragrance.com\/de\/wp-json\/wp\/v2\/product"}],"about":[{"href":"https:\/\/www.cuberyfragrance.com\/de\/wp-json\/wp\/v2\/types\/product"}],"replies":[{"embeddable":true,"href":"https:\/\/www.cuberyfragrance.com\/de\/wp-json\/wp\/v2\/comments?post=3428"}],"wp:featuredmedia":[{"embeddable":true,"href":"https:\/\/www.cuberyfragrance.com\/de\/wp-json\/wp\/v2\/media\/6984"}],"wp:attachment":[{"href":"https:\/\/www.cuberyfragrance.com\/de\/wp-json\/wp\/v2\/media?parent=3428"}],"wp:term":[{"taxonomy":"product_brand","embeddable":true,"href":"https:\/\/www.cuberyfragrance.com\/de\/wp-json\/wp\/v2\/product_brand?post=3428"},{"taxonomy":"product_cat","embeddable":true,"href":"https:\/\/www.cuberyfragrance.com\/de\/wp-json\/wp\/v2\/product_cat?post=3428"},{"taxonomy":"product_tag","embeddable":true,"href":"https:\/\/www.cuberyfragrance.com\/de\/wp-json\/wp\/v2\/product_tag?post=3428"}],"curies":[{"name":"wp","href":"https:\/\/api.w.org\/{rel}","templated":true}]}}